{"id":6928,"date":"2025-06-07T03:34:07","date_gmt":"2025-06-07T03:34:07","guid":{"rendered":"https:\/\/www.ceramicbasin.com\/?post_type=product&#038;p=6928"},"modified":"2025-11-03T07:43:30","modified_gmt":"2025-11-03T07:43:30","slug":"wholesale-modern-bathroom-sink-bowl","status":"publish","type":"product","link":"https:\/\/www.ceramicbasin.com\/es\/producto\/wholesale-modern-bathroom-sink-bowl\/","title":{"rendered":"Mayorista Lavabo Moderno con Forma Ovalada"},"content":{"rendered":"<div class=\"wp-block-columns is-layout-flex wp-container-core-columns-is-layout-9d6595d7 wp-block-columns-is-layout-flex\">\n<div class=\"wp-block-column is-layout-flow wp-block-column-is-layout-flow\">\n<h2 class=\"wp-block-heading\">Premium al por mayor Moderno Lavabo Caracter\u00edsticas<\/h2>\n\n\n\n<ul class=\"wp-block-list\">\n<li><strong>Venta directa de f\u00e1brica:<\/strong>\u00a0Los lavabos de cer\u00e1mica al por mayor de HanYu son vendidos directamente por la f\u00e1brica, eliminando la diferencia de precio de los intermediarios, y la compra al por mayor de lavabos de ba\u00f1o le garantiza la compra al por mayor de lavabos de ba\u00f1o de alta calidad al menor coste.<\/li>\n\n\n\n<li><strong>Dise\u00f1o moderno y minimalista:<\/strong> El lavabo moderno al por mayor de forma ovalada cl\u00e1sica con l\u00edneas suaves, se adapta perfectamente a los estilos de decoraci\u00f3n de ba\u00f1os modernos.<\/li>\n\n\n\n<li><strong>Material de porcelana blanca de excelente calidad: <\/strong>Los lavabos de cer\u00e1mica blanca a medida se fabrican con cer\u00e1mica blanca cocida a alta temperatura, que posee una superficie lisa y bien acabada, f\u00e1cil de limpiar y duradera.<\/li>\n\n\n\n<li><strong>Servicios de personalizaci\u00f3n multidimensional:<\/strong> El lavabo moderno al por mayor admite la personalizaci\u00f3n del tama\u00f1o, el color, el logotipo, la posici\u00f3n del desag\u00fce, etc. para satisfacer los requisitos de la marca y del proyecto.<\/li>\n<\/ul>\n<\/div>\n\n\n\n<div class=\"wp-block-column is-layout-flow wp-block-column-is-layout-flow\">\n<figure class=\"wp-block-image size-full\"><img fetchpriority=\"high\" decoding=\"async\" width=\"793\" height=\"793\" src=\"https:\/\/www.ceramicbasin.com\/wp-content\/uploads\/2025\/06\/Wholesale-White-Handmade-Sinks-Oval-Shape-Modern-Ceramic-Wash-Hand-Basin-8.webp\" alt=\"mayorista-moderno-fregadero-lavabo-en-forma-oval-blanco-ceramico-personal-8\" class=\"wp-image-6936\" srcset=\"https:\/\/www.ceramicbasin.com\/wp-content\/uploads\/2025\/06\/Wholesale-White-Handmade-Sinks-Oval-Shape-Modern-Ceramic-Wash-Hand-Basin-8.webp 793w, https:\/\/www.ceramicbasin.com\/wp-content\/uploads\/2025\/06\/Wholesale-White-Handmade-Sinks-Oval-Shape-Modern-Ceramic-Wash-Hand-Basin-8-300x300.webp 300w, https:\/\/www.ceramicbasin.com\/wp-content\/uploads\/2025\/06\/Wholesale-White-Handmade-Sinks-Oval-Shape-Modern-Ceramic-Wash-Hand-Basin-8-150x150.webp 150w, https:\/\/www.ceramicbasin.com\/wp-content\/uploads\/2025\/06\/Wholesale-White-Handmade-Sinks-Oval-Shape-Modern-Ceramic-Wash-Hand-Basin-8-768x768.webp 768w, https:\/\/www.ceramicbasin.com\/wp-content\/uploads\/2025\/06\/Wholesale-White-Handmade-Sinks-Oval-Shape-Modern-Ceramic-Wash-Hand-Basin-8-12x12.webp 12w, https:\/\/www.ceramicbasin.com\/wp-content\/uploads\/2025\/06\/Wholesale-White-Handmade-Sinks-Oval-Shape-Modern-Ceramic-Wash-Hand-Basin-8-285x285.webp 285w, https:\/\/www.ceramicbasin.com\/wp-content\/uploads\/2025\/06\/Wholesale-White-Handmade-Sinks-Oval-Shape-Modern-Ceramic-Wash-Hand-Basin-8-270x270.webp 270w, https:\/\/www.ceramicbasin.com\/wp-content\/uploads\/2025\/06\/Wholesale-White-Handmade-Sinks-Oval-Shape-Modern-Ceramic-Wash-Hand-Basin-8-540x540.webp 540w, https:\/\/www.ceramicbasin.com\/wp-content\/uploads\/2025\/06\/Wholesale-White-Handmade-Sinks-Oval-Shape-Modern-Ceramic-Wash-Hand-Basin-8-660x660.webp 660w\" sizes=\"(max-width: 793px) 100vw, 793px\" \/><\/figure>\n<\/div>\n<\/div>","protected":false},"excerpt":{"rendered":"<p>Bienvenido a comprar al por mayor nuestro moderno lavabo de ba\u00f1o. Hecho a mano de cer\u00e1mica esmaltada prima, la ca\u00edda ovalada en el lavabo del ba\u00f1o cuenta con una superficie lisa, de bajo mantenimiento y un rendimiento de larga duraci\u00f3n. Nuestros lavabos de cer\u00e1mica al por mayor est\u00e1n cocidos a alta temperatura, material cer\u00e1mico de alta calidad. Ofrecemos descuentos al por mayor en este dise\u00f1o popular para satisfacer las necesidades de los proyectos comerciales o grandes renovaciones residenciales.<\/p>\n<table style=\"border-collapse: collapse; width: 358.52pt;\" border=\"0\" width=\"478\" cellspacing=\"0\" cellpadding=\"0\">\n<tbody>\n<tr style=\"height: 17.25pt;\">\n<td class=\"et3\" style=\"height: 17.25pt; width: 125.00pt;\" width=\"166\" height=\"23\">Fabricante<\/td>\n<td class=\"et3\" style=\"width: 234.15pt;\" width=\"312\">HanYu<\/td>\n<\/tr>\n<tr style=\"height: 17.25pt;\">\n<td class=\"et3\" style=\"height: 17.25pt;\" height=\"23\">N\u00ba de modelo<\/td>\n<td class=\"et4\">HY-5006B<\/td>\n<\/tr>\n<tr style=\"height: 17.25pt;\">\n<td class=\"et3\" style=\"height: 17.25pt;\" height=\"23\">Tipo<\/td>\n<td class=\"et5\" style=\"width: 234.15pt;\" width=\"312\">Fregaderos<\/td>\n<\/tr>\n<tr style=\"height: 18.00pt;\">\n<td class=\"et3\" style=\"height: 18.00pt;\" height=\"24\">Forma<\/td>\n<td class=\"et3\">Forma ovalada<\/td>\n<\/tr>\n<tr style=\"height: 34.50pt;\">\n<td class=\"et4\" style=\"height: 34.50pt;\" height=\"46\">Color<\/td>\n<td class=\"et5\" style=\"width: 234.15pt;\" width=\"312\">negro\/blanco\/azul\/gris\/rosa\/verde\/marr\u00f3n\/caqui<\/td>\n<\/tr>\n<tr style=\"height: 18.00pt;\">\n<td class=\"et3\" style=\"height: 18.00pt;\" height=\"24\">Dimensi\u00f3n<\/td>\n<td class=\"et5\" style=\"width: 234.15pt;\" width=\"312\">59*40*16<\/td>\n<\/tr>\n<tr style=\"height: 17.25pt;\">\n<td class=\"et3\" style=\"height: 17.25pt;\" height=\"23\">N.W \/SET<\/td>\n<td class=\"et3\">8KGS\/PCS<\/td>\n<\/tr>\n<tr style=\"height: 17.25pt;\">\n<td class=\"et3\" style=\"height: 17.25pt;\" height=\"23\">MOQ<\/td>\n<td class=\"et3\">20 piezas<\/td>\n<\/tr>\n<tr style=\"height: 17.25pt;\">\n<td class=\"et3\" style=\"height: 17.25pt;\" height=\"23\">Opci\u00f3n personalizada<\/td>\n<td class=\"et3\">Color\/Patr\u00f3n\/Tama\u00f1o\/Logotipo\/Embalaje<\/td>\n<\/tr>\n<\/tbody>\n<\/table>","protected":false},"featured_media":6929,"comment_status":"closed","ping_status":"closed","template":"","meta":{"_acf_changed":false},"product_brand":[],"product_cat":[51],"product_tag":[],"class_list":{"0":"post-6928","1":"product","2":"type-product","3":"status-publish","4":"has-post-thumbnail","6":"product_cat-wholesale-drop-in-sinks","8":"first","9":"instock","10":"shipping-taxable","11":"product-type-simple"},"acf":[],"_links":{"self":[{"href":"https:\/\/www.ceramicbasin.com\/es\/wp-json\/wp\/v2\/product\/6928","targetHints":{"allow":["GET"]}}],"collection":[{"href":"https:\/\/www.ceramicbasin.com\/es\/wp-json\/wp\/v2\/product"}],"about":[{"href":"https:\/\/www.ceramicbasin.com\/es\/wp-json\/wp\/v2\/types\/product"}],"replies":[{"embeddable":true,"href":"https:\/\/www.ceramicbasin.com\/es\/wp-json\/wp\/v2\/comments?post=6928"}],"wp:featuredmedia":[{"embeddable":true,"href":"https:\/\/www.ceramicbasin.com\/es\/wp-json\/wp\/v2\/media\/6929"}],"wp:attachment":[{"href":"https:\/\/www.ceramicbasin.com\/es\/wp-json\/wp\/v2\/media?parent=6928"}],"wp:term":[{"taxonomy":"product_brand","embeddable":true,"href":"https:\/\/www.ceramicbasin.com\/es\/wp-json\/wp\/v2\/product_brand?post=6928"},{"taxonomy":"product_cat","embeddable":true,"href":"https:\/\/www.ceramicbasin.com\/es\/wp-json\/wp\/v2\/product_cat?post=6928"},{"taxonomy":"product_tag","embeddable":true,"href":"https:\/\/www.ceramicbasin.com\/es\/wp-json\/wp\/v2\/product_tag?post=6928"}],"curies":[{"name":"wp","href":"https:\/\/api.w.org\/{rel}","templated":true}]}}