{"id":6937,"date":"2025-06-07T03:01:22","date_gmt":"2025-06-07T03:01:22","guid":{"rendered":"https:\/\/www.ceramicbasin.com\/?post_type=product&#038;p=6937"},"modified":"2025-06-11T01:15:37","modified_gmt":"2025-06-11T01:15:37","slug":"oval-drop-in-sink-wholesale","status":"publish","type":"product","link":"https:\/\/www.ceramicbasin.com\/es\/producto\/oval-drop-in-sink-wholesale\/","title":{"rendered":"Fregadero Ovalado al por mayor, Lavabo a medida para el hogar"},"content":{"rendered":"<div class=\"wp-block-columns is-layout-flex wp-container-core-columns-is-layout-9d6595d7 wp-block-columns-is-layout-flex\">\n<div class=\"wp-block-column is-layout-flow wp-block-column-is-layout-flow\">\n<h2 class=\"wp-block-heading\">Fregadero Ovalado Premium al por mayor Caracter\u00edsticas<\/h2>\n\n\n\n<ul class=\"wp-block-list\">\n<li><strong>Ampliamente adaptable:\u00a0<\/strong>Oval drop in sink wholesale est\u00e1 disponible en varios colores y tama\u00f1os, y se puede modificar de acuerdo a los requisitos de decoraci\u00f3n de ba\u00f1o de diferentes tipos. Desde un tipo minimalista moderno a un tipo art\u00edstico de cuarto de ba\u00f1o, este lavabo se puede incorporar f\u00e1cilmente.<\/li>\n\n\n\n<li><strong>Materiales cer\u00e1micos de buena calidad:<\/strong> Materias primas cer\u00e1micas de buena calidad, cuidadosamente seleccionadas y sinterizadas a alta temperatura, aseguran que nuestro lavabo de cer\u00e1mica al por mayor sea fuerte en estructura, suave y delgado en superficie, sanitario y conveniente en limpieza, y como nuevo y duradero.<\/li>\n\n\n\n<li><strong>Estilo de moda: <\/strong>Este fregadero ovalado al por mayor es elegante y asume un nuevo estilo de moda, combinando la est\u00e9tica de moda con fines funcionales y mostrando un efecto visual \u00fanico para el cuarto de ba\u00f1o.<\/li>\n\n\n\n<li><strong>Precio asequible:<\/strong> HanYu ofrece un precio de compra al por mayor muy bajo, lo que implica que puede acceder a lavabos de cer\u00e1mica de calidad a un precio asequible.<\/li>\n<\/ul>\n<\/div>\n\n\n\n<div class=\"wp-block-column is-layout-flow wp-block-column-is-layout-flow\">\n<figure class=\"wp-block-image size-full\"><img fetchpriority=\"high\" decoding=\"async\" width=\"838\" height=\"838\" src=\"https:\/\/www.ceramicbasin.com\/wp-content\/uploads\/2025\/06\/Sink-Manufacturers-Household-and-Public-Use-Oval-Shape-Ceramic-Drop-In-Sink-5.webp\" alt=\"lavabos ovalados de carga frontal al por mayor - lavabos a medida para uso dom\u00e9stico y p\u00fablico - 5\" class=\"wp-image-6942\" srcset=\"https:\/\/www.ceramicbasin.com\/wp-content\/uploads\/2025\/06\/Sink-Manufacturers-Household-and-Public-Use-Oval-Shape-Ceramic-Drop-In-Sink-5.webp 838w, https:\/\/www.ceramicbasin.com\/wp-content\/uploads\/2025\/06\/Sink-Manufacturers-Household-and-Public-Use-Oval-Shape-Ceramic-Drop-In-Sink-5-300x300.webp 300w, https:\/\/www.ceramicbasin.com\/wp-content\/uploads\/2025\/06\/Sink-Manufacturers-Household-and-Public-Use-Oval-Shape-Ceramic-Drop-In-Sink-5-150x150.webp 150w, https:\/\/www.ceramicbasin.com\/wp-content\/uploads\/2025\/06\/Sink-Manufacturers-Household-and-Public-Use-Oval-Shape-Ceramic-Drop-In-Sink-5-768x768.webp 768w, https:\/\/www.ceramicbasin.com\/wp-content\/uploads\/2025\/06\/Sink-Manufacturers-Household-and-Public-Use-Oval-Shape-Ceramic-Drop-In-Sink-5-12x12.webp 12w, https:\/\/www.ceramicbasin.com\/wp-content\/uploads\/2025\/06\/Sink-Manufacturers-Household-and-Public-Use-Oval-Shape-Ceramic-Drop-In-Sink-5-285x285.webp 285w, https:\/\/www.ceramicbasin.com\/wp-content\/uploads\/2025\/06\/Sink-Manufacturers-Household-and-Public-Use-Oval-Shape-Ceramic-Drop-In-Sink-5-270x270.webp 270w, https:\/\/www.ceramicbasin.com\/wp-content\/uploads\/2025\/06\/Sink-Manufacturers-Household-and-Public-Use-Oval-Shape-Ceramic-Drop-In-Sink-5-540x540.webp 540w, https:\/\/www.ceramicbasin.com\/wp-content\/uploads\/2025\/06\/Sink-Manufacturers-Household-and-Public-Use-Oval-Shape-Ceramic-Drop-In-Sink-5-660x660.webp 660w\" sizes=\"(max-width: 838px) 100vw, 838px\" \/><\/figure>\n<\/div>\n<\/div>","protected":false},"excerpt":{"rendered":"<p>Bienvenido a comprar nuestro lavabo ovalado drop in al por mayor. El lavabo de cer\u00e1mica a medida se caracteriza por su elegante dise\u00f1o y materiales cer\u00e1micos de alta calidad, por lo que es una mejor opci\u00f3n para la decoraci\u00f3n del cuarto de ba\u00f1o. El dise\u00f1o de apariencia aerodin\u00e1mica y el tratamiento de bordes redondeados demuestran una belleza art\u00edstica sin igual. A mayor cantidad, mayor rentabilidad.<\/p>\n<table style=\"border-collapse: collapse; width: 358.52pt;\" border=\"0\" width=\"478\" cellspacing=\"0\" cellpadding=\"0\">\n<tbody>\n<tr style=\"height: 17.25pt;\">\n<td class=\"et3\" style=\"height: 17.25pt; width: 125.00pt;\" width=\"166\" height=\"23\">Fabricante<\/td>\n<td class=\"et3\" style=\"width: 234.15pt;\" width=\"312\">HanYu<\/td>\n<\/tr>\n<tr style=\"height: 17.25pt;\">\n<td class=\"et3\" style=\"height: 17.25pt;\" height=\"23\">N\u00ba de modelo<\/td>\n<td class=\"et4\">HY-5038A<\/td>\n<\/tr>\n<tr style=\"height: 17.25pt;\">\n<td class=\"et3\" style=\"height: 17.25pt;\" height=\"23\">Tipo<\/td>\n<td class=\"et5\" style=\"width: 234.15pt;\" width=\"312\">Fregaderos<\/td>\n<\/tr>\n<tr style=\"height: 18.00pt;\">\n<td class=\"et3\" style=\"height: 18.00pt;\" height=\"24\">Forma<\/td>\n<td class=\"et3\">Forma ovalada<\/td>\n<\/tr>\n<tr style=\"height: 34.50pt;\">\n<td class=\"et4\" style=\"height: 34.50pt;\" height=\"46\">Color<\/td>\n<td class=\"et5\" style=\"width: 234.15pt;\" width=\"312\">negro\/blanco\/azul\/gris\/rosa\/verde\/marr\u00f3n\/caqui<\/td>\n<\/tr>\n<tr style=\"height: 18.00pt;\">\n<td class=\"et3\" style=\"height: 18.00pt;\" height=\"24\">Dimensi\u00f3n<\/td>\n<td class=\"et5\" style=\"width: 234.15pt;\" width=\"312\">60*42*16.5<\/td>\n<\/tr>\n<tr style=\"height: 17.25pt;\">\n<td class=\"et3\" style=\"height: 17.25pt;\" height=\"23\">N.W \/SET<\/td>\n<td class=\"et3\">12KGS\/PCS<\/td>\n<\/tr>\n<tr style=\"height: 17.25pt;\">\n<td class=\"et3\" style=\"height: 17.25pt;\" height=\"23\">MOQ<\/td>\n<td class=\"et3\">20 piezas<\/td>\n<\/tr>\n<tr style=\"height: 17.25pt;\">\n<td class=\"et3\" style=\"height: 17.25pt;\" height=\"23\">Opci\u00f3n personalizada<\/td>\n<td class=\"et3\">Color\/Patr\u00f3n\/Tama\u00f1o\/Logotipo\/Embalaje<\/td>\n<\/tr>\n<\/tbody>\n<\/table>","protected":false},"featured_media":6941,"comment_status":"closed","ping_status":"closed","template":"","meta":{"_acf_changed":false},"product_brand":[],"product_cat":[51],"product_tag":[],"class_list":{"0":"post-6937","1":"product","2":"type-product","3":"status-publish","4":"has-post-thumbnail","6":"product_cat-wholesale-drop-in-sinks","8":"first","9":"instock","10":"shipping-taxable","11":"product-type-simple"},"acf":[],"_links":{"self":[{"href":"https:\/\/www.ceramicbasin.com\/es\/wp-json\/wp\/v2\/product\/6937","targetHints":{"allow":["GET"]}}],"collection":[{"href":"https:\/\/www.ceramicbasin.com\/es\/wp-json\/wp\/v2\/product"}],"about":[{"href":"https:\/\/www.ceramicbasin.com\/es\/wp-json\/wp\/v2\/types\/product"}],"replies":[{"embeddable":true,"href":"https:\/\/www.ceramicbasin.com\/es\/wp-json\/wp\/v2\/comments?post=6937"}],"wp:featuredmedia":[{"embeddable":true,"href":"https:\/\/www.ceramicbasin.com\/es\/wp-json\/wp\/v2\/media\/6941"}],"wp:attachment":[{"href":"https:\/\/www.ceramicbasin.com\/es\/wp-json\/wp\/v2\/media?parent=6937"}],"wp:term":[{"taxonomy":"product_brand","embeddable":true,"href":"https:\/\/www.ceramicbasin.com\/es\/wp-json\/wp\/v2\/product_brand?post=6937"},{"taxonomy":"product_cat","embeddable":true,"href":"https:\/\/www.ceramicbasin.com\/es\/wp-json\/wp\/v2\/product_cat?post=6937"},{"taxonomy":"product_tag","embeddable":true,"href":"https:\/\/www.ceramicbasin.com\/es\/wp-json\/wp\/v2\/product_tag?post=6937"}],"curies":[{"name":"wp","href":"https:\/\/api.w.org\/{rel}","templated":true}]}}