{"id":7057,"date":"2025-06-27T09:26:58","date_gmt":"2025-06-27T09:26:58","guid":{"rendered":"https:\/\/www.ceramicbasin.com\/?post_type=product&#038;p=7057"},"modified":"2025-09-26T06:50:29","modified_gmt":"2025-09-26T06:50:29","slug":"black-countertop-basin-wholesale","status":"publish","type":"product","link":"https:\/\/www.ceramicbasin.com\/es\/producto\/black-countertop-basin-wholesale\/","title":{"rendered":"Lavabo de Encimera Efecto M\u00e1rmol Negro al por Mayor, Suministro de Lavabos de Cer\u00e1mica"},"content":{"rendered":"<div class=\"wp-block-columns is-layout-flex wp-container-core-columns-is-layout-9d6595d7 wp-block-columns-is-layout-flex\">\n<div class=\"wp-block-column is-layout-flow wp-block-column-is-layout-flow\">\n<h2 class=\"wp-block-heading\">Lavabo de Encimera Premium Negro al por mayor Caracter\u00edsticas:<\/h2>\n\n\n\n<ul class=\"wp-block-list\">\n<li><strong>Impresionante acabado efecto m\u00e1rmol:<\/strong> El lavabo de encimera negro al por mayor presenta un acabado natural con efecto m\u00e1rmol que tiene un aspecto sorprendente y glamuroso, ideal para cuartos de ba\u00f1o de lujo u hoteles boutique, o en general para hogares e interiores modernos.<\/li>\n\n\n\n<li><strong>Cuerpo de cer\u00e1mica esmaltada duradera: <\/strong>El lavabo de encimera negro al por mayor est\u00e1 fabricado en cer\u00e1mica que ha pasado por un proceso de cocci\u00f3n a alta temperatura y con un esmalte suave, resistente a las manchas y f\u00e1cil de limpiar que resistir\u00e1 los ara\u00f1azos y la decoloraci\u00f3n, dise\u00f1ado para a\u00f1os de uso comercial.<\/li>\n\n\n\n<li><strong>Tecnolog\u00eda de impresi\u00f3n por transferencia de agua:&nbsp;<\/strong>Estos fregaderos de porcelana al por mayor utilizan la tecnolog\u00eda de impresi\u00f3n por transferencia de agua para reproducir con precisi\u00f3n la textura y el color del m\u00e1rmol natural, a\u00f1adiendo una textura y una belleza incomparables a su proyecto de gama alta.<\/li>\n\n\n\n<li><strong>Selecci\u00f3n variada: <\/strong>Ofrecemos una gran variedad de estilos, tama\u00f1os y colores de lavabos de cer\u00e1mica al por mayor entre los que elegir, satisfaciendo las necesidades de diferentes estilos de ba\u00f1o e integr\u00e1ndolos f\u00e1cilmente en diversos dise\u00f1os de decoraci\u00f3n.<\/li>\n<\/ul>\n<\/div>\n\n\n\n<div class=\"wp-block-column is-layout-flow wp-block-column-is-layout-flow\">\n<figure class=\"wp-block-image size-full\"><img fetchpriority=\"high\" decoding=\"async\" width=\"1345\" height=\"1786\" src=\"https:\/\/www.ceramicbasin.com\/wp-content\/uploads\/2025\/06\/Hot-sale-ceramic-washbasin-factorycounter-top-color-sinks-with-wholesale-price-5.webp\" alt=\"mayorista de lavabos de cer\u00e1mica con encimera negra efecto m\u00e1rmol-5\" class=\"wp-image-7056\" srcset=\"https:\/\/www.ceramicbasin.com\/wp-content\/uploads\/2025\/06\/Hot-sale-ceramic-washbasin-factorycounter-top-color-sinks-with-wholesale-price-5.webp 1345w, https:\/\/www.ceramicbasin.com\/wp-content\/uploads\/2025\/06\/Hot-sale-ceramic-washbasin-factorycounter-top-color-sinks-with-wholesale-price-5-226x300.webp 226w, https:\/\/www.ceramicbasin.com\/wp-content\/uploads\/2025\/06\/Hot-sale-ceramic-washbasin-factorycounter-top-color-sinks-with-wholesale-price-5-768x1020.webp 768w, https:\/\/www.ceramicbasin.com\/wp-content\/uploads\/2025\/06\/Hot-sale-ceramic-washbasin-factorycounter-top-color-sinks-with-wholesale-price-5-9x12.webp 9w, https:\/\/www.ceramicbasin.com\/wp-content\/uploads\/2025\/06\/Hot-sale-ceramic-washbasin-factorycounter-top-color-sinks-with-wholesale-price-5-285x378.webp 285w, https:\/\/www.ceramicbasin.com\/wp-content\/uploads\/2025\/06\/Hot-sale-ceramic-washbasin-factorycounter-top-color-sinks-with-wholesale-price-5-497x660.webp 497w, https:\/\/www.ceramicbasin.com\/wp-content\/uploads\/2025\/06\/Hot-sale-ceramic-washbasin-factorycounter-top-color-sinks-with-wholesale-price-5-113x150.webp 113w\" sizes=\"(max-width: 1345px) 100vw, 1345px\" \/><\/figure>\n<\/div>\n<\/div>\n\n\n\n<p><\/p>","protected":false},"excerpt":{"rendered":"<p>Bienvenido a comprar nuestro lavabo de encimera negro al por mayor. Actualizar su cuarto de ba\u00f1o con nuestro efecto de m\u00e1rmol negro lavabo encimera, hecha a mano de material cer\u00e1mico de alta calidad para un acabado duradero. El dise\u00f1o de m\u00e1rmol negro ofrece un aspecto impresionante y elegante, ideal para hoteles de lujo, casas de dise\u00f1o y propiedades comerciales boutique. Ofrecemos un suministro estable a granel y servicios OEM\/ODM.<\/p>\n<table style=\"border-collapse: collapse; width: 358.52pt;\" border=\"0\" width=\"478\" cellspacing=\"0\" cellpadding=\"0\">\n<tbody>\n<tr style=\"height: 17.25pt;\">\n<td class=\"et3\" style=\"height: 17.25pt; width: 125.00pt;\" width=\"166\" height=\"23\">Fabricante<\/td>\n<td class=\"et3\" style=\"width: 234.15pt;\" width=\"312\">HanYu<\/td>\n<\/tr>\n<tr style=\"height: 17.25pt;\">\n<td class=\"et3\" style=\"height: 17.25pt;\" height=\"23\">N\u00ba de modelo<\/td>\n<td class=\"et4\">HY-8064-45D45<\/td>\n<\/tr>\n<tr style=\"height: 17.25pt;\">\n<td class=\"et3\" style=\"height: 17.25pt;\" height=\"23\">Tipo<\/td>\n<td class=\"et5\" style=\"width: 234.15pt;\" width=\"312\">Fregaderos de m\u00e1rmol<\/td>\n<\/tr>\n<tr style=\"height: 18.00pt;\">\n<td class=\"et3\" style=\"height: 18.00pt;\" height=\"24\">Forma<\/td>\n<td class=\"et3\">Forma rectangular<\/td>\n<\/tr>\n<tr style=\"height: 34.50pt;\">\n<td class=\"et4\" style=\"height: 34.50pt;\" height=\"46\">Color<\/td>\n<td class=\"et5\" style=\"width: 234.15pt;\" width=\"312\">negro\/blanco\/azul\/gris\/rosa\/verde\/marr\u00f3n\/caqui<\/td>\n<\/tr>\n<tr style=\"height: 18.00pt;\">\n<td class=\"et3\" style=\"height: 18.00pt;\" height=\"24\">Dimensi\u00f3n<\/td>\n<td class=\"et5\" style=\"width: 234.15pt;\" width=\"312\">45*38*11<\/td>\n<\/tr>\n<tr style=\"height: 17.25pt;\">\n<td class=\"et3\" style=\"height: 17.25pt;\" height=\"23\">N.W \/SET<\/td>\n<td class=\"et3\">7KGS\/PCS<\/td>\n<\/tr>\n<tr style=\"height: 17.25pt;\">\n<td class=\"et3\" style=\"height: 17.25pt;\" height=\"23\">MOQ<\/td>\n<td class=\"et3\">20 piezas<\/td>\n<\/tr>\n<tr style=\"height: 17.25pt;\">\n<td class=\"et3\" style=\"height: 17.25pt;\" height=\"23\">Opci\u00f3n personalizada<\/td>\n<td class=\"et3\">Color\/Patr\u00f3n\/Tama\u00f1o\/Logotipo\/Embalaje<\/td>\n<\/tr>\n<\/tbody>\n<\/table>","protected":false},"featured_media":7053,"comment_status":"closed","ping_status":"closed","template":"","meta":{"_acf_changed":false},"product_brand":[],"product_cat":[50,54],"product_tag":[],"class_list":{"0":"post-7057","1":"product","2":"type-product","3":"status-publish","4":"has-post-thumbnail","6":"product_cat-wholesale-countertop-sinks","7":"product_cat-wholesale-marble-sinks","9":"first","10":"instock","11":"shipping-taxable","12":"product-type-simple"},"acf":[],"_links":{"self":[{"href":"https:\/\/www.ceramicbasin.com\/es\/wp-json\/wp\/v2\/product\/7057","targetHints":{"allow":["GET"]}}],"collection":[{"href":"https:\/\/www.ceramicbasin.com\/es\/wp-json\/wp\/v2\/product"}],"about":[{"href":"https:\/\/www.ceramicbasin.com\/es\/wp-json\/wp\/v2\/types\/product"}],"replies":[{"embeddable":true,"href":"https:\/\/www.ceramicbasin.com\/es\/wp-json\/wp\/v2\/comments?post=7057"}],"wp:featuredmedia":[{"embeddable":true,"href":"https:\/\/www.ceramicbasin.com\/es\/wp-json\/wp\/v2\/media\/7053"}],"wp:attachment":[{"href":"https:\/\/www.ceramicbasin.com\/es\/wp-json\/wp\/v2\/media?parent=7057"}],"wp:term":[{"taxonomy":"product_brand","embeddable":true,"href":"https:\/\/www.ceramicbasin.com\/es\/wp-json\/wp\/v2\/product_brand?post=7057"},{"taxonomy":"product_cat","embeddable":true,"href":"https:\/\/www.ceramicbasin.com\/es\/wp-json\/wp\/v2\/product_cat?post=7057"},{"taxonomy":"product_tag","embeddable":true,"href":"https:\/\/www.ceramicbasin.com\/es\/wp-json\/wp\/v2\/product_tag?post=7057"}],"curies":[{"name":"wp","href":"https:\/\/api.w.org\/{rel}","templated":true}]}}