{"id":7058,"date":"2025-06-30T03:55:44","date_gmt":"2025-06-30T03:55:44","guid":{"rendered":"https:\/\/www.ceramicbasin.com\/?post_type=product&#038;p=7058"},"modified":"2025-11-05T03:24:00","modified_gmt":"2025-11-05T03:24:00","slug":"wholesale-square-bathroom-sink-bowls","status":"publish","type":"product","link":"https:\/\/www.ceramicbasin.com\/es\/producto\/wholesale-square-bathroom-sink-bowls\/","title":{"rendered":"Mayorista Lavabos cuadrados con textura de m\u00e1rmol"},"content":{"rendered":"<div class=\"wp-block-columns is-layout-flex wp-container-core-columns-is-layout-9d6595d7 wp-block-columns-is-layout-flex\">\n<div class=\"wp-block-column is-layout-flow wp-block-column-is-layout-flow\">\n<h2 class=\"wp-block-heading\">Premium al por mayor cuadrado ba\u00f1o fregadero tazones Caracter\u00edsticas:<\/h2>\n\n\n\n<ul class=\"wp-block-list\">\n<li><strong>Dibujo de m\u00e1rmol realista:\u00a0<\/strong>Estos lavabos cuadrados de lujo de color m\u00e1rmol al por mayor utilizan una avanzada tecnolog\u00eda de transferencia de agua para reproducir con precisi\u00f3n la textura y el color naturales del m\u00e1rmol, lo que aporta un encanto visual \u00fanico al lavabo.<\/li>\n\n\n\n<li><strong>Antiincrustante y f\u00e1cil de limpiar:\u00a0<\/strong>Nuestro fregadero de porcelana al por mayor tiene una superficie lisa y densa. Por lo tanto, no es f\u00e1cil de absorber mucha agua o suciedad, que es tambi\u00e9n la raz\u00f3n por la que el fregadero de cer\u00e1mica es f\u00e1cil de limpiar en el uso diario. Normalmente, s\u00f3lo tiene que limpiar suavemente con detergente ordinario para mantener el fregadero limpio y brillante para facilitar su comodidad de uso.<\/li>\n\n\n\n<li><strong>Selecci\u00f3n de color personalizada:<\/strong>\u00a0Este lavabo a medida viene con una variedad de opciones de color personalizadas para satisfacer sus necesidades a la hora de crear la combinaci\u00f3n de colores perfecta, garantizando que su lavabo de ba\u00f1o combine a la perfecci\u00f3n con el estilo general de su casa y refleje su gusto.<\/li>\n\n\n\n<li><strong>Dise\u00f1o cuadrado:<\/strong> Los lavabos cuadrados al por mayor para cuartos de ba\u00f1o tienen un dise\u00f1o cuadrado de l\u00edneas limpias, que combina moda y funcionalidad, y se adaptan a cuartos de ba\u00f1o modernos, minimalistas, de lujo y de gama alta, entre otros.<\/li>\n<\/ul>\n<\/div>\n\n\n\n<div class=\"wp-block-column is-layout-flow wp-block-column-is-layout-flow\">\n<figure class=\"wp-block-image size-full\"><img fetchpriority=\"high\" decoding=\"async\" width=\"1345\" height=\"1786\" src=\"https:\/\/www.ceramicbasin.com\/wp-content\/uploads\/2025\/06\/Luxury-design-marble-color-basin-factorybathroom-counter-top-sinks-bowl-5.webp\" alt=\"mayorista-fregadero-lavabo-cuadrado-de-ba\u00f1o-de-marmol-color-mayorista-5\" class=\"wp-image-7051\" srcset=\"https:\/\/www.ceramicbasin.com\/wp-content\/uploads\/2025\/06\/Luxury-design-marble-color-basin-factorybathroom-counter-top-sinks-bowl-5.webp 1345w, https:\/\/www.ceramicbasin.com\/wp-content\/uploads\/2025\/06\/Luxury-design-marble-color-basin-factorybathroom-counter-top-sinks-bowl-5-226x300.webp 226w, https:\/\/www.ceramicbasin.com\/wp-content\/uploads\/2025\/06\/Luxury-design-marble-color-basin-factorybathroom-counter-top-sinks-bowl-5-768x1020.webp 768w, https:\/\/www.ceramicbasin.com\/wp-content\/uploads\/2025\/06\/Luxury-design-marble-color-basin-factorybathroom-counter-top-sinks-bowl-5-9x12.webp 9w, https:\/\/www.ceramicbasin.com\/wp-content\/uploads\/2025\/06\/Luxury-design-marble-color-basin-factorybathroom-counter-top-sinks-bowl-5-285x378.webp 285w, https:\/\/www.ceramicbasin.com\/wp-content\/uploads\/2025\/06\/Luxury-design-marble-color-basin-factorybathroom-counter-top-sinks-bowl-5-497x660.webp 497w, https:\/\/www.ceramicbasin.com\/wp-content\/uploads\/2025\/06\/Luxury-design-marble-color-basin-factorybathroom-counter-top-sinks-bowl-5-113x150.webp 113w\" sizes=\"(max-width: 1345px) 100vw, 1345px\" \/><\/figure>\n<\/div>\n<\/div>","protected":false},"excerpt":{"rendered":"<p>Bienvenido a comprar nuestros lavabos cuadrados al por mayor. Este lavabo de cer\u00e1mica al por mayor con patr\u00f3n de m\u00e1rmol est\u00e1 dise\u00f1ado siguiendo la moda moderna de lujo, mezclando el patr\u00f3n de m\u00e1rmol con el material cer\u00e1mico. Presenta una apariencia fuerte pero elegante, perfecta para cuartos de ba\u00f1o de hogares, hoteles y empresas de alta gama. Puede comprarse al por mayor y personalizarse, lo que es una opci\u00f3n perfecta para proyectos y marcas.<\/p>\n<table style=\"border-collapse: collapse; width: 358.52pt;\" border=\"0\" width=\"478\" cellspacing=\"0\" cellpadding=\"0\">\n<tbody>\n<tr style=\"height: 17.25pt;\">\n<td class=\"et3\" style=\"height: 17.25pt; width: 125.00pt;\" width=\"166\" height=\"23\">Fabricante<\/td>\n<td class=\"et3\" style=\"width: 234.15pt;\" width=\"312\">HanYu<\/td>\n<\/tr>\n<tr style=\"height: 17.25pt;\">\n<td class=\"et3\" style=\"height: 17.25pt;\" height=\"23\">N\u00ba de modelo<\/td>\n<td class=\"et4\">HY-8064-45D41<\/td>\n<\/tr>\n<tr style=\"height: 17.25pt;\">\n<td class=\"et3\" style=\"height: 17.25pt;\" height=\"23\">Tipo<\/td>\n<td class=\"et5\" style=\"width: 234.15pt;\" width=\"312\">Fregaderos de m\u00e1rmol<\/td>\n<\/tr>\n<tr style=\"height: 18.00pt;\">\n<td class=\"et3\" style=\"height: 18.00pt;\" height=\"24\">Forma<\/td>\n<td class=\"et3\">Forma rectangular<\/td>\n<\/tr>\n<tr style=\"height: 34.50pt;\">\n<td class=\"et4\" style=\"height: 34.50pt;\" height=\"46\">Color<\/td>\n<td class=\"et5\" style=\"width: 234.15pt;\" width=\"312\">negro\/blanco\/azul\/gris\/rosa\/verde\/marr\u00f3n\/caqui<\/td>\n<\/tr>\n<tr style=\"height: 18.00pt;\">\n<td class=\"et3\" style=\"height: 18.00pt;\" height=\"24\">Dimensi\u00f3n<\/td>\n<td class=\"et5\" style=\"width: 234.15pt;\" width=\"312\">45*38*11<\/td>\n<\/tr>\n<tr style=\"height: 17.25pt;\">\n<td class=\"et3\" style=\"height: 17.25pt;\" height=\"23\">N.W \/SET<\/td>\n<td class=\"et3\">7KGS\/PCS<\/td>\n<\/tr>\n<tr style=\"height: 17.25pt;\">\n<td class=\"et3\" style=\"height: 17.25pt;\" height=\"23\">MOQ<\/td>\n<td class=\"et3\">20 piezas<\/td>\n<\/tr>\n<tr style=\"height: 17.25pt;\">\n<td class=\"et3\" style=\"height: 17.25pt;\" height=\"23\">Opci\u00f3n personalizada<\/td>\n<td class=\"et3\">Color\/Patr\u00f3n\/Tama\u00f1o\/Logotipo\/Embalaje<\/td>\n<\/tr>\n<\/tbody>\n<\/table>","protected":false},"featured_media":7049,"comment_status":"closed","ping_status":"closed","template":"","meta":{"_acf_changed":false},"product_brand":[],"product_cat":[50,54],"product_tag":[],"class_list":{"0":"post-7058","1":"product","2":"type-product","3":"status-publish","4":"has-post-thumbnail","6":"product_cat-wholesale-countertop-sinks","7":"product_cat-wholesale-marble-sinks","9":"first","10":"instock","11":"shipping-taxable","12":"product-type-simple"},"acf":[],"_links":{"self":[{"href":"https:\/\/www.ceramicbasin.com\/es\/wp-json\/wp\/v2\/product\/7058","targetHints":{"allow":["GET"]}}],"collection":[{"href":"https:\/\/www.ceramicbasin.com\/es\/wp-json\/wp\/v2\/product"}],"about":[{"href":"https:\/\/www.ceramicbasin.com\/es\/wp-json\/wp\/v2\/types\/product"}],"replies":[{"embeddable":true,"href":"https:\/\/www.ceramicbasin.com\/es\/wp-json\/wp\/v2\/comments?post=7058"}],"wp:featuredmedia":[{"embeddable":true,"href":"https:\/\/www.ceramicbasin.com\/es\/wp-json\/wp\/v2\/media\/7049"}],"wp:attachment":[{"href":"https:\/\/www.ceramicbasin.com\/es\/wp-json\/wp\/v2\/media?parent=7058"}],"wp:term":[{"taxonomy":"product_brand","embeddable":true,"href":"https:\/\/www.ceramicbasin.com\/es\/wp-json\/wp\/v2\/product_brand?post=7058"},{"taxonomy":"product_cat","embeddable":true,"href":"https:\/\/www.ceramicbasin.com\/es\/wp-json\/wp\/v2\/product_cat?post=7058"},{"taxonomy":"product_tag","embeddable":true,"href":"https:\/\/www.ceramicbasin.com\/es\/wp-json\/wp\/v2\/product_tag?post=7058"}],"curies":[{"name":"wp","href":"https:\/\/api.w.org\/{rel}","templated":true}]}}