{"id":7060,"date":"2025-06-30T01:14:56","date_gmt":"2025-06-30T01:14:56","guid":{"rendered":"https:\/\/www.ceramicbasin.com\/?post_type=product&#038;p=7060"},"modified":"2025-06-30T01:14:58","modified_gmt":"2025-06-30T01:14:58","slug":"custom-marble-bathroom-sinks","status":"publish","type":"product","link":"https:\/\/www.ceramicbasin.com\/es\/producto\/custom-marble-bathroom-sinks\/","title":{"rendered":"Fregaderos de m\u00e1rmol de encargo del cuarto de ba\u00f1o, fregaderos de la encimera de la impresi\u00f3n de la transferencia de agua al por mayor"},"content":{"rendered":"<div class=\"wp-block-columns is-layout-flex wp-container-core-columns-is-layout-9d6595d7 wp-block-columns-is-layout-flex\">\n<div class=\"wp-block-column is-layout-flow wp-block-column-is-layout-flow\">\n<h2 class=\"wp-block-heading\">Premium Custom Fregaderos de Ba\u00f1o de M\u00e1rmol Caracter\u00edsticas:<\/h2>\n\n\n\n<ul class=\"wp-block-list\">\n<li><strong>Material cer\u00e1mico de alta calidad:\u00a0<\/strong>Nuestros lavabos de ba\u00f1o al por mayor est\u00e1n hechos de cer\u00e1mica cocida a alta temperatura, con una superficie dura y densa, resistente a los ara\u00f1azos y al desgaste, de larga duraci\u00f3n como nuevos, adecuados para escenarios de uso diario de alta frecuencia.<\/li>\n\n\n\n<li><strong>Selecci\u00f3n de color personalizada:<\/strong>\u00a0Estos lavabos de ba\u00f1o de m\u00e1rmol personalizados vienen con una variedad de opciones de color personalizadas para satisfacer sus necesidades en la mezcla del color perfecto para que su lavabo de ba\u00f1o pueda combinar perfectamente con el estilo general de su casa y reflejar caracter\u00edsticas personalizadas.<\/li>\n\n\n\n<li><strong>Tecnolog\u00eda de impresi\u00f3n por transferencia de agua:<\/strong> Estos lavabos de m\u00e1rmol personalizados utilizan la avanzada tecnolog\u00eda de impresi\u00f3n por transferencia de agua, este proceso crea patrones de m\u00e1rmol claros y naturales en superficies cer\u00e1micas, combinando el atractivo visual con la durabilidad de los materiales cer\u00e1micos.<\/li>\n\n\n\n<li><strong>Gran capacidad de producci\u00f3n:\u00a0<\/strong>Nuestro gran almac\u00e9n contiene varios tipos de lavabos de m\u00e1rmol al por mayor. Elija los art\u00edculos que est\u00e1n en producci\u00f3n, tenemos suficientes lavabos blancos para hacer lavabos de m\u00e1rmol de color, el tiempo de env\u00edo ser\u00eda m\u00e1s corto mucho.<\/li>\n<\/ul>\n<\/div>\n\n\n\n<div class=\"wp-block-column is-layout-flow wp-block-column-is-layout-flow\">\n<figure class=\"wp-block-image size-full\"><img fetchpriority=\"high\" decoding=\"async\" width=\"721\" height=\"890\" src=\"https:\/\/www.ceramicbasin.com\/wp-content\/uploads\/2025\/06\/Custom-ceramic-color-wash-basin-supplierwholesale-water-transfer-printing-sinks-5.webp\" alt=\"fregaderos de ba\u00f1o de m\u00e1rmol a medida-fregaderos de encimera con impresi\u00f3n por transferencia de agua-mayorista-5\" class=\"wp-image-7041\" srcset=\"https:\/\/www.ceramicbasin.com\/wp-content\/uploads\/2025\/06\/Custom-ceramic-color-wash-basin-supplierwholesale-water-transfer-printing-sinks-5.webp 721w, https:\/\/www.ceramicbasin.com\/wp-content\/uploads\/2025\/06\/Custom-ceramic-color-wash-basin-supplierwholesale-water-transfer-printing-sinks-5-243x300.webp 243w, https:\/\/www.ceramicbasin.com\/wp-content\/uploads\/2025\/06\/Custom-ceramic-color-wash-basin-supplierwholesale-water-transfer-printing-sinks-5-10x12.webp 10w, https:\/\/www.ceramicbasin.com\/wp-content\/uploads\/2025\/06\/Custom-ceramic-color-wash-basin-supplierwholesale-water-transfer-printing-sinks-5-285x352.webp 285w, https:\/\/www.ceramicbasin.com\/wp-content\/uploads\/2025\/06\/Custom-ceramic-color-wash-basin-supplierwholesale-water-transfer-printing-sinks-5-535x660.webp 535w, https:\/\/www.ceramicbasin.com\/wp-content\/uploads\/2025\/06\/Custom-ceramic-color-wash-basin-supplierwholesale-water-transfer-printing-sinks-5-122x150.webp 122w\" sizes=\"(max-width: 721px) 100vw, 721px\" \/><\/figure>\n<\/div>\n<\/div>","protected":false},"excerpt":{"rendered":"<p>Bienvenido a comprar nuestros lavabos de m\u00e1rmol personalizados para ba\u00f1o. Estos lavabos de encimera de cer\u00e1mica utilizan tecnolog\u00eda de impresi\u00f3n por transferencia de agua para conseguir un efecto de textura de m\u00e1rmol lleno de riqueza y naturaleza, combinando atractivo est\u00e9tico y practicidad. Tiene varias soluciones de personalizaci\u00f3n de color para satisfacer diferentes requisitos de dise\u00f1o espacial, por lo que es una gran opci\u00f3n para construcciones residenciales de alta gama, hoteles boutique y proyectos de ingenier\u00eda. Se aceptan ideas de cooperaci\u00f3n de socios de todo el mundo.<\/p>\n<table style=\"border-collapse: collapse; width: 358.52pt;\" border=\"0\" width=\"478\" cellspacing=\"0\" cellpadding=\"0\">\n<tbody>\n<tr style=\"height: 17.25pt;\">\n<td class=\"et3\" style=\"height: 17.25pt; width: 125.00pt;\" width=\"166\" height=\"23\">Fabricante<\/td>\n<td class=\"et3\" style=\"width: 234.15pt;\" width=\"312\">HanYu<\/td>\n<\/tr>\n<tr style=\"height: 17.25pt;\">\n<td class=\"et3\" style=\"height: 17.25pt;\" height=\"23\">N\u00ba de modelo<\/td>\n<td class=\"et4\">HY-488AD27<\/td>\n<\/tr>\n<tr style=\"height: 17.25pt;\">\n<td class=\"et3\" style=\"height: 17.25pt;\" height=\"23\">Tipo<\/td>\n<td class=\"et5\" style=\"width: 234.15pt;\" width=\"312\">Fregaderos de m\u00e1rmol<\/td>\n<\/tr>\n<tr style=\"height: 18.00pt;\">\n<td class=\"et3\" style=\"height: 18.00pt;\" height=\"24\">Forma<\/td>\n<td class=\"et3\">Forma ovalada<\/td>\n<\/tr>\n<tr style=\"height: 34.50pt;\">\n<td class=\"et4\" style=\"height: 34.50pt;\" height=\"46\">Color<\/td>\n<td class=\"et5\" style=\"width: 234.15pt;\" width=\"312\">negro\/blanco\/azul\/gris\/rosa\/verde\/marr\u00f3n\/caqui<\/td>\n<\/tr>\n<tr style=\"height: 18.00pt;\">\n<td class=\"et3\" style=\"height: 18.00pt;\" height=\"24\">Dimensi\u00f3n<\/td>\n<td class=\"et5\" style=\"width: 234.15pt;\" width=\"312\">68*44*16.5<\/td>\n<\/tr>\n<tr style=\"height: 17.25pt;\">\n<td class=\"et3\" style=\"height: 17.25pt;\" height=\"23\">N.W \/SET<\/td>\n<td class=\"et3\">10KGS\/PCS<\/td>\n<\/tr>\n<tr style=\"height: 17.25pt;\">\n<td class=\"et3\" style=\"height: 17.25pt;\" height=\"23\">MOQ<\/td>\n<td class=\"et3\">20 piezas<\/td>\n<\/tr>\n<tr style=\"height: 17.25pt;\">\n<td class=\"et3\" style=\"height: 17.25pt;\" height=\"23\">Opci\u00f3n personalizada<\/td>\n<td class=\"et3\">Color\/Patr\u00f3n\/Tama\u00f1o\/Logotipo\/Embalaje<\/td>\n<\/tr>\n<\/tbody>\n<\/table>","protected":false},"featured_media":7037,"comment_status":"closed","ping_status":"closed","template":"","meta":{"_acf_changed":false},"product_brand":[],"product_cat":[50,54],"product_tag":[],"class_list":{"0":"post-7060","1":"product","2":"type-product","3":"status-publish","4":"has-post-thumbnail","6":"product_cat-wholesale-countertop-sinks","7":"product_cat-wholesale-marble-sinks","9":"first","10":"instock","11":"shipping-taxable","12":"product-type-simple"},"acf":[],"_links":{"self":[{"href":"https:\/\/www.ceramicbasin.com\/es\/wp-json\/wp\/v2\/product\/7060","targetHints":{"allow":["GET"]}}],"collection":[{"href":"https:\/\/www.ceramicbasin.com\/es\/wp-json\/wp\/v2\/product"}],"about":[{"href":"https:\/\/www.ceramicbasin.com\/es\/wp-json\/wp\/v2\/types\/product"}],"replies":[{"embeddable":true,"href":"https:\/\/www.ceramicbasin.com\/es\/wp-json\/wp\/v2\/comments?post=7060"}],"wp:featuredmedia":[{"embeddable":true,"href":"https:\/\/www.ceramicbasin.com\/es\/wp-json\/wp\/v2\/media\/7037"}],"wp:attachment":[{"href":"https:\/\/www.ceramicbasin.com\/es\/wp-json\/wp\/v2\/media?parent=7060"}],"wp:term":[{"taxonomy":"product_brand","embeddable":true,"href":"https:\/\/www.ceramicbasin.com\/es\/wp-json\/wp\/v2\/product_brand?post=7060"},{"taxonomy":"product_cat","embeddable":true,"href":"https:\/\/www.ceramicbasin.com\/es\/wp-json\/wp\/v2\/product_cat?post=7060"},{"taxonomy":"product_tag","embeddable":true,"href":"https:\/\/www.ceramicbasin.com\/es\/wp-json\/wp\/v2\/product_tag?post=7060"}],"curies":[{"name":"wp","href":"https:\/\/api.w.org\/{rel}","templated":true}]}}