{"id":7068,"date":"2025-06-25T08:48:14","date_gmt":"2025-06-25T08:48:14","guid":{"rendered":"https:\/\/www.ceramicbasin.com\/?post_type=product&#038;p=7068"},"modified":"2025-11-05T03:29:21","modified_gmt":"2025-11-05T03:29:21","slug":"wholesale-round-bathroom-sink-bowls","status":"publish","type":"product","link":"https:\/\/www.ceramicbasin.com\/es\/producto\/wholesale-round-bathroom-sink-bowls\/","title":{"rendered":"Mayorista Lavabo Redondo, Lavabo Negro Mate"},"content":{"rendered":"<div class=\"wp-block-columns is-layout-flex wp-container-core-columns-is-layout-9d6595d7 wp-block-columns-is-layout-flex\">\n<div class=\"wp-block-column is-layout-flow wp-block-column-is-layout-flow\">\n<h2 class=\"wp-block-heading\">Premium al por mayor redonda cuencos del fregadero del cuarto de ba\u00f1o Caracter\u00edsticas:<\/h2>\n\n\n\n<ul class=\"wp-block-list\">\n<li><strong>Cer\u00e1mica de alta calidad: <\/strong>Estos lavabos redondos para ba\u00f1o al por mayor se seleccionan a partir de materias primas cer\u00e1micas de alta calidad y se sinterizan a altas temperaturas. Puede asegurar una estructura s\u00f3lida del producto y una superficie delicada y lisa, f\u00e1cil de limpiar y mantenerlo nuevo.<\/li>\n\n\n\n<li><strong>Esmalte art\u00edstico mate Acabado: <\/strong>Estos lavabos redondos al por mayor tienen un exclusivo esmalte cer\u00e1mico mate. El acabado cuenta con un suave tacto aterciopelado y aspecto elegante, por lo tanto, una combinaci\u00f3n perfecta para minimalista moderno y de lujo con temas decoraciones de ba\u00f1o.<\/li>\n\n\n\n<li><strong>Dise\u00f1o redondo: <\/strong>El lavabo de encimera al por mayor presenta una forma redonda antigua, un contorno completo y l\u00edneas suaves, encajando perfectamente en muchas encimeras de ba\u00f1o para disfrutar de una belleza espacial universal.<\/li>\n\n\n\n<li><strong>Dise\u00f1o resistente a salpicaduras:<\/strong> La profundidad del fregadero de encimera al por mayor est\u00e1 dise\u00f1ada profesionalmente para minimizar las salpicaduras de agua, lo que garantiza que sea ideal para el uso diario, especialmente en hoteles y locales comerciales.<\/li>\n<\/ul>\n<\/div>\n\n\n\n<div class=\"wp-block-column is-layout-flow wp-block-column-is-layout-flow\">\n<figure class=\"wp-block-image size-full\"><img fetchpriority=\"high\" decoding=\"async\" width=\"800\" height=\"800\" src=\"https:\/\/www.ceramicbasin.com\/wp-content\/uploads\/2025\/06\/wholesale-round-bathroom-sink-bowls-black-counter-top-sinks-wholesale-2.webp\" alt=\"mayorista-fregaderos-redondos-de-ba\u00f1o-fregaderos-negros-de-encimera-mayorista-2\" class=\"wp-image-7109\" srcset=\"https:\/\/www.ceramicbasin.com\/wp-content\/uploads\/2025\/06\/wholesale-round-bathroom-sink-bowls-black-counter-top-sinks-wholesale-2.webp 800w, https:\/\/www.ceramicbasin.com\/wp-content\/uploads\/2025\/06\/wholesale-round-bathroom-sink-bowls-black-counter-top-sinks-wholesale-2-300x300.webp 300w, https:\/\/www.ceramicbasin.com\/wp-content\/uploads\/2025\/06\/wholesale-round-bathroom-sink-bowls-black-counter-top-sinks-wholesale-2-150x150.webp 150w, https:\/\/www.ceramicbasin.com\/wp-content\/uploads\/2025\/06\/wholesale-round-bathroom-sink-bowls-black-counter-top-sinks-wholesale-2-768x768.webp 768w, https:\/\/www.ceramicbasin.com\/wp-content\/uploads\/2025\/06\/wholesale-round-bathroom-sink-bowls-black-counter-top-sinks-wholesale-2-12x12.webp 12w, https:\/\/www.ceramicbasin.com\/wp-content\/uploads\/2025\/06\/wholesale-round-bathroom-sink-bowls-black-counter-top-sinks-wholesale-2-285x285.webp 285w, https:\/\/www.ceramicbasin.com\/wp-content\/uploads\/2025\/06\/wholesale-round-bathroom-sink-bowls-black-counter-top-sinks-wholesale-2-270x270.webp 270w, https:\/\/www.ceramicbasin.com\/wp-content\/uploads\/2025\/06\/wholesale-round-bathroom-sink-bowls-black-counter-top-sinks-wholesale-2-540x540.webp 540w, https:\/\/www.ceramicbasin.com\/wp-content\/uploads\/2025\/06\/wholesale-round-bathroom-sink-bowls-black-counter-top-sinks-wholesale-2-660x660.webp 660w\" sizes=\"(max-width: 800px) 100vw, 800px\" \/><\/figure>\n<\/div>\n<\/div>\n\n\n\n<p><\/p>","protected":false},"excerpt":{"rendered":"<p>Bienvenido a preguntar y hacer sus pedidos al por mayor. Estos lavabos redondos al por mayor combinan la sencillez con el lujo, fabricados en cer\u00e1mica de alta calidad mediante cocci\u00f3n a alta temperatura. La superficie fina y suave y el acabado en negro crean un espacio de ba\u00f1o refinado. Es adecuado para espacios residenciales, hoteleros y comerciales de gama alta, que se han hecho muy populares en el dise\u00f1o contempor\u00e1neo de cuartos de ba\u00f1o.<\/p>\n<table style=\"border-collapse: collapse; width: 311.02pt;\" border=\"0\" width=\"311\" cellspacing=\"0\" cellpadding=\"0\">\n<tbody>\n<tr style=\"height: 17.60pt;\">\n<td class=\"et3\" style=\"height: 17.60pt; width: 108.35pt;\" width=\"108\" height=\"17\">Fabricante<\/td>\n<td class=\"et3\" style=\"width: 202.95pt;\" width=\"202\">HanYu<\/td>\n<\/tr>\n<tr style=\"height: 17.60pt;\">\n<td class=\"et3\" style=\"height: 17.60pt;\" height=\"17\">N\u00ba de modelo<\/td>\n<td class=\"et4\">HY-8007MB<\/td>\n<\/tr>\n<tr style=\"height: 17.60pt;\">\n<td class=\"et3\" style=\"height: 17.60pt;\" height=\"17\">Tipo<\/td>\n<td class=\"et3\">Lavabo mate, Lavabo sobre encimera<\/td>\n<\/tr>\n<tr style=\"height: 17.60pt;\">\n<td class=\"et3\" style=\"height: 17.60pt;\" height=\"17\">Forma<\/td>\n<td class=\"et3\">Forma redonda<\/td>\n<\/tr>\n<tr style=\"height: 36.00pt;\">\n<td class=\"et4\" style=\"height: 36.00pt;\" height=\"36\">Color<\/td>\n<td class=\"et5\" style=\"width: 202.95pt;\" width=\"202\">Negro\/Blanco\/Azul\/Gris\/Rosa\/Verde\/Marr\u00f3n\/Caqui......<\/td>\n<\/tr>\n<tr style=\"height: 18.00pt;\">\n<td class=\"et3\" style=\"height: 18.00pt;\" height=\"18\">Dimensi\u00f3n<\/td>\n<td class=\"et5\" style=\"width: 202.95pt;\" width=\"202\">32.5*32.5*14<\/td>\n<\/tr>\n<tr style=\"height: 17.60pt;\">\n<td class=\"et3\" style=\"height: 17.60pt;\" height=\"17\">N.W \/SET<\/td>\n<td class=\"et3\">7KGS\/PCS<\/td>\n<\/tr>\n<tr style=\"height: 17.60pt;\">\n<td class=\"et3\" style=\"height: 17.60pt;\" height=\"17\">MOQ<\/td>\n<td class=\"et3\">20 piezas<\/td>\n<\/tr>\n<tr style=\"height: 17.60pt;\">\n<td class=\"et3\" style=\"height: 17.60pt;\" height=\"17\">Opci\u00f3n personalizada<\/td>\n<td class=\"et3\">Color\/Patr\u00f3n\/Tama\u00f1o\/Logotipo\/Embalaje<\/td>\n<\/tr>\n<\/tbody>\n<\/table>","protected":false},"featured_media":7108,"comment_status":"closed","ping_status":"closed","template":"","meta":{"_acf_changed":false},"product_brand":[],"product_cat":[50,55],"product_tag":[],"class_list":{"0":"post-7068","1":"product","2":"type-product","3":"status-publish","4":"has-post-thumbnail","6":"product_cat-wholesale-countertop-sinks","7":"product_cat-wholesale-matte-sinks","9":"first","10":"instock","11":"shipping-taxable","12":"product-type-simple"},"acf":[],"_links":{"self":[{"href":"https:\/\/www.ceramicbasin.com\/es\/wp-json\/wp\/v2\/product\/7068","targetHints":{"allow":["GET"]}}],"collection":[{"href":"https:\/\/www.ceramicbasin.com\/es\/wp-json\/wp\/v2\/product"}],"about":[{"href":"https:\/\/www.ceramicbasin.com\/es\/wp-json\/wp\/v2\/types\/product"}],"replies":[{"embeddable":true,"href":"https:\/\/www.ceramicbasin.com\/es\/wp-json\/wp\/v2\/comments?post=7068"}],"wp:featuredmedia":[{"embeddable":true,"href":"https:\/\/www.ceramicbasin.com\/es\/wp-json\/wp\/v2\/media\/7108"}],"wp:attachment":[{"href":"https:\/\/www.ceramicbasin.com\/es\/wp-json\/wp\/v2\/media?parent=7068"}],"wp:term":[{"taxonomy":"product_brand","embeddable":true,"href":"https:\/\/www.ceramicbasin.com\/es\/wp-json\/wp\/v2\/product_brand?post=7068"},{"taxonomy":"product_cat","embeddable":true,"href":"https:\/\/www.ceramicbasin.com\/es\/wp-json\/wp\/v2\/product_cat?post=7068"},{"taxonomy":"product_tag","embeddable":true,"href":"https:\/\/www.ceramicbasin.com\/es\/wp-json\/wp\/v2\/product_tag?post=7068"}],"curies":[{"name":"wp","href":"https:\/\/api.w.org\/{rel}","templated":true}]}}