{"id":7075,"date":"2025-06-25T08:59:20","date_gmt":"2025-06-25T08:59:20","guid":{"rendered":"https:\/\/www.ceramicbasin.com\/?post_type=product&#038;p=7075"},"modified":"2025-06-27T16:06:21","modified_gmt":"2025-06-27T16:06:21","slug":"matte-black-bathroom-sink-wholesale","status":"publish","type":"product","link":"https:\/\/www.ceramicbasin.com\/es\/producto\/matte-black-bathroom-sink-wholesale\/","title":{"rendered":"Best Seller Fregadero de Ba\u00f1o Negro Mate al por mayor, Fregadero de Encimera a medida"},"content":{"rendered":"<div class=\"wp-block-columns is-layout-flex wp-container-core-columns-is-layout-9d6595d7 wp-block-columns-is-layout-flex\">\n<div class=\"wp-block-column is-layout-flow wp-block-column-is-layout-flow\">\n<h2 class=\"wp-block-heading\">Premium Negro Mate Lavabo de Ba\u00f1o al por mayor Caracter\u00edsticas:<\/h2>\n\n\n\n<ul class=\"wp-block-list\">\n<li><strong>Dise\u00f1o minimalista en negro mate: <\/strong>Con un acabado negro mate pulido y refinado, este lavabo de ba\u00f1o negro mate al por mayor define el estilo minimalista moderno, destacando un aspecto elitista compatible con el acabado general del ba\u00f1o. Es aplicable en edificios residenciales de baja densidad, boutiques de lujo, hoteles, tiendas comerciales, etc.<\/li>\n\n\n\n<li><strong>Bestseller:<\/strong> Este lavabo negro mate al por mayor sigue siendo un \u00e9xito de ventas en pa\u00edses como Europa, Am\u00e9rica y Oriente Pr\u00f3ximo. Su dise\u00f1o cl\u00e1sico y su stock regular lo convierten en la primera opci\u00f3n para la compra al por mayor.<\/li>\n\n\n\n<li><strong>Resistente a ara\u00f1azos y huellas dactilares:<\/strong> Nuestro fregadero de encimera a medida tiene un exclusivo proceso de esmaltado mate, que proporciona una textura suave pero no brillante. La superficie es menos propensa a dejar ara\u00f1azos y huellas dactilares, manteniendo un aspecto de alta gama incluso despu\u00e9s de un uso intenso.<\/li>\n\n\n\n<li><strong>Personalizaci\u00f3n masiva de tallas y logotipos de marca:<\/strong> Nuestro fregadero de encimera a medida puede lograr la personalizaci\u00f3n en masa de varios tama\u00f1os, formas e impresi\u00f3n de logotipos, satisfaciendo las diferentes necesidades de fabricantes de marcas, construcci\u00f3n de edificios y distribuidores.<\/li>\n<\/ul>\n<\/div>\n\n\n\n<div class=\"wp-block-column is-layout-flow wp-block-column-is-layout-flow\">\n<figure class=\"wp-block-image size-full\"><img fetchpriority=\"high\" decoding=\"async\" width=\"800\" height=\"800\" src=\"https:\/\/www.ceramicbasin.com\/wp-content\/uploads\/2025\/06\/best-seller-matte-black-bathroom-sink-wholesale-custom-countertop-sink-2.webp\" alt=\"los m\u00e1s vendidos-fregadero de ba\u00f1o-negro-mate-mayor-fregadero-encimera-a-la-medida-2\" class=\"wp-image-7102\" srcset=\"https:\/\/www.ceramicbasin.com\/wp-content\/uploads\/2025\/06\/best-seller-matte-black-bathroom-sink-wholesale-custom-countertop-sink-2.webp 800w, https:\/\/www.ceramicbasin.com\/wp-content\/uploads\/2025\/06\/best-seller-matte-black-bathroom-sink-wholesale-custom-countertop-sink-2-300x300.webp 300w, https:\/\/www.ceramicbasin.com\/wp-content\/uploads\/2025\/06\/best-seller-matte-black-bathroom-sink-wholesale-custom-countertop-sink-2-150x150.webp 150w, https:\/\/www.ceramicbasin.com\/wp-content\/uploads\/2025\/06\/best-seller-matte-black-bathroom-sink-wholesale-custom-countertop-sink-2-768x768.webp 768w, https:\/\/www.ceramicbasin.com\/wp-content\/uploads\/2025\/06\/best-seller-matte-black-bathroom-sink-wholesale-custom-countertop-sink-2-12x12.webp 12w, https:\/\/www.ceramicbasin.com\/wp-content\/uploads\/2025\/06\/best-seller-matte-black-bathroom-sink-wholesale-custom-countertop-sink-2-285x285.webp 285w, https:\/\/www.ceramicbasin.com\/wp-content\/uploads\/2025\/06\/best-seller-matte-black-bathroom-sink-wholesale-custom-countertop-sink-2-270x270.webp 270w, https:\/\/www.ceramicbasin.com\/wp-content\/uploads\/2025\/06\/best-seller-matte-black-bathroom-sink-wholesale-custom-countertop-sink-2-540x540.webp 540w, https:\/\/www.ceramicbasin.com\/wp-content\/uploads\/2025\/06\/best-seller-matte-black-bathroom-sink-wholesale-custom-countertop-sink-2-660x660.webp 660w\" sizes=\"(max-width: 800px) 100vw, 800px\" \/><\/figure>\n<\/div>\n<\/div>","protected":false},"excerpt":{"rendered":"<p>Bienvenido a comprar lavabo de ba\u00f1o negro mate al por mayor. Esta nueva moda negro mate lavabo del ba\u00f1o encimera combina la tecnolog\u00eda de cocci\u00f3n de cer\u00e1mica de alta temperatura con un dise\u00f1o minimalista moderno, que ofrece una combinaci\u00f3n de textura y practicidad que proporciona una soluci\u00f3n de fregadero suave pero funcional. Disponible para la compra al por mayor y la personalizaci\u00f3n de la marca, es ampliamente utilizado en hoteles, complejos residenciales y lugares comerciales.<\/p>\n<table style=\"border-collapse: collapse; width: 311.02pt;\" border=\"0\" width=\"311\" cellspacing=\"0\" cellpadding=\"0\">\n<tbody>\n<tr style=\"height: 17.60pt;\">\n<td class=\"et3\" style=\"height: 17.60pt; width: 108.35pt;\" width=\"108\" height=\"17\">Fabricante<\/td>\n<td class=\"et3\" style=\"width: 202.95pt;\" width=\"202\">HanYu<\/td>\n<\/tr>\n<tr style=\"height: 17.60pt;\">\n<td class=\"et3\" style=\"height: 17.60pt;\" height=\"17\">N\u00ba de modelo<\/td>\n<td class=\"et4\">HY-8008MB<\/td>\n<\/tr>\n<tr style=\"height: 17.60pt;\">\n<td class=\"et3\" style=\"height: 17.60pt;\" height=\"17\">Tipo<\/td>\n<td class=\"et3\">Lavabo mate, Lavabo sobre encimera<\/td>\n<\/tr>\n<tr style=\"height: 17.60pt;\">\n<td class=\"et3\" style=\"height: 17.60pt;\" height=\"17\">Forma<\/td>\n<td class=\"et3\">Forma redonda<\/td>\n<\/tr>\n<tr style=\"height: 36.00pt;\">\n<td class=\"et4\" style=\"height: 36.00pt;\" height=\"36\">Color<\/td>\n<td class=\"et5\" style=\"width: 202.95pt;\" width=\"202\">Negro\/Blanco\/Azul\/Gris\/Rosa\/Verde\/Marr\u00f3n\/Caqui......<\/td>\n<\/tr>\n<tr style=\"height: 18.00pt;\">\n<td class=\"et3\" style=\"height: 18.00pt;\" height=\"18\">Dimensi\u00f3n<\/td>\n<td class=\"et5\" style=\"width: 202.95pt;\" width=\"202\">38.5*38.5*10.5<\/td>\n<\/tr>\n<tr style=\"height: 17.60pt;\">\n<td class=\"et3\" style=\"height: 17.60pt;\" height=\"17\">N.W \/SET<\/td>\n<td class=\"et3\">10KGS\/PCS<\/td>\n<\/tr>\n<tr style=\"height: 17.60pt;\">\n<td class=\"et3\" style=\"height: 17.60pt;\" height=\"17\">MOQ<\/td>\n<td class=\"et3\">20 piezas<\/td>\n<\/tr>\n<tr style=\"height: 17.60pt;\">\n<td class=\"et3\" style=\"height: 17.60pt;\" height=\"17\">Opci\u00f3n personalizada<\/td>\n<td class=\"et3\">Color\/Patr\u00f3n\/Tama\u00f1o\/Logotipo\/Embalaje<\/td>\n<\/tr>\n<\/tbody>\n<\/table>","protected":false},"featured_media":7101,"comment_status":"closed","ping_status":"closed","template":"","meta":{"_acf_changed":false},"product_brand":[],"product_cat":[50,55],"product_tag":[],"class_list":{"0":"post-7075","1":"product","2":"type-product","3":"status-publish","4":"has-post-thumbnail","6":"product_cat-wholesale-countertop-sinks","7":"product_cat-wholesale-matte-sinks","9":"first","10":"instock","11":"shipping-taxable","12":"product-type-simple"},"acf":[],"_links":{"self":[{"href":"https:\/\/www.ceramicbasin.com\/es\/wp-json\/wp\/v2\/product\/7075","targetHints":{"allow":["GET"]}}],"collection":[{"href":"https:\/\/www.ceramicbasin.com\/es\/wp-json\/wp\/v2\/product"}],"about":[{"href":"https:\/\/www.ceramicbasin.com\/es\/wp-json\/wp\/v2\/types\/product"}],"replies":[{"embeddable":true,"href":"https:\/\/www.ceramicbasin.com\/es\/wp-json\/wp\/v2\/comments?post=7075"}],"wp:featuredmedia":[{"embeddable":true,"href":"https:\/\/www.ceramicbasin.com\/es\/wp-json\/wp\/v2\/media\/7101"}],"wp:attachment":[{"href":"https:\/\/www.ceramicbasin.com\/es\/wp-json\/wp\/v2\/media?parent=7075"}],"wp:term":[{"taxonomy":"product_brand","embeddable":true,"href":"https:\/\/www.ceramicbasin.com\/es\/wp-json\/wp\/v2\/product_brand?post=7075"},{"taxonomy":"product_cat","embeddable":true,"href":"https:\/\/www.ceramicbasin.com\/es\/wp-json\/wp\/v2\/product_cat?post=7075"},{"taxonomy":"product_tag","embeddable":true,"href":"https:\/\/www.ceramicbasin.com\/es\/wp-json\/wp\/v2\/product_tag?post=7075"}],"curies":[{"name":"wp","href":"https:\/\/api.w.org\/{rel}","templated":true}]}}