{"id":7148,"date":"2025-07-07T07:45:57","date_gmt":"2025-07-07T07:45:57","guid":{"rendered":"https:\/\/www.ceramicbasin.com\/?post_type=product&#038;p=7148"},"modified":"2025-11-05T03:21:55","modified_gmt":"2025-11-05T03:21:55","slug":"custom-white-ceramic-bathroom-sink","status":"publish","type":"product","link":"https:\/\/www.ceramicbasin.com\/es\/producto\/custom-white-ceramic-bathroom-sink\/","title":{"rendered":"Lavabo de Cer\u00e1mica Blanco, Lavabo Cuadrado al por mayor"},"content":{"rendered":"<div class=\"wp-block-columns is-layout-flex wp-container-core-columns-is-layout-9d6595d7 wp-block-columns-is-layout-flex\">\n<div class=\"wp-block-column is-layout-flow wp-block-column-is-layout-flow\">\n<h2 class=\"wp-block-heading\">Premium Custom Blanco Cer\u00e1mica Lavabo Caracter\u00edsticas:<\/h2>\n\n\n\n<ul class=\"wp-block-list\">\n<li><strong>Dise\u00f1o de moda:<\/strong> Nuestro lavabo de ba\u00f1o de cer\u00e1mica blanca a medida con dise\u00f1o personalizado tiene un aspecto de moda con l\u00edneas suaves, est\u00e1 dise\u00f1ado adecuadamente para varios estilos de ba\u00f1o, y aporta belleza y gracia a toda la zona.<\/li>\n\n\n\n<li><strong>Material cer\u00e1mico de primera calidad:<\/strong> Nuestros fregaderos de encimera a granel est\u00e1n hechos de vidrio de primera clase con alta transparencia y textura fina, que tiene un excelente rendimiento visual y un sentido de la modernidad, el suministro de la estabilidad y la belleza del producto.<\/li>\n\n\n\n<li><strong>F\u00e1cil instalaci\u00f3n: <\/strong>Dado que los lavabos de cer\u00e1mica blancos a medida para cuartos de ba\u00f1o est\u00e1n dise\u00f1ados espec\u00edficamente para montaje sobre encimera, son f\u00e1ciles de instalar y ofrecen una opci\u00f3n sin complicaciones tanto para obra nueva como para renovaci\u00f3n de cuartos de ba\u00f1o.<\/li>\n\n\n\n<li><strong>Compatible con grifer\u00edas variadas:<\/strong> El est\u00e1ndar de apertura al por mayor de fregaderos de encimera cuadrados se adapta a casi todos los tipos de estilos de grifer\u00eda de lavabo de encimera.<\/li>\n<\/ul>\n<\/div>\n\n\n\n<div class=\"wp-block-column is-layout-flow wp-block-column-is-layout-flow\">\n<figure class=\"wp-block-image size-full\"><img fetchpriority=\"high\" decoding=\"async\" width=\"884\" height=\"883\" src=\"https:\/\/www.ceramicbasin.com\/wp-content\/uploads\/2025\/07\/White-Color-Square-Ceramic-Art-Wash-Basin-Bathroom-Vanities-Counter-Top-Sink-2.webp\" alt=\"fregadero-ceramica-blanca-a-la-medida-fregadero-ceramico-cuadrado-encimera-fregadero-mayorista-2\" class=\"wp-image-7150\" srcset=\"https:\/\/www.ceramicbasin.com\/wp-content\/uploads\/2025\/07\/White-Color-Square-Ceramic-Art-Wash-Basin-Bathroom-Vanities-Counter-Top-Sink-2.webp 884w, https:\/\/www.ceramicbasin.com\/wp-content\/uploads\/2025\/07\/White-Color-Square-Ceramic-Art-Wash-Basin-Bathroom-Vanities-Counter-Top-Sink-2-300x300.webp 300w, https:\/\/www.ceramicbasin.com\/wp-content\/uploads\/2025\/07\/White-Color-Square-Ceramic-Art-Wash-Basin-Bathroom-Vanities-Counter-Top-Sink-2-150x150.webp 150w, https:\/\/www.ceramicbasin.com\/wp-content\/uploads\/2025\/07\/White-Color-Square-Ceramic-Art-Wash-Basin-Bathroom-Vanities-Counter-Top-Sink-2-768x767.webp 768w, https:\/\/www.ceramicbasin.com\/wp-content\/uploads\/2025\/07\/White-Color-Square-Ceramic-Art-Wash-Basin-Bathroom-Vanities-Counter-Top-Sink-2-12x12.webp 12w, https:\/\/www.ceramicbasin.com\/wp-content\/uploads\/2025\/07\/White-Color-Square-Ceramic-Art-Wash-Basin-Bathroom-Vanities-Counter-Top-Sink-2-285x285.webp 285w, https:\/\/www.ceramicbasin.com\/wp-content\/uploads\/2025\/07\/White-Color-Square-Ceramic-Art-Wash-Basin-Bathroom-Vanities-Counter-Top-Sink-2-270x270.webp 270w, https:\/\/www.ceramicbasin.com\/wp-content\/uploads\/2025\/07\/White-Color-Square-Ceramic-Art-Wash-Basin-Bathroom-Vanities-Counter-Top-Sink-2-540x540.webp 540w, https:\/\/www.ceramicbasin.com\/wp-content\/uploads\/2025\/07\/White-Color-Square-Ceramic-Art-Wash-Basin-Bathroom-Vanities-Counter-Top-Sink-2-660x660.webp 660w\" sizes=\"(max-width: 884px) 100vw, 884px\" \/><\/figure>\n<\/div>\n<\/div>\n\n\n\n<p><\/p>","protected":false},"excerpt":{"rendered":"<p>Bienvenido a comprar nuestro fregadero de cer\u00e1mica blanco a medida. Construido a partir de cer\u00e1mica de calidad superior con un aspecto minimalista y aerodin\u00e1mico, este lavabo de encimera es duradero, f\u00e1cil de instalar y perfecto para ba\u00f1os modernos. Es una opci\u00f3n ideal para la decoraci\u00f3n de cuartos de ba\u00f1o. Ofrecemos descuentos al por mayor en este popular dise\u00f1o para satisfacer las necesidades de proyectos comerciales o grandes renovaciones residenciales.<\/p>\n<table style=\"border-collapse: collapse; width: 358.52pt;\" border=\"0\" width=\"478\" cellspacing=\"0\" cellpadding=\"0\">\n<tbody>\n<tr style=\"height: 17.25pt;\">\n<td class=\"et3\" style=\"height: 17.25pt; width: 125.00pt;\" width=\"166\" height=\"23\">Fabricante<\/td>\n<td class=\"et3\" style=\"width: 234.15pt;\" width=\"312\">HanYu<\/td>\n<\/tr>\n<tr style=\"height: 17.25pt;\">\n<td class=\"et3\" style=\"height: 17.25pt;\" height=\"23\">N\u00ba de modelo<\/td>\n<td class=\"et4\">HY-403<\/td>\n<\/tr>\n<tr style=\"height: 17.25pt;\">\n<td class=\"et3\" style=\"height: 17.25pt;\" height=\"23\">Tipo<\/td>\n<td class=\"et5\" style=\"width: 234.15pt;\" width=\"312\">Fregaderos de encimera<\/td>\n<\/tr>\n<tr style=\"height: 18.00pt;\">\n<td class=\"et3\" style=\"height: 18.00pt;\" height=\"24\">Forma<\/td>\n<td class=\"et3\">Forma cuadrada<\/td>\n<\/tr>\n<tr style=\"height: 34.50pt;\">\n<td class=\"et4\" style=\"height: 34.50pt;\" height=\"46\">Color<\/td>\n<td class=\"et5\" style=\"width: 234.15pt;\" width=\"312\">negro\/blanco\/azul\/gris\/rosa\/verde\/marr\u00f3n\/caqui<\/td>\n<\/tr>\n<tr style=\"height: 18.00pt;\">\n<td class=\"et3\" style=\"height: 18.00pt;\" height=\"24\">Dimensi\u00f3n<\/td>\n<td class=\"et5\" style=\"width: 234.15pt;\" width=\"312\">\n<p>46*46*15.5<\/p>\n<\/td>\n<\/tr>\n<tr style=\"height: 17.25pt;\">\n<td class=\"et3\" style=\"height: 17.25pt;\" height=\"23\">N.W \/SET<\/td>\n<td class=\"et3\">14.5KGS\/PCS<\/td>\n<\/tr>\n<tr style=\"height: 17.25pt;\">\n<td class=\"et3\" style=\"height: 17.25pt;\" height=\"23\">MOQ<\/td>\n<td class=\"et3\">20 piezas<\/td>\n<\/tr>\n<tr style=\"height: 17.25pt;\">\n<td class=\"et3\" style=\"height: 17.25pt;\" height=\"23\">Opci\u00f3n personalizada<\/td>\n<td class=\"et3\">Color\/Patr\u00f3n\/Tama\u00f1o\/Logotipo\/Embalaje<\/td>\n<\/tr>\n<\/tbody>\n<\/table>","protected":false},"featured_media":7155,"comment_status":"closed","ping_status":"closed","template":"","meta":{"_acf_changed":false},"product_brand":[],"product_cat":[50],"product_tag":[],"class_list":{"0":"post-7148","1":"product","2":"type-product","3":"status-publish","4":"has-post-thumbnail","6":"product_cat-wholesale-countertop-sinks","8":"first","9":"instock","10":"shipping-taxable","11":"product-type-simple"},"acf":[],"_links":{"self":[{"href":"https:\/\/www.ceramicbasin.com\/es\/wp-json\/wp\/v2\/product\/7148","targetHints":{"allow":["GET"]}}],"collection":[{"href":"https:\/\/www.ceramicbasin.com\/es\/wp-json\/wp\/v2\/product"}],"about":[{"href":"https:\/\/www.ceramicbasin.com\/es\/wp-json\/wp\/v2\/types\/product"}],"replies":[{"embeddable":true,"href":"https:\/\/www.ceramicbasin.com\/es\/wp-json\/wp\/v2\/comments?post=7148"}],"wp:featuredmedia":[{"embeddable":true,"href":"https:\/\/www.ceramicbasin.com\/es\/wp-json\/wp\/v2\/media\/7155"}],"wp:attachment":[{"href":"https:\/\/www.ceramicbasin.com\/es\/wp-json\/wp\/v2\/media?parent=7148"}],"wp:term":[{"taxonomy":"product_brand","embeddable":true,"href":"https:\/\/www.ceramicbasin.com\/es\/wp-json\/wp\/v2\/product_brand?post=7148"},{"taxonomy":"product_cat","embeddable":true,"href":"https:\/\/www.ceramicbasin.com\/es\/wp-json\/wp\/v2\/product_cat?post=7148"},{"taxonomy":"product_tag","embeddable":true,"href":"https:\/\/www.ceramicbasin.com\/es\/wp-json\/wp\/v2\/product_tag?post=7148"}],"curies":[{"name":"wp","href":"https:\/\/api.w.org\/{rel}","templated":true}]}}