{"id":7165,"date":"2025-07-07T10:45:14","date_gmt":"2025-07-07T10:45:14","guid":{"rendered":"https:\/\/www.ceramicbasin.com\/?post_type=product&#038;p=7165"},"modified":"2025-11-03T07:38:11","modified_gmt":"2025-11-03T07:38:11","slug":"wall-hung-bathroom-sink-wholesale-2","status":"publish","type":"product","link":"https:\/\/www.ceramicbasin.com\/es\/producto\/wall-hung-bathroom-sink-wholesale-2\/","title":{"rendered":"Lavabo De Ba\u00f1o Colgado De Pared Al Por Mayor Con Toallero De Dise\u00f1o"},"content":{"rendered":"<div class=\"wp-block-columns is-layout-flex wp-container-core-columns-is-layout-9d6595d7 wp-block-columns-is-layout-flex\">\n<div class=\"wp-block-column is-layout-flow wp-block-column-is-layout-flow\">\n<h2 class=\"wp-block-heading\">Premium Wall Hung Lavabo de ba\u00f1o al por mayor Caracter\u00edsticas:<\/h2>\n\n\n\n<ul class=\"wp-block-list\">\n<li><strong>Dise\u00f1o art\u00edstico:<\/strong> El lavabo de ba\u00f1o a medida combina lujo y belleza art\u00edstica. El estilo rectangular est\u00e1 de moda y es refinado, y posee una forma \u00fanica y detalles meticulosos, y hay una sensaci\u00f3n de ornamentaci\u00f3n art\u00edstica contempor\u00e1nea al espacio de ba\u00f1o.<\/li>\n\n\n\n<li><strong>Tipo mural:<\/strong> Nuestro lavabo de ba\u00f1o colgado de la pared al por mayor es un estilo de instalaci\u00f3n montado en la pared, que no ocupa espacio en el suelo, y es adecuado para ba\u00f1os peque\u00f1os y medianos, hoteles y salas de negocios.<\/li>\n\n\n\n<li><strong>Toallero funcional:<\/strong> Nuestro lavabo suspendido de pared con toallero empotrado de pared al por mayor integra las funciones de lavado de manos y almacenamiento en perfecta armon\u00eda, mejorando la funcionalidad y la higiene del cuarto de ba\u00f1o.<\/li>\n\n\n\n<li><strong>Cer\u00e1mica excelente:<\/strong> El lavabo de ba\u00f1o de producci\u00f3n personalizada se fabrica mediante cocci\u00f3n cer\u00e1mica a alta temperatura, la superficie es densa y lisa, antimanchas, de f\u00e1cil mantenimiento y larga vida \u00fatil.<\/li>\n<\/ul>\n<\/div>\n\n\n\n<div class=\"wp-block-column is-layout-flow wp-block-column-is-layout-flow\">\n<figure class=\"wp-block-image size-full\"><img fetchpriority=\"high\" decoding=\"async\" width=\"1024\" height=\"1024\" src=\"https:\/\/www.ceramicbasin.com\/wp-content\/uploads\/2025\/07\/China-Factory-Small-Wall-Hung-Rectangular-Basin-With-Towel-Shelf-Luxury-Artistic-Ceramic-Custom-Bathroom-Sink-5.webp\" alt=\"fregadero de ba\u00f1o suspendido con estante para toallas - fregadero de ba\u00f1o de cer\u00e1mica personalizado 5\" class=\"wp-image-7170\" srcset=\"https:\/\/www.ceramicbasin.com\/wp-content\/uploads\/2025\/07\/China-Factory-Small-Wall-Hung-Rectangular-Basin-With-Towel-Shelf-Luxury-Artistic-Ceramic-Custom-Bathroom-Sink-5.webp 1024w, https:\/\/www.ceramicbasin.com\/wp-content\/uploads\/2025\/07\/China-Factory-Small-Wall-Hung-Rectangular-Basin-With-Towel-Shelf-Luxury-Artistic-Ceramic-Custom-Bathroom-Sink-5-300x300.webp 300w, https:\/\/www.ceramicbasin.com\/wp-content\/uploads\/2025\/07\/China-Factory-Small-Wall-Hung-Rectangular-Basin-With-Towel-Shelf-Luxury-Artistic-Ceramic-Custom-Bathroom-Sink-5-150x150.webp 150w, https:\/\/www.ceramicbasin.com\/wp-content\/uploads\/2025\/07\/China-Factory-Small-Wall-Hung-Rectangular-Basin-With-Towel-Shelf-Luxury-Artistic-Ceramic-Custom-Bathroom-Sink-5-768x768.webp 768w, https:\/\/www.ceramicbasin.com\/wp-content\/uploads\/2025\/07\/China-Factory-Small-Wall-Hung-Rectangular-Basin-With-Towel-Shelf-Luxury-Artistic-Ceramic-Custom-Bathroom-Sink-5-12x12.webp 12w, https:\/\/www.ceramicbasin.com\/wp-content\/uploads\/2025\/07\/China-Factory-Small-Wall-Hung-Rectangular-Basin-With-Towel-Shelf-Luxury-Artistic-Ceramic-Custom-Bathroom-Sink-5-285x285.webp 285w, https:\/\/www.ceramicbasin.com\/wp-content\/uploads\/2025\/07\/China-Factory-Small-Wall-Hung-Rectangular-Basin-With-Towel-Shelf-Luxury-Artistic-Ceramic-Custom-Bathroom-Sink-5-270x270.webp 270w, https:\/\/www.ceramicbasin.com\/wp-content\/uploads\/2025\/07\/China-Factory-Small-Wall-Hung-Rectangular-Basin-With-Towel-Shelf-Luxury-Artistic-Ceramic-Custom-Bathroom-Sink-5-540x540.webp 540w, https:\/\/www.ceramicbasin.com\/wp-content\/uploads\/2025\/07\/China-Factory-Small-Wall-Hung-Rectangular-Basin-With-Towel-Shelf-Luxury-Artistic-Ceramic-Custom-Bathroom-Sink-5-660x660.webp 660w\" sizes=\"(max-width: 1024px) 100vw, 1024px\" \/><\/figure>\n<\/div>\n<\/div>","protected":false},"excerpt":{"rendered":"<p>Bienvenido a ponerse en contacto con Hanyu para comprar la mezcla perfecta de lujo y funcionalidad con nuestro lavabo de ba\u00f1o colgado de la pared al por mayor. Con un dise\u00f1o art\u00edstico con un estante integrado toalla, este ahorro de espacio lavabo del ba\u00f1o personalizado es ideal para ba\u00f1os modernos, hoteles y espacios comerciales. \u00a1Venta al por mayor y personalizaci\u00f3n est\u00e1n disponibles!<\/p>\n<table style=\"border-collapse: collapse; width: 358.52pt;\" border=\"0\" width=\"478\" cellspacing=\"0\" cellpadding=\"0\">\n<tbody>\n<tr style=\"height: 17.25pt;\">\n<td class=\"et3\" style=\"height: 17.25pt; width: 125.00pt;\" width=\"166\" height=\"23\">Fabricante<\/td>\n<td class=\"et3\" style=\"width: 234.15pt;\" width=\"312\">HanYu<\/td>\n<\/tr>\n<tr style=\"height: 17.25pt;\">\n<td class=\"et3\" style=\"height: 17.25pt;\" height=\"23\">N\u00ba de modelo<\/td>\n<td class=\"et4\">HY-8135-S2\/46<\/td>\n<\/tr>\n<tr style=\"height: 17.25pt;\">\n<td class=\"et3\" style=\"height: 17.25pt;\" height=\"23\">Tipo<\/td>\n<td class=\"et5\" style=\"width: 234.15pt;\" width=\"312\">Fregaderos murales<\/td>\n<\/tr>\n<tr style=\"height: 18.00pt;\">\n<td class=\"et3\" style=\"height: 18.00pt;\" height=\"24\">Forma<\/td>\n<td class=\"et3\">Forma rectangular<\/td>\n<\/tr>\n<tr style=\"height: 34.50pt;\">\n<td class=\"et4\" style=\"height: 34.50pt;\" height=\"46\">Color<\/td>\n<td class=\"et5\" style=\"width: 234.15pt;\" width=\"312\">negro\/blanco\/azul\/gris\/rosa\/verde\/marr\u00f3n\/caqui<\/td>\n<\/tr>\n<tr style=\"height: 18.00pt;\">\n<td class=\"et3\" style=\"height: 18.00pt;\" height=\"24\">Dimensi\u00f3n<\/td>\n<td class=\"et5\" style=\"width: 234.15pt;\" width=\"312\">51*36*22.5<\/td>\n<\/tr>\n<tr style=\"height: 17.25pt;\">\n<td class=\"et3\" style=\"height: 17.25pt;\" height=\"23\">N.W \/SET<\/td>\n<td class=\"et3\">14KGS\/PCS<\/td>\n<\/tr>\n<tr style=\"height: 17.25pt;\">\n<td class=\"et3\" style=\"height: 17.25pt;\" height=\"23\">MOQ<\/td>\n<td class=\"et3\">20 piezas<\/td>\n<\/tr>\n<tr style=\"height: 17.25pt;\">\n<td class=\"et3\" style=\"height: 17.25pt;\" height=\"23\">Opci\u00f3n personalizada<\/td>\n<td class=\"et3\">Color\/Patr\u00f3n\/Tama\u00f1o\/Logotipo\/Embalaje<\/td>\n<\/tr>\n<\/tbody>\n<\/table>","protected":false},"featured_media":7166,"comment_status":"closed","ping_status":"closed","template":"","meta":{"_acf_changed":false},"product_brand":[],"product_cat":[57],"product_tag":[],"class_list":{"0":"post-7165","1":"product","2":"type-product","3":"status-publish","4":"has-post-thumbnail","6":"product_cat-wholesale-wall-mounted-sinks","8":"first","9":"instock","10":"shipping-taxable","11":"product-type-simple"},"acf":[],"_links":{"self":[{"href":"https:\/\/www.ceramicbasin.com\/es\/wp-json\/wp\/v2\/product\/7165","targetHints":{"allow":["GET"]}}],"collection":[{"href":"https:\/\/www.ceramicbasin.com\/es\/wp-json\/wp\/v2\/product"}],"about":[{"href":"https:\/\/www.ceramicbasin.com\/es\/wp-json\/wp\/v2\/types\/product"}],"replies":[{"embeddable":true,"href":"https:\/\/www.ceramicbasin.com\/es\/wp-json\/wp\/v2\/comments?post=7165"}],"wp:featuredmedia":[{"embeddable":true,"href":"https:\/\/www.ceramicbasin.com\/es\/wp-json\/wp\/v2\/media\/7166"}],"wp:attachment":[{"href":"https:\/\/www.ceramicbasin.com\/es\/wp-json\/wp\/v2\/media?parent=7165"}],"wp:term":[{"taxonomy":"product_brand","embeddable":true,"href":"https:\/\/www.ceramicbasin.com\/es\/wp-json\/wp\/v2\/product_brand?post=7165"},{"taxonomy":"product_cat","embeddable":true,"href":"https:\/\/www.ceramicbasin.com\/es\/wp-json\/wp\/v2\/product_cat?post=7165"},{"taxonomy":"product_tag","embeddable":true,"href":"https:\/\/www.ceramicbasin.com\/es\/wp-json\/wp\/v2\/product_tag?post=7165"}],"curies":[{"name":"wp","href":"https:\/\/api.w.org\/{rel}","templated":true}]}}