{"id":7172,"date":"2025-07-07T08:41:00","date_gmt":"2025-07-07T08:41:00","guid":{"rendered":"https:\/\/www.ceramicbasin.com\/?post_type=product&#038;p=7172"},"modified":"2025-11-03T07:40:10","modified_gmt":"2025-11-03T07:40:10","slug":"small-wall-mounted-basin-wholesale","status":"publish","type":"product","link":"https:\/\/www.ceramicbasin.com\/es\/producto\/small-wall-mounted-basin-wholesale\/","title":{"rendered":"Lavabo Peque\u00f1o de Pared al por Mayor con Toallero de Dise\u00f1o"},"content":{"rendered":"<div class=\"wp-block-columns is-layout-flex wp-container-core-columns-is-layout-9d6595d7 wp-block-columns-is-layout-flex\">\n<div class=\"wp-block-column is-layout-flow wp-block-column-is-layout-flow\">\n<h2 class=\"wp-block-heading\">Premium Peque\u00f1o Lavabo de Pared al por Mayor Caracter\u00edsticas:<\/h2>\n\n\n\n<ul class=\"wp-block-list\">\n<li><strong>Dise\u00f1o especial de toallero:<\/strong>\u00a0Este peque\u00f1o lavabo de pared al por mayor cuenta con un elegante toallero y l\u00edneas suaves, lo que a\u00f1ade un toque suave y moderno al espacio, ahorra otros soportes y permite que el ba\u00f1o se seque m\u00e1s.<\/li>\n\n\n\n<li><strong>Instalaci\u00f3n mural: <\/strong>El modelo de pared ocupa poco espacio y es f\u00e1cil de limpiar. Los lavabos de cer\u00e1mica personalizados son especialmente adecuados para ba\u00f1os peque\u00f1os y modernos, ya que aportan orden y modernidad a toda la estancia.<\/li>\n\n\n\n<li><strong>Tratamiento de esmalte f\u00e1cil de limpiar:<\/strong> El exterior de este peque\u00f1o lavabo de pared al por mayor emplea un tratamiento especial de esmalte f\u00e1cil de limpiar, liso y suave, al que es dif\u00edcil que se adhieran las manchas, y f\u00e1cil de limpiar.<\/li>\n\n\n\n<li><strong>Compra al por mayor con descuento: <\/strong>Como f\u00e1brica y proveedor profesional de lavabos de cer\u00e1mica al por mayor, ofrecemos muy buenos precios al por mayor, adecuados para grandes proyectos de decoraci\u00f3n como hoteles, apartamentos, oficinas, etc.<\/li>\n<\/ul>\n<\/div>\n\n\n\n<div class=\"wp-block-column is-layout-flow wp-block-column-is-layout-flow\">\n<figure class=\"wp-block-image size-full\"><img fetchpriority=\"high\" decoding=\"async\" width=\"1024\" height=\"1024\" src=\"https:\/\/www.ceramicbasin.com\/wp-content\/uploads\/2025\/07\/White-Ceramic-Rectangular-Hand-Wash-Wall-Mounted-China-Design-Vessel-Bathroom-Hanging-Towel-Basin-5.webp\" alt=\"lavabo de pared peque\u00f1o - lavabo de pared rectangular al por mayor - lavabo personalizado con toalla de ba\u00f1o colgante - 5\" class=\"wp-image-7177\" srcset=\"https:\/\/www.ceramicbasin.com\/wp-content\/uploads\/2025\/07\/White-Ceramic-Rectangular-Hand-Wash-Wall-Mounted-China-Design-Vessel-Bathroom-Hanging-Towel-Basin-5.webp 1024w, https:\/\/www.ceramicbasin.com\/wp-content\/uploads\/2025\/07\/White-Ceramic-Rectangular-Hand-Wash-Wall-Mounted-China-Design-Vessel-Bathroom-Hanging-Towel-Basin-5-300x300.webp 300w, https:\/\/www.ceramicbasin.com\/wp-content\/uploads\/2025\/07\/White-Ceramic-Rectangular-Hand-Wash-Wall-Mounted-China-Design-Vessel-Bathroom-Hanging-Towel-Basin-5-150x150.webp 150w, https:\/\/www.ceramicbasin.com\/wp-content\/uploads\/2025\/07\/White-Ceramic-Rectangular-Hand-Wash-Wall-Mounted-China-Design-Vessel-Bathroom-Hanging-Towel-Basin-5-768x768.webp 768w, https:\/\/www.ceramicbasin.com\/wp-content\/uploads\/2025\/07\/White-Ceramic-Rectangular-Hand-Wash-Wall-Mounted-China-Design-Vessel-Bathroom-Hanging-Towel-Basin-5-12x12.webp 12w, https:\/\/www.ceramicbasin.com\/wp-content\/uploads\/2025\/07\/White-Ceramic-Rectangular-Hand-Wash-Wall-Mounted-China-Design-Vessel-Bathroom-Hanging-Towel-Basin-5-285x285.webp 285w, https:\/\/www.ceramicbasin.com\/wp-content\/uploads\/2025\/07\/White-Ceramic-Rectangular-Hand-Wash-Wall-Mounted-China-Design-Vessel-Bathroom-Hanging-Towel-Basin-5-270x270.webp 270w, https:\/\/www.ceramicbasin.com\/wp-content\/uploads\/2025\/07\/White-Ceramic-Rectangular-Hand-Wash-Wall-Mounted-China-Design-Vessel-Bathroom-Hanging-Towel-Basin-5-540x540.webp 540w, https:\/\/www.ceramicbasin.com\/wp-content\/uploads\/2025\/07\/White-Ceramic-Rectangular-Hand-Wash-Wall-Mounted-China-Design-Vessel-Bathroom-Hanging-Towel-Basin-5-660x660.webp 660w\" sizes=\"(max-width: 1024px) 100vw, 1024px\" \/><\/figure>\n<\/div>\n<\/div>\n\n\n\n<p><\/p>","protected":false},"excerpt":{"rendered":"<p>No dude en comprar al por mayor nuestros lavabos colgantes peque\u00f1os. Los lavabos de cer\u00e1mica colgantes de pared al por mayor tienen una forma limpia y rectangular y vienen con un colgador de toallas incorporado. Este lavabo de cer\u00e1mica personalizado es adecuado para habitaciones peque\u00f1as. Se aceptan pedidos al por mayor y personalizados.<\/p>\n<table style=\"border-collapse: collapse; width: 358.52pt;\" border=\"0\" width=\"478\" cellspacing=\"0\" cellpadding=\"0\">\n<tbody>\n<tr style=\"height: 17.25pt;\">\n<td class=\"et3\" style=\"height: 17.25pt; width: 125.00pt;\" width=\"166\" height=\"23\">Fabricante<\/td>\n<td class=\"et3\" style=\"width: 234.15pt;\" width=\"312\">HanYu<\/td>\n<\/tr>\n<tr style=\"height: 17.25pt;\">\n<td class=\"et3\" style=\"height: 17.25pt;\" height=\"23\">N\u00ba de modelo<\/td>\n<td class=\"et4\">HY-8136-S2\/55<\/td>\n<\/tr>\n<tr style=\"height: 17.25pt;\">\n<td class=\"et3\" style=\"height: 17.25pt;\" height=\"23\">Tipo<\/td>\n<td class=\"et5\" style=\"width: 234.15pt;\" width=\"312\">Fregaderos murales<\/td>\n<\/tr>\n<tr style=\"height: 18.00pt;\">\n<td class=\"et3\" style=\"height: 18.00pt;\" height=\"24\">Forma<\/td>\n<td class=\"et3\">Forma rectangular<\/td>\n<\/tr>\n<tr style=\"height: 34.50pt;\">\n<td class=\"et4\" style=\"height: 34.50pt;\" height=\"46\">Color<\/td>\n<td class=\"et5\" style=\"width: 234.15pt;\" width=\"312\">negro\/blanco\/azul\/gris\/rosa\/verde\/marr\u00f3n\/caqui<\/td>\n<\/tr>\n<tr style=\"height: 18.00pt;\">\n<td class=\"et3\" style=\"height: 18.00pt;\" height=\"24\">Dimensi\u00f3n<\/td>\n<td class=\"et5\" style=\"width: 234.15pt;\" width=\"312\">60.5*36*23.3<\/td>\n<\/tr>\n<tr style=\"height: 17.25pt;\">\n<td class=\"et3\" style=\"height: 17.25pt;\" height=\"23\">N.W \/SET<\/td>\n<td class=\"et3\">16KGS\/PCS<\/td>\n<\/tr>\n<tr style=\"height: 17.25pt;\">\n<td class=\"et3\" style=\"height: 17.25pt;\" height=\"23\">MOQ<\/td>\n<td class=\"et3\">20 piezas<\/td>\n<\/tr>\n<tr style=\"height: 17.25pt;\">\n<td class=\"et3\" style=\"height: 17.25pt;\" height=\"23\">Opci\u00f3n personalizada<\/td>\n<td class=\"et3\">Color\/Patr\u00f3n\/Tama\u00f1o\/Logotipo\/Embalaje<\/td>\n<\/tr>\n<\/tbody>\n<\/table>","protected":false},"featured_media":7176,"comment_status":"closed","ping_status":"closed","template":"","meta":{"_acf_changed":false},"product_brand":[],"product_cat":[57],"product_tag":[],"class_list":{"0":"post-7172","1":"product","2":"type-product","3":"status-publish","4":"has-post-thumbnail","6":"product_cat-wholesale-wall-mounted-sinks","8":"first","9":"instock","10":"shipping-taxable","11":"product-type-simple"},"acf":[],"_links":{"self":[{"href":"https:\/\/www.ceramicbasin.com\/es\/wp-json\/wp\/v2\/product\/7172","targetHints":{"allow":["GET"]}}],"collection":[{"href":"https:\/\/www.ceramicbasin.com\/es\/wp-json\/wp\/v2\/product"}],"about":[{"href":"https:\/\/www.ceramicbasin.com\/es\/wp-json\/wp\/v2\/types\/product"}],"replies":[{"embeddable":true,"href":"https:\/\/www.ceramicbasin.com\/es\/wp-json\/wp\/v2\/comments?post=7172"}],"wp:featuredmedia":[{"embeddable":true,"href":"https:\/\/www.ceramicbasin.com\/es\/wp-json\/wp\/v2\/media\/7176"}],"wp:attachment":[{"href":"https:\/\/www.ceramicbasin.com\/es\/wp-json\/wp\/v2\/media?parent=7172"}],"wp:term":[{"taxonomy":"product_brand","embeddable":true,"href":"https:\/\/www.ceramicbasin.com\/es\/wp-json\/wp\/v2\/product_brand?post=7172"},{"taxonomy":"product_cat","embeddable":true,"href":"https:\/\/www.ceramicbasin.com\/es\/wp-json\/wp\/v2\/product_cat?post=7172"},{"taxonomy":"product_tag","embeddable":true,"href":"https:\/\/www.ceramicbasin.com\/es\/wp-json\/wp\/v2\/product_tag?post=7172"}],"curies":[{"name":"wp","href":"https:\/\/api.w.org\/{rel}","templated":true}]}}