{"id":7187,"date":"2025-07-11T08:58:34","date_gmt":"2025-07-11T08:58:34","guid":{"rendered":"https:\/\/www.ceramicbasin.com\/?post_type=product&#038;p=7187"},"modified":"2025-11-03T07:36:00","modified_gmt":"2025-11-03T07:36:00","slug":"wholesale-round-sink-bowl-bathroom","status":"publish","type":"product","link":"https:\/\/www.ceramicbasin.com\/es\/producto\/wholesale-round-sink-bowl-bathroom\/","title":{"rendered":"Lavabo redondo al por mayor de la f\u00e1brica Lavabos del tocador del cuarto de ba\u00f1o"},"content":{"rendered":"<div class=\"wp-block-columns is-layout-flex wp-container-core-columns-is-layout-9d6595d7 wp-block-columns-is-layout-flex\">\n<div class=\"wp-block-column is-layout-flow wp-block-column-is-layout-flow\">\n<h2 class=\"wp-block-heading\">Premium al por mayor Ronda Lavabo Taz\u00f3n de ba\u00f1o Caracter\u00edsticas:<\/h2>\n\n\n\n<ul class=\"wp-block-list\">\n<li><strong>Bordes redondeados: <\/strong>Nuestros fregaderos a medida para encimeras presentan bordes redondeados que no s\u00f3lo son impresionantes, sino tambi\u00e9n seguros, ya que evitan golpes y magulladuras y destilan atenci\u00f3n al detalle.<\/li>\n\n\n\n<li><strong>Dise\u00f1o \u00fanico:<\/strong> El lavabo redondo al por mayor cuenta con un dise\u00f1o art\u00edstico sin poros que es distintivo. Este lavabo cuenta con un aspecto contempor\u00e1neo, elegante que complementa varios estilos de ba\u00f1o con facilidad.<\/li>\n\n\n\n<li><strong>Materiales de alta calidad:<\/strong> El lavabo redondo al por mayor est\u00e1 fabricado con materiales cer\u00e1micos de alta calidad. Este lavabo es durable y de larga duraci\u00f3n, con una superficie lisa que es f\u00e1cil de limpiar y mantener.<\/li>\n\n\n\n<li><strong>Variedad de aplicaciones:<\/strong> Los fregaderos de cer\u00e1mica al por mayor pueden utilizarse en diversos lugares, como viviendas, hoteles y oficinas, contribuyendo a la belleza y calidad del lugar.<\/li>\n<\/ul>\n<\/div>\n\n\n\n<div class=\"wp-block-column is-layout-flow wp-block-column-is-layout-flow\">\n<figure class=\"wp-block-image size-full\"><img fetchpriority=\"high\" decoding=\"async\" width=\"623\" height=\"819\" src=\"https:\/\/www.ceramicbasin.com\/wp-content\/uploads\/2025\/07\/Wholesale-round-sink-5.webp\" alt=\"mayorista-fregadero-redondo-sin-agujero-fregadero-art-5\" class=\"wp-image-7188\" srcset=\"https:\/\/www.ceramicbasin.com\/wp-content\/uploads\/2025\/07\/Wholesale-round-sink-5.webp 623w, https:\/\/www.ceramicbasin.com\/wp-content\/uploads\/2025\/07\/Wholesale-round-sink-5-228x300.webp 228w, https:\/\/www.ceramicbasin.com\/wp-content\/uploads\/2025\/07\/Wholesale-round-sink-5-9x12.webp 9w, https:\/\/www.ceramicbasin.com\/wp-content\/uploads\/2025\/07\/Wholesale-round-sink-5-285x375.webp 285w, https:\/\/www.ceramicbasin.com\/wp-content\/uploads\/2025\/07\/Wholesale-round-sink-5-502x660.webp 502w, https:\/\/www.ceramicbasin.com\/wp-content\/uploads\/2025\/07\/Wholesale-round-sink-5-114x150.webp 114w\" sizes=\"(max-width: 623px) 100vw, 623px\" \/><\/figure>\n<\/div>\n<\/div>\n\n\n\n<p><\/p>","protected":false},"excerpt":{"rendered":"<p>Bienvenido a comprar al por mayor nuestro lavabo redondo para ba\u00f1o. Nuestro lavabo redondo de cer\u00e1mica sin poros, especialmente dise\u00f1ado, combina un moderno dise\u00f1o art\u00edstico y funcionalidad, creando un ambiente de ba\u00f1o moderno y a la moda. Hecho de material cer\u00e1mico de alta calidad, es durable y tambi\u00e9n f\u00e1cil de limpiar, adecuado para uso comercial y dom\u00e9stico.<\/p>\n<table style=\"border-collapse: collapse; width: 358.52pt;\" border=\"0\" width=\"478\" cellspacing=\"0\" cellpadding=\"0\">\n<tbody>\n<tr style=\"height: 17.25pt;\">\n<td class=\"et3\" style=\"height: 17.25pt; width: 125.00pt;\" width=\"166\" height=\"23\">Fabricante<\/td>\n<td class=\"et3\" style=\"width: 234.15pt;\" width=\"312\">HanYu<\/td>\n<\/tr>\n<tr style=\"height: 17.25pt;\">\n<td class=\"et3\" style=\"height: 17.25pt;\" height=\"23\">N\u00ba de modelo<\/td>\n<td class=\"et4\">HY-417<\/td>\n<\/tr>\n<tr style=\"height: 17.25pt;\">\n<td class=\"et3\" style=\"height: 17.25pt;\" height=\"23\">Tipo<\/td>\n<td class=\"et5\" style=\"width: 234.15pt;\" width=\"312\">Fregaderos de encimera<\/td>\n<\/tr>\n<tr style=\"height: 18.00pt;\">\n<td class=\"et3\" style=\"height: 18.00pt;\" height=\"24\">Forma<\/td>\n<td class=\"et3\">Forma redonda<\/td>\n<\/tr>\n<tr style=\"height: 34.50pt;\">\n<td class=\"et4\" style=\"height: 34.50pt;\" height=\"46\">Color<\/td>\n<td class=\"et5\" style=\"width: 234.15pt;\" width=\"312\">negro\/blanco\/azul\/gris\/rosa\/verde\/marr\u00f3n\/caqui<\/td>\n<\/tr>\n<tr style=\"height: 18.00pt;\">\n<td class=\"et3\" style=\"height: 18.00pt;\" height=\"24\">Dimensi\u00f3n<\/td>\n<td class=\"et5\" style=\"width: 234.15pt;\" width=\"312\">39*39*16.5<\/td>\n<\/tr>\n<tr style=\"height: 17.25pt;\">\n<td class=\"et3\" style=\"height: 17.25pt;\" height=\"23\">N.W \/SET<\/td>\n<td class=\"et3\">10KGS\/PCS<\/td>\n<\/tr>\n<tr style=\"height: 17.25pt;\">\n<td class=\"et3\" style=\"height: 17.25pt;\" height=\"23\">MOQ<\/td>\n<td class=\"et3\">20 piezas<\/td>\n<\/tr>\n<tr style=\"height: 17.25pt;\">\n<td class=\"et3\" style=\"height: 17.25pt;\" height=\"23\">Opci\u00f3n personalizada<\/td>\n<td class=\"et3\">Color\/Patr\u00f3n\/Tama\u00f1o\/Logotipo\/Embalaje<\/td>\n<\/tr>\n<\/tbody>\n<\/table>","protected":false},"featured_media":7189,"comment_status":"closed","ping_status":"closed","template":"","meta":{"_acf_changed":false},"product_brand":[],"product_cat":[50],"product_tag":[],"class_list":{"0":"post-7187","1":"product","2":"type-product","3":"status-publish","4":"has-post-thumbnail","6":"product_cat-wholesale-countertop-sinks","8":"first","9":"instock","10":"shipping-taxable","11":"product-type-simple"},"acf":[],"_links":{"self":[{"href":"https:\/\/www.ceramicbasin.com\/es\/wp-json\/wp\/v2\/product\/7187","targetHints":{"allow":["GET"]}}],"collection":[{"href":"https:\/\/www.ceramicbasin.com\/es\/wp-json\/wp\/v2\/product"}],"about":[{"href":"https:\/\/www.ceramicbasin.com\/es\/wp-json\/wp\/v2\/types\/product"}],"replies":[{"embeddable":true,"href":"https:\/\/www.ceramicbasin.com\/es\/wp-json\/wp\/v2\/comments?post=7187"}],"wp:featuredmedia":[{"embeddable":true,"href":"https:\/\/www.ceramicbasin.com\/es\/wp-json\/wp\/v2\/media\/7189"}],"wp:attachment":[{"href":"https:\/\/www.ceramicbasin.com\/es\/wp-json\/wp\/v2\/media?parent=7187"}],"wp:term":[{"taxonomy":"product_brand","embeddable":true,"href":"https:\/\/www.ceramicbasin.com\/es\/wp-json\/wp\/v2\/product_brand?post=7187"},{"taxonomy":"product_cat","embeddable":true,"href":"https:\/\/www.ceramicbasin.com\/es\/wp-json\/wp\/v2\/product_cat?post=7187"},{"taxonomy":"product_tag","embeddable":true,"href":"https:\/\/www.ceramicbasin.com\/es\/wp-json\/wp\/v2\/product_tag?post=7187"}],"curies":[{"name":"wp","href":"https:\/\/api.w.org\/{rel}","templated":true}]}}