{"id":7201,"date":"2025-07-11T09:41:37","date_gmt":"2025-07-11T09:41:37","guid":{"rendered":"https:\/\/www.ceramicbasin.com\/?post_type=product&#038;p=7201"},"modified":"2025-11-05T03:17:34","modified_gmt":"2025-11-05T03:17:34","slug":"customized-oval-countertop-sink","status":"publish","type":"product","link":"https:\/\/www.ceramicbasin.com\/es\/producto\/customized-oval-countertop-sink\/","title":{"rendered":"Fregadero de Encimera Ovalado Personalizado, Fregadero de Cer\u00e1mica al por Mayor"},"content":{"rendered":"<div class=\"wp-block-columns is-layout-flex wp-container-core-columns-is-layout-9d6595d7 wp-block-columns-is-layout-flex\">\n<div class=\"wp-block-column is-layout-flow wp-block-column-is-layout-flow\">\n<h2 class=\"wp-block-heading\">Fregadero de Encimera Ovalado Personalizado Premium Caracter\u00edsticas:<\/h2>\n\n\n\n<ul class=\"wp-block-list\">\n<li><strong>Material cer\u00e1mico de calidad: <\/strong>El fregadero de encimera ovalado personalizado utiliza tecnolog\u00eda cer\u00e1mica avanzada, tiene una superficie lisa, duradera y limpia, lo que garantiza una vida \u00fatil prolongada sin sufrir desgaste.<\/li>\n\n\n\n<li><strong>Original dise\u00f1o ovalado:<\/strong> El lavabo de cer\u00e1mica al por mayor presenta un sofisticado y moderno dise\u00f1o ovalado, que encaja perfectamente en varias decoraciones de ba\u00f1o, proporcionando una belleza general.<\/li>\n\n\n\n<li><strong>Dise\u00f1o de un solo orificio: <\/strong>El lavabo de encimera ovalado personalizado cuenta con un orificio para grifo, compatible con la mayor\u00eda de grifos de ba\u00f1o, con un aspecto funcional moderno y una instalaci\u00f3n sencilla.<\/li>\n\n\n\n<li><strong>Excelente resistencia a las manchas:<\/strong> La tecnolog\u00eda de tratamiento de la superficie del fregadero de cer\u00e1mica al por mayor cuenta con una resistencia superior a las manchas y propiedades antibacterianas, lo que garantiza la salubridad y reduce los tiempos de limpieza.<\/li>\n<\/ul>\n<\/div>\n\n\n\n<div class=\"wp-block-column is-layout-flow wp-block-column-is-layout-flow\">\n<figure class=\"wp-block-image size-full\"><img fetchpriority=\"high\" decoding=\"async\" width=\"731\" height=\"927\" src=\"https:\/\/www.ceramicbasin.com\/wp-content\/uploads\/2025\/07\/Single-hole-wholesales-sink-5.webp\" alt=\"fregadero-ovalado-sobre-encimera-fregadero-ceramico-de-un-agujero-mayorista-5\" class=\"wp-image-7202\" srcset=\"https:\/\/www.ceramicbasin.com\/wp-content\/uploads\/2025\/07\/Single-hole-wholesales-sink-5.webp 731w, https:\/\/www.ceramicbasin.com\/wp-content\/uploads\/2025\/07\/Single-hole-wholesales-sink-5-237x300.webp 237w, https:\/\/www.ceramicbasin.com\/wp-content\/uploads\/2025\/07\/Single-hole-wholesales-sink-5-9x12.webp 9w, https:\/\/www.ceramicbasin.com\/wp-content\/uploads\/2025\/07\/Single-hole-wholesales-sink-5-285x361.webp 285w, https:\/\/www.ceramicbasin.com\/wp-content\/uploads\/2025\/07\/Single-hole-wholesales-sink-5-520x660.webp 520w, https:\/\/www.ceramicbasin.com\/wp-content\/uploads\/2025\/07\/Single-hole-wholesales-sink-5-118x150.webp 118w\" sizes=\"(max-width: 731px) 100vw, 731px\" \/><\/figure>\n<\/div>\n<\/div>","protected":false},"excerpt":{"rendered":"<p>Bienvenido a comprar este fregadero de encimera ovalado personalizado de alta calidad es una combinaci\u00f3n perfecta de rendimiento excepcional y belleza impresionante. Fabricado en material cer\u00e1mico duradero, es resistente a las manchas y f\u00e1cil de limpiar. El dise\u00f1o de un solo orificio es f\u00e1cil de instalar y se integra bien con estilos variados. Ideal para hoteles de lujo, casas particulares, etc., se puede personalizar al por mayor.<\/p>\n<table style=\"border-collapse: collapse; width: 358.52pt;\" border=\"0\" width=\"478\" cellspacing=\"0\" cellpadding=\"0\">\n<tbody>\n<tr style=\"height: 17.25pt;\">\n<td class=\"et3\" style=\"height: 17.25pt; width: 125.00pt;\" width=\"166\" height=\"23\">Fabricante<\/td>\n<td class=\"et3\" style=\"width: 234.15pt;\" width=\"312\">HanYu<\/td>\n<\/tr>\n<tr style=\"height: 17.25pt;\">\n<td class=\"et3\" style=\"height: 17.25pt;\" height=\"23\">N\u00ba de modelo<\/td>\n<td class=\"et4\">HY-8058<\/td>\n<\/tr>\n<tr style=\"height: 17.25pt;\">\n<td class=\"et3\" style=\"height: 17.25pt;\" height=\"23\">Tipo<\/td>\n<td class=\"et5\" style=\"width: 234.15pt;\" width=\"312\">fregaderos blancos<\/td>\n<\/tr>\n<tr style=\"height: 18.00pt;\">\n<td class=\"et3\" style=\"height: 18.00pt;\" height=\"24\">Forma\u00a0\u00a0<\/td>\n<td class=\"et3\">\u00a0Forma ovalada<\/td>\n<\/tr>\n<tr style=\"height: 34.50pt;\">\n<td class=\"et4\" style=\"height: 34.50pt;\" height=\"46\">Color<\/td>\n<td class=\"et5\" style=\"width: 234.15pt;\" width=\"312\">negro\/blanco\/azul\/gris\/rosa\/verde\/marr\u00f3n\/caqui<\/td>\n<\/tr>\n<tr style=\"height: 18.00pt;\">\n<td class=\"et3\" style=\"height: 18.00pt;\" height=\"24\">Dimensi\u00f3n<\/td>\n<td class=\"et5\" style=\"width: 234.15pt;\" width=\"312\">80.5*40.5*13.5<\/td>\n<\/tr>\n<tr style=\"height: 17.25pt;\">\n<td class=\"et3\" style=\"height: 17.25pt;\" height=\"23\">N.W \/SET<\/td>\n<td class=\"et3\">18KGS\/PCS<\/td>\n<\/tr>\n<tr style=\"height: 17.25pt;\">\n<td class=\"et3\" style=\"height: 17.25pt;\" height=\"23\">MOQ<\/td>\n<td class=\"et3\">20 piezas<\/td>\n<\/tr>\n<tr style=\"height: 17.25pt;\">\n<td class=\"et3\" style=\"height: 17.25pt;\" height=\"23\">Opci\u00f3n personalizada<\/td>\n<td class=\"et3\">Color\/Patr\u00f3n\/Tama\u00f1o\/Logotipo\/Embalaje<\/td>\n<\/tr>\n<\/tbody>\n<\/table>","protected":false},"featured_media":7203,"comment_status":"closed","ping_status":"closed","template":"","meta":{"_acf_changed":false},"product_brand":[],"product_cat":[50],"product_tag":[],"class_list":{"0":"post-7201","1":"product","2":"type-product","3":"status-publish","4":"has-post-thumbnail","6":"product_cat-wholesale-countertop-sinks","8":"first","9":"instock","10":"shipping-taxable","11":"product-type-simple"},"acf":[],"_links":{"self":[{"href":"https:\/\/www.ceramicbasin.com\/es\/wp-json\/wp\/v2\/product\/7201","targetHints":{"allow":["GET"]}}],"collection":[{"href":"https:\/\/www.ceramicbasin.com\/es\/wp-json\/wp\/v2\/product"}],"about":[{"href":"https:\/\/www.ceramicbasin.com\/es\/wp-json\/wp\/v2\/types\/product"}],"replies":[{"embeddable":true,"href":"https:\/\/www.ceramicbasin.com\/es\/wp-json\/wp\/v2\/comments?post=7201"}],"wp:featuredmedia":[{"embeddable":true,"href":"https:\/\/www.ceramicbasin.com\/es\/wp-json\/wp\/v2\/media\/7203"}],"wp:attachment":[{"href":"https:\/\/www.ceramicbasin.com\/es\/wp-json\/wp\/v2\/media?parent=7201"}],"wp:term":[{"taxonomy":"product_brand","embeddable":true,"href":"https:\/\/www.ceramicbasin.com\/es\/wp-json\/wp\/v2\/product_brand?post=7201"},{"taxonomy":"product_cat","embeddable":true,"href":"https:\/\/www.ceramicbasin.com\/es\/wp-json\/wp\/v2\/product_cat?post=7201"},{"taxonomy":"product_tag","embeddable":true,"href":"https:\/\/www.ceramicbasin.com\/es\/wp-json\/wp\/v2\/product_tag?post=7201"}],"curies":[{"name":"wp","href":"https:\/\/api.w.org\/{rel}","templated":true}]}}