{"id":7208,"date":"2025-07-11T09:47:39","date_gmt":"2025-07-11T09:47:39","guid":{"rendered":"https:\/\/www.ceramicbasin.com\/?post_type=product&#038;p=7208"},"modified":"2025-07-19T01:57:54","modified_gmt":"2025-07-19T01:57:54","slug":"basin-custom","status":"publish","type":"product","link":"https:\/\/www.ceramicbasin.com\/es\/producto\/basin-custom\/","title":{"rendered":"Nuevo dise\u00f1o brillante lavabo personalizado, lavabo de cer\u00e1mica blanca al por mayor"},"content":{"rendered":"<div class=\"wp-block-columns is-layout-flex wp-container-core-columns-is-layout-9d6595d7 wp-block-columns-is-layout-flex\">\n<div class=\"wp-block-column is-layout-flow wp-block-column-is-layout-flow\">\n<h2 class=\"wp-block-heading\">Premium Glossy Basin Caracter\u00edsticas personalizadas:<\/h2>\n\n\n\n<ul class=\"wp-block-list\">\n<li><strong>Dise\u00f1o moderno y a la moda:<\/strong> Su dise\u00f1o moderno, sencillo y elegante, en blanco brillante, se adapta a varios estilos de cuarto de ba\u00f1o.<\/li>\n\n\n\n<li><strong>Resistente a la presi\u00f3n y duradero: <\/strong>La fabricaci\u00f3n de alta calidad permite que cada fregadero de cer\u00e1mica al por mayor tenga una resistencia a la presi\u00f3n y una durabilidad extremadamente altas, y mantendr\u00e1 la estabilidad incluso con un uso frecuente.<\/li>\n\n\n\n<li><strong>M\u00faltiples opciones de tama\u00f1o: <\/strong>El lavabo brillante personalizado ofrece opciones de tama\u00f1o personalizables para adaptarse a diferentes requisitos de espacio, satisfaciendo las necesidades de las compras al por mayor.<\/li>\n\n\n\n<li><strong>Precio ventajoso: <\/strong>Ofrecemos servicios de pedidos al por mayor de fregaderos de cer\u00e1mica, que no s\u00f3lo son asequibles, sino que tambi\u00e9n se entregan r\u00e1pidamente, adecuados para proyectos comerciales y decoraci\u00f3n residencial a gran escala, satisfaciendo las necesidades de alta eficiencia y bajo coste.<\/li>\n<\/ul>\n<\/div>\n\n\n\n<div class=\"wp-block-column is-layout-flow wp-block-column-is-layout-flow\">\n<figure class=\"wp-block-image size-full\"><img fetchpriority=\"high\" decoding=\"async\" width=\"980\" height=\"1352\" src=\"https:\/\/www.ceramicbasin.com\/wp-content\/uploads\/2025\/07\/wholesales-basin-factory-5.webp\" alt=\"nuevo-dise\u00f1o-glossy-basin-custom-white-ceramic-basin-mayorista-5\" class=\"wp-image-7209\" srcset=\"https:\/\/www.ceramicbasin.com\/wp-content\/uploads\/2025\/07\/wholesales-basin-factory-5.webp 980w, https:\/\/www.ceramicbasin.com\/wp-content\/uploads\/2025\/07\/wholesales-basin-factory-5-217x300.webp 217w, https:\/\/www.ceramicbasin.com\/wp-content\/uploads\/2025\/07\/wholesales-basin-factory-5-768x1060.webp 768w, https:\/\/www.ceramicbasin.com\/wp-content\/uploads\/2025\/07\/wholesales-basin-factory-5-9x12.webp 9w, https:\/\/www.ceramicbasin.com\/wp-content\/uploads\/2025\/07\/wholesales-basin-factory-5-285x393.webp 285w, https:\/\/www.ceramicbasin.com\/wp-content\/uploads\/2025\/07\/wholesales-basin-factory-5-478x660.webp 478w, https:\/\/www.ceramicbasin.com\/wp-content\/uploads\/2025\/07\/wholesales-basin-factory-5-109x150.webp 109w\" sizes=\"(max-width: 980px) 100vw, 980px\" \/><\/figure>\n<\/div>\n<\/div>","protected":false},"excerpt":{"rendered":"<p>Bienvenido a comprar el lavabo brillante personalizado. Este atractivo lavabo de cer\u00e1mica blanca combina un dise\u00f1o avanzado y una funcionalidad de primera clase, fabricado en material cer\u00e1mico duradero de alta calidad con un acabado pulido y brillante f\u00e1cil de limpiar. Es ideal para cuartos de ba\u00f1o de hogares y hoteles, adecuado para compras al por mayor.<\/p>\n<table style=\"border-collapse: collapse; width: 311.02pt;\" border=\"0\" width=\"311\" cellspacing=\"0\" cellpadding=\"0\">\n<tbody>\n<tr style=\"height: 17.60pt;\">\n<td class=\"et3\" style=\"height: 17.60pt; width: 108.35pt;\" width=\"108\" height=\"17\">Fabricante<\/td>\n<td class=\"et3\" style=\"width: 202.95pt;\" width=\"202\">HanYu<\/td>\n<\/tr>\n<tr style=\"height: 17.60pt;\">\n<td class=\"et3\" style=\"height: 17.60pt;\" height=\"17\">N\u00ba de modelo<\/td>\n<td class=\"et4\">HY-8025H<\/td>\n<\/tr>\n<tr style=\"height: 17.60pt;\">\n<td class=\"et3\" style=\"height: 17.60pt;\" height=\"17\">Tipo<\/td>\n<td class=\"et3\">Lavabo de Encimera<\/td>\n<\/tr>\n<tr style=\"height: 17.60pt;\">\n<td class=\"et3\" style=\"height: 17.60pt;\" height=\"17\">Forma<\/td>\n<td class=\"et3\">Forma rectangular<\/td>\n<\/tr>\n<tr style=\"height: 17.60pt;\">\n<td class=\"et4\" style=\"height: 17.60pt;\" height=\"17\">Color<\/td>\n<td class=\"et3\">Blanco<\/td>\n<\/tr>\n<tr style=\"height: 18.00pt;\">\n<td class=\"et3\" style=\"height: 18.00pt;\" height=\"18\">Dimensi\u00f3n<\/td>\n<td class=\"et5\" style=\"width: 202.95pt;\" width=\"202\">38.5*38.5*13<\/td>\n<\/tr>\n<tr style=\"height: 17.60pt;\">\n<td class=\"et3\" style=\"height: 17.60pt;\" height=\"17\">N.W \/SET<\/td>\n<td class=\"et3\">11KGS\/PCS<\/td>\n<\/tr>\n<tr style=\"height: 17.60pt;\">\n<td class=\"et3\" style=\"height: 17.60pt;\" height=\"17\">MOQ<\/td>\n<td class=\"et3\">20 piezas<\/td>\n<\/tr>\n<tr style=\"height: 17.60pt;\">\n<td class=\"et3\" style=\"height: 17.60pt;\" height=\"17\">Opci\u00f3n personalizada<\/td>\n<td class=\"et3\">Color\/Patr\u00f3n\/Tama\u00f1o\/Logotipo\/Embalaje<\/td>\n<\/tr>\n<\/tbody>\n<\/table>","protected":false},"featured_media":7210,"comment_status":"closed","ping_status":"closed","template":"","meta":{"_acf_changed":false},"product_brand":[],"product_cat":[50],"product_tag":[],"class_list":{"0":"post-7208","1":"product","2":"type-product","3":"status-publish","4":"has-post-thumbnail","6":"product_cat-wholesale-countertop-sinks","8":"first","9":"instock","10":"shipping-taxable","11":"product-type-simple"},"acf":[],"_links":{"self":[{"href":"https:\/\/www.ceramicbasin.com\/es\/wp-json\/wp\/v2\/product\/7208","targetHints":{"allow":["GET"]}}],"collection":[{"href":"https:\/\/www.ceramicbasin.com\/es\/wp-json\/wp\/v2\/product"}],"about":[{"href":"https:\/\/www.ceramicbasin.com\/es\/wp-json\/wp\/v2\/types\/product"}],"replies":[{"embeddable":true,"href":"https:\/\/www.ceramicbasin.com\/es\/wp-json\/wp\/v2\/comments?post=7208"}],"wp:featuredmedia":[{"embeddable":true,"href":"https:\/\/www.ceramicbasin.com\/es\/wp-json\/wp\/v2\/media\/7210"}],"wp:attachment":[{"href":"https:\/\/www.ceramicbasin.com\/es\/wp-json\/wp\/v2\/media?parent=7208"}],"wp:term":[{"taxonomy":"product_brand","embeddable":true,"href":"https:\/\/www.ceramicbasin.com\/es\/wp-json\/wp\/v2\/product_brand?post=7208"},{"taxonomy":"product_cat","embeddable":true,"href":"https:\/\/www.ceramicbasin.com\/es\/wp-json\/wp\/v2\/product_cat?post=7208"},{"taxonomy":"product_tag","embeddable":true,"href":"https:\/\/www.ceramicbasin.com\/es\/wp-json\/wp\/v2\/product_tag?post=7208"}],"curies":[{"name":"wp","href":"https:\/\/api.w.org\/{rel}","templated":true}]}}