{"id":7258,"date":"2025-07-25T01:20:56","date_gmt":"2025-07-25T01:20:56","guid":{"rendered":"https:\/\/www.ceramicbasin.com\/?post_type=product&#038;p=7258"},"modified":"2025-11-03T07:28:40","modified_gmt":"2025-11-03T07:28:40","slug":"porcelain-bathroom-basins-wholesale","status":"publish","type":"product","link":"https:\/\/www.ceramicbasin.com\/es\/producto\/porcelain-bathroom-basins-wholesale\/","title":{"rendered":"Lavabos de Porcelana al por mayor con Impresion de Marmol"},"content":{"rendered":"<div class=\"wp-block-columns is-layout-flex wp-container-core-columns-is-layout-9d6595d7 wp-block-columns-is-layout-flex\">\n<div class=\"wp-block-column is-layout-flow wp-block-column-is-layout-flow\">\n<h2 class=\"wp-block-heading\">Premium Porcelana Lavabos de Ba\u00f1o al por mayor Caracter\u00edsticas:<\/h2>\n\n\n\n<ul class=\"wp-block-list\">\n<li><strong>Aspecto elegante: <\/strong>Estos lavabos de ba\u00f1o de porcelana al por mayor de dise\u00f1o ovalado moderno y simple, adecuado para varios estilos de ba\u00f1o, especialmente emparejado con tonos cl\u00e1sicos de textura de m\u00e1rmol, a\u00f1adiendo elegancia.<\/li>\n\n\n\n<li><strong>Dibujo de m\u00e1rmol realista:<\/strong>&nbsp;Estos lavabos de m\u00e1rmol al por mayor utilizan una avanzada tecnolog\u00eda de transferencia de agua para reproducir con precisi\u00f3n la textura natural y el color del m\u00e1rmol, aportando un encanto visual \u00fanico al lavabo.<\/li>\n\n\n\n<li><strong>Antiincrustante y f\u00e1cil de limpiar:\u00a0<\/strong>Estos lavabos de ba\u00f1o de porcelana al por mayor son lisos y densos en la superficie. Por lo tanto, no es f\u00e1cil de absorber mucha agua o suciedad, que es tambi\u00e9n la raz\u00f3n por la que el fregadero de cer\u00e1mica es f\u00e1cil de limpiar en el uso diario. Normalmente, s\u00f3lo tiene que limpiar suavemente con detergente ordinario para mantener el fregadero limpio y brillante para facilitar su comodidad de uso.<\/li>\n\n\n\n<li><strong>Colorido:&nbsp;<\/strong>El color de m\u00e1rmol de este lavabo de ba\u00f1o al por mayor se realiza mediante impresi\u00f3n por transferencia de agua basada en un lavabo blanco brillante ordinario, que es hermoso y duradero. Ofrecemos m\u00e1s de 100 colores y patrones para elegir, y todos los modelos de lavabo al por mayor se pueden personalizar en color y textura.<\/li>\n<\/ul>\n<\/div>\n\n\n\n<div class=\"wp-block-column is-layout-flow wp-block-column-is-layout-flow\">\n<figure class=\"wp-block-image size-full\"><img fetchpriority=\"high\" decoding=\"async\" width=\"592\" height=\"798\" src=\"https:\/\/www.ceramicbasin.com\/wp-content\/uploads\/2025\/07\/Oval-shape-porcelain-sink-factorymarble-color-hand-washing-basin-5.webp\" alt=\"lavabo de porcelana de forma ovalada al por mayor - fregaderos de cer\u00e1mica de color m\u00e1rmol al por mayor-5\" class=\"wp-image-7250\" srcset=\"https:\/\/www.ceramicbasin.com\/wp-content\/uploads\/2025\/07\/Oval-shape-porcelain-sink-factorymarble-color-hand-washing-basin-5.webp 592w, https:\/\/www.ceramicbasin.com\/wp-content\/uploads\/2025\/07\/Oval-shape-porcelain-sink-factorymarble-color-hand-washing-basin-5-223x300.webp 223w, https:\/\/www.ceramicbasin.com\/wp-content\/uploads\/2025\/07\/Oval-shape-porcelain-sink-factorymarble-color-hand-washing-basin-5-9x12.webp 9w, https:\/\/www.ceramicbasin.com\/wp-content\/uploads\/2025\/07\/Oval-shape-porcelain-sink-factorymarble-color-hand-washing-basin-5-285x384.webp 285w, https:\/\/www.ceramicbasin.com\/wp-content\/uploads\/2025\/07\/Oval-shape-porcelain-sink-factorymarble-color-hand-washing-basin-5-490x660.webp 490w, https:\/\/www.ceramicbasin.com\/wp-content\/uploads\/2025\/07\/Oval-shape-porcelain-sink-factorymarble-color-hand-washing-basin-5-111x150.webp 111w\" sizes=\"(max-width: 592px) 100vw, 592px\" \/><\/figure>\n<\/div>\n<\/div>\n\n\n\n<p><\/p>","protected":false},"excerpt":{"rendered":"<p>Bienvenido a comprar lavabos de ba\u00f1o de porcelana al por mayor. El lavabo de color m\u00e1rmol al por mayor se hace por la impresi\u00f3n de transferencia de agua, que combina la textura de m\u00e1rmol con un dise\u00f1o moderno y sencillo, es perfecto para diversos ambientes de ba\u00f1o, proporcionando durabilidad estupenda y sentido de la moda, y es una opci\u00f3n ideal para su hogar y lugares comerciales.<\/p>\n<table style=\"border-collapse: collapse; width: 358.52pt;\" border=\"0\" width=\"478\" cellspacing=\"0\" cellpadding=\"0\">\n<tbody>\n<tr style=\"height: 17.25pt;\">\n<td class=\"et3\" style=\"height: 17.25pt; width: 125.00pt;\" width=\"166\" height=\"23\">Fabricante<\/td>\n<td class=\"et3\" style=\"width: 234.15pt;\" width=\"312\">HanYu<\/td>\n<\/tr>\n<tr style=\"height: 17.25pt;\">\n<td class=\"et3\" style=\"height: 17.25pt;\" height=\"23\">N\u00ba de modelo<\/td>\n<td class=\"et4\">HY-5006D13<\/td>\n<\/tr>\n<tr style=\"height: 17.25pt;\">\n<td class=\"et3\" style=\"height: 17.25pt;\" height=\"23\">Tipo<\/td>\n<td class=\"et5\" style=\"width: 234.15pt;\" width=\"312\">Fregaderos de m\u00e1rmol<\/td>\n<\/tr>\n<tr style=\"height: 18.00pt;\">\n<td class=\"et3\" style=\"height: 18.00pt;\" height=\"24\">Forma<\/td>\n<td class=\"et3\">Forma ovalada<\/td>\n<\/tr>\n<tr style=\"height: 34.50pt;\">\n<td class=\"et4\" style=\"height: 34.50pt;\" height=\"46\">Color<\/td>\n<td class=\"et5\" style=\"width: 234.15pt;\" width=\"312\">negro\/blanco\/azul\/gris\/rosa\/verde\/marr\u00f3n\/caqui<\/td>\n<\/tr>\n<tr style=\"height: 18.00pt;\">\n<td class=\"et3\" style=\"height: 18.00pt;\" height=\"24\">Dimensi\u00f3n<\/td>\n<td class=\"et5\" style=\"width: 234.15pt;\" width=\"312\">59*42*14<\/td>\n<\/tr>\n<tr style=\"height: 17.25pt;\">\n<td class=\"et3\" style=\"height: 17.25pt;\" height=\"23\">N.W \/SET<\/td>\n<td class=\"et3\">9KGS\/PCS<\/td>\n<\/tr>\n<tr style=\"height: 17.25pt;\">\n<td class=\"et3\" style=\"height: 17.25pt;\" height=\"23\">MOQ<\/td>\n<td class=\"et3\">20 piezas<\/td>\n<\/tr>\n<tr style=\"height: 17.25pt;\">\n<td class=\"et3\" style=\"height: 17.25pt;\" height=\"23\">Opci\u00f3n personalizada<\/td>\n<td class=\"et3\">Color\/Patr\u00f3n\/Tama\u00f1o\/Logotipo\/Embalaje<\/td>\n<\/tr>\n<\/tbody>\n<\/table>","protected":false},"featured_media":7249,"comment_status":"closed","ping_status":"closed","template":"","meta":{"_acf_changed":false},"product_brand":[],"product_cat":[54,50],"product_tag":[],"class_list":{"0":"post-7258","1":"product","2":"type-product","3":"status-publish","4":"has-post-thumbnail","6":"product_cat-wholesale-marble-sinks","7":"product_cat-wholesale-countertop-sinks","9":"first","10":"instock","11":"shipping-taxable","12":"product-type-simple"},"acf":[],"_links":{"self":[{"href":"https:\/\/www.ceramicbasin.com\/es\/wp-json\/wp\/v2\/product\/7258","targetHints":{"allow":["GET"]}}],"collection":[{"href":"https:\/\/www.ceramicbasin.com\/es\/wp-json\/wp\/v2\/product"}],"about":[{"href":"https:\/\/www.ceramicbasin.com\/es\/wp-json\/wp\/v2\/types\/product"}],"replies":[{"embeddable":true,"href":"https:\/\/www.ceramicbasin.com\/es\/wp-json\/wp\/v2\/comments?post=7258"}],"wp:featuredmedia":[{"embeddable":true,"href":"https:\/\/www.ceramicbasin.com\/es\/wp-json\/wp\/v2\/media\/7249"}],"wp:attachment":[{"href":"https:\/\/www.ceramicbasin.com\/es\/wp-json\/wp\/v2\/media?parent=7258"}],"wp:term":[{"taxonomy":"product_brand","embeddable":true,"href":"https:\/\/www.ceramicbasin.com\/es\/wp-json\/wp\/v2\/product_brand?post=7258"},{"taxonomy":"product_cat","embeddable":true,"href":"https:\/\/www.ceramicbasin.com\/es\/wp-json\/wp\/v2\/product_cat?post=7258"},{"taxonomy":"product_tag","embeddable":true,"href":"https:\/\/www.ceramicbasin.com\/es\/wp-json\/wp\/v2\/product_tag?post=7258"}],"curies":[{"name":"wp","href":"https:\/\/api.w.org\/{rel}","templated":true}]}}