{"id":7259,"date":"2025-07-25T02:28:00","date_gmt":"2025-07-25T02:28:00","guid":{"rendered":"https:\/\/www.ceramicbasin.com\/?post_type=product&#038;p=7259"},"modified":"2025-07-25T02:28:53","modified_gmt":"2025-07-25T02:28:53","slug":"oval-bathroom-sink-wholesale","status":"publish","type":"product","link":"https:\/\/www.ceramicbasin.com\/es\/producto\/oval-bathroom-sink-wholesale\/","title":{"rendered":"Lavabo de ba\u00f1o ovalado al por mayor, Lavabo a medida al por mayor"},"content":{"rendered":"<div class=\"wp-block-columns is-layout-flex wp-container-core-columns-is-layout-9d6595d7 wp-block-columns-is-layout-flex\">\n<div class=\"wp-block-column is-layout-flow wp-block-column-is-layout-flow\">\n<h2 class=\"wp-block-heading\">Premium Oval Fregadero de Ba\u00f1o al por mayor Caracter\u00edsticas:<\/h2>\n\n\n\n<ul class=\"wp-block-list\">\n<li><strong>Patr\u00f3n de m\u00e1rmol cl\u00e1sico:<\/strong> Este lavabo de ba\u00f1o ovalado al por mayor tiene un dise\u00f1o \u00fanico con motivos de m\u00e1rmol; cada uno de ellos es una obra de arte en s\u00ed mismo, que irradia lujo y elegancia natural.<\/li>\n\n\n\n<li><strong>Moda y comodidad:<\/strong> Este lavabo de ba\u00f1o al por mayor es de estilo ovalado de moda, simple y moderno, puede ser perfectamente emparejado con varios ambientes de ba\u00f1o, a la vez elegante y conveniente.<\/li>\n\n\n\n<li><strong>Antiincrustante y duradero:<\/strong> Este lavabo de ba\u00f1o ovalado al por mayor est\u00e1 hecho de material cer\u00e1mico de alta calidad, superficie lisa, antiincrustante y f\u00e1cil de limpiar, manteni\u00e9ndose como nuevo durante mucho tiempo.<\/li>\n\n\n\n<li><strong>Flujo de agua suave:<\/strong> El dise\u00f1o c\u00f3ncavo del lavabo a medida es exquisito, el desag\u00fce es suave, evita la acumulaci\u00f3n de agua y mejora la comodidad de uso.<\/li>\n<\/ul>\n<\/div>\n\n\n\n<div class=\"wp-block-column is-layout-flow wp-block-column-is-layout-flow\">\n<figure class=\"wp-block-image size-full\"><img fetchpriority=\"high\" decoding=\"async\" width=\"700\" height=\"950\" src=\"https:\/\/www.ceramicbasin.com\/wp-content\/uploads\/2025\/07\/Bathroom-ceramic-basin-suppliercustom-washbasin-wholesale-5_\u526f\u672c.jpg\" alt=\"lavabo oval al por mayor - lavabo a medida al por mayor-5\" class=\"wp-image-7260\" srcset=\"https:\/\/www.ceramicbasin.com\/wp-content\/uploads\/2025\/07\/Bathroom-ceramic-basin-suppliercustom-washbasin-wholesale-5_\u526f\u672c.jpg 700w, https:\/\/www.ceramicbasin.com\/wp-content\/uploads\/2025\/07\/Bathroom-ceramic-basin-suppliercustom-washbasin-wholesale-5_\u526f\u672c-221x300.jpg 221w, https:\/\/www.ceramicbasin.com\/wp-content\/uploads\/2025\/07\/Bathroom-ceramic-basin-suppliercustom-washbasin-wholesale-5_\u526f\u672c-9x12.jpg 9w, https:\/\/www.ceramicbasin.com\/wp-content\/uploads\/2025\/07\/Bathroom-ceramic-basin-suppliercustom-washbasin-wholesale-5_\u526f\u672c-285x387.jpg 285w, https:\/\/www.ceramicbasin.com\/wp-content\/uploads\/2025\/07\/Bathroom-ceramic-basin-suppliercustom-washbasin-wholesale-5_\u526f\u672c-486x660.jpg 486w, https:\/\/www.ceramicbasin.com\/wp-content\/uploads\/2025\/07\/Bathroom-ceramic-basin-suppliercustom-washbasin-wholesale-5_\u526f\u672c-111x150.jpg 111w\" sizes=\"(max-width: 700px) 100vw, 700px\" \/><\/figure>\n<\/div>\n<\/div>\n\n\n\n<p><\/p>","protected":false},"excerpt":{"rendered":"<p>Bienvenido a comprar nuestro lavabo ovalado al por mayor. Este lavabo de cer\u00e1mica con textura de m\u00e1rmol, con su encantador dise\u00f1o ovalado, es la encarnaci\u00f3n perfecta del estilo moderno y minimalista. El borde aerodin\u00e1mico y la textura de m\u00e1rmol natural a\u00f1aden un toque de naturaleza y elegancia al cuarto de ba\u00f1o. Puede aportar dignidad y sensaci\u00f3n de estilo al cuarto de ba\u00f1o del hogar, as\u00ed como al cuarto de ba\u00f1o del hotel.<\/p>\n<table style=\"border-collapse: collapse; width: 358.52pt;\" border=\"0\" width=\"478\" cellspacing=\"0\" cellpadding=\"0\">\n<tbody>\n<tr style=\"height: 17.25pt;\">\n<td class=\"et3\" style=\"height: 17.25pt; width: 125.00pt;\" width=\"166\" height=\"23\">Fabricante<\/td>\n<td class=\"et3\" style=\"width: 234.15pt;\" width=\"312\">HanYu<\/td>\n<\/tr>\n<tr style=\"height: 17.25pt;\">\n<td class=\"et3\" style=\"height: 17.25pt;\" height=\"23\">N\u00ba de modelo<\/td>\n<td class=\"et4\">HY-5061D62<\/td>\n<\/tr>\n<tr style=\"height: 17.25pt;\">\n<td class=\"et3\" style=\"height: 17.25pt;\" height=\"23\">Tipo<\/td>\n<td class=\"et5\" style=\"width: 234.15pt;\" width=\"312\">Fregaderos de m\u00e1rmol<\/td>\n<\/tr>\n<tr style=\"height: 18.00pt;\">\n<td class=\"et3\" style=\"height: 18.00pt;\" height=\"24\">Forma<\/td>\n<td class=\"et3\">Forma ovalada<\/td>\n<\/tr>\n<tr style=\"height: 34.50pt;\">\n<td class=\"et4\" style=\"height: 34.50pt;\" height=\"46\">Color<\/td>\n<td class=\"et5\" style=\"width: 234.15pt;\" width=\"312\">negro\/blanco\/azul\/gris\/rosa\/verde\/marr\u00f3n\/caqui<\/td>\n<\/tr>\n<tr style=\"height: 18.00pt;\">\n<td class=\"et3\" style=\"height: 18.00pt;\" height=\"24\">Dimensi\u00f3n<\/td>\n<td class=\"et5\" style=\"width: 234.15pt;\" width=\"312\">59*41*17<\/td>\n<\/tr>\n<tr style=\"height: 17.25pt;\">\n<td class=\"et3\" style=\"height: 17.25pt;\" height=\"23\">N.W \/SET<\/td>\n<td class=\"et3\">8.5KGS\/PCS<\/td>\n<\/tr>\n<tr style=\"height: 17.25pt;\">\n<td class=\"et3\" style=\"height: 17.25pt;\" height=\"23\">MOQ<\/td>\n<td class=\"et3\">20 piezas<\/td>\n<\/tr>\n<tr style=\"height: 17.25pt;\">\n<td class=\"et3\" style=\"height: 17.25pt;\" height=\"23\">Opci\u00f3n personalizada<\/td>\n<td class=\"et3\">Color\/Patr\u00f3n\/Tama\u00f1o\/Logotipo\/Embalaje<\/td>\n<\/tr>\n<\/tbody>\n<\/table>","protected":false},"featured_media":7244,"comment_status":"closed","ping_status":"closed","template":"","meta":{"_acf_changed":false},"product_brand":[],"product_cat":[54,50],"product_tag":[],"class_list":{"0":"post-7259","1":"product","2":"type-product","3":"status-publish","4":"has-post-thumbnail","6":"product_cat-wholesale-marble-sinks","7":"product_cat-wholesale-countertop-sinks","9":"first","10":"instock","11":"shipping-taxable","12":"product-type-simple"},"acf":[],"_links":{"self":[{"href":"https:\/\/www.ceramicbasin.com\/es\/wp-json\/wp\/v2\/product\/7259","targetHints":{"allow":["GET"]}}],"collection":[{"href":"https:\/\/www.ceramicbasin.com\/es\/wp-json\/wp\/v2\/product"}],"about":[{"href":"https:\/\/www.ceramicbasin.com\/es\/wp-json\/wp\/v2\/types\/product"}],"replies":[{"embeddable":true,"href":"https:\/\/www.ceramicbasin.com\/es\/wp-json\/wp\/v2\/comments?post=7259"}],"wp:featuredmedia":[{"embeddable":true,"href":"https:\/\/www.ceramicbasin.com\/es\/wp-json\/wp\/v2\/media\/7244"}],"wp:attachment":[{"href":"https:\/\/www.ceramicbasin.com\/es\/wp-json\/wp\/v2\/media?parent=7259"}],"wp:term":[{"taxonomy":"product_brand","embeddable":true,"href":"https:\/\/www.ceramicbasin.com\/es\/wp-json\/wp\/v2\/product_brand?post=7259"},{"taxonomy":"product_cat","embeddable":true,"href":"https:\/\/www.ceramicbasin.com\/es\/wp-json\/wp\/v2\/product_cat?post=7259"},{"taxonomy":"product_tag","embeddable":true,"href":"https:\/\/www.ceramicbasin.com\/es\/wp-json\/wp\/v2\/product_tag?post=7259"}],"curies":[{"name":"wp","href":"https:\/\/api.w.org\/{rel}","templated":true}]}}