{"id":7261,"date":"2025-07-25T06:06:54","date_gmt":"2025-07-25T06:06:54","guid":{"rendered":"https:\/\/www.ceramicbasin.com\/?post_type=product&#038;p=7261"},"modified":"2025-07-25T06:06:59","modified_gmt":"2025-07-25T06:06:59","slug":"custom-marble-color-basin","status":"publish","type":"product","link":"https:\/\/www.ceramicbasin.com\/es\/producto\/custom-marble-color-basin\/","title":{"rendered":"Lavabo de m\u00e1rmol de color personalizado, lavabos de ba\u00f1o de cer\u00e1mica de gran tama\u00f1o al por mayor"},"content":{"rendered":"<div class=\"wp-block-columns is-layout-flex wp-container-core-columns-is-layout-9d6595d7 wp-block-columns-is-layout-flex\">\n<div class=\"wp-block-column is-layout-flow wp-block-column-is-layout-flow\">\n<h2 class=\"wp-block-heading\">Lavabo de color m\u00e1rmol personalizado de primera calidad Caracter\u00edsticas:<\/h2>\n\n\n\n<ul class=\"wp-block-list\">\n<li><strong>Colorido:<\/strong>\u00a0El color de m\u00e1rmol de este lavabo de ba\u00f1o de cer\u00e1mica al por mayor se hace mediante la impresi\u00f3n por transferencia de agua sobre la base de un lavabo blanco brillante ordinario, que es hermoso y duradero. Ofrecemos m\u00e1s de 100 colores y patrones para elegir, y todos los modelos de lavabo al por mayor se pueden personalizar en color y textura.<\/li>\n\n\n\n<li><strong>Durabilidad superior:\u00a0<\/strong>Nuestros lavabos personalizados de color m\u00e1rmol est\u00e1n hechos de material cer\u00e1mico de alta calidad, que tiene una excelente resistencia a los ara\u00f1azos y durabilidad. Tiene una excelente resistencia qu\u00edmica y se puede limpiar con cualquier detergente.<\/li>\n\n\n\n<li><strong>Encimera de f\u00e1cil instalaci\u00f3n:<\/strong>\u00a0Este lavabo de m\u00e1rmol de color personalizado adopta un dise\u00f1o de estructura de encimera, f\u00e1cil de instalar y adecuado para encimeras de diversos materiales. Es adecuado para una amplia gama de aplicaciones en hoteles, proyectos residenciales y comerciales.<\/li>\n\n\n\n<li><strong>Suministro a granel, apoyo a la personalizaci\u00f3n y cooperaci\u00f3n OEM:\u00a0<\/strong>Ofrecemos una gran variedad de tama\u00f1os y texturas para lavabos al por mayor, apoyamos la personalizaci\u00f3n al por mayor de soluciones de LOGO y embalaje, y satisfacemos las diversas necesidades de los propietarios de marcas y clientes de ingenier\u00eda.<\/li>\n<\/ul>\n<\/div>\n\n\n\n<div class=\"wp-block-column is-layout-flow wp-block-column-is-layout-flow\">\n<figure class=\"wp-block-image size-full\"><img fetchpriority=\"high\" decoding=\"async\" width=\"826\" height=\"1091\" src=\"https:\/\/www.ceramicbasin.com\/wp-content\/uploads\/2025\/07\/Big-size-ceramic-custom-color-basin-with-wholesale-price-1.webp\" alt=\"lavabos ceramicos de gran tama\u00f1o en color marmol al por mayor-1\" class=\"wp-image-7238\" srcset=\"https:\/\/www.ceramicbasin.com\/wp-content\/uploads\/2025\/07\/Big-size-ceramic-custom-color-basin-with-wholesale-price-1.webp 826w, https:\/\/www.ceramicbasin.com\/wp-content\/uploads\/2025\/07\/Big-size-ceramic-custom-color-basin-with-wholesale-price-1-227x300.webp 227w, https:\/\/www.ceramicbasin.com\/wp-content\/uploads\/2025\/07\/Big-size-ceramic-custom-color-basin-with-wholesale-price-1-768x1014.webp 768w, https:\/\/www.ceramicbasin.com\/wp-content\/uploads\/2025\/07\/Big-size-ceramic-custom-color-basin-with-wholesale-price-1-9x12.webp 9w, https:\/\/www.ceramicbasin.com\/wp-content\/uploads\/2025\/07\/Big-size-ceramic-custom-color-basin-with-wholesale-price-1-285x376.webp 285w, https:\/\/www.ceramicbasin.com\/wp-content\/uploads\/2025\/07\/Big-size-ceramic-custom-color-basin-with-wholesale-price-1-500x660.webp 500w, https:\/\/www.ceramicbasin.com\/wp-content\/uploads\/2025\/07\/Big-size-ceramic-custom-color-basin-with-wholesale-price-1-114x150.webp 114w\" sizes=\"(max-width: 826px) 100vw, 826px\" \/><\/figure>\n<\/div>\n<\/div>","protected":false},"excerpt":{"rendered":"<p>Bienvenido a comprar nuestro lavabo personalizado de color m\u00e1rmol. Este lavabo de cer\u00e1mica de gran tama\u00f1o al por mayor adopta un dise\u00f1o de estructura de encimera, y es f\u00e1cil de instalar. El dise\u00f1o \u00fanico de m\u00e1rmol proporciona al cuarto de ba\u00f1o un aspecto atractivo, y con los grifos de moda, es ampliamente adecuado para el estilo general. Es adecuado para una amplia gama de aplicaciones en hoteles, proyectos residenciales y comerciales.<\/p>\n<table style=\"border-collapse: collapse; width: 358.52pt;\" border=\"0\" width=\"478\" cellspacing=\"0\" cellpadding=\"0\">\n<tbody>\n<tr style=\"height: 17.25pt;\">\n<td class=\"et3\" style=\"height: 17.25pt; width: 125.00pt;\" width=\"166\" height=\"23\">Fabricante<\/td>\n<td class=\"et3\" style=\"width: 234.15pt;\" width=\"312\">HanYu<\/td>\n<\/tr>\n<tr style=\"height: 17.25pt;\">\n<td class=\"et3\" style=\"height: 17.25pt;\" height=\"23\">N\u00ba de modelo<\/td>\n<td class=\"et4\">HY-5106D59<\/td>\n<\/tr>\n<tr style=\"height: 17.25pt;\">\n<td class=\"et3\" style=\"height: 17.25pt;\" height=\"23\">Tipo<\/td>\n<td class=\"et5\" style=\"width: 234.15pt;\" width=\"312\">Fregaderos de m\u00e1rmol<\/td>\n<\/tr>\n<tr style=\"height: 18.00pt;\">\n<td class=\"et3\" style=\"height: 18.00pt;\" height=\"24\">Forma<\/td>\n<td class=\"et3\">Forma rectangular<\/td>\n<\/tr>\n<tr style=\"height: 34.50pt;\">\n<td class=\"et4\" style=\"height: 34.50pt;\" height=\"46\">Color<\/td>\n<td class=\"et5\" style=\"width: 234.15pt;\" width=\"312\">negro\/blanco\/azul\/gris\/rosa\/verde\/marr\u00f3n\/caqui<\/td>\n<\/tr>\n<tr style=\"height: 18.00pt;\">\n<td class=\"et3\" style=\"height: 18.00pt;\" height=\"24\">Dimensi\u00f3n<\/td>\n<td class=\"et5\" style=\"width: 234.15pt;\" width=\"312\">71.5*41*14.5<\/td>\n<\/tr>\n<tr style=\"height: 17.25pt;\">\n<td class=\"et3\" style=\"height: 17.25pt;\" height=\"23\">N.W \/SET<\/td>\n<td class=\"et3\">12KGS\/PCS<\/td>\n<\/tr>\n<tr style=\"height: 17.25pt;\">\n<td class=\"et3\" style=\"height: 17.25pt;\" height=\"23\">MOQ<\/td>\n<td class=\"et3\">20 piezas<\/td>\n<\/tr>\n<tr style=\"height: 17.25pt;\">\n<td class=\"et3\" style=\"height: 17.25pt;\" height=\"23\">Opci\u00f3n personalizada<\/td>\n<td class=\"et3\">Color\/Patr\u00f3n\/Tama\u00f1o\/Logotipo\/Embalaje<\/td>\n<\/tr>\n<\/tbody>\n<\/table>","protected":false},"featured_media":7262,"comment_status":"closed","ping_status":"closed","template":"","meta":{"_acf_changed":false},"product_brand":[],"product_cat":[54,50],"product_tag":[],"class_list":{"0":"post-7261","1":"product","2":"type-product","3":"status-publish","4":"has-post-thumbnail","6":"product_cat-wholesale-marble-sinks","7":"product_cat-wholesale-countertop-sinks","9":"first","10":"instock","11":"shipping-taxable","12":"product-type-simple"},"acf":[],"_links":{"self":[{"href":"https:\/\/www.ceramicbasin.com\/es\/wp-json\/wp\/v2\/product\/7261","targetHints":{"allow":["GET"]}}],"collection":[{"href":"https:\/\/www.ceramicbasin.com\/es\/wp-json\/wp\/v2\/product"}],"about":[{"href":"https:\/\/www.ceramicbasin.com\/es\/wp-json\/wp\/v2\/types\/product"}],"replies":[{"embeddable":true,"href":"https:\/\/www.ceramicbasin.com\/es\/wp-json\/wp\/v2\/comments?post=7261"}],"wp:featuredmedia":[{"embeddable":true,"href":"https:\/\/www.ceramicbasin.com\/es\/wp-json\/wp\/v2\/media\/7262"}],"wp:attachment":[{"href":"https:\/\/www.ceramicbasin.com\/es\/wp-json\/wp\/v2\/media?parent=7261"}],"wp:term":[{"taxonomy":"product_brand","embeddable":true,"href":"https:\/\/www.ceramicbasin.com\/es\/wp-json\/wp\/v2\/product_brand?post=7261"},{"taxonomy":"product_cat","embeddable":true,"href":"https:\/\/www.ceramicbasin.com\/es\/wp-json\/wp\/v2\/product_cat?post=7261"},{"taxonomy":"product_tag","embeddable":true,"href":"https:\/\/www.ceramicbasin.com\/es\/wp-json\/wp\/v2\/product_tag?post=7261"}],"curies":[{"name":"wp","href":"https:\/\/api.w.org\/{rel}","templated":true}]}}