{"id":7263,"date":"2025-07-25T06:37:59","date_gmt":"2025-07-25T06:37:59","guid":{"rendered":"https:\/\/www.ceramicbasin.com\/?post_type=product&#038;p=7263"},"modified":"2025-11-03T07:26:46","modified_gmt":"2025-11-03T07:26:46","slug":"custom-ceramic-counter-top-basin","status":"publish","type":"product","link":"https:\/\/www.ceramicbasin.com\/es\/producto\/custom-ceramic-counter-top-basin\/","title":{"rendered":"Encimera de cer\u00e1mica a granel con motivos de m\u00e1rmol"},"content":{"rendered":"<div class=\"wp-block-columns is-layout-flex wp-container-core-columns-is-layout-9d6595d7 wp-block-columns-is-layout-flex\">\n<div class=\"wp-block-column is-layout-flow wp-block-column-is-layout-flow\">\n<h2 class=\"wp-block-heading\">Premium Custom Cer\u00e1mica Encimera Lavabo Caracter\u00edstica:<\/h2>\n\n\n\n<ul class=\"wp-block-list\">\n<li><strong>Textura de m\u00e1rmol \u00fanica: <\/strong>La cl\u00e1sica textura de m\u00e1rmol negro de la encimera de cer\u00e1mica a medida a\u00f1ade una sensaci\u00f3n de alta gama y un impacto visual, adapt\u00e1ndose perfectamente al dise\u00f1o de los cuartos de ba\u00f1o modernos.<\/li>\n\n\n\n<li><strong>Material cer\u00e1mico de alta calidad: <\/strong>El lavabo de encimera de cer\u00e1mica a medida est\u00e1 fabricado con cer\u00e1mica de alta calidad, superficie lisa, gran durabilidad, excelente resistencia a las manchas y f\u00e1cil limpieza.<\/li>\n\n\n\n<li><strong>Exquisito dise\u00f1o rectangular:<\/strong> Los lavabos de ba\u00f1o de color m\u00e1rmol al por mayor de aspecto rectangular aerodin\u00e1mico son sencillos y generosos, y el dise\u00f1o c\u00f3ncavo mejora eficazmente la velocidad de drenaje y evita los problemas de acumulaci\u00f3n de agua, adecuados para varios estilos de ba\u00f1o.<\/li>\n\n\n\n<li><strong>Aplicaci\u00f3n multifuncional:<\/strong> Los lavabos de ba\u00f1o al por mayor son adecuados para el hogar, hotel, ba\u00f1os comerciales y otros lugares para satisfacer diferentes necesidades de espacio.<\/li>\n<\/ul>\n<\/div>\n\n\n\n<div class=\"wp-block-column is-layout-flow wp-block-column-is-layout-flow\">\n<figure class=\"wp-block-image size-full\"><img fetchpriority=\"high\" decoding=\"async\" width=\"733\" height=\"981\" src=\"https:\/\/www.ceramicbasin.com\/wp-content\/uploads\/2025\/07\/Customized-color-ceramic-basin-manufacturerhigh-quality-coiuntertop-sink-bowl-5.webp\" alt=\"fregaderos de ba\u00f1o con encimera de cer\u00e1mica a medida de color m\u00e1rmol al por mayor-5\" class=\"wp-image-7237\" srcset=\"https:\/\/www.ceramicbasin.com\/wp-content\/uploads\/2025\/07\/Customized-color-ceramic-basin-manufacturerhigh-quality-coiuntertop-sink-bowl-5.webp 733w, https:\/\/www.ceramicbasin.com\/wp-content\/uploads\/2025\/07\/Customized-color-ceramic-basin-manufacturerhigh-quality-coiuntertop-sink-bowl-5-224x300.webp 224w, https:\/\/www.ceramicbasin.com\/wp-content\/uploads\/2025\/07\/Customized-color-ceramic-basin-manufacturerhigh-quality-coiuntertop-sink-bowl-5-9x12.webp 9w, https:\/\/www.ceramicbasin.com\/wp-content\/uploads\/2025\/07\/Customized-color-ceramic-basin-manufacturerhigh-quality-coiuntertop-sink-bowl-5-285x381.webp 285w, https:\/\/www.ceramicbasin.com\/wp-content\/uploads\/2025\/07\/Customized-color-ceramic-basin-manufacturerhigh-quality-coiuntertop-sink-bowl-5-493x660.webp 493w, https:\/\/www.ceramicbasin.com\/wp-content\/uploads\/2025\/07\/Customized-color-ceramic-basin-manufacturerhigh-quality-coiuntertop-sink-bowl-5-112x150.webp 112w\" sizes=\"(max-width: 733px) 100vw, 733px\" \/><\/figure>\n<\/div>\n<\/div>\n\n\n\n<p><\/p>","protected":false},"excerpt":{"rendered":"<p>Bienvenido a comprar nuestra costumbre lavabo de cer\u00e1mica encimera. Este lavabo de ba\u00f1o de cer\u00e1mica con textura de m\u00e1rmol negro tiene un dise\u00f1o rectangular elegante y moderno y material cer\u00e1mico de primera calidad, que es ideal para cualquier ambiente de ba\u00f1o de lujo. Su resistencia a las manchas y su eficaz desag\u00fce lo cualifican para su uso en lavabos dom\u00e9sticos y comerciales.<\/p>\n<table style=\"border-collapse: collapse; width: 358.52pt;\" border=\"0\" width=\"478\" cellspacing=\"0\" cellpadding=\"0\">\n<tbody>\n<tr style=\"height: 17.25pt;\">\n<td class=\"et3\" style=\"height: 17.25pt; width: 125.00pt;\" width=\"166\" height=\"23\">Fabricante<\/td>\n<td class=\"et3\" style=\"width: 234.15pt;\" width=\"312\">HanYu<\/td>\n<\/tr>\n<tr style=\"height: 17.25pt;\">\n<td class=\"et3\" style=\"height: 17.25pt;\" height=\"23\">N\u00ba de modelo<\/td>\n<td class=\"et4\">HY-8064-65D91<\/td>\n<\/tr>\n<tr style=\"height: 17.25pt;\">\n<td class=\"et3\" style=\"height: 17.25pt;\" height=\"23\">Tipo<\/td>\n<td class=\"et5\" style=\"width: 234.15pt;\" width=\"312\">Fregaderos de m\u00e1rmol<\/td>\n<\/tr>\n<tr style=\"height: 18.00pt;\">\n<td class=\"et3\" style=\"height: 18.00pt;\" height=\"24\">Forma<\/td>\n<td class=\"et3\">Forma rectangular<\/td>\n<\/tr>\n<tr style=\"height: 34.50pt;\">\n<td class=\"et4\" style=\"height: 34.50pt;\" height=\"46\">Color<\/td>\n<td class=\"et5\" style=\"width: 234.15pt;\" width=\"312\">negro\/blanco\/azul\/gris\/rosa\/verde\/marr\u00f3n\/caqui<\/td>\n<\/tr>\n<tr style=\"height: 18.00pt;\">\n<td class=\"et3\" style=\"height: 18.00pt;\" height=\"24\">Dimensi\u00f3n<\/td>\n<td class=\"et5\" style=\"width: 234.15pt;\" width=\"312\">65*38*11<\/td>\n<\/tr>\n<tr style=\"height: 17.25pt;\">\n<td class=\"et3\" style=\"height: 17.25pt;\" height=\"23\">N.W \/SET<\/td>\n<td class=\"et3\">10KGS\/PCS<\/td>\n<\/tr>\n<tr style=\"height: 17.25pt;\">\n<td class=\"et3\" style=\"height: 17.25pt;\" height=\"23\">MOQ<\/td>\n<td class=\"et3\">20 piezas<\/td>\n<\/tr>\n<tr style=\"height: 17.25pt;\">\n<td class=\"et3\" style=\"height: 17.25pt;\" height=\"23\">Opci\u00f3n personalizada<\/td>\n<td class=\"et3\">Color\/Patr\u00f3n\/Tama\u00f1o\/Logotipo\/Embalaje<\/td>\n<\/tr>\n<\/tbody>\n<\/table>","protected":false},"featured_media":7236,"comment_status":"closed","ping_status":"closed","template":"","meta":{"_acf_changed":false},"product_brand":[],"product_cat":[54,50],"product_tag":[],"class_list":{"0":"post-7263","1":"product","2":"type-product","3":"status-publish","4":"has-post-thumbnail","6":"product_cat-wholesale-marble-sinks","7":"product_cat-wholesale-countertop-sinks","9":"first","10":"instock","11":"shipping-taxable","12":"product-type-simple"},"acf":[],"_links":{"self":[{"href":"https:\/\/www.ceramicbasin.com\/es\/wp-json\/wp\/v2\/product\/7263","targetHints":{"allow":["GET"]}}],"collection":[{"href":"https:\/\/www.ceramicbasin.com\/es\/wp-json\/wp\/v2\/product"}],"about":[{"href":"https:\/\/www.ceramicbasin.com\/es\/wp-json\/wp\/v2\/types\/product"}],"replies":[{"embeddable":true,"href":"https:\/\/www.ceramicbasin.com\/es\/wp-json\/wp\/v2\/comments?post=7263"}],"wp:featuredmedia":[{"embeddable":true,"href":"https:\/\/www.ceramicbasin.com\/es\/wp-json\/wp\/v2\/media\/7236"}],"wp:attachment":[{"href":"https:\/\/www.ceramicbasin.com\/es\/wp-json\/wp\/v2\/media?parent=7263"}],"wp:term":[{"taxonomy":"product_brand","embeddable":true,"href":"https:\/\/www.ceramicbasin.com\/es\/wp-json\/wp\/v2\/product_brand?post=7263"},{"taxonomy":"product_cat","embeddable":true,"href":"https:\/\/www.ceramicbasin.com\/es\/wp-json\/wp\/v2\/product_cat?post=7263"},{"taxonomy":"product_tag","embeddable":true,"href":"https:\/\/www.ceramicbasin.com\/es\/wp-json\/wp\/v2\/product_tag?post=7263"}],"curies":[{"name":"wp","href":"https:\/\/api.w.org\/{rel}","templated":true}]}}