{"id":7278,"date":"2025-07-23T08:55:11","date_gmt":"2025-07-23T08:55:11","guid":{"rendered":"https:\/\/www.ceramicbasin.com\/?post_type=product&#038;p=7278"},"modified":"2025-11-03T07:33:49","modified_gmt":"2025-11-03T07:33:49","slug":"wholesale-modern-bathroom-bowl-sink","status":"publish","type":"product","link":"https:\/\/www.ceramicbasin.com\/es\/producto\/wholesale-modern-bathroom-bowl-sink\/","title":{"rendered":"Mayorista Lavabo de Ba\u00f1o Moderno, Lavabos Negros de Lujo"},"content":{"rendered":"<div class=\"wp-block-columns is-layout-flex wp-container-core-columns-is-layout-9d6595d7 wp-block-columns-is-layout-flex\">\n<div class=\"wp-block-column is-layout-flow wp-block-column-is-layout-flow\">\n<h2 class=\"wp-block-heading\">Premium al por mayor moderno ba\u00f1o cuenco fregadero Caracter\u00edsticas:<\/h2>\n\n\n\n<ul class=\"wp-block-list\">\n<li><strong>Dise\u00f1o montado en la parte superior:<\/strong> El m\u00e9todo \u00fanico de montaje superior del lavabo moderno al por mayor es estable y fiable, lo que no s\u00f3lo ahorra espacio, sino que tambi\u00e9n a\u00f1ade un toque moderno al cuarto de ba\u00f1o y se adapta a varios estilos de decoraci\u00f3n.<\/li>\n\n\n\n<li><strong>Detalles bien pensados:<\/strong> Los bordes del lavabo moderno al por mayor pueden ser redondeados para evitar golpes y lesiones durante el uso, al tiempo que aumenta la est\u00e9tica del producto.<\/li>\n\n\n\n<li><strong>Delicado glaseado mate:<\/strong> La delicada capa de esmalte negro mate recubre este lavabo de cer\u00e1mica al por mayor,<strong> <\/strong>no s\u00f3lo el efecto visual de nuestro fregadero al por mayor, sino tambi\u00e9n la superficie que hace que sea m\u00e1s f\u00e1cil de limpiar y sencillo de mantener.<\/li>\n\n\n\n<li><strong>Excelente rendimiento: <\/strong>Basamos nuestro fregadero de porcelana al por mayor en materiales cer\u00e1micos de alta calidad para que el fregadero tenga una excelente durabilidad y resistencia a los ara\u00f1azos y pueda mantener un buen estado incluso despu\u00e9s de un largo tiempo de uso.<\/li>\n<\/ul>\n<\/div>\n\n\n\n<div class=\"wp-block-column is-layout-flow wp-block-column-is-layout-flow\">\n<figure class=\"wp-block-image size-full\"><img fetchpriority=\"high\" decoding=\"async\" width=\"800\" height=\"800\" src=\"https:\/\/www.ceramicbasin.com\/wp-content\/uploads\/2025\/07\/european-style-wholesale-modern-bathroom-bowl-sink-ceramic-countertop-sink-wholesale-5.webp\" alt=\"venta al por mayor de lavabos de estilo europeo-modernos-fregadero con encimera de cer\u00e1mica-5\" class=\"wp-image-7325\" srcset=\"https:\/\/www.ceramicbasin.com\/wp-content\/uploads\/2025\/07\/european-style-wholesale-modern-bathroom-bowl-sink-ceramic-countertop-sink-wholesale-5.webp 800w, https:\/\/www.ceramicbasin.com\/wp-content\/uploads\/2025\/07\/european-style-wholesale-modern-bathroom-bowl-sink-ceramic-countertop-sink-wholesale-5-300x300.webp 300w, https:\/\/www.ceramicbasin.com\/wp-content\/uploads\/2025\/07\/european-style-wholesale-modern-bathroom-bowl-sink-ceramic-countertop-sink-wholesale-5-150x150.webp 150w, https:\/\/www.ceramicbasin.com\/wp-content\/uploads\/2025\/07\/european-style-wholesale-modern-bathroom-bowl-sink-ceramic-countertop-sink-wholesale-5-768x768.webp 768w, https:\/\/www.ceramicbasin.com\/wp-content\/uploads\/2025\/07\/european-style-wholesale-modern-bathroom-bowl-sink-ceramic-countertop-sink-wholesale-5-12x12.webp 12w, https:\/\/www.ceramicbasin.com\/wp-content\/uploads\/2025\/07\/european-style-wholesale-modern-bathroom-bowl-sink-ceramic-countertop-sink-wholesale-5-285x285.webp 285w, https:\/\/www.ceramicbasin.com\/wp-content\/uploads\/2025\/07\/european-style-wholesale-modern-bathroom-bowl-sink-ceramic-countertop-sink-wholesale-5-270x270.webp 270w, https:\/\/www.ceramicbasin.com\/wp-content\/uploads\/2025\/07\/european-style-wholesale-modern-bathroom-bowl-sink-ceramic-countertop-sink-wholesale-5-540x540.webp 540w, https:\/\/www.ceramicbasin.com\/wp-content\/uploads\/2025\/07\/european-style-wholesale-modern-bathroom-bowl-sink-ceramic-countertop-sink-wholesale-5-660x660.webp 660w\" sizes=\"(max-width: 800px) 100vw, 800px\" \/><\/figure>\n<\/div>\n<\/div>","protected":false},"excerpt":{"rendered":"<p>Bienvenido a comprar al por mayor nuestros modernos lavabos para ba\u00f1o. El lavabo cl\u00e1sico de encimera cuadrada negra es suave y f\u00e1cil de limpiar. Su forma sencilla se adapta a varias decoraciones y es f\u00e1cil de instalar. Crea un ambiente art\u00edstico y a la moda para el cuarto de ba\u00f1o y es una elecci\u00f3n pr\u00e1ctica para realzar el estilo del cuarto de ba\u00f1o.<\/p>\n<table style=\"border-collapse: collapse; width: 311.02pt;\" border=\"0\" width=\"311\" cellspacing=\"0\" cellpadding=\"0\">\n<tbody>\n<tr style=\"height: 17.60pt;\">\n<td class=\"et3\" style=\"height: 17.60pt; width: 108.35pt;\" width=\"108\" height=\"17\">Fabricante<\/td>\n<td class=\"et3\" style=\"width: 202.95pt;\" width=\"202\">HanYu<\/td>\n<\/tr>\n<tr style=\"height: 17.60pt;\">\n<td class=\"et3\" style=\"height: 17.60pt;\" height=\"17\">N\u00ba de modelo<\/td>\n<td class=\"et4\">HY8018AMB<\/td>\n<\/tr>\n<tr style=\"height: 18.00pt;\">\n<td class=\"et3\" style=\"height: 18.00pt;\" height=\"18\">Tipo<\/td>\n<td class=\"et5\" style=\"width: 202.95pt;\" width=\"202\">Lavabo mate, Lavabo sobre encimera<\/td>\n<\/tr>\n<tr style=\"height: 17.60pt;\">\n<td class=\"et3\" style=\"height: 17.60pt;\" height=\"17\">Forma<\/td>\n<td class=\"et3\">Forma rectangular<\/td>\n<\/tr>\n<tr style=\"height: 36.00pt;\">\n<td class=\"et4\" style=\"height: 36.00pt;\" height=\"36\">Color<\/td>\n<td class=\"et5\" style=\"width: 202.95pt;\" width=\"202\">Negro\/Blanco\/Azul\/Gris\/Rosa\/Verde\/Marr\u00f3n\/Caqui......<\/td>\n<\/tr>\n<tr style=\"height: 18.00pt;\">\n<td class=\"et3\" style=\"height: 18.00pt;\" height=\"18\">Dimensi\u00f3n<\/td>\n<td class=\"et5\" style=\"width: 202.95pt;\" width=\"202\">46*32*13.5<\/td>\n<\/tr>\n<tr style=\"height: 17.60pt;\">\n<td class=\"et3\" style=\"height: 17.60pt;\" height=\"17\">N.W \/SET<\/td>\n<td class=\"et3\">8.5KGS\/PCS<\/td>\n<\/tr>\n<tr style=\"height: 17.60pt;\">\n<td class=\"et3\" style=\"height: 17.60pt;\" height=\"17\">MOQ<\/td>\n<td class=\"et3\">20 piezas<\/td>\n<\/tr>\n<tr style=\"height: 17.60pt;\">\n<td class=\"et3\" style=\"height: 17.60pt;\" height=\"17\">Opci\u00f3n personalizada<\/td>\n<td class=\"et3\">Color\/Patr\u00f3n\/Tama\u00f1o\/Logotipo\/Embalaje<\/td>\n<\/tr>\n<\/tbody>\n<\/table>","protected":false},"featured_media":7322,"comment_status":"closed","ping_status":"closed","template":"","meta":{"_acf_changed":false},"product_brand":[],"product_cat":[55,50],"product_tag":[],"class_list":{"0":"post-7278","1":"product","2":"type-product","3":"status-publish","4":"has-post-thumbnail","6":"product_cat-wholesale-matte-sinks","7":"product_cat-wholesale-countertop-sinks","9":"first","10":"instock","11":"shipping-taxable","12":"product-type-simple"},"acf":[],"_links":{"self":[{"href":"https:\/\/www.ceramicbasin.com\/es\/wp-json\/wp\/v2\/product\/7278","targetHints":{"allow":["GET"]}}],"collection":[{"href":"https:\/\/www.ceramicbasin.com\/es\/wp-json\/wp\/v2\/product"}],"about":[{"href":"https:\/\/www.ceramicbasin.com\/es\/wp-json\/wp\/v2\/types\/product"}],"replies":[{"embeddable":true,"href":"https:\/\/www.ceramicbasin.com\/es\/wp-json\/wp\/v2\/comments?post=7278"}],"wp:featuredmedia":[{"embeddable":true,"href":"https:\/\/www.ceramicbasin.com\/es\/wp-json\/wp\/v2\/media\/7322"}],"wp:attachment":[{"href":"https:\/\/www.ceramicbasin.com\/es\/wp-json\/wp\/v2\/media?parent=7278"}],"wp:term":[{"taxonomy":"product_brand","embeddable":true,"href":"https:\/\/www.ceramicbasin.com\/es\/wp-json\/wp\/v2\/product_brand?post=7278"},{"taxonomy":"product_cat","embeddable":true,"href":"https:\/\/www.ceramicbasin.com\/es\/wp-json\/wp\/v2\/product_cat?post=7278"},{"taxonomy":"product_tag","embeddable":true,"href":"https:\/\/www.ceramicbasin.com\/es\/wp-json\/wp\/v2\/product_tag?post=7278"}],"curies":[{"name":"wp","href":"https:\/\/api.w.org\/{rel}","templated":true}]}}