{"id":7293,"date":"2025-07-23T09:46:04","date_gmt":"2025-07-23T09:46:04","guid":{"rendered":"https:\/\/www.ceramicbasin.com\/?post_type=product&#038;p=7293"},"modified":"2025-11-03T07:30:43","modified_gmt":"2025-11-03T07:30:43","slug":"custom-bathroom-sink-bowls","status":"publish","type":"product","link":"https:\/\/www.ceramicbasin.com\/es\/producto\/custom-bathroom-sink-bowls\/","title":{"rendered":"Lavabos de ba\u00f1o a medida, lavabos negro mate al por mayor"},"content":{"rendered":"<div class=\"wp-block-columns is-layout-flex wp-container-core-columns-is-layout-9d6595d7 wp-block-columns-is-layout-flex\">\n<div class=\"wp-block-column is-layout-flow wp-block-column-is-layout-flow\">\n<h2 class=\"wp-block-heading\">Caracter\u00edsticas de los lavabos a medida Premium<\/h2>\n\n\n\n<ul class=\"wp-block-list\">\n<li><strong>Material cer\u00e1mico de alta calidad:<\/strong> El lavabo de encimera al por mayor est\u00e1 hecho de cer\u00e1mica de alta calidad, que no se mancha f\u00e1cilmente y es duradera para un uso prolongado sin perder su color, y es f\u00e1cil de limpiar.<\/li>\n\n\n\n<li><strong>Dise\u00f1o de moda:<\/strong> Nuestros lavabos a medida para cuartos de ba\u00f1o tienen un dise\u00f1o moderno y actual de l\u00edneas suaves, se adaptan a varias distribuciones de cuartos de ba\u00f1o y realzan la belleza general y el grado del espacio.<\/li>\n\n\n\n<li><strong>Dise\u00f1o de gran capacidad:<\/strong> Estos lavabos de ba\u00f1o a medida proporcionan un mayor espacio de lavado. La profundidad de la cuenca est\u00e1 cient\u00edficamente dise\u00f1ado, que es adecuado para uso dom\u00e9stico o comercial y puede prevenir eficazmente las salpicaduras de agua.<\/li>\n\n\n\n<li><strong>Servicio personalizado de gama alta:\u00a0<\/strong>Proporcionamos un servicio al por mayor de lavabos de cer\u00e1mica a medida para garantizar que cada lavabo se adapte al dise\u00f1o de su cuarto de ba\u00f1o y cree un estilo exclusivo.<\/li>\n<\/ul>\n<\/div>\n\n\n\n<div class=\"wp-block-column is-layout-flow wp-block-column-is-layout-flow\">\n<figure class=\"wp-block-image size-full\"><img fetchpriority=\"high\" decoding=\"async\" width=\"800\" height=\"800\" src=\"https:\/\/www.ceramicbasin.com\/wp-content\/uploads\/2025\/07\/sink-matte-finish\uff0cmatte-black-bathroom-sink\uff0cbathroom-sink-in-countertop5.webp\" alt=\"black-custom-bathroom-sink-bowls-large-ceramic-countertop-basin-wholesale-5\" class=\"wp-image-7298\" srcset=\"https:\/\/www.ceramicbasin.com\/wp-content\/uploads\/2025\/07\/sink-matte-finish\uff0cmatte-black-bathroom-sink\uff0cbathroom-sink-in-countertop5.webp 800w, https:\/\/www.ceramicbasin.com\/wp-content\/uploads\/2025\/07\/sink-matte-finish\uff0cmatte-black-bathroom-sink\uff0cbathroom-sink-in-countertop5-300x300.webp 300w, https:\/\/www.ceramicbasin.com\/wp-content\/uploads\/2025\/07\/sink-matte-finish\uff0cmatte-black-bathroom-sink\uff0cbathroom-sink-in-countertop5-150x150.webp 150w, https:\/\/www.ceramicbasin.com\/wp-content\/uploads\/2025\/07\/sink-matte-finish\uff0cmatte-black-bathroom-sink\uff0cbathroom-sink-in-countertop5-768x768.webp 768w, https:\/\/www.ceramicbasin.com\/wp-content\/uploads\/2025\/07\/sink-matte-finish\uff0cmatte-black-bathroom-sink\uff0cbathroom-sink-in-countertop5-12x12.webp 12w, https:\/\/www.ceramicbasin.com\/wp-content\/uploads\/2025\/07\/sink-matte-finish\uff0cmatte-black-bathroom-sink\uff0cbathroom-sink-in-countertop5-285x285.webp 285w, https:\/\/www.ceramicbasin.com\/wp-content\/uploads\/2025\/07\/sink-matte-finish\uff0cmatte-black-bathroom-sink\uff0cbathroom-sink-in-countertop5-270x270.webp 270w, https:\/\/www.ceramicbasin.com\/wp-content\/uploads\/2025\/07\/sink-matte-finish\uff0cmatte-black-bathroom-sink\uff0cbathroom-sink-in-countertop5-540x540.webp 540w, https:\/\/www.ceramicbasin.com\/wp-content\/uploads\/2025\/07\/sink-matte-finish\uff0cmatte-black-bathroom-sink\uff0cbathroom-sink-in-countertop5-660x660.webp 660w\" sizes=\"(max-width: 800px) 100vw, 800px\" \/><\/figure>\n<\/div>\n<\/div>\n\n\n\n<p><\/p>","protected":false},"excerpt":{"rendered":"<div class=\"highlights-border-container\" data-v-df95d256=\"\"><span class=\"highlights\" data-v-df95d256=\"\">Bienvenido a comprar nuestra costumbre lavabo del ba\u00f1o cuencos. Hanyu venta directa de f\u00e1brica de lavabo de ba\u00f1o de cer\u00e1mica negro personalizado est\u00e1 hecho de material cer\u00e1mico de alta calidad, durable y f\u00e1cil de limpiar. Adecuado para uso dom\u00e9stico y comercial, apoya el dise\u00f1o personalizado, y ofrece precios preferenciales al por mayor.<\/span><\/div>\n<div class=\"text-stats\" data-v-df95d256=\"\">\u00a0<\/div>\n<table style=\"border-collapse: collapse; width: 311.02pt;\" border=\"0\" width=\"311\" cellspacing=\"0\" cellpadding=\"0\">\n<tbody>\n<tr style=\"height: 17.60pt;\">\n<td class=\"et3\" style=\"height: 17.60pt; width: 108.35pt;\" width=\"108\" height=\"17\">Fabricante<\/td>\n<td class=\"et3\" style=\"width: 202.95pt;\" width=\"202\">HanYu<\/td>\n<\/tr>\n<tr style=\"height: 17.60pt;\">\n<td class=\"et3\" style=\"height: 17.60pt;\" height=\"17\">N\u00ba de modelo<\/td>\n<td class=\"et4\">HY8058MB<\/td>\n<\/tr>\n<tr style=\"height: 36.00pt;\">\n<td class=\"et3\" style=\"height: 36.00pt;\" height=\"36\">Tipo<\/td>\n<td class=\"et5\" style=\"width: 202.95pt;\" width=\"202\">\u00a0Lavabo mate, Lavabo sobre encimera<\/td>\n<\/tr>\n<tr style=\"height: 17.60pt;\">\n<td class=\"et3\" style=\"height: 17.60pt;\" height=\"17\">Forma<\/td>\n<td class=\"et3\">Forma ovalada<\/td>\n<\/tr>\n<tr style=\"height: 18.00pt;\">\n<td class=\"et4\" style=\"height: 18.00pt;\" height=\"18\">Color<\/td>\n<td class=\"et5\" style=\"width: 202.95pt;\" width=\"202\">Negro mate<\/td>\n<\/tr>\n<tr style=\"height: 18.00pt;\">\n<td class=\"et3\" style=\"height: 18.00pt;\" height=\"18\">Dimensi\u00f3n<\/td>\n<td class=\"et5\" style=\"width: 202.95pt;\" width=\"202\">80.5*40.5*13.5<\/td>\n<\/tr>\n<tr style=\"height: 17.60pt;\">\n<td class=\"et3\" style=\"height: 17.60pt;\" height=\"17\">N.W \/SET<\/td>\n<td class=\"et3\">20KGS\/PCS<\/td>\n<\/tr>\n<tr style=\"height: 17.60pt;\">\n<td class=\"et3\" style=\"height: 17.60pt;\" height=\"17\">MOQ<\/td>\n<td class=\"et3\">20 piezas<\/td>\n<\/tr>\n<tr style=\"height: 17.60pt;\">\n<td class=\"et3\" style=\"height: 17.60pt;\" height=\"17\">Opci\u00f3n personalizada<\/td>\n<td class=\"et3\">Color\/Patr\u00f3n\/Tama\u00f1o\/Logotipo\/Embalaje<\/td>\n<\/tr>\n<\/tbody>\n<\/table>","protected":false},"featured_media":7297,"comment_status":"closed","ping_status":"closed","template":"","meta":{"_acf_changed":false},"product_brand":[],"product_cat":[50,55],"product_tag":[],"class_list":{"0":"post-7293","1":"product","2":"type-product","3":"status-publish","4":"has-post-thumbnail","6":"product_cat-wholesale-countertop-sinks","7":"product_cat-wholesale-matte-sinks","9":"first","10":"instock","11":"shipping-taxable","12":"product-type-simple"},"acf":[],"_links":{"self":[{"href":"https:\/\/www.ceramicbasin.com\/es\/wp-json\/wp\/v2\/product\/7293","targetHints":{"allow":["GET"]}}],"collection":[{"href":"https:\/\/www.ceramicbasin.com\/es\/wp-json\/wp\/v2\/product"}],"about":[{"href":"https:\/\/www.ceramicbasin.com\/es\/wp-json\/wp\/v2\/types\/product"}],"replies":[{"embeddable":true,"href":"https:\/\/www.ceramicbasin.com\/es\/wp-json\/wp\/v2\/comments?post=7293"}],"wp:featuredmedia":[{"embeddable":true,"href":"https:\/\/www.ceramicbasin.com\/es\/wp-json\/wp\/v2\/media\/7297"}],"wp:attachment":[{"href":"https:\/\/www.ceramicbasin.com\/es\/wp-json\/wp\/v2\/media?parent=7293"}],"wp:term":[{"taxonomy":"product_brand","embeddable":true,"href":"https:\/\/www.ceramicbasin.com\/es\/wp-json\/wp\/v2\/product_brand?post=7293"},{"taxonomy":"product_cat","embeddable":true,"href":"https:\/\/www.ceramicbasin.com\/es\/wp-json\/wp\/v2\/product_cat?post=7293"},{"taxonomy":"product_tag","embeddable":true,"href":"https:\/\/www.ceramicbasin.com\/es\/wp-json\/wp\/v2\/product_tag?post=7293"}],"curies":[{"name":"wp","href":"https:\/\/api.w.org\/{rel}","templated":true}]}}