{"id":7334,"date":"2025-08-01T03:23:44","date_gmt":"2025-08-01T03:23:44","guid":{"rendered":"https:\/\/www.ceramicbasin.com\/?post_type=product&#038;p=7334"},"modified":"2025-08-01T03:23:46","modified_gmt":"2025-08-01T03:23:46","slug":"wholesale-wall-mounted-basin","status":"publish","type":"product","link":"https:\/\/www.ceramicbasin.com\/es\/producto\/wholesale-wall-mounted-basin\/","title":{"rendered":"Mayorista Lavabos de Pared, Fregaderos de Cer\u00e1mica Estilo Europeo"},"content":{"rendered":"<div class=\"wp-block-columns is-layout-flex wp-container-core-columns-is-layout-9d6595d7 wp-block-columns-is-layout-flex\">\n<div class=\"wp-block-column is-layout-flow wp-block-column-is-layout-flow\">\n<h2 class=\"wp-block-heading\">Lavabo de pared al por mayor de primera calidad Caracter\u00edsticas:<\/h2>\n\n\n\n<ul class=\"wp-block-list\">\n<li><strong>Dise\u00f1o cl\u00e1sico:\u00a0<\/strong>Nuestro lavabo de pared al por mayor presenta un dise\u00f1o cl\u00e1sico atemporal con l\u00edneas limpias y elegantes que combinan a la perfecci\u00f3n con cualquier estilo de ba\u00f1o moderno o tradicional.<\/li>\n\n\n\n<li><strong>Artesan\u00eda de primera calidad:<\/strong>\u00a0Este fregadero mural de cer\u00e1mica suministrado de f\u00e1brica utiliza materiales seleccionados y procesos de producci\u00f3n de precisi\u00f3n para garantizar que el lavabo sea de construcci\u00f3n s\u00f3lida, liso, f\u00e1cil de limpiar y duradero.<\/li>\n\n\n\n<li><strong>Directo de f\u00e1brica:\u00a0<\/strong>Los lavabos murales al por mayor de HanYu se venden directamente al por mayor desde la f\u00e1brica, eliminando al intermediario para garantizarle lavabos murales de alta calidad al precio m\u00e1s bajo.<\/li>\n\n\n\n<li><strong>Existencias suficientes:\u00a0<\/strong>Nuestra f\u00e1brica de suministro de fregaderos de cer\u00e1mica colgados de la pared tiene un gran inventario para satisfacer sus pedidos urgentes o necesidades de gran volumen, acortar el tiempo de espera y responder r\u00e1pidamente a las necesidades de su proyecto.<\/li>\n<\/ul>\n<\/div>\n\n\n\n<div class=\"wp-block-column is-layout-flow wp-block-column-is-layout-flow\">\n<figure class=\"wp-block-image size-full\"><img fetchpriority=\"high\" decoding=\"async\" width=\"866\" height=\"866\" src=\"https:\/\/www.ceramicbasin.com\/wp-content\/uploads\/2025\/07\/European-Style-Ceramic-Vanity-SinksWall-Mounted-Sink-Wholesale-5.webp\" alt=\"Mayorista Lavabos de Pared, Fregaderos de Cer\u00e1mica Estilo Europeo-1\" class=\"wp-image-7339\" srcset=\"https:\/\/www.ceramicbasin.com\/wp-content\/uploads\/2025\/07\/European-Style-Ceramic-Vanity-SinksWall-Mounted-Sink-Wholesale-5.webp 866w, https:\/\/www.ceramicbasin.com\/wp-content\/uploads\/2025\/07\/European-Style-Ceramic-Vanity-SinksWall-Mounted-Sink-Wholesale-5-300x300.webp 300w, https:\/\/www.ceramicbasin.com\/wp-content\/uploads\/2025\/07\/European-Style-Ceramic-Vanity-SinksWall-Mounted-Sink-Wholesale-5-150x150.webp 150w, https:\/\/www.ceramicbasin.com\/wp-content\/uploads\/2025\/07\/European-Style-Ceramic-Vanity-SinksWall-Mounted-Sink-Wholesale-5-768x768.webp 768w, https:\/\/www.ceramicbasin.com\/wp-content\/uploads\/2025\/07\/European-Style-Ceramic-Vanity-SinksWall-Mounted-Sink-Wholesale-5-12x12.webp 12w, https:\/\/www.ceramicbasin.com\/wp-content\/uploads\/2025\/07\/European-Style-Ceramic-Vanity-SinksWall-Mounted-Sink-Wholesale-5-285x285.webp 285w, https:\/\/www.ceramicbasin.com\/wp-content\/uploads\/2025\/07\/European-Style-Ceramic-Vanity-SinksWall-Mounted-Sink-Wholesale-5-270x270.webp 270w, https:\/\/www.ceramicbasin.com\/wp-content\/uploads\/2025\/07\/European-Style-Ceramic-Vanity-SinksWall-Mounted-Sink-Wholesale-5-540x540.webp 540w, https:\/\/www.ceramicbasin.com\/wp-content\/uploads\/2025\/07\/European-Style-Ceramic-Vanity-SinksWall-Mounted-Sink-Wholesale-5-660x660.webp 660w\" sizes=\"(max-width: 866px) 100vw, 866px\" \/><\/figure>\n<\/div>\n<\/div>\n\n\n\n<p><\/p>","protected":false},"excerpt":{"rendered":"<p>Bienvenido a comprar al por mayor lavabos de pared. Nuestro suministro de f\u00e1brica de cer\u00e1mica lavabos de pared utilizan materiales de alta calidad y exquisita artesan\u00eda para garantizar la durabilidad y la comodidad de limpieza del fregadero. Ofrecemos servicios personalizados para satisfacer las necesidades del proyecto.<\/p>\n<table style=\"border-collapse: collapse; width: 358.52pt;\" border=\"0\" width=\"478\" cellspacing=\"0\" cellpadding=\"0\">\n<tbody>\n<tr style=\"height: 17.25pt;\">\n<td class=\"et3\" style=\"height: 17.25pt; width: 125.00pt;\" width=\"166\" height=\"23\">Fabricante<\/td>\n<td class=\"et3\" style=\"width: 234.15pt;\" width=\"312\">HanYu<\/td>\n<\/tr>\n<tr style=\"height: 17.25pt;\">\n<td class=\"et3\" style=\"height: 17.25pt;\" height=\"23\">N\u00ba de modelo<\/td>\n<td class=\"et4\">HY-3058L_R<\/td>\n<\/tr>\n<tr style=\"height: 17.25pt;\">\n<td class=\"et3\" style=\"height: 17.25pt;\" height=\"23\">Tipo<\/td>\n<td class=\"et5\" style=\"width: 234.15pt;\" width=\"312\">Fregaderos murales<\/td>\n<\/tr>\n<tr style=\"height: 18.00pt;\">\n<td class=\"et3\" style=\"height: 18.00pt;\" height=\"24\">Forma<\/td>\n<td class=\"et3\">Forma cuadrada<\/td>\n<\/tr>\n<tr style=\"height: 34.50pt;\">\n<td class=\"et4\" style=\"height: 34.50pt;\" height=\"46\">Color<\/td>\n<td class=\"et5\" style=\"width: 234.15pt;\" width=\"312\">negro\/blanco\/azul\/gris\/rosa\/verde\/marr\u00f3n\/caqui<\/td>\n<\/tr>\n<tr style=\"height: 18.00pt;\">\n<td class=\"et3\" style=\"height: 18.00pt;\" height=\"24\">Dimensi\u00f3n<\/td>\n<td class=\"et5\" style=\"width: 234.15pt;\" width=\"312\">50.5*27*21<\/td>\n<\/tr>\n<tr style=\"height: 17.25pt;\">\n<td class=\"et3\" style=\"height: 17.25pt;\" height=\"23\">N.W \/SET<\/td>\n<td class=\"et3\">10KGS\/PCS<\/td>\n<\/tr>\n<tr style=\"height: 17.25pt;\">\n<td class=\"et3\" style=\"height: 17.25pt;\" height=\"23\">MOQ<\/td>\n<td class=\"et3\">20 piezas<\/td>\n<\/tr>\n<tr style=\"height: 17.25pt;\">\n<td class=\"et3\" style=\"height: 17.25pt;\" height=\"23\">Opci\u00f3n personalizada<\/td>\n<td class=\"et3\">Color\/Patr\u00f3n\/Tama\u00f1o\/Logotipo\/Embalaje<\/td>\n<\/tr>\n<\/tbody>\n<\/table>","protected":false},"featured_media":7336,"comment_status":"closed","ping_status":"closed","template":"","meta":{"_acf_changed":false},"product_brand":[],"product_cat":[57],"product_tag":[],"class_list":{"0":"post-7334","1":"product","2":"type-product","3":"status-publish","4":"has-post-thumbnail","6":"product_cat-wholesale-wall-mounted-sinks","8":"first","9":"instock","10":"shipping-taxable","11":"product-type-simple"},"acf":[],"_links":{"self":[{"href":"https:\/\/www.ceramicbasin.com\/es\/wp-json\/wp\/v2\/product\/7334","targetHints":{"allow":["GET"]}}],"collection":[{"href":"https:\/\/www.ceramicbasin.com\/es\/wp-json\/wp\/v2\/product"}],"about":[{"href":"https:\/\/www.ceramicbasin.com\/es\/wp-json\/wp\/v2\/types\/product"}],"replies":[{"embeddable":true,"href":"https:\/\/www.ceramicbasin.com\/es\/wp-json\/wp\/v2\/comments?post=7334"}],"wp:featuredmedia":[{"embeddable":true,"href":"https:\/\/www.ceramicbasin.com\/es\/wp-json\/wp\/v2\/media\/7336"}],"wp:attachment":[{"href":"https:\/\/www.ceramicbasin.com\/es\/wp-json\/wp\/v2\/media?parent=7334"}],"wp:term":[{"taxonomy":"product_brand","embeddable":true,"href":"https:\/\/www.ceramicbasin.com\/es\/wp-json\/wp\/v2\/product_brand?post=7334"},{"taxonomy":"product_cat","embeddable":true,"href":"https:\/\/www.ceramicbasin.com\/es\/wp-json\/wp\/v2\/product_cat?post=7334"},{"taxonomy":"product_tag","embeddable":true,"href":"https:\/\/www.ceramicbasin.com\/es\/wp-json\/wp\/v2\/product_tag?post=7334"}],"curies":[{"name":"wp","href":"https:\/\/api.w.org\/{rel}","templated":true}]}}