{"id":7342,"date":"2025-08-01T03:17:22","date_gmt":"2025-08-01T03:17:22","guid":{"rendered":"https:\/\/www.ceramicbasin.com\/?post_type=product&#038;p=7342"},"modified":"2025-08-01T03:17:24","modified_gmt":"2025-08-01T03:17:24","slug":"wall-mount-sinks-wholesale","status":"publish","type":"product","link":"https:\/\/www.ceramicbasin.com\/es\/producto\/wall-mount-sinks-wholesale\/","title":{"rendered":"Fregaderos Modernos de Pared al por Mayor, Lavabos de Suministro de F\u00e1brica"},"content":{"rendered":"<div class=\"wp-block-columns is-layout-flex wp-container-core-columns-is-layout-9d6595d7 wp-block-columns-is-layout-flex\">\n<div class=\"wp-block-column is-layout-flow wp-block-column-is-layout-flow\">\n<h2 class=\"wp-block-heading\">Premium Fregaderos de pared al por mayor Caracter\u00edsticas:<\/h2>\n\n\n\n<ul class=\"wp-block-list\">\n<li><strong>Dise\u00f1o de optimizaci\u00f3n del espacio: <\/strong>Estos lavabos murales de cer\u00e1mica al por mayor estrechos y largos son especialmente adecuados para cuartos de ba\u00f1o peque\u00f1os, ya que mejoran el aprovechamiento del espacio.<\/li>\n\n\n\n<li><strong>Fabricado en porcelana de alta calidad: <\/strong>Nuestra f\u00e1brica suministra lavabos hechos de arcilla de porcelana de alta calidad y se cuecen a altas temperaturas para garantizar que los lavabos tengan una textura s\u00f3lida, una superficie lisa, sean f\u00e1ciles de limpiar y tengan un brillo duradero.<\/li>\n\n\n\n<li><strong>Instalaci\u00f3n mural:<\/strong> Estos lavabos suministrados de f\u00e1brica no s\u00f3lo ahorran espacio, sino que tambi\u00e9n facilitan la limpieza del suelo inferior, manteniendo el cuarto de ba\u00f1o ordenado y creando un ambiente de uso refrescante.<\/li>\n\n\n\n<li><strong>Ahorro en costes de compra a granel:<\/strong> Como mayorista de fregaderos murales de cer\u00e1mica, HanYu puede ofrecerle precios de compra competitivos para ayudarle a controlar eficazmente los costes de decoraci\u00f3n sin sacrificar la calidad.<\/li>\n<\/ul>\n<\/div>\n\n\n\n<div class=\"wp-block-column is-layout-flow wp-block-column-is-layout-flow\">\n<figure class=\"wp-block-image size-full\"><img fetchpriority=\"high\" decoding=\"async\" width=\"914\" height=\"914\" src=\"https:\/\/www.ceramicbasin.com\/wp-content\/uploads\/2025\/07\/Wholesale-Modern-Wall-Mount-SinksFactory-Supply-Wash-Basins-2.webp\" alt=\"Fregaderos De Pared Modernos Al Por Mayor, Lavabos De Suministro De F\u00e1brica-1\" class=\"wp-image-7344\" srcset=\"https:\/\/www.ceramicbasin.com\/wp-content\/uploads\/2025\/07\/Wholesale-Modern-Wall-Mount-SinksFactory-Supply-Wash-Basins-2.webp 914w, https:\/\/www.ceramicbasin.com\/wp-content\/uploads\/2025\/07\/Wholesale-Modern-Wall-Mount-SinksFactory-Supply-Wash-Basins-2-300x300.webp 300w, https:\/\/www.ceramicbasin.com\/wp-content\/uploads\/2025\/07\/Wholesale-Modern-Wall-Mount-SinksFactory-Supply-Wash-Basins-2-150x150.webp 150w, https:\/\/www.ceramicbasin.com\/wp-content\/uploads\/2025\/07\/Wholesale-Modern-Wall-Mount-SinksFactory-Supply-Wash-Basins-2-768x768.webp 768w, https:\/\/www.ceramicbasin.com\/wp-content\/uploads\/2025\/07\/Wholesale-Modern-Wall-Mount-SinksFactory-Supply-Wash-Basins-2-12x12.webp 12w, https:\/\/www.ceramicbasin.com\/wp-content\/uploads\/2025\/07\/Wholesale-Modern-Wall-Mount-SinksFactory-Supply-Wash-Basins-2-285x285.webp 285w, https:\/\/www.ceramicbasin.com\/wp-content\/uploads\/2025\/07\/Wholesale-Modern-Wall-Mount-SinksFactory-Supply-Wash-Basins-2-270x270.webp 270w, https:\/\/www.ceramicbasin.com\/wp-content\/uploads\/2025\/07\/Wholesale-Modern-Wall-Mount-SinksFactory-Supply-Wash-Basins-2-540x540.webp 540w, https:\/\/www.ceramicbasin.com\/wp-content\/uploads\/2025\/07\/Wholesale-Modern-Wall-Mount-SinksFactory-Supply-Wash-Basins-2-660x660.webp 660w\" sizes=\"(max-width: 914px) 100vw, 914px\" \/><\/figure>\n<\/div>\n<\/div>\n\n\n\n<p><\/p>","protected":false},"excerpt":{"rendered":"<p>Bienvenido a comprar lavabos de suministro de f\u00e1brica. Nuestros lavabos murales de cer\u00e1mica al por mayor est\u00e1n dise\u00f1ados para cuartos de ba\u00f1o peque\u00f1os que persiguen la practicidad y la belleza. La selecci\u00f3n de materiales cer\u00e1micos superiores garantiza que nuestro lavabo colgante de pared tenga una excelente durabilidad y belleza.<\/p>\n<table style=\"border-collapse: collapse; width: 358.52pt;\" border=\"0\" width=\"478\" cellspacing=\"0\" cellpadding=\"0\">\n<tbody>\n<tr style=\"height: 17.25pt;\">\n<td class=\"et3\" style=\"height: 17.25pt; width: 125.00pt;\" width=\"166\" height=\"23\">Fabricante<\/td>\n<td class=\"et3\" style=\"width: 234.15pt;\" width=\"312\">HanYu<\/td>\n<\/tr>\n<tr style=\"height: 17.25pt;\">\n<td class=\"et3\" style=\"height: 17.25pt;\" height=\"23\">N\u00ba de modelo<\/td>\n<td class=\"et4\">HY-3059<\/td>\n<\/tr>\n<tr style=\"height: 17.25pt;\">\n<td class=\"et3\" style=\"height: 17.25pt;\" height=\"23\">Tipo<\/td>\n<td class=\"et5\" style=\"width: 234.15pt;\" width=\"312\">Fregaderos murales<\/td>\n<\/tr>\n<tr style=\"height: 18.00pt;\">\n<td class=\"et3\" style=\"height: 18.00pt;\" height=\"24\">Forma<\/td>\n<td class=\"et3\">Forma rectangular<\/td>\n<\/tr>\n<tr style=\"height: 34.50pt;\">\n<td class=\"et4\" style=\"height: 34.50pt;\" height=\"46\">Color<\/td>\n<td class=\"et5\" style=\"width: 234.15pt;\" width=\"312\">negro\/blanco\/azul\/gris\/rosa\/verde\/marr\u00f3n\/caqui<\/td>\n<\/tr>\n<tr style=\"height: 18.00pt;\">\n<td class=\"et3\" style=\"height: 18.00pt;\" height=\"24\">Dimensi\u00f3n<\/td>\n<td class=\"et5\" style=\"width: 234.15pt;\" width=\"312\">40.5*27*21<\/td>\n<\/tr>\n<tr style=\"height: 17.25pt;\">\n<td class=\"et3\" style=\"height: 17.25pt;\" height=\"23\">N.W \/SET<\/td>\n<td class=\"et3\">8.5KGS\/PCS<\/td>\n<\/tr>\n<tr style=\"height: 17.25pt;\">\n<td class=\"et3\" style=\"height: 17.25pt;\" height=\"23\">MOQ<\/td>\n<td class=\"et3\">20 piezas<\/td>\n<\/tr>\n<tr style=\"height: 17.25pt;\">\n<td class=\"et3\" style=\"height: 17.25pt;\" height=\"23\">Opci\u00f3n personalizada<\/td>\n<td class=\"et3\">Color\/Patr\u00f3n\/Tama\u00f1o\/Logotipo\/Embalaje<\/td>\n<\/tr>\n<\/tbody>\n<\/table>","protected":false},"featured_media":7348,"comment_status":"closed","ping_status":"closed","template":"","meta":{"_acf_changed":false},"product_brand":[],"product_cat":[57],"product_tag":[],"class_list":{"0":"post-7342","1":"product","2":"type-product","3":"status-publish","4":"has-post-thumbnail","6":"product_cat-wholesale-wall-mounted-sinks","8":"first","9":"instock","10":"shipping-taxable","11":"product-type-simple"},"acf":[],"_links":{"self":[{"href":"https:\/\/www.ceramicbasin.com\/es\/wp-json\/wp\/v2\/product\/7342","targetHints":{"allow":["GET"]}}],"collection":[{"href":"https:\/\/www.ceramicbasin.com\/es\/wp-json\/wp\/v2\/product"}],"about":[{"href":"https:\/\/www.ceramicbasin.com\/es\/wp-json\/wp\/v2\/types\/product"}],"replies":[{"embeddable":true,"href":"https:\/\/www.ceramicbasin.com\/es\/wp-json\/wp\/v2\/comments?post=7342"}],"wp:featuredmedia":[{"embeddable":true,"href":"https:\/\/www.ceramicbasin.com\/es\/wp-json\/wp\/v2\/media\/7348"}],"wp:attachment":[{"href":"https:\/\/www.ceramicbasin.com\/es\/wp-json\/wp\/v2\/media?parent=7342"}],"wp:term":[{"taxonomy":"product_brand","embeddable":true,"href":"https:\/\/www.ceramicbasin.com\/es\/wp-json\/wp\/v2\/product_brand?post=7342"},{"taxonomy":"product_cat","embeddable":true,"href":"https:\/\/www.ceramicbasin.com\/es\/wp-json\/wp\/v2\/product_cat?post=7342"},{"taxonomy":"product_tag","embeddable":true,"href":"https:\/\/www.ceramicbasin.com\/es\/wp-json\/wp\/v2\/product_tag?post=7342"}],"curies":[{"name":"wp","href":"https:\/\/api.w.org\/{rel}","templated":true}]}}