{"id":7356,"date":"2025-08-01T02:59:03","date_gmt":"2025-08-01T02:59:03","guid":{"rendered":"https:\/\/www.ceramicbasin.com\/?post_type=product&#038;p=7356"},"modified":"2025-08-01T02:59:06","modified_gmt":"2025-08-01T02:59:06","slug":"wholesale-wall-mount-corner-sink","status":"publish","type":"product","link":"https:\/\/www.ceramicbasin.com\/es\/producto\/wholesale-wall-mount-corner-sink\/","title":{"rendered":"Mayorista Fregaderos de Esquina de Montaje en Pared, Lavabos de Dise\u00f1o Cl\u00e1sico"},"content":{"rendered":"<div class=\"wp-block-columns is-layout-flex wp-container-core-columns-is-layout-9d6595d7 wp-block-columns-is-layout-flex\">\n<div class=\"wp-block-column is-layout-flow wp-block-column-is-layout-flow\">\n<h2 class=\"wp-block-heading\">Premium al por mayor de montaje en pared fregadero de esquina Caracter\u00edsticas:<\/h2>\n\n\n\n<ul class=\"wp-block-list\">\n<li><strong>Tratamiento de esmalte f\u00e1cil de limpiar:<\/strong>\u00a0La superficie de este lavabo de cer\u00e1mica colgado de la pared al por mayor adopta una tecnolog\u00eda especial de esmalte f\u00e1cil de limpiar, que es suave y delicada, las manchas no son f\u00e1ciles de adherir, y f\u00e1cil de limpiar.<\/li>\n\n\n\n<li><strong>Alta calidad y durabilidad: <\/strong>Nuestros fregaderos esquineros murales al por mayor est\u00e1n fabricados con material cer\u00e1mico de alta calidad, y su superficie es resistente a los ara\u00f1azos y a las manchas. No acumula agua ni manchas residuales con facilidad.<\/li>\n\n\n\n<li><strong>F\u00e1cil de instalar:<\/strong> Este lavabo de cer\u00e1mica suspendido al por mayor se completa con accesorios y pasos de instalaci\u00f3n simplificados. Son adecuados para espacios residenciales, hoteleros y comerciales, y satisfacen diversas necesidades de dise\u00f1o y decoraci\u00f3n de ba\u00f1os.<\/li>\n\n\n\n<li><strong>Optimiza la distribuci\u00f3n del ba\u00f1o: <\/strong>Nuestro lavabo de esquina de montaje en pared al por mayor optimiza la distribuci\u00f3n del cuarto de ba\u00f1o con una estructura triangular de montaje en pared que ahorra espacio. El estilo de dise\u00f1o moderno y sencillo es adecuado para una variedad de estilos decorativos y es una opci\u00f3n ideal para espacios compactos.<\/li>\n<\/ul>\n<\/div>\n\n\n\n<div class=\"wp-block-column is-layout-flow wp-block-column-is-layout-flow\">\n<figure class=\"wp-block-image size-full\"><img fetchpriority=\"high\" decoding=\"async\" width=\"912\" height=\"912\" src=\"https:\/\/www.ceramicbasin.com\/wp-content\/uploads\/2025\/07\/Classical-Design-Sanitary-Corner-Wall-Hung-Basin-Triangle-Shape-Basin-6.webp\" alt=\"Mayorista Fregaderos de Esquina de Montaje en Pared, Lavabos de Dise\u00f1o Cl\u00e1sico-1\" class=\"wp-image-7362\" srcset=\"https:\/\/www.ceramicbasin.com\/wp-content\/uploads\/2025\/07\/Classical-Design-Sanitary-Corner-Wall-Hung-Basin-Triangle-Shape-Basin-6.webp 912w, https:\/\/www.ceramicbasin.com\/wp-content\/uploads\/2025\/07\/Classical-Design-Sanitary-Corner-Wall-Hung-Basin-Triangle-Shape-Basin-6-300x300.webp 300w, https:\/\/www.ceramicbasin.com\/wp-content\/uploads\/2025\/07\/Classical-Design-Sanitary-Corner-Wall-Hung-Basin-Triangle-Shape-Basin-6-150x150.webp 150w, https:\/\/www.ceramicbasin.com\/wp-content\/uploads\/2025\/07\/Classical-Design-Sanitary-Corner-Wall-Hung-Basin-Triangle-Shape-Basin-6-768x768.webp 768w, https:\/\/www.ceramicbasin.com\/wp-content\/uploads\/2025\/07\/Classical-Design-Sanitary-Corner-Wall-Hung-Basin-Triangle-Shape-Basin-6-12x12.webp 12w, https:\/\/www.ceramicbasin.com\/wp-content\/uploads\/2025\/07\/Classical-Design-Sanitary-Corner-Wall-Hung-Basin-Triangle-Shape-Basin-6-285x285.webp 285w, https:\/\/www.ceramicbasin.com\/wp-content\/uploads\/2025\/07\/Classical-Design-Sanitary-Corner-Wall-Hung-Basin-Triangle-Shape-Basin-6-270x270.webp 270w, https:\/\/www.ceramicbasin.com\/wp-content\/uploads\/2025\/07\/Classical-Design-Sanitary-Corner-Wall-Hung-Basin-Triangle-Shape-Basin-6-540x540.webp 540w, https:\/\/www.ceramicbasin.com\/wp-content\/uploads\/2025\/07\/Classical-Design-Sanitary-Corner-Wall-Hung-Basin-Triangle-Shape-Basin-6-660x660.webp 660w\" sizes=\"(max-width: 912px) 100vw, 912px\" \/><\/figure>\n<\/div>\n<\/div>","protected":false},"excerpt":{"rendered":"<p>Bienvenido a comprar lavabo de cer\u00e1mica al por mayor. Nuestro lavabo de esquina de montaje en pared al por mayor optimiza la distribuci\u00f3n del cuarto de ba\u00f1o con una estructura triangular de montaje en pared que ahorra espacio. El estilo de dise\u00f1o moderno y simple es adecuado para una variedad de estilos decorativos y es una opci\u00f3n ideal para espacios compactos.<\/p>\n<table style=\"border-collapse: collapse; width: 311.02pt;\" border=\"0\" width=\"311\" cellspacing=\"0\" cellpadding=\"0\">\n<tbody>\n<tr style=\"height: 17.60pt;\">\n<td class=\"et3\" style=\"height: 17.60pt; width: 108.35pt;\" width=\"108\" height=\"17\">Fabricante<\/td>\n<td class=\"et3\" style=\"width: 202.95pt;\" width=\"202\">HanYu<\/td>\n<\/tr>\n<tr style=\"height: 17.60pt;\">\n<td class=\"et3\" style=\"height: 17.60pt;\" height=\"17\">N\u00ba de modelo<\/td>\n<td class=\"et4\">HY3061<\/td>\n<\/tr>\n<tr style=\"height: 17.60pt;\">\n<td class=\"et3\" style=\"height: 17.60pt;\" height=\"17\">Tipo<\/td>\n<td class=\"et3\">Lavabo mural<\/td>\n<\/tr>\n<tr style=\"height: 17.60pt;\">\n<td class=\"et3\" style=\"height: 17.60pt;\" height=\"17\">Forma<\/td>\n<td class=\"et2\">Forma triangular<\/td>\n<\/tr>\n<tr style=\"height: 17.60pt;\">\n<td class=\"et4\" style=\"height: 17.60pt;\" height=\"17\">Color<\/td>\n<td class=\"et3\">Blanco<\/td>\n<\/tr>\n<tr style=\"height: 18.00pt;\">\n<td class=\"et3\" style=\"height: 18.00pt;\" height=\"18\">Dimensi\u00f3n<\/td>\n<td class=\"et5\" style=\"width: 202.95pt;\" width=\"202\">31*31*19.5<\/td>\n<\/tr>\n<tr style=\"height: 17.60pt;\">\n<td class=\"et3\" style=\"height: 17.60pt;\" height=\"17\">N.W \/SET<\/td>\n<td class=\"et3\">7.5KGS\/PCS<\/td>\n<\/tr>\n<tr style=\"height: 17.60pt;\">\n<td class=\"et3\" style=\"height: 17.60pt;\" height=\"17\">MOQ<\/td>\n<td class=\"et3\">20 piezas<\/td>\n<\/tr>\n<tr style=\"height: 17.60pt;\">\n<td class=\"et3\" style=\"height: 17.60pt;\" height=\"17\">Opci\u00f3n personalizada<\/td>\n<td class=\"et3\">Color\/Patr\u00f3n\/Tama\u00f1o\/Logotipo\/Embalaje<\/td>\n<\/tr>\n<\/tbody>\n<\/table>","protected":false},"featured_media":7361,"comment_status":"closed","ping_status":"closed","template":"","meta":{"_acf_changed":false},"product_brand":[],"product_cat":[57],"product_tag":[],"class_list":{"0":"post-7356","1":"product","2":"type-product","3":"status-publish","4":"has-post-thumbnail","6":"product_cat-wholesale-wall-mounted-sinks","8":"first","9":"instock","10":"shipping-taxable","11":"product-type-simple"},"acf":[],"_links":{"self":[{"href":"https:\/\/www.ceramicbasin.com\/es\/wp-json\/wp\/v2\/product\/7356","targetHints":{"allow":["GET"]}}],"collection":[{"href":"https:\/\/www.ceramicbasin.com\/es\/wp-json\/wp\/v2\/product"}],"about":[{"href":"https:\/\/www.ceramicbasin.com\/es\/wp-json\/wp\/v2\/types\/product"}],"replies":[{"embeddable":true,"href":"https:\/\/www.ceramicbasin.com\/es\/wp-json\/wp\/v2\/comments?post=7356"}],"wp:featuredmedia":[{"embeddable":true,"href":"https:\/\/www.ceramicbasin.com\/es\/wp-json\/wp\/v2\/media\/7361"}],"wp:attachment":[{"href":"https:\/\/www.ceramicbasin.com\/es\/wp-json\/wp\/v2\/media?parent=7356"}],"wp:term":[{"taxonomy":"product_brand","embeddable":true,"href":"https:\/\/www.ceramicbasin.com\/es\/wp-json\/wp\/v2\/product_brand?post=7356"},{"taxonomy":"product_cat","embeddable":true,"href":"https:\/\/www.ceramicbasin.com\/es\/wp-json\/wp\/v2\/product_cat?post=7356"},{"taxonomy":"product_tag","embeddable":true,"href":"https:\/\/www.ceramicbasin.com\/es\/wp-json\/wp\/v2\/product_tag?post=7356"}],"curies":[{"name":"wp","href":"https:\/\/api.w.org\/{rel}","templated":true}]}}