{"id":7373,"date":"2025-08-07T08:58:46","date_gmt":"2025-08-07T08:58:46","guid":{"rendered":"https:\/\/www.ceramicbasin.com\/?post_type=product&#038;p=7373"},"modified":"2025-11-05T03:11:39","modified_gmt":"2025-11-05T03:11:39","slug":"wholesale-modern-countertop-basin","status":"publish","type":"product","link":"https:\/\/www.ceramicbasin.com\/es\/producto\/wholesale-modern-countertop-basin\/","title":{"rendered":"Mayorista Lavabo de Encimera Moderno, Lavabo de Tocador Rectangular"},"content":{"rendered":"<div class=\"wp-block-columns is-layout-flex wp-container-core-columns-is-layout-9d6595d7 wp-block-columns-is-layout-flex\">\n<div class=\"wp-block-column is-layout-flow wp-block-column-is-layout-flow\">\n<h2 class=\"wp-block-heading\">Lavabo de Encimera Moderno al por mayor de primera calidad Caracter\u00edsticas:<\/h2>\n\n\n\n<ul class=\"wp-block-list\">\n<li><strong>Dise\u00f1o rectangular cl\u00e1sico: <\/strong>Este lavabo a medida para encimera de ba\u00f1o adopta un dise\u00f1o rectangular cl\u00e1sico, con l\u00edneas sencillas y elegantes y una forma cl\u00e1sica y vers\u00e1til, adecuada para varios estilos de ba\u00f1o, que a\u00f1ade un temperamento moderno y elegante al espacio del ba\u00f1o.<\/li>\n\n\n\n<li><strong>Material de alta calidad: <\/strong>Fabricado con materiales cer\u00e1micos de primera calidad, cocido a alta temperatura, para hacer que nuestro lavabo sobre encimera moderno al por mayor sea robusto, resistente, a prueba de manchas y ara\u00f1azos. La superficie clara no s\u00f3lo es conveniente para limpiar, pero tambi\u00e9n se convierte en durable y brillante durante mucho tiempo, haciendo que el cuarto de ba\u00f1o tiene un temperamento de alto grado.<\/li>\n\n\n\n<li><strong>Dise\u00f1o moderno y minimalista: <\/strong>Estos lavabos de cer\u00e1mica, de bella factura artesanal, tienen bordes rectos, limpios y cuadrados que crean una imagen clara y n\u00edtida, adecuada para ba\u00f1os modernos, n\u00f3rdicos, minimalistas y de otros estilos. El esmalte de la superficie es plano, uniforme, a prueba de ara\u00f1azos y manchas, f\u00e1cil de limpiar y conserva su acabado blanco brillante tras un uso prolongado.<\/li>\n\n\n\n<li><strong>Personalizaci\u00f3n profesional:<\/strong> Hanyu proporciona una variedad de opciones de personalizaci\u00f3n para lavabos de encimera modernos al por mayor. Si se trata de color, forma o textura, puede satisfacer sus necesidades y proporcionarle productos de lavabo de cer\u00e1mica m\u00e1s competitivos por mayor.<\/li>\n<\/ul>\n<\/div>\n\n\n\n<div class=\"wp-block-column is-layout-flow wp-block-column-is-layout-flow\">\n<figure class=\"wp-block-image size-full\"><img fetchpriority=\"high\" decoding=\"async\" width=\"634\" height=\"855\" src=\"https:\/\/www.ceramicbasin.com\/wp-content\/uploads\/2025\/08\/Wholesales-Sanitary-Ware-Basin-5.webp\" alt=\"mayorista-moderno-fregadero-hotel-fregadero-ceramica-custom-5\" class=\"wp-image-7418\" srcset=\"https:\/\/www.ceramicbasin.com\/wp-content\/uploads\/2025\/08\/Wholesales-Sanitary-Ware-Basin-5.webp 634w, https:\/\/www.ceramicbasin.com\/wp-content\/uploads\/2025\/08\/Wholesales-Sanitary-Ware-Basin-5-222x300.webp 222w, https:\/\/www.ceramicbasin.com\/wp-content\/uploads\/2025\/08\/Wholesales-Sanitary-Ware-Basin-5-9x12.webp 9w, https:\/\/www.ceramicbasin.com\/wp-content\/uploads\/2025\/08\/Wholesales-Sanitary-Ware-Basin-5-285x384.webp 285w, https:\/\/www.ceramicbasin.com\/wp-content\/uploads\/2025\/08\/Wholesales-Sanitary-Ware-Basin-5-489x660.webp 489w, https:\/\/www.ceramicbasin.com\/wp-content\/uploads\/2025\/08\/Wholesales-Sanitary-Ware-Basin-5-111x150.webp 111w\" sizes=\"(max-width: 634px) 100vw, 634px\" \/><\/figure>\n<\/div>\n<\/div>","protected":false},"excerpt":{"rendered":"<div class=\"highlights-border-container\" data-v-944c06bb=\"\"><span class=\"highlights\" data-v-944c06bb=\"\">Bienvenido a comprar al por mayor el lavabo de encimera moderno de HanYu. Este lavabo cuadrado de cer\u00e1mica blanca se fabrica utilizando tecnolog\u00eda de cocci\u00f3n a alta temperatura, con una superficie de esmalte suave y delicada que ofrece una excelente resistencia a las manchas y ara\u00f1azos, por lo que es f\u00e1cil de limpiar y mantenerlo como nuevo durante mucho tiempo. Ofrecemos precios muy competitivos para satisfacer sus necesidades de compra de lavabos de ba\u00f1o.<\/span><\/div>\n<div class=\"text-stats\" data-v-944c06bb=\"\">\n<div class=\"stats\" data-v-944c06bb=\"\"><span class=\"highlights-note\" data-v-944c06bb=\"\">\u00a0<\/span><\/div>\n<\/div>\n<table style=\"border-collapse: collapse; width: 311.02pt;\" border=\"0\" width=\"311\" cellspacing=\"0\" cellpadding=\"0\">\n<tbody>\n<tr style=\"height: 17.60pt;\">\n<td class=\"et3\" style=\"height: 17.60pt; width: 108.35pt;\" width=\"108\" height=\"17\">Fabricante<\/td>\n<td class=\"et3\" style=\"width: 202.95pt;\" width=\"202\">HanYu<\/td>\n<\/tr>\n<tr style=\"height: 17.60pt;\">\n<td class=\"et3\" style=\"height: 17.60pt;\" height=\"17\">N\u00ba de modelo<\/td>\n<td class=\"et4\">HY-8064-45<\/td>\n<\/tr>\n<tr style=\"height: 17.60pt;\">\n<td class=\"et3\" style=\"height: 17.60pt;\" height=\"17\">Tipo<\/td>\n<td class=\"et3\">Lavabo de Encimera<\/td>\n<\/tr>\n<tr style=\"height: 17.60pt;\">\n<td class=\"et3\" style=\"height: 17.60pt;\" height=\"17\">Forma<\/td>\n<td class=\"et3\">Forma rectangular<\/td>\n<\/tr>\n<tr style=\"height: 17.60pt;\">\n<td class=\"et4\" style=\"height: 17.60pt;\" height=\"17\">Color<\/td>\n<td class=\"et3\">Blanco<\/td>\n<\/tr>\n<tr style=\"height: 18.00pt;\">\n<td class=\"et3\" style=\"height: 18.00pt;\" height=\"18\">Dimensi\u00f3n<\/td>\n<td class=\"et5\" style=\"width: 202.95pt;\" width=\"202\">45*38*11<\/td>\n<\/tr>\n<tr style=\"height: 17.60pt;\">\n<td class=\"et3\" style=\"height: 17.60pt;\" height=\"17\">N.W \/SET<\/td>\n<td class=\"et3\">8KGS\/PCS<\/td>\n<\/tr>\n<tr style=\"height: 17.60pt;\">\n<td class=\"et3\" style=\"height: 17.60pt;\" height=\"17\">MOQ<\/td>\n<td class=\"et3\">20 piezas<\/td>\n<\/tr>\n<tr style=\"height: 17.60pt;\">\n<td class=\"et3\" style=\"height: 17.60pt;\" height=\"17\">Opci\u00f3n personalizada<\/td>\n<td class=\"et3\">Color\/Patr\u00f3n\/Tama\u00f1o\/Logotipo\/Embalaje<\/td>\n<\/tr>\n<\/tbody>\n<\/table>","protected":false},"featured_media":7419,"comment_status":"closed","ping_status":"closed","template":"","meta":{"_acf_changed":false},"product_brand":[],"product_cat":[50],"product_tag":[],"class_list":{"0":"post-7373","1":"product","2":"type-product","3":"status-publish","4":"has-post-thumbnail","6":"product_cat-wholesale-countertop-sinks","8":"first","9":"instock","10":"shipping-taxable","11":"product-type-simple"},"acf":[],"_links":{"self":[{"href":"https:\/\/www.ceramicbasin.com\/es\/wp-json\/wp\/v2\/product\/7373","targetHints":{"allow":["GET"]}}],"collection":[{"href":"https:\/\/www.ceramicbasin.com\/es\/wp-json\/wp\/v2\/product"}],"about":[{"href":"https:\/\/www.ceramicbasin.com\/es\/wp-json\/wp\/v2\/types\/product"}],"replies":[{"embeddable":true,"href":"https:\/\/www.ceramicbasin.com\/es\/wp-json\/wp\/v2\/comments?post=7373"}],"wp:featuredmedia":[{"embeddable":true,"href":"https:\/\/www.ceramicbasin.com\/es\/wp-json\/wp\/v2\/media\/7419"}],"wp:attachment":[{"href":"https:\/\/www.ceramicbasin.com\/es\/wp-json\/wp\/v2\/media?parent=7373"}],"wp:term":[{"taxonomy":"product_brand","embeddable":true,"href":"https:\/\/www.ceramicbasin.com\/es\/wp-json\/wp\/v2\/product_brand?post=7373"},{"taxonomy":"product_cat","embeddable":true,"href":"https:\/\/www.ceramicbasin.com\/es\/wp-json\/wp\/v2\/product_cat?post=7373"},{"taxonomy":"product_tag","embeddable":true,"href":"https:\/\/www.ceramicbasin.com\/es\/wp-json\/wp\/v2\/product_tag?post=7373"}],"curies":[{"name":"wp","href":"https:\/\/api.w.org\/{rel}","templated":true}]}}