{"id":7381,"date":"2025-08-07T09:21:35","date_gmt":"2025-08-07T09:21:35","guid":{"rendered":"https:\/\/www.ceramicbasin.com\/?post_type=product&#038;p=7381"},"modified":"2025-11-03T07:24:19","modified_gmt":"2025-11-03T07:24:19","slug":"custom-modern-countertop-basin","status":"publish","type":"product","link":"https:\/\/www.ceramicbasin.com\/es\/producto\/custom-modern-countertop-basin\/","title":{"rendered":"Lavabo de Encimera Moderno a Medida, Fregaderos de Cer\u00e1mica al por Mayor"},"content":{"rendered":"<div class=\"wp-block-columns is-layout-flex wp-container-core-columns-is-layout-9d6595d7 wp-block-columns-is-layout-flex\">\n<div class=\"wp-block-column is-layout-flow wp-block-column-is-layout-flow\">\n<h2 class=\"wp-block-heading\">Lavabo de Encimera Premium Custom Modern Caracter\u00edsticas:<\/h2>\n\n\n\n<ul class=\"wp-block-list\">\n<li><strong>Moderno dise\u00f1o rectangular:<\/strong> Este lavabo de encimera moderno a medida adopta un dise\u00f1o rectangular sencillo y elegante, de l\u00edneas suaves y estilo moderno. Puede combinar perfectamente con diversos estilos de decoraci\u00f3n de ba\u00f1o, a\u00f1adiendo elegancia y modernidad al espacio de ba\u00f1o.<\/li>\n\n\n\n<li><strong>Dise\u00f1o de gran tama\u00f1o: <\/strong>El lavabo de sobre encimera de gran tama\u00f1o satisface la demanda de un lavabo espacioso. No s\u00f3lo es pr\u00e1ctico, sino que tambi\u00e9n puede mejorar el grado general y la comodidad del cuarto de ba\u00f1o. Es adecuado para viviendas y hoteles de lujo.<\/li>\n\n\n\n<li><strong>Opciones personalizadas: <\/strong>HanYu ofrece servicios de lavabo de encimera moderno personalizado, proporcionando una variedad de tama\u00f1os, colores y texturas seg\u00fan las necesidades del cliente, satisfaciendo diferentes dise\u00f1os de ba\u00f1o y preferencias personales, y creando un espacio de ba\u00f1o \u00fanico para usted.<\/li>\n\n\n\n<li><strong>Precio al por mayor: <\/strong>Nuestro fregadero del recipiente de encargo a granel se vende en un precio al por mayor directo de la f\u00e1brica para ganar m\u00e1s espacio del beneficio para los clientes. Bienvenido compradores B2B a la compra a granel.<\/li>\n<\/ul>\n<\/div>\n\n\n\n<div class=\"wp-block-column is-layout-flow wp-block-column-is-layout-flow\">\n<figure class=\"wp-block-image size-full\"><img fetchpriority=\"high\" decoding=\"async\" width=\"757\" height=\"857\" src=\"https:\/\/www.ceramicbasin.com\/wp-content\/uploads\/2025\/08\/Table-Top-Hand-Wash-Basin-5.webp\" alt=\"fregaderos-ceramica-modernos-encimera-rectangulares-al-mayor-5\" class=\"wp-image-7412\" srcset=\"https:\/\/www.ceramicbasin.com\/wp-content\/uploads\/2025\/08\/Table-Top-Hand-Wash-Basin-5.webp 757w, https:\/\/www.ceramicbasin.com\/wp-content\/uploads\/2025\/08\/Table-Top-Hand-Wash-Basin-5-265x300.webp 265w, https:\/\/www.ceramicbasin.com\/wp-content\/uploads\/2025\/08\/Table-Top-Hand-Wash-Basin-5-11x12.webp 11w, https:\/\/www.ceramicbasin.com\/wp-content\/uploads\/2025\/08\/Table-Top-Hand-Wash-Basin-5-285x323.webp 285w, https:\/\/www.ceramicbasin.com\/wp-content\/uploads\/2025\/08\/Table-Top-Hand-Wash-Basin-5-583x660.webp 583w, https:\/\/www.ceramicbasin.com\/wp-content\/uploads\/2025\/08\/Table-Top-Hand-Wash-Basin-5-132x150.webp 132w\" sizes=\"(max-width: 757px) 100vw, 757px\" \/><\/figure>\n<\/div>\n<\/div>","protected":false},"excerpt":{"rendered":"<p>Bienvenido a comprar estos lavabos de encimera modernos personalizados. Este fregadero rectangular grande del recipiente de encargo es durable y hermoso, perfectamente conveniente para los varios estilos del cuarto de ba\u00f1o, y se vende al por mayor en un precio muy competitivo. No s\u00f3lo es pr\u00e1ctico, pero tambi\u00e9n puede mejorar el grado general y la comodidad del cuarto de ba\u00f1o. Es adecuado para el hogar y hoteles de alta gama.<\/p>\n<table style=\"border-collapse: collapse; width: 311.02pt;\" border=\"0\" width=\"311\" cellspacing=\"0\" cellpadding=\"0\">\n<tbody>\n<tr style=\"height: 17.60pt;\">\n<td class=\"et3\" style=\"height: 17.60pt; width: 108.35pt;\" width=\"108\" height=\"17\">Fabricante<\/td>\n<td class=\"et3\" style=\"width: 202.95pt;\" width=\"202\">HanYu<\/td>\n<\/tr>\n<tr style=\"height: 17.60pt;\">\n<td class=\"et3\" style=\"height: 17.60pt;\" height=\"17\">N\u00ba de modelo<\/td>\n<td class=\"et4\">HY-8064-65<\/td>\n<\/tr>\n<tr style=\"height: 17.60pt;\">\n<td class=\"et3\" style=\"height: 17.60pt;\" height=\"17\">Tipo<\/td>\n<td class=\"et3\">Lavabo de Encimera<\/td>\n<\/tr>\n<tr style=\"height: 17.60pt;\">\n<td class=\"et3\" style=\"height: 17.60pt;\" height=\"17\">Forma<\/td>\n<td class=\"et3\">Forma rectangular<\/td>\n<\/tr>\n<tr style=\"height: 17.60pt;\">\n<td class=\"et4\" style=\"height: 17.60pt;\" height=\"17\">Color<\/td>\n<td class=\"et3\">Blanco<\/td>\n<\/tr>\n<tr style=\"height: 18.00pt;\">\n<td class=\"et3\" style=\"height: 18.00pt;\" height=\"18\">Dimensi\u00f3n<\/td>\n<td class=\"et5\" style=\"width: 202.95pt;\" width=\"202\">65*38*11<\/td>\n<\/tr>\n<tr style=\"height: 17.60pt;\">\n<td class=\"et3\" style=\"height: 17.60pt;\" height=\"17\">N.W \/SET<\/td>\n<td class=\"et3\">12KG\/PCS<\/td>\n<\/tr>\n<tr style=\"height: 17.60pt;\">\n<td class=\"et3\" style=\"height: 17.60pt;\" height=\"17\">MOQ<\/td>\n<td class=\"et3\">20 piezas<\/td>\n<\/tr>\n<tr style=\"height: 17.60pt;\">\n<td class=\"et3\" style=\"height: 17.60pt;\" height=\"17\">Opci\u00f3n personalizada<\/td>\n<td class=\"et3\">Color\/Patr\u00f3n\/Tama\u00f1o\/Logotipo\/Embalaje<\/td>\n<\/tr>\n<\/tbody>\n<\/table>","protected":false},"featured_media":7413,"comment_status":"closed","ping_status":"closed","template":"","meta":{"_acf_changed":false},"product_brand":[],"product_cat":[50],"product_tag":[],"class_list":{"0":"post-7381","1":"product","2":"type-product","3":"status-publish","4":"has-post-thumbnail","6":"product_cat-wholesale-countertop-sinks","8":"first","9":"instock","10":"shipping-taxable","11":"product-type-simple"},"acf":[],"_links":{"self":[{"href":"https:\/\/www.ceramicbasin.com\/es\/wp-json\/wp\/v2\/product\/7381","targetHints":{"allow":["GET"]}}],"collection":[{"href":"https:\/\/www.ceramicbasin.com\/es\/wp-json\/wp\/v2\/product"}],"about":[{"href":"https:\/\/www.ceramicbasin.com\/es\/wp-json\/wp\/v2\/types\/product"}],"replies":[{"embeddable":true,"href":"https:\/\/www.ceramicbasin.com\/es\/wp-json\/wp\/v2\/comments?post=7381"}],"wp:featuredmedia":[{"embeddable":true,"href":"https:\/\/www.ceramicbasin.com\/es\/wp-json\/wp\/v2\/media\/7413"}],"wp:attachment":[{"href":"https:\/\/www.ceramicbasin.com\/es\/wp-json\/wp\/v2\/media?parent=7381"}],"wp:term":[{"taxonomy":"product_brand","embeddable":true,"href":"https:\/\/www.ceramicbasin.com\/es\/wp-json\/wp\/v2\/product_brand?post=7381"},{"taxonomy":"product_cat","embeddable":true,"href":"https:\/\/www.ceramicbasin.com\/es\/wp-json\/wp\/v2\/product_cat?post=7381"},{"taxonomy":"product_tag","embeddable":true,"href":"https:\/\/www.ceramicbasin.com\/es\/wp-json\/wp\/v2\/product_tag?post=7381"}],"curies":[{"name":"wp","href":"https:\/\/api.w.org\/{rel}","templated":true}]}}