{"id":7397,"date":"2025-08-07T09:37:21","date_gmt":"2025-08-07T09:37:21","guid":{"rendered":"https:\/\/www.ceramicbasin.com\/?post_type=product&#038;p=7397"},"modified":"2025-11-03T07:21:54","modified_gmt":"2025-11-03T07:21:54","slug":"porcelain-wash-basin-wholesale","status":"publish","type":"product","link":"https:\/\/www.ceramicbasin.com\/es\/producto\/porcelain-wash-basin-wholesale\/","title":{"rendered":"Lavabo de Porcelana Blanca al por mayor, fregaderos de ba\u00f1o a medida"},"content":{"rendered":"<div class=\"wp-block-columns is-layout-flex wp-container-core-columns-is-layout-9d6595d7 wp-block-columns-is-layout-flex\">\n<div class=\"wp-block-column is-layout-flow wp-block-column-is-layout-flow\">\n<h2 class=\"wp-block-heading\">Lavabo de Porcelana Premium al por mayor Caracter\u00edsticas:<\/h2>\n\n\n\n<ul class=\"wp-block-list\">\n<li><strong>Dise\u00f1o exquisito:<\/strong> Este lavabo de porcelana al por mayor ha adoptado un dise\u00f1o aerodin\u00e1mico con borde redondeado y l\u00ednea suave, que garantiza un alto valor est\u00e9tico, a\u00f1adiendo refinamiento y elegancia al espacio del cuarto de ba\u00f1o.<\/li>\n\n\n\n<li><strong>Cer\u00e1mica de alta calidad: <\/strong>La materia prima cer\u00e1mica de alta calidad seleccionada, sinterizada a alta temperatura, hace que nuestro fregadero de cer\u00e1mica al por mayor sea s\u00f3lido en su estructura, delicado y suave en su superficie, f\u00e1cil de limpiar y duradero como nuevo.<\/li>\n\n\n\n<li><strong>Manera de instalaci\u00f3n superior:<\/strong> Este lavabo de porcelana al por mayor se aplica al modo de instalaci\u00f3n superior, se instala f\u00e1cilmente y funciona de forma estable y fiable. No s\u00f3lo va a ahorrar espacio para el cuarto de ba\u00f1o, pero tambi\u00e9n traer\u00e1 comodidad en el mantenimiento diario y la limpieza, y mejorar la experiencia del usuario.<\/li>\n\n\n\n<li><strong>Precio al por mayor con competitividad:<\/strong> Como fabricante de lavabos al por mayor, HanYu ofrece un precio muy competitivo para los lavabos de cer\u00e1mica al por mayor, lo que permite disfrutar de un lavabo de cer\u00e1mica de alta calidad manteniendo los costes bajo control.<\/li>\n<\/ul>\n<\/div>\n\n\n\n<div class=\"wp-block-column is-layout-flow wp-block-column-is-layout-flow\">\n<figure class=\"wp-block-image size-full\"><img fetchpriority=\"high\" decoding=\"async\" width=\"643\" height=\"873\" src=\"https:\/\/www.ceramicbasin.com\/wp-content\/uploads\/2025\/08\/HY-8064-75-1.jpg\" alt=\"lavabo-porcelana-blanco-mayor-rectangular-encimera-fregadero-custom-1\" class=\"wp-image-7398\" srcset=\"https:\/\/www.ceramicbasin.com\/wp-content\/uploads\/2025\/08\/HY-8064-75-1.jpg 643w, https:\/\/www.ceramicbasin.com\/wp-content\/uploads\/2025\/08\/HY-8064-75-1-221x300.jpg 221w, https:\/\/www.ceramicbasin.com\/wp-content\/uploads\/2025\/08\/HY-8064-75-1-9x12.jpg 9w, https:\/\/www.ceramicbasin.com\/wp-content\/uploads\/2025\/08\/HY-8064-75-1-285x387.jpg 285w, https:\/\/www.ceramicbasin.com\/wp-content\/uploads\/2025\/08\/HY-8064-75-1-486x660.jpg 486w, https:\/\/www.ceramicbasin.com\/wp-content\/uploads\/2025\/08\/HY-8064-75-1-110x150.jpg 110w\" sizes=\"(max-width: 643px) 100vw, 643px\" \/><\/figure>\n<\/div>\n<\/div>\n\n\n\n<p><\/p>","protected":false},"excerpt":{"rendered":"<p>Bienvenido a comprar el lavabo de porcelana al por mayor para el cuarto de ba\u00f1o. Este lavabo de cer\u00e1mica al por mayor es con excelente dise\u00f1o y gran calidad para ser su primera opci\u00f3n para la decoraci\u00f3n del ba\u00f1o. El dise\u00f1o de la apariencia de la l\u00ednea aerodin\u00e1mica y el tratamiento de borde redondeado muestra extraordinaria belleza art\u00edstica. La compra al por mayor le permitir\u00e1 disfrutar de una mejor relaci\u00f3n calidad-precio.<\/p>\n<table style=\"border-collapse: collapse; width: 311.02pt;\" border=\"0\" width=\"311\" cellspacing=\"0\" cellpadding=\"0\">\n<tbody>\n<tr style=\"height: 17.60pt;\">\n<td class=\"et3\" style=\"height: 17.60pt; width: 108.35pt;\" width=\"108\" height=\"17\">Fabricante<\/td>\n<td class=\"et3\" style=\"width: 202.95pt;\" width=\"202\">HanYu<\/td>\n<\/tr>\n<tr style=\"height: 17.60pt;\">\n<td class=\"et3\" style=\"height: 17.60pt;\" height=\"17\">N\u00ba de modelo<\/td>\n<td class=\"et4\">HY-8064-85<\/td>\n<\/tr>\n<tr style=\"height: 17.60pt;\">\n<td class=\"et3\" style=\"height: 17.60pt;\" height=\"17\">Tipo<\/td>\n<td class=\"et3\">Lavabo de Encimera<\/td>\n<\/tr>\n<tr style=\"height: 17.60pt;\">\n<td class=\"et3\" style=\"height: 17.60pt;\" height=\"17\">Forma<\/td>\n<td class=\"et3\">Forma rectangular<\/td>\n<\/tr>\n<tr style=\"height: 17.60pt;\">\n<td class=\"et4\" style=\"height: 17.60pt;\" height=\"17\">Color<\/td>\n<td class=\"et3\">Blanco<\/td>\n<\/tr>\n<tr style=\"height: 18.00pt;\">\n<td class=\"et3\" style=\"height: 18.00pt;\" height=\"18\">Dimensi\u00f3n<\/td>\n<td class=\"et5\" style=\"width: 202.95pt;\" width=\"202\">85*38*13<\/td>\n<\/tr>\n<tr style=\"height: 17.60pt;\">\n<td class=\"et3\" style=\"height: 17.60pt;\" height=\"17\">N.W \/SET<\/td>\n<td class=\"et3\">16 KGS\/PCS<\/td>\n<\/tr>\n<tr style=\"height: 17.60pt;\">\n<td class=\"et3\" style=\"height: 17.60pt;\" height=\"17\">MOQ<\/td>\n<td class=\"et3\">20 piezas<\/td>\n<\/tr>\n<tr style=\"height: 17.60pt;\">\n<td class=\"et3\" style=\"height: 17.60pt;\" height=\"17\">Opci\u00f3n personalizada<\/td>\n<td class=\"et3\">Color\/Patr\u00f3n\/Tama\u00f1o\/Logotipo\/Embalaje<\/td>\n<\/tr>\n<\/tbody>\n<\/table>","protected":false},"featured_media":7399,"comment_status":"closed","ping_status":"closed","template":"","meta":{"_acf_changed":false},"product_brand":[],"product_cat":[50],"product_tag":[],"class_list":{"0":"post-7397","1":"product","2":"type-product","3":"status-publish","4":"has-post-thumbnail","6":"product_cat-wholesale-countertop-sinks","8":"first","9":"instock","10":"shipping-taxable","11":"product-type-simple"},"acf":[],"_links":{"self":[{"href":"https:\/\/www.ceramicbasin.com\/es\/wp-json\/wp\/v2\/product\/7397","targetHints":{"allow":["GET"]}}],"collection":[{"href":"https:\/\/www.ceramicbasin.com\/es\/wp-json\/wp\/v2\/product"}],"about":[{"href":"https:\/\/www.ceramicbasin.com\/es\/wp-json\/wp\/v2\/types\/product"}],"replies":[{"embeddable":true,"href":"https:\/\/www.ceramicbasin.com\/es\/wp-json\/wp\/v2\/comments?post=7397"}],"wp:featuredmedia":[{"embeddable":true,"href":"https:\/\/www.ceramicbasin.com\/es\/wp-json\/wp\/v2\/media\/7399"}],"wp:attachment":[{"href":"https:\/\/www.ceramicbasin.com\/es\/wp-json\/wp\/v2\/media?parent=7397"}],"wp:term":[{"taxonomy":"product_brand","embeddable":true,"href":"https:\/\/www.ceramicbasin.com\/es\/wp-json\/wp\/v2\/product_brand?post=7397"},{"taxonomy":"product_cat","embeddable":true,"href":"https:\/\/www.ceramicbasin.com\/es\/wp-json\/wp\/v2\/product_cat?post=7397"},{"taxonomy":"product_tag","embeddable":true,"href":"https:\/\/www.ceramicbasin.com\/es\/wp-json\/wp\/v2\/product_tag?post=7397"}],"curies":[{"name":"wp","href":"https:\/\/api.w.org\/{rel}","templated":true}]}}