{"id":7462,"date":"2025-08-21T10:01:16","date_gmt":"2025-08-21T10:01:16","guid":{"rendered":"https:\/\/www.ceramicbasin.com\/?post_type=product&#038;p=7462"},"modified":"2025-08-21T10:01:19","modified_gmt":"2025-08-21T10:01:19","slug":"wholesale-undermount-sink","status":"publish","type":"product","link":"https:\/\/www.ceramicbasin.com\/es\/producto\/wholesale-undermount-sink\/","title":{"rendered":"Mayorista Fregadero Bajo Encimera, Lavabo Ceramico Redondo a Medida"},"content":{"rendered":"<div class=\"wp-block-columns is-layout-flex wp-container-core-columns-is-layout-9d6595d7 wp-block-columns-is-layout-flex\">\n<div class=\"wp-block-column is-layout-flow wp-block-column-is-layout-flow\">\n<h2 class=\"wp-block-heading\">Fregadero bajo encimera al por mayor de primera calidad Caracter\u00edsticas:<\/h2>\n\n\n\n<ul class=\"wp-block-list\">\n<li><strong>Cer\u00e1mica de alta calidad: <\/strong>Nuestro fregadero bajo encimera al por mayor est\u00e1 fabricado con materiales cer\u00e1micos de primera calidad y cocido a altas temperaturas; es duradero y resistente al agrietamiento para un uso a largo plazo.<\/li>\n\n\n\n<li><strong>Dise\u00f1o cl\u00e1sico:\u00a0<\/strong>Estos lavabos al por mayor presentan un estilo de dise\u00f1o moderno y sencillo. Esto encaja perfectamente con cualquier estilo de decoraci\u00f3n de ba\u00f1o.<\/li>\n\n\n\n<li><strong>Instalaci\u00f3n empotrada:<\/strong> Nuestro m\u00e9todo de funcionamiento del fregadero bajo encimera al por mayor es la instalaci\u00f3n empotrada, lo que hace que el lavabo se conecte a la perfecci\u00f3n con la encimera, aumentando as\u00ed la belleza del conjunto.<\/li>\n\n\n\n<li><strong>Precio ventajoso:\u00a0<\/strong>Como fabricante profesional de lavabos de ba\u00f1o, ofrecemos precios muy competitivos para grandes proyectos como hoteles, restaurantes, edificios de oficinas, etc., y disfrutamos de m\u00e1s descuentos para grandes pedidos.<\/li>\n<\/ul>\n<\/div>\n\n\n\n<div class=\"wp-block-column is-layout-flow wp-block-column-is-layout-flow\">\n<figure class=\"wp-block-image size-full is-resized\"><img fetchpriority=\"high\" decoding=\"async\" width=\"629\" height=\"819\" src=\"https:\/\/www.ceramicbasin.com\/wp-content\/uploads\/2025\/08\/Under-counter-ceramic-wash-basin-manufacturer-with-wholesale-price-1.webp\" alt=\"mayorista-fregadero-ceramico-redondo-personalizado-1\" class=\"wp-image-7453\" style=\"width:340px;height:auto\" srcset=\"https:\/\/www.ceramicbasin.com\/wp-content\/uploads\/2025\/08\/Under-counter-ceramic-wash-basin-manufacturer-with-wholesale-price-1.webp 629w, https:\/\/www.ceramicbasin.com\/wp-content\/uploads\/2025\/08\/Under-counter-ceramic-wash-basin-manufacturer-with-wholesale-price-1-230x300.webp 230w, https:\/\/www.ceramicbasin.com\/wp-content\/uploads\/2025\/08\/Under-counter-ceramic-wash-basin-manufacturer-with-wholesale-price-1-9x12.webp 9w, https:\/\/www.ceramicbasin.com\/wp-content\/uploads\/2025\/08\/Under-counter-ceramic-wash-basin-manufacturer-with-wholesale-price-1-285x371.webp 285w, https:\/\/www.ceramicbasin.com\/wp-content\/uploads\/2025\/08\/Under-counter-ceramic-wash-basin-manufacturer-with-wholesale-price-1-507x660.webp 507w, https:\/\/www.ceramicbasin.com\/wp-content\/uploads\/2025\/08\/Under-counter-ceramic-wash-basin-manufacturer-with-wholesale-price-1-115x150.webp 115w\" sizes=\"(max-width: 629px) 100vw, 629px\" \/><\/figure>\n<\/div>\n<\/div>\n\n\n\n<p><\/p>","protected":false},"excerpt":{"rendered":"<p>Bienvenido a comprar nuestro fregadero bajo encimera al por mayor. Este lavabo bajo encimera de cer\u00e1mica es una combinaci\u00f3n de estilo, funcionalidad y durabilidad. Est\u00e1 dise\u00f1ado para una perfecta instalaci\u00f3n bajo encimera y tiene una superficie esmaltada que es resistente a las manchas y f\u00e1cil de limpiar. Est\u00e1 disponible para pedidos al por mayor y tiene opciones de personalizaci\u00f3n vers\u00e1tiles para adaptarse a diferentes estilos de ba\u00f1o.<\/p>\n<table style=\"border-collapse: collapse; width: 358.52pt;\" border=\"0\" width=\"478\" cellspacing=\"0\" cellpadding=\"0\">\n<tbody>\n<tr style=\"height: 17.25pt;\">\n<td class=\"et3\" style=\"height: 17.25pt; width: 125.00pt;\" width=\"166\" height=\"23\">Fabricante<\/td>\n<td class=\"et3\" style=\"width: 234.15pt;\" width=\"312\">HanYu<\/td>\n<\/tr>\n<tr style=\"height: 17.25pt;\">\n<td class=\"et3\" style=\"height: 17.25pt;\" height=\"23\">N\u00ba de modelo<\/td>\n<td class=\"et4\">HY-1605<\/td>\n<\/tr>\n<tr style=\"height: 17.25pt;\">\n<td class=\"et3\" style=\"height: 17.25pt;\" height=\"23\">Tipo<\/td>\n<td class=\"et5\" style=\"width: 234.15pt;\" width=\"312\">Fregaderos bajo encimera<\/td>\n<\/tr>\n<tr style=\"height: 18.00pt;\">\n<td class=\"et3\" style=\"height: 18.00pt;\" height=\"24\">Forma<\/td>\n<td class=\"et3\">Forma ovalada<\/td>\n<\/tr>\n<tr style=\"height: 34.50pt;\">\n<td class=\"et4\" style=\"height: 34.50pt;\" height=\"46\">Color<\/td>\n<td class=\"et5\" style=\"width: 234.15pt;\" width=\"312\">negro\/blanco\/azul\/gris\/rosa\/verde\/marr\u00f3n\/caqui<\/td>\n<\/tr>\n<tr style=\"height: 18.00pt;\">\n<td class=\"et3\" style=\"height: 18.00pt;\" height=\"24\">Dimensi\u00f3n<\/td>\n<td class=\"et5\" style=\"width: 234.15pt;\" width=\"312\">40*34*19<\/td>\n<\/tr>\n<tr style=\"height: 17.25pt;\">\n<td class=\"et3\" style=\"height: 17.25pt;\" height=\"23\">N.W \/SET<\/td>\n<td class=\"et3\">4KGS\/PCS<\/td>\n<\/tr>\n<tr style=\"height: 17.25pt;\">\n<td class=\"et3\" style=\"height: 17.25pt;\" height=\"23\">MOQ<\/td>\n<td class=\"et3\">20 piezas<\/td>\n<\/tr>\n<tr style=\"height: 17.25pt;\">\n<td class=\"et3\" style=\"height: 17.25pt;\" height=\"23\">Opci\u00f3n personalizada<\/td>\n<td class=\"et3\">Color\/Patr\u00f3n\/Tama\u00f1o\/Logotipo\/Embalaje<\/td>\n<\/tr>\n<\/tbody>\n<\/table>","protected":false},"featured_media":7455,"comment_status":"closed","ping_status":"closed","template":"","meta":{"_acf_changed":false},"product_brand":[],"product_cat":[59],"product_tag":[],"class_list":{"0":"post-7462","1":"product","2":"type-product","3":"status-publish","4":"has-post-thumbnail","6":"product_cat-wholesale-undermount-sinks","8":"first","9":"instock","10":"shipping-taxable","11":"product-type-simple"},"acf":[],"_links":{"self":[{"href":"https:\/\/www.ceramicbasin.com\/es\/wp-json\/wp\/v2\/product\/7462","targetHints":{"allow":["GET"]}}],"collection":[{"href":"https:\/\/www.ceramicbasin.com\/es\/wp-json\/wp\/v2\/product"}],"about":[{"href":"https:\/\/www.ceramicbasin.com\/es\/wp-json\/wp\/v2\/types\/product"}],"replies":[{"embeddable":true,"href":"https:\/\/www.ceramicbasin.com\/es\/wp-json\/wp\/v2\/comments?post=7462"}],"wp:featuredmedia":[{"embeddable":true,"href":"https:\/\/www.ceramicbasin.com\/es\/wp-json\/wp\/v2\/media\/7455"}],"wp:attachment":[{"href":"https:\/\/www.ceramicbasin.com\/es\/wp-json\/wp\/v2\/media?parent=7462"}],"wp:term":[{"taxonomy":"product_brand","embeddable":true,"href":"https:\/\/www.ceramicbasin.com\/es\/wp-json\/wp\/v2\/product_brand?post=7462"},{"taxonomy":"product_cat","embeddable":true,"href":"https:\/\/www.ceramicbasin.com\/es\/wp-json\/wp\/v2\/product_cat?post=7462"},{"taxonomy":"product_tag","embeddable":true,"href":"https:\/\/www.ceramicbasin.com\/es\/wp-json\/wp\/v2\/product_tag?post=7462"}],"curies":[{"name":"wp","href":"https:\/\/api.w.org\/{rel}","templated":true}]}}