{"id":7463,"date":"2025-08-21T10:27:22","date_gmt":"2025-08-21T10:27:22","guid":{"rendered":"https:\/\/www.ceramicbasin.com\/?post_type=product&#038;p=7463"},"modified":"2025-11-03T07:20:18","modified_gmt":"2025-11-03T07:20:18","slug":"custom-undermount-bathroom-sink","status":"publish","type":"product","link":"https:\/\/www.ceramicbasin.com\/es\/producto\/custom-undermount-bathroom-sink\/","title":{"rendered":"Lavabo de ba\u00f1o bajo encimera a medida, Lavabos al por mayor a granel"},"content":{"rendered":"<div class=\"wp-block-columns is-layout-flex wp-container-core-columns-is-layout-9d6595d7 wp-block-columns-is-layout-flex\">\n<div class=\"wp-block-column is-layout-flow wp-block-column-is-layout-flow\">\n<h2 class=\"wp-block-heading\">Premium Custom Lavabo de ba\u00f1o Caracter\u00edsticas:<\/h2>\n\n\n\n<ul class=\"wp-block-list\">\n<li><strong>Duradera:<\/strong>\u00a0Nuestros lavabos bajo encimera a medida se fabrican con materias primas cer\u00e1micas de alta calidad y se cuecen a altas temperaturas para garantizar que los productos tengan una dureza y una resistencia a la corrosi\u00f3n extremadamente altas, sean duraderos y f\u00e1ciles de limpiar.<\/li>\n\n\n\n<li><strong>F\u00e1cil de instalar y mantener:\u00a0<\/strong>Debido a que las dimensiones exactas est\u00e1n preestablecidas, la instalaci\u00f3n de estos lavabos de ba\u00f1o a medida ser\u00e1 bastante r\u00e1pida y f\u00e1cil. La superficie del lavabo es suave de limpiar, resistente a los ara\u00f1azos y antimanchas, lo que le permitir\u00e1 conservar su belleza durante a\u00f1os.<\/li>\n\n\n\n<li><strong>Entrega r\u00e1pida:<\/strong>\u00a0Podemos garantizar que sus pedidos de gran volumen se produzcan y entreguen r\u00e1pidamente, acelerando el progreso de su proyecto y satisfaciendo las necesidades urgentes de construcci\u00f3n.<\/li>\n\n\n\n<li><strong>Personalizaci\u00f3n:<\/strong> Disponemos de servicio de personalizaci\u00f3n del tama\u00f1o, el color, el logotipo y el embalaje a granel, y podemos ofrecer servicio OEM\/ODM para pedidos a granel, adecuado para grandes pedidos como hoteles, apartamentos, oficinas, etc.<\/li>\n<\/ul>\n<\/div>\n\n\n\n<div class=\"wp-block-column is-layout-flow wp-block-column-is-layout-flow\">\n<figure class=\"wp-block-image size-full\"><img fetchpriority=\"high\" decoding=\"async\" width=\"612\" height=\"828\" src=\"https:\/\/www.ceramicbasin.com\/wp-content\/uploads\/2025\/08\/Bathroom-ceramic-under-counter-sink-bowl-supplier-1.webp\" alt=\"fregadero-ceramico-bajo-encimera-fregadero-ba\u00f1o-mayorista-1\" class=\"wp-image-7446\" srcset=\"https:\/\/www.ceramicbasin.com\/wp-content\/uploads\/2025\/08\/Bathroom-ceramic-under-counter-sink-bowl-supplier-1.webp 612w, https:\/\/www.ceramicbasin.com\/wp-content\/uploads\/2025\/08\/Bathroom-ceramic-under-counter-sink-bowl-supplier-1-222x300.webp 222w, https:\/\/www.ceramicbasin.com\/wp-content\/uploads\/2025\/08\/Bathroom-ceramic-under-counter-sink-bowl-supplier-1-9x12.webp 9w, https:\/\/www.ceramicbasin.com\/wp-content\/uploads\/2025\/08\/Bathroom-ceramic-under-counter-sink-bowl-supplier-1-285x386.webp 285w, https:\/\/www.ceramicbasin.com\/wp-content\/uploads\/2025\/08\/Bathroom-ceramic-under-counter-sink-bowl-supplier-1-488x660.webp 488w, https:\/\/www.ceramicbasin.com\/wp-content\/uploads\/2025\/08\/Bathroom-ceramic-under-counter-sink-bowl-supplier-1-111x150.webp 111w\" sizes=\"(max-width: 612px) 100vw, 612px\" \/><\/figure>\n<\/div>\n<\/div>","protected":false},"excerpt":{"rendered":"<p>Le invitamos a adquirir nuestros lavabos bajo encimera personalizados. Estos lavabos bajo encimera al por mayor est\u00e1n hechos de materias primas cer\u00e1micas de alta calidad y cocidos a altas temperaturas para asegurar que los productos tienen una dureza extremadamente alta y resistencia a la corrosi\u00f3n, son duraderos y f\u00e1ciles de limpiar.<\/p>\n<table style=\"border-collapse: collapse; width: 358.52pt;\" border=\"0\" width=\"478\" cellspacing=\"0\" cellpadding=\"0\">\n<tbody>\n<tr style=\"height: 17.25pt;\">\n<td class=\"et3\" style=\"height: 17.25pt; width: 125.00pt;\" width=\"166\" height=\"23\">Fabricante<\/td>\n<td class=\"et3\" style=\"width: 234.15pt;\" width=\"312\">HanYu<\/td>\n<\/tr>\n<tr style=\"height: 17.25pt;\">\n<td class=\"et3\" style=\"height: 17.25pt;\" height=\"23\">N\u00ba de modelo<\/td>\n<td class=\"et4\">HY-3024<\/td>\n<\/tr>\n<tr style=\"height: 17.25pt;\">\n<td class=\"et3\" style=\"height: 17.25pt;\" height=\"23\">Tipo<\/td>\n<td class=\"et5\" style=\"width: 234.15pt;\" width=\"312\">Fregaderos bajo encimera<\/td>\n<\/tr>\n<tr style=\"height: 18.00pt;\">\n<td class=\"et3\" style=\"height: 18.00pt;\" height=\"24\">Forma<\/td>\n<td class=\"et3\">Forma ovalada<\/td>\n<\/tr>\n<tr style=\"height: 34.50pt;\">\n<td class=\"et4\" style=\"height: 34.50pt;\" height=\"46\">Color<\/td>\n<td class=\"et5\" style=\"width: 234.15pt;\" width=\"312\">negro\/blanco\/azul\/gris\/rosa\/verde\/marr\u00f3n\/caqui<\/td>\n<\/tr>\n<tr style=\"height: 18.00pt;\">\n<td class=\"et3\" style=\"height: 18.00pt;\" height=\"24\">Dimensi\u00f3n<\/td>\n<td class=\"et5\" style=\"width: 234.15pt;\" width=\"312\">44*44*17<\/td>\n<\/tr>\n<tr style=\"height: 17.25pt;\">\n<td class=\"et3\" style=\"height: 17.25pt;\" height=\"23\">N.W \/SET<\/td>\n<td class=\"et3\">4.5KGS\/PCS<\/td>\n<\/tr>\n<tr style=\"height: 17.25pt;\">\n<td class=\"et3\" style=\"height: 17.25pt;\" height=\"23\">MOQ<\/td>\n<td class=\"et3\">20 piezas<\/td>\n<\/tr>\n<tr style=\"height: 17.25pt;\">\n<td class=\"et3\" style=\"height: 17.25pt;\" height=\"23\">Opci\u00f3n personalizada<\/td>\n<td class=\"et3\">Color\/Patr\u00f3n\/Tama\u00f1o\/Logotipo\/Embalaje<\/td>\n<\/tr>\n<\/tbody>\n<\/table>","protected":false},"featured_media":7447,"comment_status":"closed","ping_status":"closed","template":"","meta":{"_acf_changed":false},"product_brand":[],"product_cat":[59],"product_tag":[],"class_list":{"0":"post-7463","1":"product","2":"type-product","3":"status-publish","4":"has-post-thumbnail","6":"product_cat-wholesale-undermount-sinks","8":"first","9":"instock","10":"shipping-taxable","11":"product-type-simple"},"acf":[],"_links":{"self":[{"href":"https:\/\/www.ceramicbasin.com\/es\/wp-json\/wp\/v2\/product\/7463","targetHints":{"allow":["GET"]}}],"collection":[{"href":"https:\/\/www.ceramicbasin.com\/es\/wp-json\/wp\/v2\/product"}],"about":[{"href":"https:\/\/www.ceramicbasin.com\/es\/wp-json\/wp\/v2\/types\/product"}],"replies":[{"embeddable":true,"href":"https:\/\/www.ceramicbasin.com\/es\/wp-json\/wp\/v2\/comments?post=7463"}],"wp:featuredmedia":[{"embeddable":true,"href":"https:\/\/www.ceramicbasin.com\/es\/wp-json\/wp\/v2\/media\/7447"}],"wp:attachment":[{"href":"https:\/\/www.ceramicbasin.com\/es\/wp-json\/wp\/v2\/media?parent=7463"}],"wp:term":[{"taxonomy":"product_brand","embeddable":true,"href":"https:\/\/www.ceramicbasin.com\/es\/wp-json\/wp\/v2\/product_brand?post=7463"},{"taxonomy":"product_cat","embeddable":true,"href":"https:\/\/www.ceramicbasin.com\/es\/wp-json\/wp\/v2\/product_cat?post=7463"},{"taxonomy":"product_tag","embeddable":true,"href":"https:\/\/www.ceramicbasin.com\/es\/wp-json\/wp\/v2\/product_tag?post=7463"}],"curies":[{"name":"wp","href":"https:\/\/api.w.org\/{rel}","templated":true}]}}