{"id":7464,"date":"2025-08-27T02:47:23","date_gmt":"2025-08-27T02:47:23","guid":{"rendered":"https:\/\/www.ceramicbasin.com\/?post_type=product&#038;p=7464"},"modified":"2025-08-27T02:47:26","modified_gmt":"2025-08-27T02:47:26","slug":"wholesale-under-counter-sinks","status":"publish","type":"product","link":"https:\/\/www.ceramicbasin.com\/es\/producto\/wholesale-under-counter-sinks\/","title":{"rendered":"Fregaderos bajo encimera al por mayor de f\u00e1brica, lavabo de forma ovalada"},"content":{"rendered":"<div class=\"wp-block-columns is-layout-flex wp-container-core-columns-is-layout-9d6595d7 wp-block-columns-is-layout-flex\">\n<div class=\"wp-block-column is-layout-flow wp-block-column-is-layout-flow\">\n<h2 class=\"wp-block-heading\">Premium al por mayor bajo fregaderos Caracter\u00edsticas:<\/h2>\n\n\n\n<ul class=\"wp-block-list\">\n<li><strong>Forma ovalada cl\u00e1sica: <\/strong>Estos lavabos bajo encimera al por mayor presentan un suave dise\u00f1o ovalado, ergon\u00f3mico y atemporal, perfecto para una gran variedad de encimeras de ba\u00f1o.<\/li>\n\n\n\n<li><strong>Esmalte liso y f\u00e1cil de limpiar:<\/strong> Nuestros lavabos bajo encimera al por mayor se cuecen a altas temperaturas para crear un acabado lustroso que resiste las manchas y los ara\u00f1azos, lo que facilita la limpieza y el mantenimiento.<\/li>\n\n\n\n<li><strong>Entrega r\u00e1pida:<\/strong> Nuestros fregaderos bajo encimera al por mayor aprovechan nuestro completo sistema de producci\u00f3n y nuestra capacidad de producci\u00f3n a gran escala para garantizar una entrega eficaz.<\/li>\n\n\n\n<li><strong>Personalizaci\u00f3n: <\/strong>Nuestros lavabos bajo encimera al por mayor pueden personalizarse en color, tama\u00f1o y otras opciones para satisfacer las necesidades individuales de los distintos proyectos y mercados.<\/li>\n<\/ul>\n<\/div>\n\n\n\n<div class=\"wp-block-column is-layout-flow wp-block-column-is-layout-flow\">\n<figure class=\"wp-block-image size-full is-resized\"><img fetchpriority=\"high\" decoding=\"async\" width=\"621\" height=\"836\" src=\"https:\/\/www.ceramicbasin.com\/wp-content\/uploads\/2025\/08\/Oval-shape-cabinet-under-counter-hand-washing-basin-sink-factory-5.webp\" alt=\"Fregaderos bajo encimera al por mayor de f\u00e1brica, lavabo de forma ovalada-1\" class=\"wp-image-7445\" style=\"width:361px;height:auto\" srcset=\"https:\/\/www.ceramicbasin.com\/wp-content\/uploads\/2025\/08\/Oval-shape-cabinet-under-counter-hand-washing-basin-sink-factory-5.webp 621w, https:\/\/www.ceramicbasin.com\/wp-content\/uploads\/2025\/08\/Oval-shape-cabinet-under-counter-hand-washing-basin-sink-factory-5-223x300.webp 223w, https:\/\/www.ceramicbasin.com\/wp-content\/uploads\/2025\/08\/Oval-shape-cabinet-under-counter-hand-washing-basin-sink-factory-5-9x12.webp 9w, https:\/\/www.ceramicbasin.com\/wp-content\/uploads\/2025\/08\/Oval-shape-cabinet-under-counter-hand-washing-basin-sink-factory-5-285x384.webp 285w, https:\/\/www.ceramicbasin.com\/wp-content\/uploads\/2025\/08\/Oval-shape-cabinet-under-counter-hand-washing-basin-sink-factory-5-490x660.webp 490w, https:\/\/www.ceramicbasin.com\/wp-content\/uploads\/2025\/08\/Oval-shape-cabinet-under-counter-hand-washing-basin-sink-factory-5-111x150.webp 111w\" sizes=\"(max-width: 621px) 100vw, 621px\" \/><\/figure>\n<\/div>\n<\/div>","protected":false},"excerpt":{"rendered":"<p>Bienvenido a comprar lavabos bajo encimera al por mayor. Este cl\u00e1sico lavabo ovalado undermount cuenta con un dise\u00f1o sencillo y elegante, y su esmalte liso no s\u00f3lo mejora la est\u00e9tica general, sino que tambi\u00e9n hace que sea f\u00e1cil de limpiar. Directo de f\u00e1brica, con entrega r\u00e1pida y opciones de personalizaci\u00f3n disponibles.<\/p>\n<table style=\"border-collapse: collapse; width: 358.52pt;\" border=\"0\" width=\"478\" cellspacing=\"0\" cellpadding=\"0\">\n<tbody>\n<tr style=\"height: 17.25pt;\">\n<td class=\"et3\" style=\"height: 17.25pt; width: 125.00pt;\" width=\"166\" height=\"23\">Fabricante<\/td>\n<td class=\"et3\" style=\"width: 234.15pt;\" width=\"312\">HanYu<\/td>\n<\/tr>\n<tr style=\"height: 17.25pt;\">\n<td class=\"et3\" style=\"height: 17.25pt;\" height=\"23\">N\u00ba de modelo<\/td>\n<td class=\"et4\">HY-3025<\/td>\n<\/tr>\n<tr style=\"height: 17.25pt;\">\n<td class=\"et3\" style=\"height: 17.25pt;\" height=\"23\">Tipo<\/td>\n<td class=\"et5\" style=\"width: 234.15pt;\" width=\"312\">Fregaderos bajo encimera<\/td>\n<\/tr>\n<tr style=\"height: 18.00pt;\">\n<td class=\"et3\" style=\"height: 18.00pt;\" height=\"24\">Forma<\/td>\n<td class=\"et3\">Forma ovalada<\/td>\n<\/tr>\n<tr style=\"height: 34.50pt;\">\n<td class=\"et4\" style=\"height: 34.50pt;\" height=\"46\">Color<\/td>\n<td class=\"et5\" style=\"width: 234.15pt;\" width=\"312\">negro\/blanco\/azul\/gris\/rosa\/verde\/marr\u00f3n\/caqui<\/td>\n<\/tr>\n<tr style=\"height: 18.00pt;\">\n<td class=\"et3\" style=\"height: 18.00pt;\" height=\"24\">Dimensi\u00f3n<\/td>\n<td class=\"et5\" style=\"width: 234.15pt;\" width=\"312\">64*46*19.5<\/td>\n<\/tr>\n<tr style=\"height: 17.25pt;\">\n<td class=\"et3\" style=\"height: 17.25pt;\" height=\"23\">N.W \/SET<\/td>\n<td class=\"et3\">6.5KGS\/PCS<\/td>\n<\/tr>\n<tr style=\"height: 17.25pt;\">\n<td class=\"et3\" style=\"height: 17.25pt;\" height=\"23\">MOQ<\/td>\n<td class=\"et3\">20 piezas<\/td>\n<\/tr>\n<tr style=\"height: 17.25pt;\">\n<td class=\"et3\" style=\"height: 17.25pt;\" height=\"23\">Opci\u00f3n personalizada<\/td>\n<td class=\"et3\">Color\/Patr\u00f3n\/Tama\u00f1o\/Logotipo\/Embalaje<\/td>\n<\/tr>\n<\/tbody>\n<\/table>","protected":false},"featured_media":7441,"comment_status":"closed","ping_status":"closed","template":"","meta":{"_acf_changed":false},"product_brand":[],"product_cat":[59],"product_tag":[],"class_list":{"0":"post-7464","1":"product","2":"type-product","3":"status-publish","4":"has-post-thumbnail","6":"product_cat-wholesale-undermount-sinks","8":"first","9":"instock","10":"shipping-taxable","11":"product-type-simple"},"acf":[],"_links":{"self":[{"href":"https:\/\/www.ceramicbasin.com\/es\/wp-json\/wp\/v2\/product\/7464","targetHints":{"allow":["GET"]}}],"collection":[{"href":"https:\/\/www.ceramicbasin.com\/es\/wp-json\/wp\/v2\/product"}],"about":[{"href":"https:\/\/www.ceramicbasin.com\/es\/wp-json\/wp\/v2\/types\/product"}],"replies":[{"embeddable":true,"href":"https:\/\/www.ceramicbasin.com\/es\/wp-json\/wp\/v2\/comments?post=7464"}],"wp:featuredmedia":[{"embeddable":true,"href":"https:\/\/www.ceramicbasin.com\/es\/wp-json\/wp\/v2\/media\/7441"}],"wp:attachment":[{"href":"https:\/\/www.ceramicbasin.com\/es\/wp-json\/wp\/v2\/media?parent=7464"}],"wp:term":[{"taxonomy":"product_brand","embeddable":true,"href":"https:\/\/www.ceramicbasin.com\/es\/wp-json\/wp\/v2\/product_brand?post=7464"},{"taxonomy":"product_cat","embeddable":true,"href":"https:\/\/www.ceramicbasin.com\/es\/wp-json\/wp\/v2\/product_cat?post=7464"},{"taxonomy":"product_tag","embeddable":true,"href":"https:\/\/www.ceramicbasin.com\/es\/wp-json\/wp\/v2\/product_tag?post=7464"}],"curies":[{"name":"wp","href":"https:\/\/api.w.org\/{rel}","templated":true}]}}