{"id":7465,"date":"2025-08-27T02:39:57","date_gmt":"2025-08-27T02:39:57","guid":{"rendered":"https:\/\/www.ceramicbasin.com\/?post_type=product&#038;p=7465"},"modified":"2025-08-27T02:39:59","modified_gmt":"2025-08-27T02:39:59","slug":"wholesale-undermount-bathroom-sinks","status":"publish","type":"product","link":"https:\/\/www.ceramicbasin.com\/es\/producto\/wholesale-undermount-bathroom-sinks\/","title":{"rendered":"Mayorista Fregaderos Bajo Encimera, Lavabos de Primera Calidad"},"content":{"rendered":"<div class=\"wp-block-columns is-layout-flex wp-container-core-columns-is-layout-9d6595d7 wp-block-columns-is-layout-flex\">\n<div class=\"wp-block-column is-layout-flow wp-block-column-is-layout-flow\">\n<h2 class=\"wp-block-heading\">Premium al por mayor fregaderos de ba\u00f1o Undermount Caracter\u00edsticas:<\/h2>\n\n\n\n<ul class=\"wp-block-list\">\n<li><strong>Dise\u00f1o sencillo y aerodin\u00e1mico:<\/strong> Estos lavabos bajo encimera al por mayor presentan l\u00edneas suaves y fluidas, creando un aspecto fuerte e integrado que acent\u00faa la limpieza y la elegancia de su cuarto de ba\u00f1o.<\/li>\n\n\n\n<li><strong>Cer\u00e1mica de alta calidad: <\/strong>Nuestros lavabos bajo encimera al por mayor est\u00e1n fabricados con cer\u00e1mica de alta calidad cocida a altas temperaturas, lo que da como resultado una superficie suave y refinada que ofrece una excelente resistencia al desgaste, a las manchas y una f\u00e1cil limpieza.<\/li>\n\n\n\n<li><strong>Entrega r\u00e1pida: <\/strong>La f\u00e1brica de lavabos de ba\u00f1o HanYu cuenta con un completo sistema de producci\u00f3n y soporte de inventario para garantizar la entrega eficaz de nuestros lavabos de ba\u00f1o de montaje bajo al por mayor, cumpliendo los plazos de los proyectos de los clientes.<\/li>\n\n\n\n<li><strong>Personalizaci\u00f3n: <\/strong>Nuestros lavabos bajo encimera al por mayor est\u00e1n disponibles en una variedad de colores para adaptarse a su espacio de ba\u00f1o espec\u00edfico y estilo de dise\u00f1o.<\/li>\n<\/ul>\n<\/div>\n\n\n\n<div class=\"wp-block-column is-layout-flow wp-block-column-is-layout-flow\">\n<figure class=\"wp-block-image size-full\"><img fetchpriority=\"high\" decoding=\"async\" width=\"629\" height=\"861\" src=\"https:\/\/www.ceramicbasin.com\/wp-content\/uploads\/2025\/08\/High-quality-bathroom-under-mounted-hand-washbasin-bowl-custom-5.webp\" alt=\"Mayorista Lavabos Bajo Encimera, Lavabos de Primera Calidad-1\" class=\"wp-image-7440\" srcset=\"https:\/\/www.ceramicbasin.com\/wp-content\/uploads\/2025\/08\/High-quality-bathroom-under-mounted-hand-washbasin-bowl-custom-5.webp 629w, https:\/\/www.ceramicbasin.com\/wp-content\/uploads\/2025\/08\/High-quality-bathroom-under-mounted-hand-washbasin-bowl-custom-5-219x300.webp 219w, https:\/\/www.ceramicbasin.com\/wp-content\/uploads\/2025\/08\/High-quality-bathroom-under-mounted-hand-washbasin-bowl-custom-5-9x12.webp 9w, https:\/\/www.ceramicbasin.com\/wp-content\/uploads\/2025\/08\/High-quality-bathroom-under-mounted-hand-washbasin-bowl-custom-5-285x390.webp 285w, https:\/\/www.ceramicbasin.com\/wp-content\/uploads\/2025\/08\/High-quality-bathroom-under-mounted-hand-washbasin-bowl-custom-5-482x660.webp 482w, https:\/\/www.ceramicbasin.com\/wp-content\/uploads\/2025\/08\/High-quality-bathroom-under-mounted-hand-washbasin-bowl-custom-5-110x150.webp 110w\" sizes=\"(max-width: 629px) 100vw, 629px\" \/><\/figure>\n<\/div>\n<\/div>\n\n\n\n<p><\/p>","protected":false},"excerpt":{"rendered":"<p>Bienvenido a comprar al por mayor lavabos bajo encimera para ba\u00f1o. Este blanco, lavabo bajo encimera de cer\u00e1mica lisa cuenta con un dise\u00f1o elegante, creando un aspecto sencillo y elegante que combina a la perfecci\u00f3n con cualquier encimera de ba\u00f1o. Disponemos de colores personalizables, perfectos para proyectos y compras al por mayor.<\/p>\n<table style=\"border-collapse: collapse; width: 358.52pt;\" border=\"0\" width=\"478\" cellspacing=\"0\" cellpadding=\"0\">\n<tbody>\n<tr style=\"height: 17.25pt;\">\n<td class=\"et3\" style=\"height: 17.25pt; width: 125.00pt;\" width=\"166\" height=\"23\">Fabricante<\/td>\n<td class=\"et3\" style=\"width: 234.15pt;\" width=\"312\">HanYu<\/td>\n<\/tr>\n<tr style=\"height: 17.25pt;\">\n<td class=\"et3\" style=\"height: 17.25pt;\" height=\"23\">N\u00ba de modelo<\/td>\n<td class=\"et4\">HY-3029<\/td>\n<\/tr>\n<tr style=\"height: 17.25pt;\">\n<td class=\"et3\" style=\"height: 17.25pt;\" height=\"23\">Tipo<\/td>\n<td class=\"et5\" style=\"width: 234.15pt;\" width=\"312\">Fregaderos bajo encimera<\/td>\n<\/tr>\n<tr style=\"height: 18.00pt;\">\n<td class=\"et3\" style=\"height: 18.00pt;\" height=\"24\">Forma<\/td>\n<td class=\"et3\">Forma ovalada<\/td>\n<\/tr>\n<tr style=\"height: 34.50pt;\">\n<td class=\"et4\" style=\"height: 34.50pt;\" height=\"46\">Color<\/td>\n<td class=\"et5\" style=\"width: 234.15pt;\" width=\"312\">negro\/blanco\/azul\/gris\/rosa\/verde\/marr\u00f3n\/caqui<\/td>\n<\/tr>\n<tr style=\"height: 18.00pt;\">\n<td class=\"et3\" style=\"height: 18.00pt;\" height=\"24\">Dimensi\u00f3n<\/td>\n<td class=\"et5\" style=\"width: 234.15pt;\" width=\"312\">33*28*16.5<\/td>\n<\/tr>\n<tr style=\"height: 17.25pt;\">\n<td class=\"et3\" style=\"height: 17.25pt;\" height=\"23\">N.W \/SET<\/td>\n<td class=\"et3\">4KGS\/PCS<\/td>\n<\/tr>\n<tr style=\"height: 17.25pt;\">\n<td class=\"et3\" style=\"height: 17.25pt;\" height=\"23\">MOQ<\/td>\n<td class=\"et3\">20 piezas<\/td>\n<\/tr>\n<tr style=\"height: 17.25pt;\">\n<td class=\"et3\" style=\"height: 17.25pt;\" height=\"23\">Opci\u00f3n personalizada<\/td>\n<td class=\"et3\">Color\/Patr\u00f3n\/Tama\u00f1o\/Logotipo\/Embalaje<\/td>\n<\/tr>\n<\/tbody>\n<\/table>","protected":false},"featured_media":7436,"comment_status":"closed","ping_status":"closed","template":"","meta":{"_acf_changed":false},"product_brand":[],"product_cat":[59],"product_tag":[],"class_list":{"0":"post-7465","1":"product","2":"type-product","3":"status-publish","4":"has-post-thumbnail","6":"product_cat-wholesale-undermount-sinks","8":"first","9":"instock","10":"shipping-taxable","11":"product-type-simple"},"acf":[],"_links":{"self":[{"href":"https:\/\/www.ceramicbasin.com\/es\/wp-json\/wp\/v2\/product\/7465","targetHints":{"allow":["GET"]}}],"collection":[{"href":"https:\/\/www.ceramicbasin.com\/es\/wp-json\/wp\/v2\/product"}],"about":[{"href":"https:\/\/www.ceramicbasin.com\/es\/wp-json\/wp\/v2\/types\/product"}],"replies":[{"embeddable":true,"href":"https:\/\/www.ceramicbasin.com\/es\/wp-json\/wp\/v2\/comments?post=7465"}],"wp:featuredmedia":[{"embeddable":true,"href":"https:\/\/www.ceramicbasin.com\/es\/wp-json\/wp\/v2\/media\/7436"}],"wp:attachment":[{"href":"https:\/\/www.ceramicbasin.com\/es\/wp-json\/wp\/v2\/media?parent=7465"}],"wp:term":[{"taxonomy":"product_brand","embeddable":true,"href":"https:\/\/www.ceramicbasin.com\/es\/wp-json\/wp\/v2\/product_brand?post=7465"},{"taxonomy":"product_cat","embeddable":true,"href":"https:\/\/www.ceramicbasin.com\/es\/wp-json\/wp\/v2\/product_cat?post=7465"},{"taxonomy":"product_tag","embeddable":true,"href":"https:\/\/www.ceramicbasin.com\/es\/wp-json\/wp\/v2\/product_tag?post=7465"}],"curies":[{"name":"wp","href":"https:\/\/api.w.org\/{rel}","templated":true}]}}