{"id":7474,"date":"2025-08-18T07:21:32","date_gmt":"2025-08-18T07:21:32","guid":{"rendered":"https:\/\/www.ceramicbasin.com\/?post_type=product&#038;p=7474"},"modified":"2025-08-27T02:25:26","modified_gmt":"2025-08-27T02:25:26","slug":"wholesale-bathroom-vessel-sink","status":"publish","type":"product","link":"https:\/\/www.ceramicbasin.com\/es\/producto\/wholesale-bathroom-vessel-sink\/","title":{"rendered":"Mayorista Lavabo de Ba\u00f1o, Lavabos de Cer\u00e1mica Efecto M\u00e1rmol"},"content":{"rendered":"<div class=\"wp-block-columns is-layout-flex wp-container-core-columns-is-layout-9d6595d7 wp-block-columns-is-layout-flex\">\n<div class=\"wp-block-column is-layout-flow wp-block-column-is-layout-flow\">\n<h2 class=\"wp-block-heading\">Premium Wholesale Fregadero de Ba\u00f1o Caracter\u00edsticas:<\/h2>\n\n\n\n<ul class=\"wp-block-list\">\n<li><strong>Efecto m\u00e1rmol realista: <\/strong>Estos lavabos para ba\u00f1o al por mayor de color amarillo p\u00e1lido presentan una textura de m\u00e1rmol natural, suave y realista, que crea una experiencia visual c\u00e1lida y exclusiva, a\u00f1adiendo un toque de estilo a cualquier espacio de ba\u00f1o.<\/li>\n\n\n\n<li><strong>Material cer\u00e1mico de primera calidad: <\/strong>Nuestros lavabos de cer\u00e1mica al por mayor para encimeras est\u00e1n fabricados con cer\u00e1mica de alta calidad, cocida a altas temperaturas. Los lavabos son duraderos, con un acabado suave y fino que resiste las manchas y ara\u00f1azos, lo que garantiza que se vean como nuevos durante a\u00f1os.<\/li>\n\n\n\n<li><strong>Precio directo de f\u00e1brica: <\/strong>Nuestros lavabos para cuartos de ba\u00f1o al por mayor proceden directamente de f\u00e1brica, lo que elimina intermediarios y ofrece productos de alta calidad a precios competitivos, ayudando a mayoristas y proyectos de construcci\u00f3n a reducir costes.<\/li>\n\n\n\n<li><strong>Vers\u00e1til: <\/strong>Ya sea para residencias de alto nivel, hoteles con categor\u00eda de estrella o proyectos comerciales, nuestros lavabos de cer\u00e1mica al por mayor para encimeras se integran f\u00e1cilmente en cualquier espacio, aportando tanto funcionalidad como atractivo decorativo.<\/li>\n<\/ul>\n<\/div>\n\n\n\n<div class=\"wp-block-column is-layout-flow wp-block-column-is-layout-flow\">\n<figure class=\"wp-block-image size-full\"><img fetchpriority=\"high\" decoding=\"async\" width=\"800\" height=\"800\" src=\"https:\/\/www.ceramicbasin.com\/wp-content\/uploads\/2025\/08\/marble-vanity-sinks\uff0ccustom-marble-sink\uff0cvessel-sink-countertop5.webp\" alt=\"Mayorista Lavabo de Ba\u00f1o, Lavabos de Cer\u00e1mica Efecto M\u00e1rmol-1\" class=\"wp-image-7479\" srcset=\"https:\/\/www.ceramicbasin.com\/wp-content\/uploads\/2025\/08\/marble-vanity-sinks\uff0ccustom-marble-sink\uff0cvessel-sink-countertop5.webp 800w, https:\/\/www.ceramicbasin.com\/wp-content\/uploads\/2025\/08\/marble-vanity-sinks\uff0ccustom-marble-sink\uff0cvessel-sink-countertop5-300x300.webp 300w, https:\/\/www.ceramicbasin.com\/wp-content\/uploads\/2025\/08\/marble-vanity-sinks\uff0ccustom-marble-sink\uff0cvessel-sink-countertop5-150x150.webp 150w, https:\/\/www.ceramicbasin.com\/wp-content\/uploads\/2025\/08\/marble-vanity-sinks\uff0ccustom-marble-sink\uff0cvessel-sink-countertop5-768x768.webp 768w, https:\/\/www.ceramicbasin.com\/wp-content\/uploads\/2025\/08\/marble-vanity-sinks\uff0ccustom-marble-sink\uff0cvessel-sink-countertop5-12x12.webp 12w, https:\/\/www.ceramicbasin.com\/wp-content\/uploads\/2025\/08\/marble-vanity-sinks\uff0ccustom-marble-sink\uff0cvessel-sink-countertop5-285x285.webp 285w, https:\/\/www.ceramicbasin.com\/wp-content\/uploads\/2025\/08\/marble-vanity-sinks\uff0ccustom-marble-sink\uff0cvessel-sink-countertop5-270x270.webp 270w, https:\/\/www.ceramicbasin.com\/wp-content\/uploads\/2025\/08\/marble-vanity-sinks\uff0ccustom-marble-sink\uff0cvessel-sink-countertop5-540x540.webp 540w, https:\/\/www.ceramicbasin.com\/wp-content\/uploads\/2025\/08\/marble-vanity-sinks\uff0ccustom-marble-sink\uff0cvessel-sink-countertop5-660x660.webp 660w\" sizes=\"(max-width: 800px) 100vw, 800px\" \/><\/figure>\n<\/div>\n<\/div>\n\n\n\n<p><\/p>","protected":false},"excerpt":{"rendered":"<p>Compra al por mayor lavabos de sobre encimera de ba\u00f1o para tu proyecto. Estos lavabos de encimera de cer\u00e1mica efecto m\u00e1rmol amarillo p\u00e1lido, con su textura natural realista y delicada y su elegante tonalidad, crean un ambiente c\u00e1lido y elegante. Los precios directos de f\u00e1brica ofrecen a los clientes una opci\u00f3n m\u00e1s competitiva.<\/p>\n<table style=\"border-collapse: collapse; width: 311.02pt;\" border=\"0\" width=\"311\" cellspacing=\"0\" cellpadding=\"0\">\n<tbody>\n<tr style=\"height: 17.60pt;\">\n<td class=\"et3\" style=\"height: 17.60pt; width: 108.35pt;\" width=\"108\" height=\"17\">Fabricante<\/td>\n<td class=\"et3\" style=\"width: 202.95pt;\" width=\"202\">HanYu<\/td>\n<\/tr>\n<tr style=\"height: 17.60pt;\">\n<td class=\"et3\" style=\"height: 17.60pt;\" height=\"17\">N\u00ba de modelo<\/td>\n<td class=\"et4\">HY-8004D1<\/td>\n<\/tr>\n<tr style=\"height: 36.00pt;\">\n<td class=\"et3\" style=\"height: 36.00pt;\" height=\"36\">Tipo<\/td>\n<td class=\"et5\" style=\"width: 202.95pt;\" width=\"202\">Lavabo Color M\u00e1rmol, Lavabo Encimera<\/td>\n<\/tr>\n<tr style=\"height: 17.60pt;\">\n<td class=\"et3\" style=\"height: 17.60pt;\" height=\"17\">Forma<\/td>\n<td class=\"et3\">Forma redonda<\/td>\n<\/tr>\n<tr style=\"height: 18.00pt;\">\n<td class=\"et4\" style=\"height: 18.00pt;\" height=\"18\">Color<\/td>\n<td class=\"et5\" style=\"width: 202.95pt;\" width=\"202\">m\u00e1rmol<\/td>\n<\/tr>\n<tr style=\"height: 18.00pt;\">\n<td class=\"et3\" style=\"height: 18.00pt;\" height=\"18\">Dimensi\u00f3n<\/td>\n<td class=\"et5\" style=\"width: 202.95pt;\" width=\"202\">44.5*44.5*15.5<\/td>\n<\/tr>\n<tr style=\"height: 17.60pt;\">\n<td class=\"et3\" style=\"height: 17.60pt;\" height=\"17\">N.W \/SET<\/td>\n<td class=\"et3\">15 KGS\/PCS<\/td>\n<\/tr>\n<tr style=\"height: 17.60pt;\">\n<td class=\"et3\" style=\"height: 17.60pt;\" height=\"17\">MOQ<\/td>\n<td class=\"et3\">20 piezas<\/td>\n<\/tr>\n<tr style=\"height: 17.60pt;\">\n<td class=\"et3\" style=\"height: 17.60pt;\" height=\"17\">Opci\u00f3n personalizada<\/td>\n<td class=\"et3\">Color\/Patr\u00f3n\/Tama\u00f1o\/Logotipo\/Embalaje<\/td>\n<\/tr>\n<\/tbody>\n<\/table>","protected":false},"featured_media":7478,"comment_status":"closed","ping_status":"closed","template":"","meta":{"_acf_changed":false},"product_brand":[],"product_cat":[54,50],"product_tag":[],"class_list":{"0":"post-7474","1":"product","2":"type-product","3":"status-publish","4":"has-post-thumbnail","6":"product_cat-wholesale-marble-sinks","7":"product_cat-wholesale-countertop-sinks","9":"first","10":"instock","11":"shipping-taxable","12":"product-type-simple"},"acf":[],"_links":{"self":[{"href":"https:\/\/www.ceramicbasin.com\/es\/wp-json\/wp\/v2\/product\/7474","targetHints":{"allow":["GET"]}}],"collection":[{"href":"https:\/\/www.ceramicbasin.com\/es\/wp-json\/wp\/v2\/product"}],"about":[{"href":"https:\/\/www.ceramicbasin.com\/es\/wp-json\/wp\/v2\/types\/product"}],"replies":[{"embeddable":true,"href":"https:\/\/www.ceramicbasin.com\/es\/wp-json\/wp\/v2\/comments?post=7474"}],"wp:featuredmedia":[{"embeddable":true,"href":"https:\/\/www.ceramicbasin.com\/es\/wp-json\/wp\/v2\/media\/7478"}],"wp:attachment":[{"href":"https:\/\/www.ceramicbasin.com\/es\/wp-json\/wp\/v2\/media?parent=7474"}],"wp:term":[{"taxonomy":"product_brand","embeddable":true,"href":"https:\/\/www.ceramicbasin.com\/es\/wp-json\/wp\/v2\/product_brand?post=7474"},{"taxonomy":"product_cat","embeddable":true,"href":"https:\/\/www.ceramicbasin.com\/es\/wp-json\/wp\/v2\/product_cat?post=7474"},{"taxonomy":"product_tag","embeddable":true,"href":"https:\/\/www.ceramicbasin.com\/es\/wp-json\/wp\/v2\/product_tag?post=7474"}],"curies":[{"name":"wp","href":"https:\/\/api.w.org\/{rel}","templated":true}]}}