{"id":7489,"date":"2025-08-18T08:39:28","date_gmt":"2025-08-18T08:39:28","guid":{"rendered":"https:\/\/www.ceramicbasin.com\/?post_type=product&#038;p=7489"},"modified":"2025-08-27T02:05:52","modified_gmt":"2025-08-27T02:05:52","slug":"wholesale-countertop-basins-2","status":"publish","type":"product","link":"https:\/\/www.ceramicbasin.com\/es\/producto\/wholesale-countertop-basins-2\/","title":{"rendered":"Mayorista Lavabos de Encimera con Crujido Blanco+Negro"},"content":{"rendered":"<div class=\"wp-block-columns is-layout-flex wp-container-core-columns-is-layout-9d6595d7 wp-block-columns-is-layout-flex\">\n<div class=\"wp-block-column is-layout-flow wp-block-column-is-layout-flow\">\n<h2 class=\"wp-block-heading\">Lavabos de Encimera Premium al por mayor Caracter\u00edsticas:<\/h2>\n\n\n\n<ul class=\"wp-block-list\">\n<li><strong>Textura agrietada \u00fanica:<\/strong> El dise\u00f1o craquelado en blanco y negro de estos lavabos de encimera al por mayor en colores contrastados es una marca de sofisticaci\u00f3n y singularidad, que contribuye a la belleza general de los cuartos de ba\u00f1o.<\/li>\n\n\n\n<li><strong>Peque\u00f1o y pr\u00e1ctico: <\/strong>Nuestros lavabos de tocador al por mayor, suministro directo de f\u00e1brica, son peque\u00f1os y ahorran espacio, perfectos para cuartos de ba\u00f1o compactos, hoteles o proyectos comerciales.<\/li>\n\n\n\n<li><strong>Cer\u00e1mica de alta temperatura: <\/strong>Nuestros lavabos de encimera al por mayor son duraderos, con un acabado fino y liso resistente a ara\u00f1azos y manchas, y f\u00e1ciles de limpiar y mantener.<\/li>\n\n\n\n<li><strong>Vers\u00e1til:<\/strong> La cl\u00e1sica combinaci\u00f3n de colores blanco y negro de estos lavabos al por mayor combina f\u00e1cilmente con una gran variedad de decoraciones, por lo que son adecuados para su uso en una amplia variedad de entornos.<\/li>\n<\/ul>\n<\/div>\n\n\n\n<div class=\"wp-block-column is-layout-flow wp-block-column-is-layout-flow\">\n<figure class=\"wp-block-image size-full\"><img fetchpriority=\"high\" decoding=\"async\" width=\"800\" height=\"800\" src=\"https:\/\/www.ceramicbasin.com\/wp-content\/uploads\/2025\/08\/custom-marble-sink\uff0cmarble-sink-countertop\uff0crectangular-above-counter-basin1.webp\" alt=\"Mayorista Lavabos de Encimera con Crujido Blanco+Negro-1\" class=\"wp-image-7490\" srcset=\"https:\/\/www.ceramicbasin.com\/wp-content\/uploads\/2025\/08\/custom-marble-sink\uff0cmarble-sink-countertop\uff0crectangular-above-counter-basin1.webp 800w, https:\/\/www.ceramicbasin.com\/wp-content\/uploads\/2025\/08\/custom-marble-sink\uff0cmarble-sink-countertop\uff0crectangular-above-counter-basin1-300x300.webp 300w, https:\/\/www.ceramicbasin.com\/wp-content\/uploads\/2025\/08\/custom-marble-sink\uff0cmarble-sink-countertop\uff0crectangular-above-counter-basin1-150x150.webp 150w, https:\/\/www.ceramicbasin.com\/wp-content\/uploads\/2025\/08\/custom-marble-sink\uff0cmarble-sink-countertop\uff0crectangular-above-counter-basin1-768x768.webp 768w, https:\/\/www.ceramicbasin.com\/wp-content\/uploads\/2025\/08\/custom-marble-sink\uff0cmarble-sink-countertop\uff0crectangular-above-counter-basin1-12x12.webp 12w, https:\/\/www.ceramicbasin.com\/wp-content\/uploads\/2025\/08\/custom-marble-sink\uff0cmarble-sink-countertop\uff0crectangular-above-counter-basin1-285x285.webp 285w, https:\/\/www.ceramicbasin.com\/wp-content\/uploads\/2025\/08\/custom-marble-sink\uff0cmarble-sink-countertop\uff0crectangular-above-counter-basin1-270x270.webp 270w, https:\/\/www.ceramicbasin.com\/wp-content\/uploads\/2025\/08\/custom-marble-sink\uff0cmarble-sink-countertop\uff0crectangular-above-counter-basin1-540x540.webp 540w, https:\/\/www.ceramicbasin.com\/wp-content\/uploads\/2025\/08\/custom-marble-sink\uff0cmarble-sink-countertop\uff0crectangular-above-counter-basin1-660x660.webp 660w\" sizes=\"(max-width: 800px) 100vw, 800px\" \/><\/figure>\n<\/div>\n<\/div>","protected":false},"excerpt":{"rendered":"<p>Bienvenido a comprar lavabos de encimera al por mayor. HanYu f\u00e1brica directa blanco y negro crackle-patr\u00f3n lavabos de la vanidad tienen un aspecto moderno minimalista, conveniente para los hogares modernos y espacios comerciales, combinando est\u00e9tica y funcionalidad.<\/p>\n<table style=\"border-collapse: collapse; width: 358.52pt;\" border=\"0\" width=\"478\" cellspacing=\"0\" cellpadding=\"0\">\n<tbody>\n<tr style=\"height: 17.25pt;\">\n<td class=\"et3\" style=\"height: 17.25pt; width: 125.00pt;\" width=\"166\" height=\"23\">Fabricante<\/td>\n<td class=\"et3\" style=\"width: 234.15pt;\" width=\"312\">HanYu<\/td>\n<\/tr>\n<tr style=\"height: 17.25pt;\">\n<td class=\"et3\" style=\"height: 17.25pt;\" height=\"23\">N\u00ba de modelo<\/td>\n<td class=\"et4\">HY-8064-55C4<\/td>\n<\/tr>\n<tr style=\"height: 17.25pt;\">\n<td class=\"et3\" style=\"height: 17.25pt;\" height=\"23\">Tipo<\/td>\n<td class=\"et5\" style=\"width: 234.15pt;\" width=\"312\">Fregaderos de m\u00e1rmol<\/td>\n<\/tr>\n<tr style=\"height: 18.00pt;\">\n<td class=\"et3\" style=\"height: 18.00pt;\" height=\"24\">Forma<\/td>\n<td class=\"et3\">Forma rectangular<\/td>\n<\/tr>\n<tr style=\"height: 34.50pt;\">\n<td class=\"et4\" style=\"height: 34.50pt;\" height=\"46\">Color<\/td>\n<td class=\"et5\" style=\"width: 234.15pt;\" width=\"312\">negro\/blanco\/azul\/gris\/rosa\/verde\/marr\u00f3n\/caqui<\/td>\n<\/tr>\n<tr style=\"height: 18.00pt;\">\n<td class=\"et3\" style=\"height: 18.00pt;\" height=\"24\">Dimensi\u00f3n<\/td>\n<td class=\"et5\" style=\"width: 234.15pt;\" width=\"312\">55*38*11<\/td>\n<\/tr>\n<tr style=\"height: 17.25pt;\">\n<td class=\"et3\" style=\"height: 17.25pt;\" height=\"23\">N.W \/SET<\/td>\n<td class=\"et3\">18KGS\/PCS<\/td>\n<\/tr>\n<tr style=\"height: 17.25pt;\">\n<td class=\"et3\" style=\"height: 17.25pt;\" height=\"23\">MOQ<\/td>\n<td class=\"et3\">20 piezas<\/td>\n<\/tr>\n<tr style=\"height: 17.25pt;\">\n<td class=\"et3\" style=\"height: 17.25pt;\" height=\"23\">Opci\u00f3n personalizada<\/td>\n<td class=\"et3\">Color\/Patr\u00f3n\/Tama\u00f1o\/Logotipo\/Embalaje<\/td>\n<\/tr>\n<\/tbody>\n<\/table>","protected":false},"featured_media":7493,"comment_status":"closed","ping_status":"closed","template":"","meta":{"_acf_changed":false},"product_brand":[],"product_cat":[50,54],"product_tag":[],"class_list":{"0":"post-7489","1":"product","2":"type-product","3":"status-publish","4":"has-post-thumbnail","6":"product_cat-wholesale-countertop-sinks","7":"product_cat-wholesale-marble-sinks","9":"first","10":"instock","11":"shipping-taxable","12":"product-type-simple"},"acf":[],"_links":{"self":[{"href":"https:\/\/www.ceramicbasin.com\/es\/wp-json\/wp\/v2\/product\/7489","targetHints":{"allow":["GET"]}}],"collection":[{"href":"https:\/\/www.ceramicbasin.com\/es\/wp-json\/wp\/v2\/product"}],"about":[{"href":"https:\/\/www.ceramicbasin.com\/es\/wp-json\/wp\/v2\/types\/product"}],"replies":[{"embeddable":true,"href":"https:\/\/www.ceramicbasin.com\/es\/wp-json\/wp\/v2\/comments?post=7489"}],"wp:featuredmedia":[{"embeddable":true,"href":"https:\/\/www.ceramicbasin.com\/es\/wp-json\/wp\/v2\/media\/7493"}],"wp:attachment":[{"href":"https:\/\/www.ceramicbasin.com\/es\/wp-json\/wp\/v2\/media?parent=7489"}],"wp:term":[{"taxonomy":"product_brand","embeddable":true,"href":"https:\/\/www.ceramicbasin.com\/es\/wp-json\/wp\/v2\/product_brand?post=7489"},{"taxonomy":"product_cat","embeddable":true,"href":"https:\/\/www.ceramicbasin.com\/es\/wp-json\/wp\/v2\/product_cat?post=7489"},{"taxonomy":"product_tag","embeddable":true,"href":"https:\/\/www.ceramicbasin.com\/es\/wp-json\/wp\/v2\/product_tag?post=7489"}],"curies":[{"name":"wp","href":"https:\/\/api.w.org\/{rel}","templated":true}]}}