{"id":7669,"date":"2025-08-29T07:27:27","date_gmt":"2025-08-29T07:27:27","guid":{"rendered":"https:\/\/www.ceramicbasin.com\/?post_type=product&#038;p=7669"},"modified":"2025-08-29T07:27:29","modified_gmt":"2025-08-29T07:27:29","slug":"wholesale-black-lavatory-sink","status":"publish","type":"product","link":"https:\/\/www.ceramicbasin.com\/es\/producto\/wholesale-black-lavatory-sink\/","title":{"rendered":"Mayorista Fregadero Lavabo Negro, Fregadero Redondo Color Mate"},"content":{"rendered":"<div class=\"wp-block-columns is-layout-flex wp-container-core-columns-is-layout-9d6595d7 wp-block-columns-is-layout-flex\">\n<div class=\"wp-block-column is-layout-flow wp-block-column-is-layout-flow\">\n<h2 class=\"wp-block-heading\">Premium al por mayor lavabo negro Caracter\u00edsticas:<\/h2>\n\n\n\n<ul class=\"wp-block-list\">\n<li><strong>Dise\u00f1o de moda:<\/strong> Nuestros lavabos negros al por mayor tienen un dise\u00f1o moderno y actual de l\u00edneas suaves, se adaptan a distintos dise\u00f1os de cuartos de ba\u00f1o y realzan la belleza y la calidad del espacio en general.<\/li>\n\n\n\n<li><strong>Material cer\u00e1mico de alta calidad:<\/strong> Estos lavabos de ba\u00f1o a medida a granel est\u00e1n fabricados en vidrio de alta calidad con gran transparencia y delicada textura, que tiene excelentes efectos visuales y un sentido moderno, garantizando la durabilidad y la belleza del producto.<\/li>\n\n\n\n<li><strong>Precio favorable:<\/strong> Como producto al por mayor, HanYu ofrece un precio de compra al por mayor muy competitivo, lo que garantiza que pueda disfrutar de lavabos negros al por mayor de alta calidad a la vez que controla los costes.<\/li>\n\n\n\n<li><strong>Gran capacidad de producci\u00f3n: <\/strong>Nuestro gran almac\u00e9n contiene varios tipos de lavabos con formas personalizadas. Elija los art\u00edculos que est\u00e1n en producci\u00f3n. Tenemos suficientes lavabos blancos para hacer lavabos de color m\u00e1rmol, por lo que el tiempo de env\u00edo ser\u00eda m\u00e1s corto.<\/li>\n<\/ul>\n<\/div>\n\n\n\n<div class=\"wp-block-column is-layout-flow wp-block-column-is-layout-flow\">\n<figure class=\"wp-block-image size-full\"><img fetchpriority=\"high\" decoding=\"async\" width=\"1024\" height=\"1024\" src=\"https:\/\/www.ceramicbasin.com\/wp-content\/uploads\/2025\/08\/Lavatory-Above-Counter-Face-Washing-Basin-Round-Shape-Sink-5.webp\" alt=\"Mayorista Fregadero Lavabo Negro, Fregadero Redondo Color Mate-1\" class=\"wp-image-7674\" srcset=\"https:\/\/www.ceramicbasin.com\/wp-content\/uploads\/2025\/08\/Lavatory-Above-Counter-Face-Washing-Basin-Round-Shape-Sink-5.webp 1024w, https:\/\/www.ceramicbasin.com\/wp-content\/uploads\/2025\/08\/Lavatory-Above-Counter-Face-Washing-Basin-Round-Shape-Sink-5-300x300.webp 300w, https:\/\/www.ceramicbasin.com\/wp-content\/uploads\/2025\/08\/Lavatory-Above-Counter-Face-Washing-Basin-Round-Shape-Sink-5-150x150.webp 150w, https:\/\/www.ceramicbasin.com\/wp-content\/uploads\/2025\/08\/Lavatory-Above-Counter-Face-Washing-Basin-Round-Shape-Sink-5-768x768.webp 768w, https:\/\/www.ceramicbasin.com\/wp-content\/uploads\/2025\/08\/Lavatory-Above-Counter-Face-Washing-Basin-Round-Shape-Sink-5-12x12.webp 12w, https:\/\/www.ceramicbasin.com\/wp-content\/uploads\/2025\/08\/Lavatory-Above-Counter-Face-Washing-Basin-Round-Shape-Sink-5-285x285.webp 285w, https:\/\/www.ceramicbasin.com\/wp-content\/uploads\/2025\/08\/Lavatory-Above-Counter-Face-Washing-Basin-Round-Shape-Sink-5-270x270.webp 270w, https:\/\/www.ceramicbasin.com\/wp-content\/uploads\/2025\/08\/Lavatory-Above-Counter-Face-Washing-Basin-Round-Shape-Sink-5-540x540.webp 540w, https:\/\/www.ceramicbasin.com\/wp-content\/uploads\/2025\/08\/Lavatory-Above-Counter-Face-Washing-Basin-Round-Shape-Sink-5-660x660.webp 660w\" sizes=\"(max-width: 1024px) 100vw, 1024px\" \/><\/figure>\n<\/div>\n<\/div>","protected":false},"excerpt":{"rendered":"<div class=\"text-stats\" data-v-df95d256=\"\">Bienvenido a comprar al por mayor lavabos negro. Nuestros lavabos personalizados de color mate, disponibles al por mayor, utilizan porcelana de alta calidad y una exquisita artesan\u00eda para garantizar su durabilidad y f\u00e1cil limpieza. Tambi\u00e9n ofrecemos servicios personalizados, que le permiten ajustar los detalles del producto seg\u00fan sus necesidades.<\/div>\n<table style=\"border-collapse: collapse; width: 311.02pt;\" border=\"0\" width=\"311\" cellspacing=\"0\" cellpadding=\"0\">\n<tbody>\n<tr style=\"height: 17.60pt;\">\n<td class=\"et3\" style=\"height: 17.60pt; width: 108.35pt;\" width=\"108\" height=\"17\">Fabricante<\/td>\n<td class=\"et3\" style=\"width: 202.95pt;\" width=\"202\">HanYu<\/td>\n<\/tr>\n<tr style=\"height: 17.60pt;\">\n<td class=\"et3\" style=\"height: 17.60pt;\" height=\"17\">N\u00ba de modelo<\/td>\n<td class=\"et4\">HY-8002MB<\/td>\n<\/tr>\n<tr style=\"height: 18.00pt;\">\n<td class=\"et3\" style=\"height: 18.00pt;\" height=\"18\">Tipo<\/td>\n<td class=\"et5\" style=\"width: 202.95pt;\" width=\"202\">Lavabo mate, Lavabo sobre encimera<\/td>\n<\/tr>\n<tr style=\"height: 17.60pt;\">\n<td class=\"et3\" style=\"height: 17.60pt;\" height=\"17\">Forma<\/td>\n<td class=\"et3\">Forma redonda<\/td>\n<\/tr>\n<tr style=\"height: 36.00pt;\">\n<td class=\"et4\" style=\"height: 36.00pt;\" height=\"36\">Color<\/td>\n<td class=\"et5\" style=\"width: 202.95pt;\" width=\"202\">Negro\/Blanco\/Azul\/Gris\/Rosa\/Verde\/Marr\u00f3n\/Caqui......<\/td>\n<\/tr>\n<tr style=\"height: 18.00pt;\">\n<td class=\"et3\" style=\"height: 18.00pt;\" height=\"18\">Dimensi\u00f3n<\/td>\n<td class=\"et5\" style=\"width: 202.95pt;\" width=\"202\">40*40*13<\/td>\n<\/tr>\n<tr style=\"height: 17.60pt;\">\n<td class=\"et3\" style=\"height: 17.60pt;\" height=\"17\">N.W \/SET<\/td>\n<td class=\"et3\">6KGS\/PCS<\/td>\n<\/tr>\n<tr style=\"height: 17.60pt;\">\n<td class=\"et3\" style=\"height: 17.60pt;\" height=\"17\">MOQ<\/td>\n<td class=\"et3\">20 piezas<\/td>\n<\/tr>\n<tr style=\"height: 17.60pt;\">\n<td class=\"et3\" style=\"height: 17.60pt;\" height=\"17\">Opci\u00f3n personalizada<\/td>\n<td class=\"et3\">Color\/Patr\u00f3n\/Tama\u00f1o\/Logotipo\/Embalaje<\/td>\n<\/tr>\n<\/tbody>\n<\/table>","protected":false},"featured_media":7670,"comment_status":"closed","ping_status":"closed","template":"","meta":{"_acf_changed":false},"product_brand":[],"product_cat":[55,50],"product_tag":[],"class_list":{"0":"post-7669","1":"product","2":"type-product","3":"status-publish","4":"has-post-thumbnail","6":"product_cat-wholesale-matte-sinks","7":"product_cat-wholesale-countertop-sinks","9":"first","10":"instock","11":"shipping-taxable","12":"product-type-simple"},"acf":[],"_links":{"self":[{"href":"https:\/\/www.ceramicbasin.com\/es\/wp-json\/wp\/v2\/product\/7669","targetHints":{"allow":["GET"]}}],"collection":[{"href":"https:\/\/www.ceramicbasin.com\/es\/wp-json\/wp\/v2\/product"}],"about":[{"href":"https:\/\/www.ceramicbasin.com\/es\/wp-json\/wp\/v2\/types\/product"}],"replies":[{"embeddable":true,"href":"https:\/\/www.ceramicbasin.com\/es\/wp-json\/wp\/v2\/comments?post=7669"}],"wp:featuredmedia":[{"embeddable":true,"href":"https:\/\/www.ceramicbasin.com\/es\/wp-json\/wp\/v2\/media\/7670"}],"wp:attachment":[{"href":"https:\/\/www.ceramicbasin.com\/es\/wp-json\/wp\/v2\/media?parent=7669"}],"wp:term":[{"taxonomy":"product_brand","embeddable":true,"href":"https:\/\/www.ceramicbasin.com\/es\/wp-json\/wp\/v2\/product_brand?post=7669"},{"taxonomy":"product_cat","embeddable":true,"href":"https:\/\/www.ceramicbasin.com\/es\/wp-json\/wp\/v2\/product_cat?post=7669"},{"taxonomy":"product_tag","embeddable":true,"href":"https:\/\/www.ceramicbasin.com\/es\/wp-json\/wp\/v2\/product_tag?post=7669"}],"curies":[{"name":"wp","href":"https:\/\/api.w.org\/{rel}","templated":true}]}}