{"id":7675,"date":"2025-08-29T07:10:33","date_gmt":"2025-08-29T07:10:33","guid":{"rendered":"https:\/\/www.ceramicbasin.com\/?post_type=product&#038;p=7675"},"modified":"2025-08-29T07:10:36","modified_gmt":"2025-08-29T07:10:36","slug":"wholesale-wash-basin-sink","status":"publish","type":"product","link":"https:\/\/www.ceramicbasin.com\/es\/producto\/wholesale-wash-basin-sink\/","title":{"rendered":"Fregadero de lavabo marr\u00f3n mate al por mayor, Fregadero de cubeta asequible"},"content":{"rendered":"<div class=\"wp-block-columns is-layout-flex wp-container-core-columns-is-layout-9d6595d7 wp-block-columns-is-layout-flex\">\n<div class=\"wp-block-column is-layout-flow wp-block-column-is-layout-flow\">\n<h2 class=\"wp-block-heading\">Premium al por mayor lavabo fregadero Caracter\u00edsticas:<\/h2>\n\n\n\n<ul class=\"wp-block-list\">\n<li><strong>Tratamiento superficial mate:\u00a0<\/strong>El exclusivo tratamiento mate de la superficie de este lavabo al por mayor aporta un tacto suave y lujo al tocador del cuarto de ba\u00f1o.<\/li>\n\n\n\n<li><strong>Cer\u00e1mica de alta calidad:<\/strong> Las materias primas cer\u00e1micas seleccionadas de alta calidad, sinterizadas a alta temperatura, garantizan que nuestro fregadero de recipiente al por mayor tenga una estructura s\u00f3lida, una superficie delicada y lisa, sea f\u00e1cil de limpiar y dure como nuevo.<\/li>\n\n\n\n<li><strong>Instalaci\u00f3n superior:<\/strong> Este fregadero de lavabo al por mayor adopta un m\u00e9todo de instalaci\u00f3n superior, que es f\u00e1cil de instalar, estable y fiable, no s\u00f3lo ahorra espacio, sino que tambi\u00e9n es conveniente para el mantenimiento diario y la limpieza, y mejora la experiencia del usuario.<\/li>\n\n\n\n<li><strong>Precio favorable: <\/strong>Como producto al por mayor, HanYu ofrece un precio muy competitivo para la venta al por mayor de fregaderos de recipiente, garantizando que pueda disfrutar de lavabos de cer\u00e1mica de alta calidad a la vez que controla los costes.<\/li>\n<\/ul>\n<\/div>\n\n\n\n<div class=\"wp-block-column is-layout-flow wp-block-column-is-layout-flow\">\n<figure class=\"wp-block-image size-full\"><img fetchpriority=\"high\" decoding=\"async\" width=\"1024\" height=\"1024\" src=\"https:\/\/www.ceramicbasin.com\/wp-content\/uploads\/2025\/08\/Bathroom-Mount-Hotel-Color-Table-Top-Wash-Basins-Ceramic-Sale-Brown-Matt-Art-Basin-Single-Round-Sink-5.webp\" alt=\"Fregadero de lavabo marr\u00f3n mate al por mayor, Fregadero de cubeta asequible-1\" class=\"wp-image-7680\" srcset=\"https:\/\/www.ceramicbasin.com\/wp-content\/uploads\/2025\/08\/Bathroom-Mount-Hotel-Color-Table-Top-Wash-Basins-Ceramic-Sale-Brown-Matt-Art-Basin-Single-Round-Sink-5.webp 1024w, https:\/\/www.ceramicbasin.com\/wp-content\/uploads\/2025\/08\/Bathroom-Mount-Hotel-Color-Table-Top-Wash-Basins-Ceramic-Sale-Brown-Matt-Art-Basin-Single-Round-Sink-5-300x300.webp 300w, https:\/\/www.ceramicbasin.com\/wp-content\/uploads\/2025\/08\/Bathroom-Mount-Hotel-Color-Table-Top-Wash-Basins-Ceramic-Sale-Brown-Matt-Art-Basin-Single-Round-Sink-5-150x150.webp 150w, https:\/\/www.ceramicbasin.com\/wp-content\/uploads\/2025\/08\/Bathroom-Mount-Hotel-Color-Table-Top-Wash-Basins-Ceramic-Sale-Brown-Matt-Art-Basin-Single-Round-Sink-5-768x768.webp 768w, https:\/\/www.ceramicbasin.com\/wp-content\/uploads\/2025\/08\/Bathroom-Mount-Hotel-Color-Table-Top-Wash-Basins-Ceramic-Sale-Brown-Matt-Art-Basin-Single-Round-Sink-5-12x12.webp 12w, https:\/\/www.ceramicbasin.com\/wp-content\/uploads\/2025\/08\/Bathroom-Mount-Hotel-Color-Table-Top-Wash-Basins-Ceramic-Sale-Brown-Matt-Art-Basin-Single-Round-Sink-5-285x285.webp 285w, https:\/\/www.ceramicbasin.com\/wp-content\/uploads\/2025\/08\/Bathroom-Mount-Hotel-Color-Table-Top-Wash-Basins-Ceramic-Sale-Brown-Matt-Art-Basin-Single-Round-Sink-5-270x270.webp 270w, https:\/\/www.ceramicbasin.com\/wp-content\/uploads\/2025\/08\/Bathroom-Mount-Hotel-Color-Table-Top-Wash-Basins-Ceramic-Sale-Brown-Matt-Art-Basin-Single-Round-Sink-5-540x540.webp 540w, https:\/\/www.ceramicbasin.com\/wp-content\/uploads\/2025\/08\/Bathroom-Mount-Hotel-Color-Table-Top-Wash-Basins-Ceramic-Sale-Brown-Matt-Art-Basin-Single-Round-Sink-5-660x660.webp 660w\" sizes=\"(max-width: 1024px) 100vw, 1024px\" \/><\/figure>\n<\/div>\n<\/div>\n\n\n\n<p><\/p>","protected":false},"excerpt":{"rendered":"<div class=\"highlights-border-container\" data-v-df95d256=\"\">Compre lavabos al por mayor directamente de la f\u00e1brica HanYu. Nuestros lavabos de cer\u00e1mica al por mayor est\u00e1n hechos de cer\u00e1mica de alta calidad y cocidos a altas temperaturas. Ofrecemos descuentos al por mayor en este dise\u00f1o popular para satisfacer las necesidades de proyectos comerciales o grandes renovaciones residenciales.<\/div>\n<table style=\"border-collapse: collapse; width: 311.02pt;\" border=\"0\" width=\"311\" cellspacing=\"0\" cellpadding=\"0\">\n<tbody>\n<tr style=\"height: 17.60pt;\">\n<td class=\"et3\" style=\"height: 17.60pt; width: 108.35pt;\" width=\"108\" height=\"17\">Fabricante<\/td>\n<td class=\"et3\" style=\"width: 202.95pt;\" width=\"202\">HanYu<\/td>\n<\/tr>\n<tr style=\"height: 17.60pt;\">\n<td class=\"et3\" style=\"height: 17.60pt;\" height=\"17\">N\u00ba de modelo<\/td>\n<td class=\"et4\">HY-8002MC<\/td>\n<\/tr>\n<tr style=\"height: 18.00pt;\">\n<td class=\"et3\" style=\"height: 18.00pt;\" height=\"18\">Tipo<\/td>\n<td class=\"et5\" style=\"width: 202.95pt;\" width=\"202\">Lavabo mate, Lavabo sobre encimera<\/td>\n<\/tr>\n<tr style=\"height: 17.60pt;\">\n<td class=\"et3\" style=\"height: 17.60pt;\" height=\"17\">Forma<\/td>\n<td class=\"et3\">Forma redonda<\/td>\n<\/tr>\n<tr style=\"height: 36.00pt;\">\n<td class=\"et4\" style=\"height: 36.00pt;\" height=\"36\">Color<\/td>\n<td class=\"et5\" style=\"width: 202.95pt;\" width=\"202\">Negro\/Blanco\/Azul\/Gris\/Rosa\/Verde\/Marr\u00f3n\/Caqui......<\/td>\n<\/tr>\n<tr style=\"height: 18.00pt;\">\n<td class=\"et3\" style=\"height: 18.00pt;\" height=\"18\">Dimensi\u00f3n<\/td>\n<td class=\"et5\" style=\"width: 202.95pt;\" width=\"202\">40*40*13<\/td>\n<\/tr>\n<tr style=\"height: 17.60pt;\">\n<td class=\"et3\" style=\"height: 17.60pt;\" height=\"17\">N.W \/SET<\/td>\n<td class=\"et3\">6KGS\/PCS<\/td>\n<\/tr>\n<tr style=\"height: 17.60pt;\">\n<td class=\"et3\" style=\"height: 17.60pt;\" height=\"17\">MOQ<\/td>\n<td class=\"et3\">20 piezas<\/td>\n<\/tr>\n<tr style=\"height: 17.60pt;\">\n<td class=\"et3\" style=\"height: 17.60pt;\" height=\"17\">Opci\u00f3n personalizada<\/td>\n<td class=\"et3\">Color\/Patr\u00f3n\/Tama\u00f1o\/Logotipo\/Embalaje<\/td>\n<\/tr>\n<\/tbody>\n<\/table>","protected":false},"featured_media":7679,"comment_status":"closed","ping_status":"closed","template":"","meta":{"_acf_changed":false},"product_brand":[],"product_cat":[50,55],"product_tag":[],"class_list":{"0":"post-7675","1":"product","2":"type-product","3":"status-publish","4":"has-post-thumbnail","6":"product_cat-wholesale-countertop-sinks","7":"product_cat-wholesale-matte-sinks","9":"first","10":"instock","11":"shipping-taxable","12":"product-type-simple"},"acf":[],"_links":{"self":[{"href":"https:\/\/www.ceramicbasin.com\/es\/wp-json\/wp\/v2\/product\/7675","targetHints":{"allow":["GET"]}}],"collection":[{"href":"https:\/\/www.ceramicbasin.com\/es\/wp-json\/wp\/v2\/product"}],"about":[{"href":"https:\/\/www.ceramicbasin.com\/es\/wp-json\/wp\/v2\/types\/product"}],"replies":[{"embeddable":true,"href":"https:\/\/www.ceramicbasin.com\/es\/wp-json\/wp\/v2\/comments?post=7675"}],"wp:featuredmedia":[{"embeddable":true,"href":"https:\/\/www.ceramicbasin.com\/es\/wp-json\/wp\/v2\/media\/7679"}],"wp:attachment":[{"href":"https:\/\/www.ceramicbasin.com\/es\/wp-json\/wp\/v2\/media?parent=7675"}],"wp:term":[{"taxonomy":"product_brand","embeddable":true,"href":"https:\/\/www.ceramicbasin.com\/es\/wp-json\/wp\/v2\/product_brand?post=7675"},{"taxonomy":"product_cat","embeddable":true,"href":"https:\/\/www.ceramicbasin.com\/es\/wp-json\/wp\/v2\/product_cat?post=7675"},{"taxonomy":"product_tag","embeddable":true,"href":"https:\/\/www.ceramicbasin.com\/es\/wp-json\/wp\/v2\/product_tag?post=7675"}],"curies":[{"name":"wp","href":"https:\/\/api.w.org\/{rel}","templated":true}]}}