{"id":7722,"date":"2025-09-03T08:38:15","date_gmt":"2025-09-03T08:38:15","guid":{"rendered":"https:\/\/www.ceramicbasin.com\/?post_type=product&#038;p=7722"},"modified":"2025-09-04T09:32:29","modified_gmt":"2025-09-04T09:32:29","slug":"wholesale-countertop-hand-basin","status":"publish","type":"product","link":"https:\/\/www.ceramicbasin.com\/es\/producto\/wholesale-countertop-hand-basin\/","title":{"rendered":"Mayorista Lavamanos de Encimera, Venta al por mayor Lavamanos de Ba\u00f1o"},"content":{"rendered":"<div class=\"wp-block-columns is-layout-flex wp-container-core-columns-is-layout-9d6595d7 wp-block-columns-is-layout-flex\">\n<div class=\"wp-block-column is-layout-flow wp-block-column-is-layout-flow\">\n<h2 class=\"wp-block-heading\">Lavamanos sobre encimera al por mayor de primera calidad Caracter\u00edsticas:<\/h2>\n\n\n\n<ul class=\"wp-block-list\">\n<li><strong>Dise\u00f1o moderno:<\/strong> Nuestro lavamanos de encimera al por mayor con dise\u00f1o tradicional de lavamanos de encimera redonda a\u00f1ade sencillez y gracia para adaptarse a cualquier decoraci\u00f3n de cuarto de ba\u00f1o.<\/li>\n\n\n\n<li><strong>Materiales de alta calidad:<\/strong> Seleccionamos materiales cer\u00e1micos de alta calidad, cocidos a alta temperatura, para que nuestro lavamanos de encimera al por mayor sea duradero, resistente a las manchas y a los ara\u00f1azos. La superficie lisa es f\u00e1cil de limpiar y puede permanecer hermosa y brillante despu\u00e9s de un uso prolongado.<\/li>\n\n\n\n<li><strong>Ampliamente adaptable:<\/strong> Disponemos de lavabos de cubeta a medida al por mayor de varios tama\u00f1os y colores, que pueden adaptarse a las necesidades de decoraci\u00f3n de cuartos de ba\u00f1o de diferentes estilos. Tanto si se trata de un ba\u00f1o de estilo minimalista moderno como de un ba\u00f1o de estilo art\u00edstico, este lavabo puede integrarse perfectamente.<\/li>\n\n\n\n<li><strong>Precio al por mayor: <\/strong>La f\u00e1brica Hanyu ofrece una variedad de lavabos al por mayor, garantizando productos de alta calidad a los precios m\u00e1s competitivos, ayudando a mayoristas, minoristas y proyectos de construcci\u00f3n a ahorrar costes y aumentar los m\u00e1rgenes de beneficio.<\/li>\n<\/ul>\n<\/div>\n\n\n\n<div class=\"wp-block-column is-layout-flow wp-block-column-is-layout-flow\">\n<figure class=\"wp-block-image size-full\"><img fetchpriority=\"high\" decoding=\"async\" width=\"655\" height=\"819\" src=\"https:\/\/www.ceramicbasin.com\/wp-content\/uploads\/2025\/09\/hot-sale-wholesale-countertop-hand-basin-white-round-wholesale-bathroom-sink-7.webp\" alt=\"hot-sale-venta-mayor-encimera-lavabo-de-mano-blanco-redondo-venta-mayor-fregadero-de-ba\u00f1o-7\" class=\"wp-image-7780\" srcset=\"https:\/\/www.ceramicbasin.com\/wp-content\/uploads\/2025\/09\/hot-sale-wholesale-countertop-hand-basin-white-round-wholesale-bathroom-sink-7.webp 655w, https:\/\/www.ceramicbasin.com\/wp-content\/uploads\/2025\/09\/hot-sale-wholesale-countertop-hand-basin-white-round-wholesale-bathroom-sink-7-240x300.webp 240w, https:\/\/www.ceramicbasin.com\/wp-content\/uploads\/2025\/09\/hot-sale-wholesale-countertop-hand-basin-white-round-wholesale-bathroom-sink-7-10x12.webp 10w, https:\/\/www.ceramicbasin.com\/wp-content\/uploads\/2025\/09\/hot-sale-wholesale-countertop-hand-basin-white-round-wholesale-bathroom-sink-7-285x356.webp 285w, https:\/\/www.ceramicbasin.com\/wp-content\/uploads\/2025\/09\/hot-sale-wholesale-countertop-hand-basin-white-round-wholesale-bathroom-sink-7-528x660.webp 528w, https:\/\/www.ceramicbasin.com\/wp-content\/uploads\/2025\/09\/hot-sale-wholesale-countertop-hand-basin-white-round-wholesale-bathroom-sink-7-120x150.webp 120w\" sizes=\"(max-width: 655px) 100vw, 655px\" \/><\/figure>\n<\/div>\n<\/div>","protected":false},"excerpt":{"rendered":"<p>Bienvenido a comprar nuestra venta caliente al por mayor lavabo de mano encimera. Esta venta al por mayor lavabo redondo encimera de ba\u00f1o con un acabado liso. Moderno y ahorro de espacio lavabo de mano de dise\u00f1o, f\u00e1cil de instalar, y perfecto para el hogar, hotel, y el uso comercial. Soporta pedidos al por mayor y personalizaci\u00f3n.<\/p>\n<table style=\"border-collapse: collapse; width: 311.02pt;\" border=\"0\" width=\"311\" cellspacing=\"0\" cellpadding=\"0\">\n<tbody>\n<tr style=\"height: 17.60pt;\">\n<td class=\"et3\" style=\"height: 17.60pt; width: 108.35pt;\" width=\"108\" height=\"17\">Fabricante<\/td>\n<td class=\"et3\" style=\"width: 202.95pt;\" width=\"202\">HanYu<\/td>\n<\/tr>\n<tr style=\"height: 17.60pt;\">\n<td class=\"et3\" style=\"height: 17.60pt;\" height=\"17\">N\u00ba de modelo<\/td>\n<td class=\"et4\">HY-3003<\/td>\n<\/tr>\n<tr style=\"height: 17.60pt;\">\n<td class=\"et3\" style=\"height: 17.60pt;\" height=\"17\">Tipo<\/td>\n<td class=\"et3\">Lavabo de Encimera<\/td>\n<\/tr>\n<tr style=\"height: 17.60pt;\">\n<td class=\"et3\" style=\"height: 17.60pt;\" height=\"17\">Forma<\/td>\n<td class=\"et3\">Forma redonda<\/td>\n<\/tr>\n<tr style=\"height: 17.60pt;\">\n<td class=\"et4\" style=\"height: 17.60pt;\" height=\"17\">Color<\/td>\n<td class=\"et3\">Blanco<\/td>\n<\/tr>\n<tr style=\"height: 18.00pt;\">\n<td class=\"et3\" style=\"height: 18.00pt;\" height=\"18\">Dimensi\u00f3n<\/td>\n<td class=\"et5\" style=\"width: 202.95pt;\" width=\"202\">41*41*17<\/td>\n<\/tr>\n<tr style=\"height: 17.60pt;\">\n<td class=\"et3\" style=\"height: 17.60pt;\" height=\"17\">N.W \/SET<\/td>\n<td class=\"et3\">6KG\/PCS<\/td>\n<\/tr>\n<tr style=\"height: 17.60pt;\">\n<td class=\"et3\" style=\"height: 17.60pt;\" height=\"17\">MOQ<\/td>\n<td class=\"et3\">20 piezas<\/td>\n<\/tr>\n<tr style=\"height: 17.60pt;\">\n<td class=\"et3\" style=\"height: 17.60pt;\" height=\"17\">Opci\u00f3n personalizada<\/td>\n<td class=\"et3\">Color\/Patr\u00f3n\/Tama\u00f1o\/Logotipo\/Embalaje<\/td>\n<\/tr>\n<\/tbody>\n<\/table>\n<p>&nbsp;<\/p>","protected":false},"featured_media":7776,"comment_status":"closed","ping_status":"closed","template":"","meta":{"_acf_changed":false},"product_brand":[],"product_cat":[50],"product_tag":[],"class_list":{"0":"post-7722","1":"product","2":"type-product","3":"status-publish","4":"has-post-thumbnail","6":"product_cat-wholesale-countertop-sinks","8":"first","9":"instock","10":"shipping-taxable","11":"product-type-simple"},"acf":[],"_links":{"self":[{"href":"https:\/\/www.ceramicbasin.com\/es\/wp-json\/wp\/v2\/product\/7722","targetHints":{"allow":["GET"]}}],"collection":[{"href":"https:\/\/www.ceramicbasin.com\/es\/wp-json\/wp\/v2\/product"}],"about":[{"href":"https:\/\/www.ceramicbasin.com\/es\/wp-json\/wp\/v2\/types\/product"}],"replies":[{"embeddable":true,"href":"https:\/\/www.ceramicbasin.com\/es\/wp-json\/wp\/v2\/comments?post=7722"}],"wp:featuredmedia":[{"embeddable":true,"href":"https:\/\/www.ceramicbasin.com\/es\/wp-json\/wp\/v2\/media\/7776"}],"wp:attachment":[{"href":"https:\/\/www.ceramicbasin.com\/es\/wp-json\/wp\/v2\/media?parent=7722"}],"wp:term":[{"taxonomy":"product_brand","embeddable":true,"href":"https:\/\/www.ceramicbasin.com\/es\/wp-json\/wp\/v2\/product_brand?post=7722"},{"taxonomy":"product_cat","embeddable":true,"href":"https:\/\/www.ceramicbasin.com\/es\/wp-json\/wp\/v2\/product_cat?post=7722"},{"taxonomy":"product_tag","embeddable":true,"href":"https:\/\/www.ceramicbasin.com\/es\/wp-json\/wp\/v2\/product_tag?post=7722"}],"curies":[{"name":"wp","href":"https:\/\/api.w.org\/{rel}","templated":true}]}}