{"id":7730,"date":"2025-09-03T09:25:02","date_gmt":"2025-09-03T09:25:02","guid":{"rendered":"https:\/\/www.ceramicbasin.com\/?post_type=product&#038;p=7730"},"modified":"2025-09-04T09:28:07","modified_gmt":"2025-09-04T09:28:07","slug":"wholesale-bathroom-countertop-basin","status":"publish","type":"product","link":"https:\/\/www.ceramicbasin.com\/es\/producto\/wholesale-bathroom-countertop-basin\/","title":{"rendered":"Mayorista Lavabo de Encimera de Ba\u00f1o, Lavabos Ceramicos Redondos"},"content":{"rendered":"<div class=\"wp-block-columns is-layout-flex wp-container-core-columns-is-layout-9d6595d7 wp-block-columns-is-layout-flex\">\n<div class=\"wp-block-column is-layout-flow wp-block-column-is-layout-flow\">\n<h2 class=\"wp-block-heading\">Premium al por mayor lavabo encimera de ba\u00f1o Caracter\u00edsticas:<\/h2>\n\n\n\n<ul class=\"wp-block-list\">\n<li><strong>Dise\u00f1o moderno:<\/strong> Este lavabo para encimera de ba\u00f1o al por mayor presenta un dise\u00f1o moderno y sencillo. El dise\u00f1o liso, redondo puede ir bien con varios estilos en cuartos de ba\u00f1o, a\u00f1adiendo un factor moderno y de alto grado en el espacio de ba\u00f1o.<\/li>\n\n\n\n<li><strong>Materiales de alta calidad:<\/strong> La cer\u00e1mica de alta calidad seleccionada se calcina a altas temperaturas para garantizar la durabilidad del producto. Adem\u00e1s, al ser resistente a la suciedad y los ara\u00f1azos, la superficie lisa de nuestra encimera de lavabo de ba\u00f1o al por mayor es f\u00e1cil de limpiar y se mantiene bella y brillante durante mucho tiempo.<\/li>\n\n\n\n<li><strong>Orificios pretaladrados para grifos:<\/strong> Nuestro lavabo para encimera de ba\u00f1o al por mayor viene con orificios para grifo pretaladrados para una instalaci\u00f3n r\u00e1pida y sencilla que puede adaptarse a la mayor\u00eda de grifos est\u00e1ndar. El dise\u00f1o simple es muy funcional, de aspecto agradable al mismo tiempo, y asegura la comodidad para el usuario.<\/li>\n\n\n\n<li><strong>Dise\u00f1o del lavabo sobre encimera:<\/strong> nuestros lavabos de ba\u00f1o a medida se suministran directamente de f\u00e1brica, su sencilla instalaci\u00f3n complementa diversas encimeras de ba\u00f1o, elevando la sofisticaci\u00f3n espacial general.<\/li>\n<\/ul>\n<\/div>\n\n\n\n<div class=\"wp-block-column is-layout-flow wp-block-column-is-layout-flow\">\n<figure class=\"wp-block-image size-full\"><img fetchpriority=\"high\" decoding=\"async\" width=\"655\" height=\"819\" src=\"https:\/\/www.ceramicbasin.com\/wp-content\/uploads\/2025\/09\/modern-wholesale-bathroom-countertop-basin-with-faucet-hole-custom-ceramic-sinks-6.webp\" alt=\"fregaderos-ceramicos-modernos-encimera-lavabo-con-agujero-del-lavabo-ceramico-personalizados-6\" class=\"wp-image-7766\" srcset=\"https:\/\/www.ceramicbasin.com\/wp-content\/uploads\/2025\/09\/modern-wholesale-bathroom-countertop-basin-with-faucet-hole-custom-ceramic-sinks-6.webp 655w, https:\/\/www.ceramicbasin.com\/wp-content\/uploads\/2025\/09\/modern-wholesale-bathroom-countertop-basin-with-faucet-hole-custom-ceramic-sinks-6-240x300.webp 240w, https:\/\/www.ceramicbasin.com\/wp-content\/uploads\/2025\/09\/modern-wholesale-bathroom-countertop-basin-with-faucet-hole-custom-ceramic-sinks-6-10x12.webp 10w, https:\/\/www.ceramicbasin.com\/wp-content\/uploads\/2025\/09\/modern-wholesale-bathroom-countertop-basin-with-faucet-hole-custom-ceramic-sinks-6-285x356.webp 285w, https:\/\/www.ceramicbasin.com\/wp-content\/uploads\/2025\/09\/modern-wholesale-bathroom-countertop-basin-with-faucet-hole-custom-ceramic-sinks-6-528x660.webp 528w, https:\/\/www.ceramicbasin.com\/wp-content\/uploads\/2025\/09\/modern-wholesale-bathroom-countertop-basin-with-faucet-hole-custom-ceramic-sinks-6-120x150.webp 120w\" sizes=\"(max-width: 655px) 100vw, 655px\" \/><\/figure>\n<\/div>\n<\/div>","protected":false},"excerpt":{"rendered":"<p>Bienvenido a comprar el lavabo de encimera de ba\u00f1o al por mayor. Hanyu lavabo de ba\u00f1o encimera al por mayor con agujeros de grifo pre-perforados, por lo que es mucho m\u00e1s f\u00e1cil de instalar y ampliamente compatible con los accesorios relacionados. A modo de venta directa de f\u00e1brica al por mayor, es durable y f\u00e1cil de limpiar.<\/p>\n<table style=\"border-collapse: collapse; width: 311.02pt;\" border=\"0\" width=\"311\" cellspacing=\"0\" cellpadding=\"0\">\n<tbody>\n<tr style=\"height: 17.60pt;\">\n<td class=\"et3\" style=\"height: 17.60pt; width: 108.35pt;\" width=\"108\" height=\"17\">Fabricante<\/td>\n<td class=\"et3\" style=\"width: 202.95pt;\" width=\"202\">HanYu<\/td>\n<\/tr>\n<tr style=\"height: 17.60pt;\">\n<td class=\"et3\" style=\"height: 17.60pt;\" height=\"17\">N\u00ba de modelo<\/td>\n<td class=\"et4\">HY-8127<\/td>\n<\/tr>\n<tr style=\"height: 17.60pt;\">\n<td class=\"et3\" style=\"height: 17.60pt;\" height=\"17\">Tipo<\/td>\n<td class=\"et3\">Lavabo de Encimera<\/td>\n<\/tr>\n<tr style=\"height: 17.60pt;\">\n<td class=\"et3\" style=\"height: 17.60pt;\" height=\"17\">Forma<\/td>\n<td class=\"et3\">Redondo<\/td>\n<\/tr>\n<tr style=\"height: 17.60pt;\">\n<td class=\"et4\" style=\"height: 17.60pt;\" height=\"17\">Color<\/td>\n<td class=\"et3\">Blanco<\/td>\n<\/tr>\n<tr style=\"height: 18.00pt;\">\n<td class=\"et3\" style=\"height: 18.00pt;\" height=\"18\">Dimensi\u00f3n<\/td>\n<td class=\"et5\" style=\"width: 202.95pt;\" width=\"202\">40.5*40.5*13<\/td>\n<\/tr>\n<tr style=\"height: 17.60pt;\">\n<td class=\"et3\" style=\"height: 17.60pt;\" height=\"17\">N.W \/SET<\/td>\n<td class=\"et3\">8KG\/PCS<\/td>\n<\/tr>\n<tr style=\"height: 17.60pt;\">\n<td class=\"et3\" style=\"height: 17.60pt;\" height=\"17\">MOQ<\/td>\n<td class=\"et3\">20 piezas<\/td>\n<\/tr>\n<tr style=\"height: 17.60pt;\">\n<td class=\"et3\" style=\"height: 17.60pt;\" height=\"17\">Opci\u00f3n personalizada<\/td>\n<td class=\"et3\">Color\/Patr\u00f3n\/Tama\u00f1o\/Logotipo\/Embalaje<\/td>\n<\/tr>\n<\/tbody>\n<\/table>\n<p>&nbsp;<\/p>","protected":false},"featured_media":7761,"comment_status":"closed","ping_status":"closed","template":"","meta":{"_acf_changed":false},"product_brand":[],"product_cat":[50],"product_tag":[],"class_list":{"0":"post-7730","1":"product","2":"type-product","3":"status-publish","4":"has-post-thumbnail","6":"product_cat-wholesale-countertop-sinks","8":"first","9":"instock","10":"shipping-taxable","11":"product-type-simple"},"acf":[],"_links":{"self":[{"href":"https:\/\/www.ceramicbasin.com\/es\/wp-json\/wp\/v2\/product\/7730","targetHints":{"allow":["GET"]}}],"collection":[{"href":"https:\/\/www.ceramicbasin.com\/es\/wp-json\/wp\/v2\/product"}],"about":[{"href":"https:\/\/www.ceramicbasin.com\/es\/wp-json\/wp\/v2\/types\/product"}],"replies":[{"embeddable":true,"href":"https:\/\/www.ceramicbasin.com\/es\/wp-json\/wp\/v2\/comments?post=7730"}],"wp:featuredmedia":[{"embeddable":true,"href":"https:\/\/www.ceramicbasin.com\/es\/wp-json\/wp\/v2\/media\/7761"}],"wp:attachment":[{"href":"https:\/\/www.ceramicbasin.com\/es\/wp-json\/wp\/v2\/media?parent=7730"}],"wp:term":[{"taxonomy":"product_brand","embeddable":true,"href":"https:\/\/www.ceramicbasin.com\/es\/wp-json\/wp\/v2\/product_brand?post=7730"},{"taxonomy":"product_cat","embeddable":true,"href":"https:\/\/www.ceramicbasin.com\/es\/wp-json\/wp\/v2\/product_cat?post=7730"},{"taxonomy":"product_tag","embeddable":true,"href":"https:\/\/www.ceramicbasin.com\/es\/wp-json\/wp\/v2\/product_tag?post=7730"}],"curies":[{"name":"wp","href":"https:\/\/api.w.org\/{rel}","templated":true}]}}