{"id":7740,"date":"2025-09-03T09:44:09","date_gmt":"2025-09-03T09:44:09","guid":{"rendered":"https:\/\/www.ceramicbasin.com\/?post_type=product&#038;p=7740"},"modified":"2025-09-04T07:44:01","modified_gmt":"2025-09-04T07:44:01","slug":"wholesale-round-lavatory-sinks","status":"publish","type":"product","link":"https:\/\/www.ceramicbasin.com\/es\/producto\/wholesale-round-lavatory-sinks\/","title":{"rendered":"Mayorista Lavamanos Redondo, Lavamanos de Cer\u00e1mica a Medida"},"content":{"rendered":"<div class=\"wp-block-columns is-layout-flex wp-container-core-columns-is-layout-9d6595d7 wp-block-columns-is-layout-flex\">\n<div class=\"wp-block-column is-layout-flow wp-block-column-is-layout-flow\">\n<h2 class=\"wp-block-heading\">Premium al por mayor lavabo redondo Caracter\u00edsticas:<\/h2>\n\n\n\n<ul class=\"wp-block-list\">\n<li><strong>Dise\u00f1o sencillo y elegante: <\/strong>Nuestros lavabos sobre encimera de cer\u00e1mica a medida tienen l\u00edneas sencillas y formas elegantes. De aspecto exquisito, podr\u00edan encajar perfectamente en el estilo de dise\u00f1o minimalista de un cuarto de ba\u00f1o moderno. Mientras tanto, muestran su alto gusto y pueden a\u00f1adir refinamiento a todo el espacio.<\/li>\n\n\n\n<li><strong>Dise\u00f1o del orificio del grifo: <\/strong>Todos los lavabos redondos al por mayor tienen orificios para grifos. Bajo este dise\u00f1o razonable, en el momento de la instalaci\u00f3n, los grifos pueden ser emparejados directamente por los usuarios sin perforaci\u00f3n adicional, lo que aumentar\u00eda la comodidad y la eficiencia de la instalaci\u00f3n y cumplir con los requisitos de diversas encimeras de ba\u00f1o.<\/li>\n\n\n\n<li><strong>Material cer\u00e1mico de alta calidad: <\/strong>Nuestros lavabos sobre encimera de cer\u00e1mica a medida est\u00e1n fabricados con materiales cer\u00e1micos de alta calidad que presentan una superficie suave y delicada, con una gran resistencia al desgaste y a las manchas. Incluso despu\u00e9s de ser utilizados durante un periodo muy largo, pueden permanecer intactos, y en la vida diaria, son muy f\u00e1ciles de mantener limpios.<\/li>\n\n\n\n<li><strong>Varios tama\u00f1os, colores y estilos:<\/strong> Estos lavabos redondos al por mayor pueden personalizarse seg\u00fan las necesidades de los distintos proyectos. Tanto si se trata de decoraci\u00f3n residencial como de proyectos comerciales, pueden adaptarse f\u00e1cilmente a diversos estilos de ba\u00f1o.<\/li>\n<\/ul>\n<\/div>\n\n\n\n<div class=\"wp-block-column is-layout-flow wp-block-column-is-layout-flow\">\n<figure class=\"wp-block-image size-full\"><img fetchpriority=\"high\" decoding=\"async\" width=\"683\" height=\"889\" src=\"https:\/\/www.ceramicbasin.com\/wp-content\/uploads\/2025\/09\/wholesale-round-lavatory-sinks-custom-ceramic-countertop-basin-6.webp\" alt=\"mayorista-fregaderos-redondos-de-lavabo-encimera-de-ceramica-personal-6\" class=\"wp-image-7774\" srcset=\"https:\/\/www.ceramicbasin.com\/wp-content\/uploads\/2025\/09\/wholesale-round-lavatory-sinks-custom-ceramic-countertop-basin-6.webp 683w, https:\/\/www.ceramicbasin.com\/wp-content\/uploads\/2025\/09\/wholesale-round-lavatory-sinks-custom-ceramic-countertop-basin-6-230x300.webp 230w, https:\/\/www.ceramicbasin.com\/wp-content\/uploads\/2025\/09\/wholesale-round-lavatory-sinks-custom-ceramic-countertop-basin-6-9x12.webp 9w, https:\/\/www.ceramicbasin.com\/wp-content\/uploads\/2025\/09\/wholesale-round-lavatory-sinks-custom-ceramic-countertop-basin-6-285x371.webp 285w, https:\/\/www.ceramicbasin.com\/wp-content\/uploads\/2025\/09\/wholesale-round-lavatory-sinks-custom-ceramic-countertop-basin-6-507x660.webp 507w, https:\/\/www.ceramicbasin.com\/wp-content\/uploads\/2025\/09\/wholesale-round-lavatory-sinks-custom-ceramic-countertop-basin-6-115x150.webp 115w\" sizes=\"(max-width: 683px) 100vw, 683px\" \/><\/figure>\n<\/div>\n<\/div>","protected":false},"excerpt":{"rendered":"<p>Bienvenido a informarse sobre los lavabos redondos al por mayor de Hanyu. Nuestros lavabos de encimera de cer\u00e1mica personalizados con orificio para grifo, de dise\u00f1o sencillo y elegante, se adaptan a una gran variedad de estilos de decoraci\u00f3n de ba\u00f1os modernos y est\u00e1n suavemente revestidos. Los materiales cer\u00e1micos de alta calidad utilizados en este producto tienen una gran durabilidad y son f\u00e1ciles de limpiar.<\/p>\n<table style=\"border-collapse: collapse; width: 358.52pt;\" border=\"0\" width=\"478\" cellspacing=\"0\" cellpadding=\"0\">\n<tbody>\n<tr style=\"height: 17.25pt;\">\n<td class=\"et3\" style=\"height: 17.25pt; width: 125.00pt;\" width=\"166\" height=\"23\">Fabricante<\/td>\n<td class=\"et3\" style=\"width: 234.15pt;\" width=\"312\">HanYu<\/td>\n<\/tr>\n<tr style=\"height: 17.25pt;\">\n<td class=\"et3\" style=\"height: 17.25pt;\" height=\"23\">N\u00ba de modelo<\/td>\n<td class=\"et4\">HY-8004<\/td>\n<\/tr>\n<tr style=\"height: 17.25pt;\">\n<td class=\"et3\" style=\"height: 17.25pt;\" height=\"23\">Tipo<\/td>\n<td class=\"et5\" style=\"width: 234.15pt;\" width=\"312\">Lavabos sobre encimera<\/td>\n<\/tr>\n<tr style=\"height: 18.00pt;\">\n<td class=\"et3\" style=\"height: 18.00pt;\" height=\"24\">Forma<\/td>\n<td class=\"et3\">Forma redonda<\/td>\n<\/tr>\n<tr style=\"height: 34.50pt;\">\n<td class=\"et4\" style=\"height: 34.50pt;\" height=\"46\">Color<\/td>\n<td class=\"et5\" style=\"width: 234.15pt;\" width=\"312\">negro\/blanco\/azul\/gris\/rosa\/verde\/marr\u00f3n\/caqui<\/td>\n<\/tr>\n<tr style=\"height: 18.00pt;\">\n<td class=\"et3\" style=\"height: 18.00pt;\" height=\"24\">Dimensi\u00f3n<\/td>\n<td class=\"et5\" style=\"width: 234.15pt;\" width=\"312\">44*44*12<\/td>\n<\/tr>\n<tr style=\"height: 17.25pt;\">\n<td class=\"et3\" style=\"height: 17.25pt;\" height=\"23\">N.W \/SET<\/td>\n<td class=\"et3\">10KGS\/PCS<\/td>\n<\/tr>\n<tr style=\"height: 17.25pt;\">\n<td class=\"et3\" style=\"height: 17.25pt;\" height=\"23\">MOQ<\/td>\n<td class=\"et3\">20 piezas<\/td>\n<\/tr>\n<tr style=\"height: 17.25pt;\">\n<td class=\"et3\" style=\"height: 17.25pt;\" height=\"23\">Opci\u00f3n personalizada<\/td>\n<td class=\"et3\">Color\/Patr\u00f3n\/Tama\u00f1o\/Logotipo\/Embalaje<\/td>\n<\/tr>\n<\/tbody>\n<\/table>","protected":false},"featured_media":7769,"comment_status":"closed","ping_status":"closed","template":"","meta":{"_acf_changed":false},"product_brand":[],"product_cat":[50],"product_tag":[],"class_list":{"0":"post-7740","1":"product","2":"type-product","3":"status-publish","4":"has-post-thumbnail","6":"product_cat-wholesale-countertop-sinks","8":"first","9":"instock","10":"shipping-taxable","11":"product-type-simple"},"acf":[],"_links":{"self":[{"href":"https:\/\/www.ceramicbasin.com\/es\/wp-json\/wp\/v2\/product\/7740","targetHints":{"allow":["GET"]}}],"collection":[{"href":"https:\/\/www.ceramicbasin.com\/es\/wp-json\/wp\/v2\/product"}],"about":[{"href":"https:\/\/www.ceramicbasin.com\/es\/wp-json\/wp\/v2\/types\/product"}],"replies":[{"embeddable":true,"href":"https:\/\/www.ceramicbasin.com\/es\/wp-json\/wp\/v2\/comments?post=7740"}],"wp:featuredmedia":[{"embeddable":true,"href":"https:\/\/www.ceramicbasin.com\/es\/wp-json\/wp\/v2\/media\/7769"}],"wp:attachment":[{"href":"https:\/\/www.ceramicbasin.com\/es\/wp-json\/wp\/v2\/media?parent=7740"}],"wp:term":[{"taxonomy":"product_brand","embeddable":true,"href":"https:\/\/www.ceramicbasin.com\/es\/wp-json\/wp\/v2\/product_brand?post=7740"},{"taxonomy":"product_cat","embeddable":true,"href":"https:\/\/www.ceramicbasin.com\/es\/wp-json\/wp\/v2\/product_cat?post=7740"},{"taxonomy":"product_tag","embeddable":true,"href":"https:\/\/www.ceramicbasin.com\/es\/wp-json\/wp\/v2\/product_tag?post=7740"}],"curies":[{"name":"wp","href":"https:\/\/api.w.org\/{rel}","templated":true}]}}