{"id":7749,"date":"2025-09-03T09:49:25","date_gmt":"2025-09-03T09:49:25","guid":{"rendered":"https:\/\/www.ceramicbasin.com\/?post_type=product&#038;p=7749"},"modified":"2025-09-04T09:19:00","modified_gmt":"2025-09-04T09:19:00","slug":"custom-countertop-hand-basin","status":"publish","type":"product","link":"https:\/\/www.ceramicbasin.com\/es\/producto\/custom-countertop-hand-basin\/","title":{"rendered":"Hot-Selling Lavamanos de Encimera a Granel Mayorista"},"content":{"rendered":"<div class=\"wp-block-columns is-layout-flex wp-container-core-columns-is-layout-9d6595d7 wp-block-columns-is-layout-flex\">\n<div class=\"wp-block-column is-layout-flow wp-block-column-is-layout-flow\">\n<h2 class=\"wp-block-heading\">Lavamanos de Encimera Premium Custom Caracter\u00edsticas:<\/h2>\n\n\n\n<ul class=\"wp-block-list\">\n<li><strong>El estilo m\u00e1s vendido:<\/strong> El lavamanos de encimera a medida tiene un dise\u00f1o vintage en forma de cuenco con una silueta distintiva que a\u00f1ade un toque art\u00edstico y personalidad a cualquier cuarto de ba\u00f1o.<\/li>\n\n\n\n<li><strong>Cer\u00e1mica Premium: <\/strong>El lavamanos de encimera a medida est\u00e1 fabricado en cer\u00e1mica de alta calidad con una superficie lisa y densa que resiste los ara\u00f1azos y el desgaste a la vez que ofrece una limpieza sin esfuerzo.<\/li>\n\n\n\n<li><strong>Servicios de personalizaci\u00f3n: <\/strong>Estos fregaderos de cer\u00e1mica al por mayor adaptan las dimensiones, los colores, los esmaltes y los patrones para adaptarse a diversas est\u00e9ticas espaciales y necesidades funcionales, y se integran f\u00e1cilmente en diversos dise\u00f1os decorativos.<\/li>\n\n\n\n<li><strong>F\u00e1cil instalaci\u00f3n:<\/strong> Estos lavabos de cer\u00e1mica al por mayor est\u00e1n dise\u00f1ados para montaje sobre encimera; nuestros lavabos de porcelana al por mayor para encimera ofrecen una instalaci\u00f3n sin complicaciones, ya se trate de una nueva construcci\u00f3n o de la renovaci\u00f3n de un cuarto de ba\u00f1o.<\/li>\n<\/ul>\n<\/div>\n\n\n\n<div class=\"wp-block-column is-layout-flow wp-block-column-is-layout-flow\">\n<figure class=\"wp-block-image size-full\"><img fetchpriority=\"high\" decoding=\"async\" width=\"591\" height=\"765\" src=\"https:\/\/www.ceramicbasin.com\/wp-content\/uploads\/2025\/09\/Counter-Top-Wholesale-sink-6.webp\" alt=\"venta-caliente-encimera-lavamanos-antiguo-fregadero-de-ceramica-con-dise\u00f1o-forma-del-ba\u00f1ol-mayorista-6\" class=\"wp-image-7750\" srcset=\"https:\/\/www.ceramicbasin.com\/wp-content\/uploads\/2025\/09\/Counter-Top-Wholesale-sink-6.webp 591w, https:\/\/www.ceramicbasin.com\/wp-content\/uploads\/2025\/09\/Counter-Top-Wholesale-sink-6-232x300.webp 232w, https:\/\/www.ceramicbasin.com\/wp-content\/uploads\/2025\/09\/Counter-Top-Wholesale-sink-6-9x12.webp 9w, https:\/\/www.ceramicbasin.com\/wp-content\/uploads\/2025\/09\/Counter-Top-Wholesale-sink-6-285x369.webp 285w, https:\/\/www.ceramicbasin.com\/wp-content\/uploads\/2025\/09\/Counter-Top-Wholesale-sink-6-510x660.webp 510w, https:\/\/www.ceramicbasin.com\/wp-content\/uploads\/2025\/09\/Counter-Top-Wholesale-sink-6-116x150.webp 116w\" sizes=\"(max-width: 591px) 100vw, 591px\" \/><\/figure>\n<\/div>\n<\/div>","protected":false},"excerpt":{"rendered":"<p>Bienvenido a comprar la costumbre lavabo de mano encimera. Nuestros lavabos de encimera al por mayor se venden directamente de f\u00e1brica, evitando intermediarios para obtener los lavabos m\u00e1s superiores al menor coste. Nuestra diversa selecci\u00f3n incluye una variedad de estilos, tama\u00f1os y colores que se adaptan a cualquier dise\u00f1o en el cuarto de ba\u00f1o. Realmente f\u00e1cil de instalar encima de la encimera, fabricado en cer\u00e1mica de alta calidad duradera, superficie lisa, resistente a manchas y ara\u00f1azos.<\/p>\n<table style=\"border-collapse: collapse; width: 358.52pt;\" border=\"0\" width=\"478\" cellspacing=\"0\" cellpadding=\"0\">\n<tbody>\n<tr style=\"height: 17.25pt;\">\n<td class=\"et3\" style=\"height: 17.25pt; width: 125.00pt;\" width=\"166\" height=\"23\">Fabricante<\/td>\n<td class=\"et3\" style=\"width: 234.15pt;\" width=\"312\">HanYu<\/td>\n<\/tr>\n<tr style=\"height: 17.25pt;\">\n<td class=\"et3\" style=\"height: 17.25pt;\" height=\"23\">N\u00ba de modelo\u00a0<\/td>\n<td class=\"et4\">HY-8008<\/td>\n<\/tr>\n<tr style=\"height: 17.25pt;\">\n<td class=\"et3\" style=\"height: 17.25pt;\" height=\"23\">Tipo<\/td>\n<td class=\"et5\" style=\"width: 234.15pt;\" width=\"312\">Lavabos sobre encimera<\/td>\n<\/tr>\n<tr style=\"height: 18.00pt;\">\n<td class=\"et3\" style=\"height: 18.00pt;\" height=\"24\">Forma<\/td>\n<td class=\"et3\">Forma redonda<\/td>\n<\/tr>\n<tr style=\"height: 34.50pt;\">\n<td class=\"et4\" style=\"height: 34.50pt;\" height=\"46\">Color<\/td>\n<td class=\"et5\" style=\"width: 234.15pt;\" width=\"312\">negro\/blanco\/azul\/gris\/rosa\/verde\/marr\u00f3n\/caqui<\/td>\n<\/tr>\n<tr style=\"height: 18.00pt;\">\n<td class=\"et3\" style=\"height: 18.00pt;\" height=\"24\">Dimensi\u00f3n<\/td>\n<td class=\"et5\" style=\"width: 234.15pt;\" width=\"312\">38.5*38.5*10.5<\/td>\n<\/tr>\n<tr style=\"height: 17.25pt;\">\n<td class=\"et3\" style=\"height: 17.25pt;\" height=\"23\">N.W \/SET<\/td>\n<td class=\"et3\">12KGS\/PCS<\/td>\n<\/tr>\n<tr style=\"height: 17.25pt;\">\n<td class=\"et3\" style=\"height: 17.25pt;\" height=\"23\">MOQ<\/td>\n<td class=\"et3\">20 piezas<\/td>\n<\/tr>\n<tr style=\"height: 17.25pt;\">\n<td class=\"et3\" style=\"height: 17.25pt;\" height=\"23\">Opci\u00f3n personalizada<\/td>\n<td class=\"et3\">Color\/Patr\u00f3n\/Tama\u00f1o\/Logotipo\/Embalaje<\/td>\n<\/tr>\n<\/tbody>\n<\/table>","protected":false},"featured_media":7751,"comment_status":"closed","ping_status":"closed","template":"","meta":{"_acf_changed":false},"product_brand":[],"product_cat":[50],"product_tag":[],"class_list":{"0":"post-7749","1":"product","2":"type-product","3":"status-publish","4":"has-post-thumbnail","6":"product_cat-wholesale-countertop-sinks","8":"first","9":"instock","10":"shipping-taxable","11":"product-type-simple"},"acf":[],"_links":{"self":[{"href":"https:\/\/www.ceramicbasin.com\/es\/wp-json\/wp\/v2\/product\/7749","targetHints":{"allow":["GET"]}}],"collection":[{"href":"https:\/\/www.ceramicbasin.com\/es\/wp-json\/wp\/v2\/product"}],"about":[{"href":"https:\/\/www.ceramicbasin.com\/es\/wp-json\/wp\/v2\/types\/product"}],"replies":[{"embeddable":true,"href":"https:\/\/www.ceramicbasin.com\/es\/wp-json\/wp\/v2\/comments?post=7749"}],"wp:featuredmedia":[{"embeddable":true,"href":"https:\/\/www.ceramicbasin.com\/es\/wp-json\/wp\/v2\/media\/7751"}],"wp:attachment":[{"href":"https:\/\/www.ceramicbasin.com\/es\/wp-json\/wp\/v2\/media?parent=7749"}],"wp:term":[{"taxonomy":"product_brand","embeddable":true,"href":"https:\/\/www.ceramicbasin.com\/es\/wp-json\/wp\/v2\/product_brand?post=7749"},{"taxonomy":"product_cat","embeddable":true,"href":"https:\/\/www.ceramicbasin.com\/es\/wp-json\/wp\/v2\/product_cat?post=7749"},{"taxonomy":"product_tag","embeddable":true,"href":"https:\/\/www.ceramicbasin.com\/es\/wp-json\/wp\/v2\/product_tag?post=7749"}],"curies":[{"name":"wp","href":"https:\/\/api.w.org\/{rel}","templated":true}]}}