{"id":7789,"date":"2025-09-09T07:29:43","date_gmt":"2025-09-09T07:29:43","guid":{"rendered":"https:\/\/www.ceramicbasin.com\/?post_type=product&#038;p=7789"},"modified":"2025-09-11T01:50:43","modified_gmt":"2025-09-11T01:50:43","slug":"wholesale-washroom-sinks","status":"publish","type":"product","link":"https:\/\/www.ceramicbasin.com\/es\/producto\/wholesale-washroom-sinks\/","title":{"rendered":"F\u00e1brica al por mayor lavabos con esmalte marr\u00f3n oscuro s\u00f3lido"},"content":{"rendered":"<div class=\"wp-block-columns is-layout-flex wp-container-core-columns-is-layout-9d6595d7 wp-block-columns-is-layout-flex\">\n<div class=\"wp-block-column is-layout-flow wp-block-column-is-layout-flow\">\n<h2 class=\"wp-block-heading\">Premium al por mayor Lavabos Caracter\u00edsticas:<\/h2>\n\n\n\n<ul class=\"wp-block-list\">\n<li><strong>Esmalte Marr\u00f3n Oscuro Calmante: <\/strong>El esmalte marr\u00f3n oscuro mate confiere a los lavabos al por mayor un car\u00e1cter sereno y discreto, un toque de modernidad que combina a la perfecci\u00f3n con cualquier cuarto de ba\u00f1o interior.<\/li>\n\n\n\n<li><strong>Materiales duraderos de alta calidad: <\/strong>Nuestros lavabos de ba\u00f1o al por mayor est\u00e1n fabricados con cer\u00e1mica de alta calidad, duradera y resistente a los ara\u00f1azos, por lo que se mantendr\u00e1n en excelentes condiciones durante a\u00f1os, lo que los hace ideales para su uso en el hogar o en empresas.<\/li>\n\n\n\n<li><strong>Superficie mate de f\u00e1cil limpieza: <\/strong>El esmalte mate de nuestros lavabos al por mayor resiste perfectamente las manchas de agua, lo que facilita su limpieza diaria y mantiene su lavabo limpio y fresco.<\/li>\n\n\n\n<li><strong>Entrega flexible y precios competitivos: <\/strong>Ofrecemos una entrega r\u00e1pida para nuestros lavabos de ba\u00f1o al por mayor, garantizando que sus pedidos al por mayor lleguen puntualmente a la vez que ofrecemos precios competitivos para satisfacer sus necesidades de compra al por mayor.<\/li>\n<\/ul>\n<\/div>\n\n\n\n<div class=\"wp-block-column is-layout-flow wp-block-column-is-layout-flow\">\n<figure class=\"wp-block-image size-full\"><img fetchpriority=\"high\" decoding=\"async\" width=\"673\" height=\"878\" src=\"https:\/\/www.ceramicbasin.com\/wp-content\/uploads\/2025\/09\/bathroom-countertop-sinks\uff0cmatt-color-basin\uff0csink-above-counter5.webp\" alt=\"\" class=\"wp-image-7795\" srcset=\"https:\/\/www.ceramicbasin.com\/wp-content\/uploads\/2025\/09\/bathroom-countertop-sinks\uff0cmatt-color-basin\uff0csink-above-counter5.webp 673w, https:\/\/www.ceramicbasin.com\/wp-content\/uploads\/2025\/09\/bathroom-countertop-sinks\uff0cmatt-color-basin\uff0csink-above-counter5-230x300.webp 230w, https:\/\/www.ceramicbasin.com\/wp-content\/uploads\/2025\/09\/bathroom-countertop-sinks\uff0cmatt-color-basin\uff0csink-above-counter5-9x12.webp 9w, https:\/\/www.ceramicbasin.com\/wp-content\/uploads\/2025\/09\/bathroom-countertop-sinks\uff0cmatt-color-basin\uff0csink-above-counter5-285x372.webp 285w, https:\/\/www.ceramicbasin.com\/wp-content\/uploads\/2025\/09\/bathroom-countertop-sinks\uff0cmatt-color-basin\uff0csink-above-counter5-506x660.webp 506w, https:\/\/www.ceramicbasin.com\/wp-content\/uploads\/2025\/09\/bathroom-countertop-sinks\uff0cmatt-color-basin\uff0csink-above-counter5-115x150.webp 115w\" sizes=\"(max-width: 673px) 100vw, 673px\" \/><\/figure>\n<\/div>\n<\/div>\n\n\n\n<p><\/p>","protected":false},"excerpt":{"rendered":"<p>Bienvenido a comprar lavabos al por mayor. Este lavabo redondo de ba\u00f1o esmaltado en marr\u00f3n oscuro mate presenta un dise\u00f1o elegante. Su esmalte marr\u00f3n oscuro emana un ambiente sereno y acogedor, que encaja armoniosamente con todos los entornos de ba\u00f1o.<\/p>\n<table style=\"border-collapse: collapse; width: 311.02pt;\" border=\"0\" width=\"311\" cellspacing=\"0\" cellpadding=\"0\">\n<tbody>\n<tr style=\"height: 17.60pt;\">\n<td class=\"et3\" style=\"height: 17.60pt; width: 108.35pt;\" width=\"108\" height=\"17\">Fabricante<\/td>\n<td class=\"et3\" style=\"width: 202.95pt;\" width=\"202\">HanYu<\/td>\n<\/tr>\n<tr style=\"height: 17.60pt;\">\n<td class=\"et3\" style=\"height: 17.60pt;\" height=\"17\">N\u00ba de modelo<\/td>\n<td class=\"et4\">HY-8070YK<\/td>\n<\/tr>\n<tr style=\"height: 17.60pt;\">\n<td class=\"et3\" style=\"height: 17.60pt;\" height=\"17\">Tipo<\/td>\n<td class=\"et3\">Lavabo de Encimera<\/td>\n<\/tr>\n<tr style=\"height: 17.60pt;\">\n<td class=\"et3\" style=\"height: 17.60pt;\" height=\"17\">Forma<\/td>\n<td class=\"et3\">Forma redonda<\/td>\n<\/tr>\n<tr style=\"height: 17.60pt;\">\n<td class=\"et4\" style=\"height: 17.60pt;\" height=\"17\">Color<\/td>\n<td class=\"et3\">Azul<\/td>\n<\/tr>\n<tr style=\"height: 18.00pt;\">\n<td class=\"et3\" style=\"height: 18.00pt;\" height=\"18\">Dimensi\u00f3n\u00a0<\/td>\n<td class=\"et5\" style=\"width: 202.95pt;\" width=\"202\">36.5*36.5*12.5<\/td>\n<\/tr>\n<tr style=\"height: 17.60pt;\">\n<td class=\"et3\" style=\"height: 17.60pt;\" height=\"17\">N.W \/SET<\/td>\n<td class=\"et3\">8KGS\/PCS<\/td>\n<\/tr>\n<tr style=\"height: 17.60pt;\">\n<td class=\"et3\" style=\"height: 17.60pt;\" height=\"17\">MOQ<\/td>\n<td class=\"et3\">20 piezas<\/td>\n<\/tr>\n<tr style=\"height: 17.60pt;\">\n<td class=\"et3\" style=\"height: 17.60pt;\" height=\"17\">Opci\u00f3n personalizada<\/td>\n<td class=\"et3\">Color\/Patr\u00f3n\/Tama\u00f1o\/Logotipo\/Embalaje<\/td>\n<\/tr>\n<\/tbody>\n<\/table>","protected":false},"featured_media":7790,"comment_status":"closed","ping_status":"closed","template":"","meta":{"_acf_changed":false},"product_brand":[],"product_cat":[50,55],"product_tag":[],"class_list":{"0":"post-7789","1":"product","2":"type-product","3":"status-publish","4":"has-post-thumbnail","6":"product_cat-wholesale-countertop-sinks","7":"product_cat-wholesale-matte-sinks","9":"first","10":"instock","11":"shipping-taxable","12":"product-type-simple"},"acf":[],"_links":{"self":[{"href":"https:\/\/www.ceramicbasin.com\/es\/wp-json\/wp\/v2\/product\/7789","targetHints":{"allow":["GET"]}}],"collection":[{"href":"https:\/\/www.ceramicbasin.com\/es\/wp-json\/wp\/v2\/product"}],"about":[{"href":"https:\/\/www.ceramicbasin.com\/es\/wp-json\/wp\/v2\/types\/product"}],"replies":[{"embeddable":true,"href":"https:\/\/www.ceramicbasin.com\/es\/wp-json\/wp\/v2\/comments?post=7789"}],"wp:featuredmedia":[{"embeddable":true,"href":"https:\/\/www.ceramicbasin.com\/es\/wp-json\/wp\/v2\/media\/7790"}],"wp:attachment":[{"href":"https:\/\/www.ceramicbasin.com\/es\/wp-json\/wp\/v2\/media?parent=7789"}],"wp:term":[{"taxonomy":"product_brand","embeddable":true,"href":"https:\/\/www.ceramicbasin.com\/es\/wp-json\/wp\/v2\/product_brand?post=7789"},{"taxonomy":"product_cat","embeddable":true,"href":"https:\/\/www.ceramicbasin.com\/es\/wp-json\/wp\/v2\/product_cat?post=7789"},{"taxonomy":"product_tag","embeddable":true,"href":"https:\/\/www.ceramicbasin.com\/es\/wp-json\/wp\/v2\/product_tag?post=7789"}],"curies":[{"name":"wp","href":"https:\/\/api.w.org\/{rel}","templated":true}]}}