{"id":7839,"date":"2025-09-18T09:48:16","date_gmt":"2025-09-18T09:48:16","guid":{"rendered":"https:\/\/www.ceramicbasin.com\/?post_type=product&#038;p=7839"},"modified":"2025-09-18T09:48:19","modified_gmt":"2025-09-18T09:48:19","slug":"wholesale-bathroom-lavatory","status":"publish","type":"product","link":"https:\/\/www.ceramicbasin.com\/es\/producto\/wholesale-bathroom-lavatory\/","title":{"rendered":"Mayorista Lavabo de Ba\u00f1o, Lavabos Estilo Europeo"},"content":{"rendered":"<div class=\"wp-block-columns is-layout-flex wp-container-core-columns-is-layout-9d6595d7 wp-block-columns-is-layout-flex\">\n<div class=\"wp-block-column is-layout-flow wp-block-column-is-layout-flow\">\n<h2 class=\"wp-block-heading\">Premium al por mayor lavabo de ba\u00f1o Caracter\u00edsticas:<\/h2>\n\n\n\n<ul class=\"wp-block-list\">\n<li><strong>Aspecto elegante: <\/strong>Estos lavabos de porcelana al por mayor para cuarto de ba\u00f1o tienen un dise\u00f1o ovalado moderno y sencillo, adecuado para varios estilos de cuarto de ba\u00f1o, especialmente emparejado con tonos cl\u00e1sicos de textura de m\u00e1rmol, a\u00f1adiendo elegancia.<\/li>\n\n\n\n<li><strong>Dibujo de m\u00e1rmol realista:\u00a0<\/strong>Estos lavabos de m\u00e1rmol al por mayor utilizan una avanzada tecnolog\u00eda de transferencia de agua para reproducir con precisi\u00f3n la textura natural y el color del m\u00e1rmol, aportando un encanto visual \u00fanico al lavabo.<\/li>\n\n\n\n<li><strong>Descuento por compra al por mayor: <\/strong>Como fabricante de lavabos de ba\u00f1o, HanYu proporciona a los clientes lavabos de ba\u00f1o al por mayor de alta calidad y a precios preferentes para ayudarle a reducir los costes de adquisici\u00f3n.<\/li>\n\n\n\n<li><strong>Colorido:<\/strong>\u00a0El color de m\u00e1rmol de este lavabo de ba\u00f1o al por mayor se realiza mediante impresi\u00f3n por transferencia de agua basada en un lavabo blanco brillante ordinario, que es hermoso y duradero. Ofrecemos m\u00e1s de 100 colores y patrones para elegir, y todos los modelos de lavabo al por mayor se pueden personalizar en color y textura.<\/li>\n<\/ul>\n<\/div>\n\n\n\n<div class=\"wp-block-column is-layout-flow wp-block-column-is-layout-flow\">\n<figure class=\"wp-block-image size-full\"><img fetchpriority=\"high\" decoding=\"async\" width=\"1024\" height=\"1024\" src=\"https:\/\/www.ceramicbasin.com\/wp-content\/uploads\/2025\/09\/European-Style-Handmade-Color-Feature-Counter-Top-Basin-Lavatory-Art-Sink-5.webp\" alt=\"Mayorista Lavabo de Ba\u00f1o, Lavabos Estilo Europeo\" class=\"wp-image-7845\" srcset=\"https:\/\/www.ceramicbasin.com\/wp-content\/uploads\/2025\/09\/European-Style-Handmade-Color-Feature-Counter-Top-Basin-Lavatory-Art-Sink-5.webp 1024w, https:\/\/www.ceramicbasin.com\/wp-content\/uploads\/2025\/09\/European-Style-Handmade-Color-Feature-Counter-Top-Basin-Lavatory-Art-Sink-5-300x300.webp 300w, https:\/\/www.ceramicbasin.com\/wp-content\/uploads\/2025\/09\/European-Style-Handmade-Color-Feature-Counter-Top-Basin-Lavatory-Art-Sink-5-150x150.webp 150w, https:\/\/www.ceramicbasin.com\/wp-content\/uploads\/2025\/09\/European-Style-Handmade-Color-Feature-Counter-Top-Basin-Lavatory-Art-Sink-5-768x768.webp 768w, https:\/\/www.ceramicbasin.com\/wp-content\/uploads\/2025\/09\/European-Style-Handmade-Color-Feature-Counter-Top-Basin-Lavatory-Art-Sink-5-12x12.webp 12w, https:\/\/www.ceramicbasin.com\/wp-content\/uploads\/2025\/09\/European-Style-Handmade-Color-Feature-Counter-Top-Basin-Lavatory-Art-Sink-5-285x285.webp 285w, https:\/\/www.ceramicbasin.com\/wp-content\/uploads\/2025\/09\/European-Style-Handmade-Color-Feature-Counter-Top-Basin-Lavatory-Art-Sink-5-270x270.webp 270w, https:\/\/www.ceramicbasin.com\/wp-content\/uploads\/2025\/09\/European-Style-Handmade-Color-Feature-Counter-Top-Basin-Lavatory-Art-Sink-5-540x540.webp 540w, https:\/\/www.ceramicbasin.com\/wp-content\/uploads\/2025\/09\/European-Style-Handmade-Color-Feature-Counter-Top-Basin-Lavatory-Art-Sink-5-660x660.webp 660w\" sizes=\"(max-width: 1024px) 100vw, 1024px\" \/><\/figure>\n<\/div>\n<\/div>\n\n\n\n<p><\/p>","protected":false},"excerpt":{"rendered":"<p>Bienvenido a pedir al por mayor lavabos de ba\u00f1o. Nuestros lavabos de cer\u00e1mica con aspecto de m\u00e1rmol son f\u00e1ciles de instalar, ofreciendo una soluci\u00f3n sin complicaciones tanto para nuevas construcciones como para renovaciones de ba\u00f1os.<\/p>\n<table style=\"border-collapse: collapse; width: 358.52pt;\" border=\"0\" width=\"478\" cellspacing=\"0\" cellpadding=\"0\">\n<tbody>\n<tr style=\"height: 17.25pt;\">\n<td class=\"et3\" style=\"height: 17.25pt; width: 125.00pt;\" width=\"166\" height=\"23\">Fabricante<\/td>\n<td class=\"et3\" style=\"width: 234.15pt;\" width=\"312\">HanYu<\/td>\n<\/tr>\n<tr style=\"height: 17.25pt;\">\n<td class=\"et3\" style=\"height: 17.25pt;\" height=\"23\">N\u00ba de modelo<\/td>\n<td class=\"et4\">HY-5006D6<\/td>\n<\/tr>\n<tr style=\"height: 17.25pt;\">\n<td class=\"et3\" style=\"height: 17.25pt;\" height=\"23\">Tipo<\/td>\n<td class=\"et5\" style=\"width: 234.15pt;\" width=\"312\">Fregaderos de m\u00e1rmol<\/td>\n<\/tr>\n<tr style=\"height: 18.00pt;\">\n<td class=\"et3\" style=\"height: 18.00pt;\" height=\"24\">Forma<\/td>\n<td class=\"et3\">Forma ovalada<\/td>\n<\/tr>\n<tr style=\"height: 34.50pt;\">\n<td class=\"et4\" style=\"height: 34.50pt;\" height=\"46\">Color<\/td>\n<td class=\"et5\" style=\"width: 234.15pt;\" width=\"312\">negro\/blanco\/azul\/gris\/rosa\/verde\/marr\u00f3n\/caqui<\/td>\n<\/tr>\n<tr style=\"height: 18.00pt;\">\n<td class=\"et3\" style=\"height: 18.00pt;\" height=\"24\">Dimensi\u00f3n<\/td>\n<td class=\"et5\" style=\"width: 234.15pt;\" width=\"312\">59*42*14<\/td>\n<\/tr>\n<tr style=\"height: 17.25pt;\">\n<td class=\"et3\" style=\"height: 17.25pt;\" height=\"23\">N.W \/SET<\/td>\n<td class=\"et3\">9KGS\/PCS<\/td>\n<\/tr>\n<tr style=\"height: 17.25pt;\">\n<td class=\"et3\" style=\"height: 17.25pt;\" height=\"23\">MOQ<\/td>\n<td class=\"et3\">20 piezas<\/td>\n<\/tr>\n<tr style=\"height: 17.25pt;\">\n<td class=\"et3\" style=\"height: 17.25pt;\" height=\"23\">Opci\u00f3n personalizada<\/td>\n<td class=\"et3\">Color\/Patr\u00f3n\/Tama\u00f1o\/Logotipo\/Embalaje<\/td>\n<\/tr>\n<\/tbody>\n<\/table>","protected":false},"featured_media":7841,"comment_status":"closed","ping_status":"closed","template":"","meta":{"_acf_changed":false},"product_brand":[],"product_cat":[50,54],"product_tag":[],"class_list":{"0":"post-7839","1":"product","2":"type-product","3":"status-publish","4":"has-post-thumbnail","6":"product_cat-wholesale-countertop-sinks","7":"product_cat-wholesale-marble-sinks","9":"first","10":"instock","11":"shipping-taxable","12":"product-type-simple"},"acf":[],"_links":{"self":[{"href":"https:\/\/www.ceramicbasin.com\/es\/wp-json\/wp\/v2\/product\/7839","targetHints":{"allow":["GET"]}}],"collection":[{"href":"https:\/\/www.ceramicbasin.com\/es\/wp-json\/wp\/v2\/product"}],"about":[{"href":"https:\/\/www.ceramicbasin.com\/es\/wp-json\/wp\/v2\/types\/product"}],"replies":[{"embeddable":true,"href":"https:\/\/www.ceramicbasin.com\/es\/wp-json\/wp\/v2\/comments?post=7839"}],"wp:featuredmedia":[{"embeddable":true,"href":"https:\/\/www.ceramicbasin.com\/es\/wp-json\/wp\/v2\/media\/7841"}],"wp:attachment":[{"href":"https:\/\/www.ceramicbasin.com\/es\/wp-json\/wp\/v2\/media?parent=7839"}],"wp:term":[{"taxonomy":"product_brand","embeddable":true,"href":"https:\/\/www.ceramicbasin.com\/es\/wp-json\/wp\/v2\/product_brand?post=7839"},{"taxonomy":"product_cat","embeddable":true,"href":"https:\/\/www.ceramicbasin.com\/es\/wp-json\/wp\/v2\/product_cat?post=7839"},{"taxonomy":"product_tag","embeddable":true,"href":"https:\/\/www.ceramicbasin.com\/es\/wp-json\/wp\/v2\/product_tag?post=7839"}],"curies":[{"name":"wp","href":"https:\/\/api.w.org\/{rel}","templated":true}]}}