{"id":7852,"date":"2025-09-18T09:32:31","date_gmt":"2025-09-18T09:32:31","guid":{"rendered":"https:\/\/www.ceramicbasin.com\/?post_type=product&#038;p=7852"},"modified":"2025-09-18T09:35:16","modified_gmt":"2025-09-18T09:35:16","slug":"wholesale-unique-bathroom-sinks","status":"publish","type":"product","link":"https:\/\/www.ceramicbasin.com\/es\/producto\/wholesale-unique-bathroom-sinks\/","title":{"rendered":"Mayorista Lavabos de Ba\u00f1o \u00danicos, Lavabos de M\u00e1rmol Art\u00edsticos Personalizados"},"content":{"rendered":"<div class=\"wp-block-columns is-layout-flex wp-container-core-columns-is-layout-9d6595d7 wp-block-columns-is-layout-flex\">\n<div class=\"wp-block-column is-layout-flow wp-block-column-is-layout-flow\">\n<h2 class=\"wp-block-heading\">Premium al por mayor fregaderos de ba\u00f1o \u00fanico Caracter\u00edsticas:<\/h2>\n\n\n\n<ul class=\"wp-block-list\">\n<li><strong>Textura de m\u00e1rmol \u00fanica: <\/strong>Estos lavabos de ba\u00f1o \u00fanicos al por mayor utilizan la tecnolog\u00eda de transferencia de agua para crear un patr\u00f3n de m\u00e1rmol negro claro e intrincado, a\u00f1adiendo un toque de lujo a su cuarto de ba\u00f1o.<\/li>\n\n\n\n<li><strong>Personalizaci\u00f3n: <\/strong>Nuestros lavabos art\u00edsticos al por mayor pueden personalizarse en tama\u00f1o y color para complementar a la perfecci\u00f3n el dise\u00f1o de su cuarto de ba\u00f1o.<\/li>\n\n\n\n<li><strong>Cer\u00e1mica de alta calidad: <\/strong>Nuestros fregaderos de ba\u00f1o \u00fanicos al por mayor est\u00e1n fabricados en cer\u00e1mica de alta calidad, que es duradera, f\u00e1cil de limpiar y garantiza la conservaci\u00f3n de su decoloraci\u00f3n con el paso del tiempo.<\/li>\n\n\n\n<li><strong>Entrega r\u00e1pida: <\/strong>Garantizamos una r\u00e1pida tramitaci\u00f3n y env\u00edo de los pedidos de lavabos art\u00edsticos a granel para cumplir los plazos de su proyecto.<\/li>\n<\/ul>\n<\/div>\n\n\n\n<div class=\"wp-block-column is-layout-flow wp-block-column-is-layout-flow\">\n<div class=\"wp-block-columns is-layout-flex wp-container-core-columns-is-layout-9d6595d7 wp-block-columns-is-layout-flex\">\n<div class=\"wp-block-column is-layout-flow wp-block-column-is-layout-flow\"><\/div>\n\n\n\n<div class=\"wp-block-column is-layout-flow wp-block-column-is-layout-flow\"><\/div>\n<\/div>\n\n\n\n<figure class=\"wp-block-image size-full\"><img fetchpriority=\"high\" decoding=\"async\" width=\"1024\" height=\"1024\" src=\"https:\/\/www.ceramicbasin.com\/wp-content\/uploads\/2025\/09\/Custom-Marble-Pattern-Solid-Surface-Counter-Top-Sink-Factory-Wholesale-Basins-5.webp\" alt=\"Fregadero de Encimera de Superficie Maciza con Patr\u00f3n de M\u00e1rmol Personalizado, Lavabos al por mayor de f\u00e1brica\" class=\"wp-image-7857\" srcset=\"https:\/\/www.ceramicbasin.com\/wp-content\/uploads\/2025\/09\/Custom-Marble-Pattern-Solid-Surface-Counter-Top-Sink-Factory-Wholesale-Basins-5.webp 1024w, https:\/\/www.ceramicbasin.com\/wp-content\/uploads\/2025\/09\/Custom-Marble-Pattern-Solid-Surface-Counter-Top-Sink-Factory-Wholesale-Basins-5-300x300.webp 300w, https:\/\/www.ceramicbasin.com\/wp-content\/uploads\/2025\/09\/Custom-Marble-Pattern-Solid-Surface-Counter-Top-Sink-Factory-Wholesale-Basins-5-150x150.webp 150w, https:\/\/www.ceramicbasin.com\/wp-content\/uploads\/2025\/09\/Custom-Marble-Pattern-Solid-Surface-Counter-Top-Sink-Factory-Wholesale-Basins-5-768x768.webp 768w, https:\/\/www.ceramicbasin.com\/wp-content\/uploads\/2025\/09\/Custom-Marble-Pattern-Solid-Surface-Counter-Top-Sink-Factory-Wholesale-Basins-5-12x12.webp 12w, https:\/\/www.ceramicbasin.com\/wp-content\/uploads\/2025\/09\/Custom-Marble-Pattern-Solid-Surface-Counter-Top-Sink-Factory-Wholesale-Basins-5-285x285.webp 285w, https:\/\/www.ceramicbasin.com\/wp-content\/uploads\/2025\/09\/Custom-Marble-Pattern-Solid-Surface-Counter-Top-Sink-Factory-Wholesale-Basins-5-270x270.webp 270w, https:\/\/www.ceramicbasin.com\/wp-content\/uploads\/2025\/09\/Custom-Marble-Pattern-Solid-Surface-Counter-Top-Sink-Factory-Wholesale-Basins-5-540x540.webp 540w, https:\/\/www.ceramicbasin.com\/wp-content\/uploads\/2025\/09\/Custom-Marble-Pattern-Solid-Surface-Counter-Top-Sink-Factory-Wholesale-Basins-5-660x660.webp 660w\" sizes=\"(max-width: 1024px) 100vw, 1024px\" \/><\/figure>\n<\/div>\n<\/div>","protected":false},"excerpt":{"rendered":"<p>Bienvenido a los lavabos art\u00edsticos al por mayor. Estos lavabos de ba\u00f1o \u00fanicos al por mayor cuentan con un patr\u00f3n de m\u00e1rmol negro impreso por transferencia de agua, creando un dise\u00f1o \u00fanico y elegante. Ofrecemos servicios personalizados para satisfacer las necesidades individuales de los clientes y garantizar una entrega r\u00e1pida.<\/p>\n<table style=\"border-collapse: collapse; width: 358.52pt;\" border=\"0\" width=\"478\" cellspacing=\"0\" cellpadding=\"0\">\n<tbody>\n<tr style=\"height: 17.25pt;\">\n<td class=\"et3\" style=\"height: 17.25pt; width: 125.00pt;\" width=\"166\" height=\"23\">Fabricante<\/td>\n<td class=\"et3\" style=\"width: 234.15pt;\" width=\"312\">HanYu<\/td>\n<\/tr>\n<tr style=\"height: 17.25pt;\">\n<td class=\"et3\" style=\"height: 17.25pt;\" height=\"23\">N\u00ba de modelo<\/td>\n<td class=\"et4\">HY-5105D5<\/td>\n<\/tr>\n<tr style=\"height: 17.25pt;\">\n<td class=\"et3\" style=\"height: 17.25pt;\" height=\"23\">Tipo<\/td>\n<td class=\"et5\" style=\"width: 234.15pt;\" width=\"312\">Fregaderos de m\u00e1rmol<\/td>\n<\/tr>\n<tr style=\"height: 18.00pt;\">\n<td class=\"et3\" style=\"height: 18.00pt;\" height=\"24\">Forma<\/td>\n<td class=\"et3\">Forma rectangular<\/td>\n<\/tr>\n<tr style=\"height: 34.50pt;\">\n<td class=\"et4\" style=\"height: 34.50pt;\" height=\"46\">Color<\/td>\n<td class=\"et5\" style=\"width: 234.15pt;\" width=\"312\">negro\/blanco\/azul\/gris\/rosa\/verde\/marr\u00f3n\/caqui<\/td>\n<\/tr>\n<tr style=\"height: 18.00pt;\">\n<td class=\"et3\" style=\"height: 18.00pt;\" height=\"24\">Dimensi\u00f3n<\/td>\n<td class=\"et5\" style=\"width: 234.15pt;\" width=\"312\">56*42*14<\/td>\n<\/tr>\n<tr style=\"height: 17.25pt;\">\n<td class=\"et3\" style=\"height: 17.25pt;\" height=\"23\">N.W \/SET<\/td>\n<td class=\"et3\">12KGS\/PCS<\/td>\n<\/tr>\n<tr style=\"height: 17.25pt;\">\n<td class=\"et3\" style=\"height: 17.25pt;\" height=\"23\">MOQ<\/td>\n<td class=\"et3\">20 piezas<\/td>\n<\/tr>\n<tr style=\"height: 17.25pt;\">\n<td class=\"et3\" style=\"height: 17.25pt;\" height=\"23\">Opci\u00f3n personalizada<\/td>\n<td class=\"et3\">Color\/Patr\u00f3n\/Tama\u00f1o\/Logotipo\/Embalaje<\/td>\n<\/tr>\n<\/tbody>\n<\/table>","protected":false},"featured_media":7856,"comment_status":"closed","ping_status":"closed","template":"","meta":{"_acf_changed":false},"product_brand":[],"product_cat":[50,54],"product_tag":[],"class_list":{"0":"post-7852","1":"product","2":"type-product","3":"status-publish","4":"has-post-thumbnail","6":"product_cat-wholesale-countertop-sinks","7":"product_cat-wholesale-marble-sinks","9":"first","10":"instock","11":"shipping-taxable","12":"product-type-simple"},"acf":[],"_links":{"self":[{"href":"https:\/\/www.ceramicbasin.com\/es\/wp-json\/wp\/v2\/product\/7852","targetHints":{"allow":["GET"]}}],"collection":[{"href":"https:\/\/www.ceramicbasin.com\/es\/wp-json\/wp\/v2\/product"}],"about":[{"href":"https:\/\/www.ceramicbasin.com\/es\/wp-json\/wp\/v2\/types\/product"}],"replies":[{"embeddable":true,"href":"https:\/\/www.ceramicbasin.com\/es\/wp-json\/wp\/v2\/comments?post=7852"}],"wp:featuredmedia":[{"embeddable":true,"href":"https:\/\/www.ceramicbasin.com\/es\/wp-json\/wp\/v2\/media\/7856"}],"wp:attachment":[{"href":"https:\/\/www.ceramicbasin.com\/es\/wp-json\/wp\/v2\/media?parent=7852"}],"wp:term":[{"taxonomy":"product_brand","embeddable":true,"href":"https:\/\/www.ceramicbasin.com\/es\/wp-json\/wp\/v2\/product_brand?post=7852"},{"taxonomy":"product_cat","embeddable":true,"href":"https:\/\/www.ceramicbasin.com\/es\/wp-json\/wp\/v2\/product_cat?post=7852"},{"taxonomy":"product_tag","embeddable":true,"href":"https:\/\/www.ceramicbasin.com\/es\/wp-json\/wp\/v2\/product_tag?post=7852"}],"curies":[{"name":"wp","href":"https:\/\/api.w.org\/{rel}","templated":true}]}}