{"id":7858,"date":"2025-09-18T09:24:50","date_gmt":"2025-09-18T09:24:50","guid":{"rendered":"https:\/\/www.ceramicbasin.com\/?post_type=product&#038;p=7858"},"modified":"2025-09-18T09:24:53","modified_gmt":"2025-09-18T09:24:53","slug":"wholesale-basin","status":"publish","type":"product","link":"https:\/\/www.ceramicbasin.com\/es\/producto\/wholesale-basin\/","title":{"rendered":"Venta al por mayor de la f\u00e1brica lavabos, lavabos de m\u00e1rmol del arte del cuarto de ba\u00f1o del recipiente"},"content":{"rendered":"<div class=\"wp-block-columns is-layout-flex wp-container-core-columns-is-layout-9d6595d7 wp-block-columns-is-layout-flex\">\n<div class=\"wp-block-column is-layout-flow wp-block-column-is-layout-flow\">\n<h2 class=\"wp-block-heading\">Lavabo de primera calidad al por mayor Caracter\u00edsticas:<\/h2>\n\n\n\n<ul class=\"wp-block-list\">\n<li><strong>Dise\u00f1o de moda:<\/strong> Nuestros lavabos para encimeras de ba\u00f1o al por mayor tienen un dise\u00f1o moderno y a la moda con l\u00edneas suaves, se adaptan a varios dise\u00f1os de cuartos de ba\u00f1o y realzan la belleza general y el grado del espacio.<\/li>\n\n\n\n<li><strong>Material cer\u00e1mico de alta calidad:\u00a0<\/strong>Estos lavabos al por mayor est\u00e1n hechos de vidrio de alta calidad, con gran transparencia y delicada textura, que tiene excelentes efectos visuales y un sentido moderno, garantizando la durabilidad y la belleza del producto.<\/li>\n\n\n\n<li><strong>Colorido: <\/strong>Color de m\u00e1rmol de esta cuenca al por mayor se hace por transferencia de agua de impresi\u00f3n b\u00e1sica en cuencas normales de cer\u00e1mica. Buen aspecto y elegante. Tenemos m\u00e1s de 100 opciones de color. Se podr\u00eda hacer en todos los modelos que tenemos.<\/li>\n\n\n\n<li><strong>F\u00e1cil instalaci\u00f3n:\u00a0<\/strong>Dise\u00f1ados para montaje sobre encimera, estos lavabos de cubeta para ba\u00f1o al por mayor son f\u00e1ciles de instalar y ofrecen una soluci\u00f3n sin complicaciones tanto para nuevas construcciones como para renovaciones de ba\u00f1os.<\/li>\n<\/ul>\n<\/div>\n\n\n\n<div class=\"wp-block-column is-layout-flow wp-block-column-is-layout-flow\">\n<figure class=\"wp-block-image size-full\"><img fetchpriority=\"high\" decoding=\"async\" width=\"1024\" height=\"1024\" src=\"https:\/\/www.ceramicbasin.com\/wp-content\/uploads\/2025\/09\/Sanitary-Ware-Square-Vessel-Sink-Bathroom-Ceramic-Marble-Art-Wash-Basin-5.webp\" alt=\"Venta al por mayor de la f\u00e1brica lavabos, lavabos de m\u00e1rmol del arte del cuarto de ba\u00f1o del recipiente\" class=\"wp-image-7863\" srcset=\"https:\/\/www.ceramicbasin.com\/wp-content\/uploads\/2025\/09\/Sanitary-Ware-Square-Vessel-Sink-Bathroom-Ceramic-Marble-Art-Wash-Basin-5.webp 1024w, https:\/\/www.ceramicbasin.com\/wp-content\/uploads\/2025\/09\/Sanitary-Ware-Square-Vessel-Sink-Bathroom-Ceramic-Marble-Art-Wash-Basin-5-300x300.webp 300w, https:\/\/www.ceramicbasin.com\/wp-content\/uploads\/2025\/09\/Sanitary-Ware-Square-Vessel-Sink-Bathroom-Ceramic-Marble-Art-Wash-Basin-5-150x150.webp 150w, https:\/\/www.ceramicbasin.com\/wp-content\/uploads\/2025\/09\/Sanitary-Ware-Square-Vessel-Sink-Bathroom-Ceramic-Marble-Art-Wash-Basin-5-768x768.webp 768w, https:\/\/www.ceramicbasin.com\/wp-content\/uploads\/2025\/09\/Sanitary-Ware-Square-Vessel-Sink-Bathroom-Ceramic-Marble-Art-Wash-Basin-5-12x12.webp 12w, https:\/\/www.ceramicbasin.com\/wp-content\/uploads\/2025\/09\/Sanitary-Ware-Square-Vessel-Sink-Bathroom-Ceramic-Marble-Art-Wash-Basin-5-285x285.webp 285w, https:\/\/www.ceramicbasin.com\/wp-content\/uploads\/2025\/09\/Sanitary-Ware-Square-Vessel-Sink-Bathroom-Ceramic-Marble-Art-Wash-Basin-5-270x270.webp 270w, https:\/\/www.ceramicbasin.com\/wp-content\/uploads\/2025\/09\/Sanitary-Ware-Square-Vessel-Sink-Bathroom-Ceramic-Marble-Art-Wash-Basin-5-540x540.webp 540w, https:\/\/www.ceramicbasin.com\/wp-content\/uploads\/2025\/09\/Sanitary-Ware-Square-Vessel-Sink-Bathroom-Ceramic-Marble-Art-Wash-Basin-5-660x660.webp 660w\" sizes=\"(max-width: 1024px) 100vw, 1024px\" \/><\/figure>\n<\/div>\n<\/div>\n\n\n\n<p><\/p>","protected":false},"excerpt":{"rendered":"<p>Bienvenido a comprar lavabos al por mayor. Nuestro color de m\u00e1rmol al por mayor lavabos de ba\u00f1o recipiente se hacen por un proceso de transferencia de agua sobre la base de una cuenca normal de cer\u00e1mica blanca. F\u00e1cil de instalar en el montaje por encima del mostrador.<\/p>\n<table style=\"border-collapse: collapse; width: 358.52pt;\" border=\"0\" width=\"478\" cellspacing=\"0\" cellpadding=\"0\">\n<tbody>\n<tr style=\"height: 17.25pt;\">\n<td class=\"et3\" style=\"height: 17.25pt; width: 125.00pt;\" width=\"166\" height=\"23\">Fabricante<\/td>\n<td class=\"et3\" style=\"width: 234.15pt;\" width=\"312\">HanYu<\/td>\n<\/tr>\n<tr style=\"height: 17.25pt;\">\n<td class=\"et3\" style=\"height: 17.25pt;\" height=\"23\">N\u00ba de modelo<\/td>\n<td class=\"et4\">HY-8005D1<\/td>\n<\/tr>\n<tr style=\"height: 17.25pt;\">\n<td class=\"et3\" style=\"height: 17.25pt;\" height=\"23\">Tipo<\/td>\n<td class=\"et5\" style=\"width: 234.15pt;\" width=\"312\">Fregaderos de m\u00e1rmol<\/td>\n<\/tr>\n<tr style=\"height: 18.00pt;\">\n<td class=\"et3\" style=\"height: 18.00pt;\" height=\"24\">Forma<\/td>\n<td class=\"et3\">Forma cuadrada<\/td>\n<\/tr>\n<tr style=\"height: 34.50pt;\">\n<td class=\"et4\" style=\"height: 34.50pt;\" height=\"46\">Color<\/td>\n<td class=\"et5\" style=\"width: 234.15pt;\" width=\"312\">negro\/blanco\/azul\/gris\/rosa\/verde\/marr\u00f3n\/caqui<\/td>\n<\/tr>\n<tr style=\"height: 18.00pt;\">\n<td class=\"et3\" style=\"height: 18.00pt;\" height=\"24\">Dimensi\u00f3n<\/td>\n<td class=\"et5\" style=\"width: 234.15pt;\" width=\"312\">47.5*47.5*12<\/td>\n<\/tr>\n<tr style=\"height: 17.25pt;\">\n<td class=\"et3\" style=\"height: 17.25pt;\" height=\"23\">N.W \/SET<\/td>\n<td class=\"et3\">9KGS\/PCS<\/td>\n<\/tr>\n<tr style=\"height: 17.25pt;\">\n<td class=\"et3\" style=\"height: 17.25pt;\" height=\"23\">MOQ<\/td>\n<td class=\"et3\">20 piezas<\/td>\n<\/tr>\n<tr style=\"height: 17.25pt;\">\n<td class=\"et3\" style=\"height: 17.25pt;\" height=\"23\">Opci\u00f3n personalizada<\/td>\n<td class=\"et3\">Color\/Patr\u00f3n\/Tama\u00f1o\/Logotipo\/Embalaje<\/td>\n<\/tr>\n<\/tbody>\n<\/table>","protected":false},"featured_media":7862,"comment_status":"closed","ping_status":"closed","template":"","meta":{"_acf_changed":false},"product_brand":[],"product_cat":[50,54],"product_tag":[],"class_list":{"0":"post-7858","1":"product","2":"type-product","3":"status-publish","4":"has-post-thumbnail","6":"product_cat-wholesale-countertop-sinks","7":"product_cat-wholesale-marble-sinks","9":"first","10":"instock","11":"shipping-taxable","12":"product-type-simple"},"acf":[],"_links":{"self":[{"href":"https:\/\/www.ceramicbasin.com\/es\/wp-json\/wp\/v2\/product\/7858","targetHints":{"allow":["GET"]}}],"collection":[{"href":"https:\/\/www.ceramicbasin.com\/es\/wp-json\/wp\/v2\/product"}],"about":[{"href":"https:\/\/www.ceramicbasin.com\/es\/wp-json\/wp\/v2\/types\/product"}],"replies":[{"embeddable":true,"href":"https:\/\/www.ceramicbasin.com\/es\/wp-json\/wp\/v2\/comments?post=7858"}],"wp:featuredmedia":[{"embeddable":true,"href":"https:\/\/www.ceramicbasin.com\/es\/wp-json\/wp\/v2\/media\/7862"}],"wp:attachment":[{"href":"https:\/\/www.ceramicbasin.com\/es\/wp-json\/wp\/v2\/media?parent=7858"}],"wp:term":[{"taxonomy":"product_brand","embeddable":true,"href":"https:\/\/www.ceramicbasin.com\/es\/wp-json\/wp\/v2\/product_brand?post=7858"},{"taxonomy":"product_cat","embeddable":true,"href":"https:\/\/www.ceramicbasin.com\/es\/wp-json\/wp\/v2\/product_cat?post=7858"},{"taxonomy":"product_tag","embeddable":true,"href":"https:\/\/www.ceramicbasin.com\/es\/wp-json\/wp\/v2\/product_tag?post=7858"}],"curies":[{"name":"wp","href":"https:\/\/api.w.org\/{rel}","templated":true}]}}