{"id":7875,"date":"2025-09-24T06:22:00","date_gmt":"2025-09-24T06:22:00","guid":{"rendered":"https:\/\/www.ceramicbasin.com\/?post_type=product&#038;p=7875"},"modified":"2025-09-26T06:09:44","modified_gmt":"2025-09-26T06:09:44","slug":"wholesale-bathroom-sink-basin-bowl","status":"publish","type":"product","link":"https:\/\/www.ceramicbasin.com\/es\/producto\/wholesale-bathroom-sink-basin-bowl\/","title":{"rendered":"Mayorista Fregadero Lavabo Taz\u00f3n, Fregadero de Dise\u00f1o \u00danico a Granel"},"content":{"rendered":"<div class=\"wp-block-columns is-layout-flex wp-container-core-columns-is-layout-9d6595d7 wp-block-columns-is-layout-flex\">\n<div class=\"wp-block-column is-layout-flow wp-block-column-is-layout-flow\">\n<h2 class=\"wp-block-heading\">Premium al por mayor de ba\u00f1o fregadero cuenca Caracter\u00edsticas:<\/h2>\n\n\n\n<ul class=\"wp-block-list\">\n<li><strong>Dise\u00f1o innovador:<\/strong> Este lavabo de cer\u00e1mica de borde liso al por mayor integra el arte moderno y la practicidad en uno, aportando un efecto visual incomparable al espacio de ba\u00f1o.<\/li>\n\n\n\n<li><strong>Durabilidad con resistencia:<\/strong>Nuestro lavabo de ba\u00f1o al por mayor est\u00e1 hecho de material cer\u00e1mico de calidad y cocido a altas temperaturas, lo que hace que el producto sea fuerte, duradero, resistente a las manchas y resistente a los ara\u00f1azos. La superficie lisa no s\u00f3lo es f\u00e1cil de limpiar, sino tambi\u00e9n para mantener hermoso y brillante durante mucho tiempo.<\/li>\n\n\n\n<li><strong>F\u00e1cil instalaci\u00f3n:<\/strong> Este cuenco de lavabo de ba\u00f1o al por mayor est\u00e1 hecho de material cer\u00e1mico, colocado en la encimera. La instalaci\u00f3n en s\u00ed es bastante f\u00e1cil y conveniente sin instalaci\u00f3n complicada. Se adapta a la mayor\u00eda de los gabinetes de ba\u00f1o est\u00e1ndar. Esta cuenca es el ahorro de espacio, lo que a\u00f1ade jerarqu\u00eda y la moda a su cuarto de ba\u00f1o.<\/li>\n\n\n\n<li><strong>Precio competitivo: <\/strong>Como fabricante principal de lavabos de ba\u00f1o, Hanyu le proporciona productos de lavabos de ba\u00f1o al por mayor de alta calidad a los precios m\u00e1s competitivos para aumentar sus m\u00e1rgenes de beneficio.<\/li>\n<\/ul>\n<\/div>\n\n\n\n<div class=\"wp-block-column is-layout-flow wp-block-column-is-layout-flow\">\n<figure class=\"wp-block-image size-full\"><img fetchpriority=\"high\" decoding=\"async\" width=\"693\" height=\"887\" src=\"https:\/\/www.ceramicbasin.com\/wp-content\/uploads\/2025\/09\/wholesale-bathroom-sink-basin-bowl-unique-design-sink-bulk-6.webp\" alt=\"mayorista-fregadero-lavabo-cuenco-dise\u00f1o-unico-fregadero-bulk-6\" class=\"wp-image-7942\" srcset=\"https:\/\/www.ceramicbasin.com\/wp-content\/uploads\/2025\/09\/wholesale-bathroom-sink-basin-bowl-unique-design-sink-bulk-6.webp 693w, https:\/\/www.ceramicbasin.com\/wp-content\/uploads\/2025\/09\/wholesale-bathroom-sink-basin-bowl-unique-design-sink-bulk-6-234x300.webp 234w, https:\/\/www.ceramicbasin.com\/wp-content\/uploads\/2025\/09\/wholesale-bathroom-sink-basin-bowl-unique-design-sink-bulk-6-9x12.webp 9w, https:\/\/www.ceramicbasin.com\/wp-content\/uploads\/2025\/09\/wholesale-bathroom-sink-basin-bowl-unique-design-sink-bulk-6-285x365.webp 285w, https:\/\/www.ceramicbasin.com\/wp-content\/uploads\/2025\/09\/wholesale-bathroom-sink-basin-bowl-unique-design-sink-bulk-6-516x660.webp 516w, https:\/\/www.ceramicbasin.com\/wp-content\/uploads\/2025\/09\/wholesale-bathroom-sink-basin-bowl-unique-design-sink-bulk-6-117x150.webp 117w\" sizes=\"(max-width: 693px) 100vw, 693px\" \/><\/figure>\n<\/div>\n<\/div>\n\n\n\n<p><\/p>","protected":false},"excerpt":{"rendered":"<p>Bienvenido a comprar nuestro lavabo de ba\u00f1o al por mayor cuenca . Hanyu ofrece nuevo dise\u00f1o de cer\u00e1mica fregadero del recipiente al por mayor con precios competitivos. Este lavabo de cer\u00e1mica al por mayor se construye a partir de cer\u00e1mica de alta calidad y es a la vez duradero y hermoso para todo tipo de cuartos de ba\u00f1o. Se puede a\u00f1adir un nivel de modernidad y funcionalidad al cuarto de ba\u00f1o.<\/p>\n<table style=\"border-collapse: collapse; width: 311.02pt;\" border=\"0\" width=\"311\" cellspacing=\"0\" cellpadding=\"0\">\n<tbody>\n<tr style=\"height: 17.60pt;\">\n<td class=\"et3\" style=\"height: 17.60pt; width: 108.35pt;\" width=\"108\" height=\"17\">Fabricante<\/td>\n<td class=\"et3\" style=\"width: 202.95pt;\" width=\"202\">HanYu<\/td>\n<\/tr>\n<tr style=\"height: 17.60pt;\">\n<td class=\"et3\" style=\"height: 17.60pt;\" height=\"17\">N\u00ba de modelo<\/td>\n<td class=\"et4\">HY-435<\/td>\n<\/tr>\n<tr style=\"height: 17.60pt;\">\n<td class=\"et3\" style=\"height: 17.60pt;\" height=\"17\">Tipo<\/td>\n<td class=\"et3\">Lavabo de Encimera<\/td>\n<\/tr>\n<tr style=\"height: 17.60pt;\">\n<td class=\"et3\" style=\"height: 17.60pt;\" height=\"17\">Forma<\/td>\n<td class=\"et3\">Forma rectangular<\/td>\n<\/tr>\n<tr style=\"height: 17.60pt;\">\n<td class=\"et4\" style=\"height: 17.60pt;\" height=\"17\">Color<\/td>\n<td class=\"et3\">Blanco<\/td>\n<\/tr>\n<tr style=\"height: 18.00pt;\">\n<td class=\"et3\" style=\"height: 18.00pt;\" height=\"18\">Dimensi\u00f3n<\/td>\n<td class=\"et5\" style=\"width: 202.95pt;\" width=\"202\">40*40*12<\/td>\n<\/tr>\n<tr style=\"height: 17.60pt;\">\n<td class=\"et3\" style=\"height: 17.60pt;\" height=\"17\">N.W \/SET<\/td>\n<td class=\"et3\">8 KGS\/PCS<\/td>\n<\/tr>\n<tr style=\"height: 17.60pt;\">\n<td class=\"et3\" style=\"height: 17.60pt;\" height=\"17\">MOQ<\/td>\n<td class=\"et3\">20 piezas<\/td>\n<\/tr>\n<tr style=\"height: 17.60pt;\">\n<td class=\"et3\" style=\"height: 17.60pt;\" height=\"17\">Opci\u00f3n personalizada<\/td>\n<td class=\"et3\">Color\/Patr\u00f3n\/Tama\u00f1o\/Logotipo\/Embalaje<\/td>\n<\/tr>\n<\/tbody>\n<\/table>","protected":false},"featured_media":7938,"comment_status":"closed","ping_status":"closed","template":"","meta":{"_acf_changed":false},"product_brand":[],"product_cat":[50],"product_tag":[],"class_list":{"0":"post-7875","1":"product","2":"type-product","3":"status-publish","4":"has-post-thumbnail","6":"product_cat-wholesale-countertop-sinks","8":"first","9":"instock","10":"shipping-taxable","11":"product-type-simple"},"acf":[],"_links":{"self":[{"href":"https:\/\/www.ceramicbasin.com\/es\/wp-json\/wp\/v2\/product\/7875","targetHints":{"allow":["GET"]}}],"collection":[{"href":"https:\/\/www.ceramicbasin.com\/es\/wp-json\/wp\/v2\/product"}],"about":[{"href":"https:\/\/www.ceramicbasin.com\/es\/wp-json\/wp\/v2\/types\/product"}],"replies":[{"embeddable":true,"href":"https:\/\/www.ceramicbasin.com\/es\/wp-json\/wp\/v2\/comments?post=7875"}],"wp:featuredmedia":[{"embeddable":true,"href":"https:\/\/www.ceramicbasin.com\/es\/wp-json\/wp\/v2\/media\/7938"}],"wp:attachment":[{"href":"https:\/\/www.ceramicbasin.com\/es\/wp-json\/wp\/v2\/media?parent=7875"}],"wp:term":[{"taxonomy":"product_brand","embeddable":true,"href":"https:\/\/www.ceramicbasin.com\/es\/wp-json\/wp\/v2\/product_brand?post=7875"},{"taxonomy":"product_cat","embeddable":true,"href":"https:\/\/www.ceramicbasin.com\/es\/wp-json\/wp\/v2\/product_cat?post=7875"},{"taxonomy":"product_tag","embeddable":true,"href":"https:\/\/www.ceramicbasin.com\/es\/wp-json\/wp\/v2\/product_tag?post=7875"}],"curies":[{"name":"wp","href":"https:\/\/api.w.org\/{rel}","templated":true}]}}