{"id":7905,"date":"2025-09-24T07:51:09","date_gmt":"2025-09-24T07:51:09","guid":{"rendered":"https:\/\/www.ceramicbasin.com\/?post_type=product&#038;p=7905"},"modified":"2025-09-26T02:21:51","modified_gmt":"2025-09-26T02:21:51","slug":"wholesale-table-top-bathroom-sinks","status":"publish","type":"product","link":"https:\/\/www.ceramicbasin.com\/es\/producto\/wholesale-table-top-bathroom-sinks\/","title":{"rendered":"Mayorista Lavabos de Sobremesa, Lavabos de Cer\u00e1mica a Medida"},"content":{"rendered":"<div class=\"wp-block-columns is-layout-flex wp-container-core-columns-is-layout-9d6595d7 wp-block-columns-is-layout-flex\">\n<div class=\"wp-block-column is-layout-flow wp-block-column-is-layout-flow\">\n<h2 class=\"wp-block-heading\">Premium Moderno al por mayor Lavabos de ba\u00f1o de mesa Caracter\u00edsticas:<\/h2>\n\n\n\n<ul class=\"wp-block-list\">\n<li><strong>Estilo contempor\u00e1neo: <\/strong>El sencillo lavabo de forma cuadrada de estos lavabos de sobremesa al por mayor es ideal para cuartos de ba\u00f1o modernos, hoteles y viviendas de lujo. Transmite un brillo y una textura sutiles, creando una sensaci\u00f3n de nobleza y elegancia en el cuarto de ba\u00f1o.<\/li>\n\n\n\n<li><strong>Cer\u00e1mica duradera:<\/strong> Estos lavabos de ba\u00f1o de sobremesa al por mayor est\u00e1n fabricados con cer\u00e1mica duradera que se cuece a altas temperaturas, dejando esta cer\u00e1mica de calidad con una superficie lisa y m\u00e1s densa resistente a las manchas, f\u00e1cil de limpiar y resistente a los ara\u00f1azos.<\/li>\n\n\n\n<li><strong>Tama\u00f1os a medida:<\/strong> Nuestros fregaderos cuadrados de cer\u00e1mica pueden fabricarse por encargo en tama\u00f1os, colores y logotipos para satisfacer las necesidades de diversas marcas y mercados.<\/li>\n\n\n\n<li><strong>Producci\u00f3n fiable:<\/strong> Como fabricante chino profesional de lavabos de ba\u00f1o, Hanyu tiene una gran capacidad de suministro a granel y admite asociaciones OEM\/ODM. Las compras a granel pueden disfrutar de descuentos supervalor, asegurando que se puede disfrutar de productos de alta calidad sin salirse de su presupuesto.<\/li>\n<\/ul>\n<\/div>\n\n\n\n<div class=\"wp-block-column is-layout-flow wp-block-column-is-layout-flow\">\n<figure class=\"wp-block-image size-full\"><img fetchpriority=\"high\" decoding=\"async\" width=\"469\" height=\"624\" src=\"https:\/\/www.ceramicbasin.com\/wp-content\/uploads\/2025\/09\/wholesale-table-top-bathroom-sinks-custom-ceramic-sinks\u200b-6.webp\" alt=\"mayorista-fregaderos-de-ba\u00f1o-de-mesa-fregaderos-de-ceramica-personalizados-6\" class=\"wp-image-7917\" srcset=\"https:\/\/www.ceramicbasin.com\/wp-content\/uploads\/2025\/09\/wholesale-table-top-bathroom-sinks-custom-ceramic-sinks\u200b-6.webp 469w, https:\/\/www.ceramicbasin.com\/wp-content\/uploads\/2025\/09\/wholesale-table-top-bathroom-sinks-custom-ceramic-sinks\u200b-6-225x300.webp 225w, https:\/\/www.ceramicbasin.com\/wp-content\/uploads\/2025\/09\/wholesale-table-top-bathroom-sinks-custom-ceramic-sinks\u200b-6-9x12.webp 9w, https:\/\/www.ceramicbasin.com\/wp-content\/uploads\/2025\/09\/wholesale-table-top-bathroom-sinks-custom-ceramic-sinks\u200b-6-285x379.webp 285w, https:\/\/www.ceramicbasin.com\/wp-content\/uploads\/2025\/09\/wholesale-table-top-bathroom-sinks-custom-ceramic-sinks\u200b-6-113x150.webp 113w\" sizes=\"(max-width: 469px) 100vw, 469px\" \/><\/figure>\n<\/div>\n<\/div>\n\n\n\n<p><\/p>","protected":false},"excerpt":{"rendered":"<p>Bienvenido a comprar al por mayor nuestros modernos lavabos de sobremesa para ba\u00f1o con dise\u00f1o cuadrado de cer\u00e1mica, fabricados con materiales duraderos y una superficie f\u00e1cil de limpiar. Como uno de los principales fabricantes chinos de sanitarios, ofrecemos una personalizaci\u00f3n flexible y un suministro fiable a granel, as\u00ed como servicios de entrega r\u00e1pida para satisfacer a los distribuidores y proyectos globales.<\/p>\n<table style=\"border-collapse: collapse; width: 311.02pt;\" border=\"0\" width=\"311\" cellspacing=\"0\" cellpadding=\"0\">\n<tbody>\n<tr style=\"height: 17.60pt;\">\n<td class=\"et3\" style=\"height: 17.60pt; width: 108.35pt;\" width=\"108\" height=\"17\">Fabricante<\/td>\n<td class=\"et3\" style=\"width: 202.95pt;\" width=\"202\">HanYu<\/td>\n<\/tr>\n<tr style=\"height: 17.60pt;\">\n<td class=\"et3\" style=\"height: 17.60pt;\" height=\"17\">N\u00ba de modelo<\/td>\n<td class=\"et4\">HY-8022<\/td>\n<\/tr>\n<tr style=\"height: 17.60pt;\">\n<td class=\"et3\" style=\"height: 17.60pt;\" height=\"17\">Tipo<\/td>\n<td class=\"et3\">Lavabo de Encimera<\/td>\n<\/tr>\n<tr style=\"height: 17.60pt;\">\n<td class=\"et3\" style=\"height: 17.60pt;\" height=\"17\">Forma<\/td>\n<td class=\"et3\">Forma rectangular<\/td>\n<\/tr>\n<tr style=\"height: 17.60pt;\">\n<td class=\"et4\" style=\"height: 17.60pt;\" height=\"17\">Color<\/td>\n<td class=\"et3\">Blanco<\/td>\n<\/tr>\n<tr style=\"height: 18.00pt;\">\n<td class=\"et3\" style=\"height: 18.00pt;\" height=\"18\">Dimensi\u00f3n<\/td>\n<td class=\"et5\" style=\"width: 202.95pt;\" width=\"202\">41*41*13.5<\/td>\n<\/tr>\n<tr style=\"height: 17.60pt;\">\n<td class=\"et3\" style=\"height: 17.60pt;\" height=\"17\">N.W \/SET<\/td>\n<td class=\"et3\">9 KGS\/PCS<\/td>\n<\/tr>\n<tr style=\"height: 17.60pt;\">\n<td class=\"et3\" style=\"height: 17.60pt;\" height=\"17\">MOQ<\/td>\n<td class=\"et3\">20 piezas<\/td>\n<\/tr>\n<tr style=\"height: 17.60pt;\">\n<td class=\"et3\" style=\"height: 17.60pt;\" height=\"17\">Opci\u00f3n personalizada<\/td>\n<td class=\"et3\">Color\/Patr\u00f3n\/Tama\u00f1o\/Logotipo\/Embalaje<\/td>\n<\/tr>\n<\/tbody>\n<\/table>","protected":false},"featured_media":7913,"comment_status":"closed","ping_status":"closed","template":"","meta":{"_acf_changed":false},"product_brand":[],"product_cat":[50],"product_tag":[],"class_list":{"0":"post-7905","1":"product","2":"type-product","3":"status-publish","4":"has-post-thumbnail","6":"product_cat-wholesale-countertop-sinks","8":"first","9":"instock","10":"shipping-taxable","11":"product-type-simple"},"acf":[],"_links":{"self":[{"href":"https:\/\/www.ceramicbasin.com\/es\/wp-json\/wp\/v2\/product\/7905","targetHints":{"allow":["GET"]}}],"collection":[{"href":"https:\/\/www.ceramicbasin.com\/es\/wp-json\/wp\/v2\/product"}],"about":[{"href":"https:\/\/www.ceramicbasin.com\/es\/wp-json\/wp\/v2\/types\/product"}],"replies":[{"embeddable":true,"href":"https:\/\/www.ceramicbasin.com\/es\/wp-json\/wp\/v2\/comments?post=7905"}],"wp:featuredmedia":[{"embeddable":true,"href":"https:\/\/www.ceramicbasin.com\/es\/wp-json\/wp\/v2\/media\/7913"}],"wp:attachment":[{"href":"https:\/\/www.ceramicbasin.com\/es\/wp-json\/wp\/v2\/media?parent=7905"}],"wp:term":[{"taxonomy":"product_brand","embeddable":true,"href":"https:\/\/www.ceramicbasin.com\/es\/wp-json\/wp\/v2\/product_brand?post=7905"},{"taxonomy":"product_cat","embeddable":true,"href":"https:\/\/www.ceramicbasin.com\/es\/wp-json\/wp\/v2\/product_cat?post=7905"},{"taxonomy":"product_tag","embeddable":true,"href":"https:\/\/www.ceramicbasin.com\/es\/wp-json\/wp\/v2\/product_tag?post=7905"}],"curies":[{"name":"wp","href":"https:\/\/api.w.org\/{rel}","templated":true}]}}