{"id":7949,"date":"2025-10-03T03:19:03","date_gmt":"2025-10-03T03:19:03","guid":{"rendered":"https:\/\/www.ceramicbasin.com\/?post_type=product&#038;p=7949"},"modified":"2025-10-09T07:49:51","modified_gmt":"2025-10-09T07:49:51","slug":"wall-mount-sink-wholesale","status":"publish","type":"product","link":"https:\/\/www.ceramicbasin.com\/es\/producto\/wall-mount-sink-wholesale\/","title":{"rendered":"Fregadero de Cer\u00e1mica de Pared al por Mayor, Fregadero de M\u00e1rmol Negro Mate"},"content":{"rendered":"<div class=\"wp-block-columns is-layout-flex wp-container-core-columns-is-layout-9d6595d7 wp-block-columns-is-layout-flex\">\n<div class=\"wp-block-column is-layout-flow wp-block-column-is-layout-flow\">\n<h2 class=\"wp-block-heading\">Fregadero de pared Premium al por mayor Caracter\u00edsticas:<\/h2>\n\n\n\n<ul class=\"wp-block-list\">\n<li><strong>Materiales de lujo, duraderos:<\/strong> Este fregadero de montaje en pared al por mayor est\u00e1 fabricado con una base de cer\u00e1mica de alta calidad y recubierto con un avanzado esmalte de textura de m\u00e1rmol negro mate. Es resistente a las manchas y f\u00e1cil de limpiar, duradero y no mostrar\u00e1 signos de desgaste, manteni\u00e9ndolo como nuevo.<\/li>\n\n\n\n<li><strong>Dise\u00f1o moderno, ahorra espacio: <\/strong>Este lavabo de ba\u00f1o al por mayor presenta un dise\u00f1o montado en la pared con l\u00edneas elegantes y minimalistas, lo que crea una sensaci\u00f3n de espacio suspendido y apertura visual, a la vez que facilita su limpieza. Es especialmente adecuado para apartamentos peque\u00f1os y proyectos que persiguen un estilo minimalista.<\/li>\n\n\n\n<li><strong>Personalizaci\u00f3n preferida, asistencia al mayorista: <\/strong>Nos especializamos en ofrecer precios competitivos y un suministro estable de mercanc\u00edas a clientes mayoristas. Ofrecemos fregadero de montaje en pared servicios de personalizaci\u00f3n al por mayor para satisfacer sus necesidades de adquisici\u00f3n de proyectos y de inventario.<\/li>\n\n\n\n<li><strong>F\u00e1cil instalaci\u00f3n, vers\u00e1til: <\/strong>Nuestros lavabos de ba\u00f1o al por mayor disponen de conexiones est\u00e1ndar y son compatibles con las principales cisternas y grifos de pared, lo que hace que la instalaci\u00f3n sea sencilla y eficaz, ahorrando tiempo y dinero.<\/li>\n<\/ul>\n<\/div>\n\n\n\n<div class=\"wp-block-column is-layout-flow wp-block-column-is-layout-flow\">\n<div class=\"wp-block-columns is-layout-flex wp-container-core-columns-is-layout-9d6595d7 wp-block-columns-is-layout-flex\">\n<div class=\"wp-block-column is-layout-flow wp-block-column-is-layout-flow\"><\/div>\n\n\n\n<div class=\"wp-block-column is-layout-flow wp-block-column-is-layout-flow\"><\/div>\n<\/div>\n\n\n\n<figure class=\"wp-block-image size-full\"><img fetchpriority=\"high\" decoding=\"async\" width=\"800\" height=\"800\" src=\"https:\/\/www.ceramicbasin.com\/wp-content\/uploads\/2025\/10\/marble-bathroom-sink\uff0cwall-mounted-marble-sink\uff0cblack-matte-sink4.webp\" alt=\"\" class=\"wp-image-7954\" srcset=\"https:\/\/www.ceramicbasin.com\/wp-content\/uploads\/2025\/10\/marble-bathroom-sink\uff0cwall-mounted-marble-sink\uff0cblack-matte-sink4.webp 800w, https:\/\/www.ceramicbasin.com\/wp-content\/uploads\/2025\/10\/marble-bathroom-sink\uff0cwall-mounted-marble-sink\uff0cblack-matte-sink4-300x300.webp 300w, https:\/\/www.ceramicbasin.com\/wp-content\/uploads\/2025\/10\/marble-bathroom-sink\uff0cwall-mounted-marble-sink\uff0cblack-matte-sink4-150x150.webp 150w, https:\/\/www.ceramicbasin.com\/wp-content\/uploads\/2025\/10\/marble-bathroom-sink\uff0cwall-mounted-marble-sink\uff0cblack-matte-sink4-768x768.webp 768w, https:\/\/www.ceramicbasin.com\/wp-content\/uploads\/2025\/10\/marble-bathroom-sink\uff0cwall-mounted-marble-sink\uff0cblack-matte-sink4-12x12.webp 12w, https:\/\/www.ceramicbasin.com\/wp-content\/uploads\/2025\/10\/marble-bathroom-sink\uff0cwall-mounted-marble-sink\uff0cblack-matte-sink4-285x285.webp 285w, https:\/\/www.ceramicbasin.com\/wp-content\/uploads\/2025\/10\/marble-bathroom-sink\uff0cwall-mounted-marble-sink\uff0cblack-matte-sink4-270x270.webp 270w, https:\/\/www.ceramicbasin.com\/wp-content\/uploads\/2025\/10\/marble-bathroom-sink\uff0cwall-mounted-marble-sink\uff0cblack-matte-sink4-540x540.webp 540w, https:\/\/www.ceramicbasin.com\/wp-content\/uploads\/2025\/10\/marble-bathroom-sink\uff0cwall-mounted-marble-sink\uff0cblack-matte-sink4-660x660.webp 660w\" sizes=\"(max-width: 800px) 100vw, 800px\" \/><\/figure>\n<\/div>\n<\/div>","protected":false},"excerpt":{"rendered":"<p>Bienvenido a comprar lavabos de ba\u00f1o. Este lavabo de pared al por mayor combina un sofisticado color negro mate con una textura de m\u00e1rmol realista. Su dise\u00f1o contempor\u00e1neo y minimalista mejorar\u00e1 cualquier espacio comercial o residencial con una est\u00e9tica moderna.<\/p>\n<table style=\"border-collapse: collapse; width: 358.52pt;\" border=\"0\" width=\"478\" cellspacing=\"0\" cellpadding=\"0\">\n<tbody>\n<tr style=\"height: 17.25pt;\">\n<td class=\"et3\" style=\"height: 17.25pt; width: 125.00pt;\" width=\"166\" height=\"23\">Fabricante<\/td>\n<td class=\"et3\" style=\"width: 234.15pt;\" width=\"312\">HanYu<\/td>\n<\/tr>\n<tr style=\"height: 17.25pt;\">\n<td class=\"et3\" style=\"height: 17.25pt;\" height=\"23\">N\u00ba de modelo<\/td>\n<td class=\"et4\">HY-3078AD139<\/td>\n<\/tr>\n<tr style=\"height: 17.25pt;\">\n<td class=\"et3\" style=\"height: 17.25pt;\" height=\"23\">Tipo<\/td>\n<td class=\"et5\" style=\"width: 234.15pt;\" width=\"312\">Fregaderos de m\u00e1rmol<\/td>\n<\/tr>\n<tr style=\"height: 18.00pt;\">\n<td class=\"et3\" style=\"height: 18.00pt;\" height=\"24\">Forma<\/td>\n<td class=\"et3\">Forma rectangular<\/td>\n<\/tr>\n<tr style=\"height: 34.50pt;\">\n<td class=\"et4\" style=\"height: 34.50pt;\" height=\"46\">Color<\/td>\n<td class=\"et5\" style=\"width: 234.15pt;\" width=\"312\">negro\/blanco\/azul\/gris\/rosa\/verde\/marr\u00f3n\/caqui<\/td>\n<\/tr>\n<tr style=\"height: 18.00pt;\">\n<td class=\"et3\" style=\"height: 18.00pt;\" height=\"24\">Dimensi\u00f3n<\/td>\n<td class=\"et5\" style=\"width: 234.15pt;\" width=\"312\">42*29.5*12.5<\/td>\n<\/tr>\n<tr style=\"height: 17.25pt;\">\n<td class=\"et3\" style=\"height: 17.25pt;\" height=\"23\">N.W \/SET<\/td>\n<td class=\"et3\">12KGS\/PCS<\/td>\n<\/tr>\n<tr style=\"height: 17.25pt;\">\n<td class=\"et3\" style=\"height: 17.25pt;\" height=\"23\">MOQ<\/td>\n<td class=\"et3\">20 piezas<\/td>\n<\/tr>\n<tr style=\"height: 17.25pt;\">\n<td class=\"et3\" style=\"height: 17.25pt;\" height=\"23\">Opci\u00f3n personalizada<\/td>\n<td class=\"et3\">Color\/Patr\u00f3n\/Tama\u00f1o\/Logotipo\/Embalaje<\/td>\n<\/tr>\n<\/tbody>\n<\/table>","protected":false},"featured_media":7953,"comment_status":"closed","ping_status":"closed","template":"","meta":{"_acf_changed":false},"product_brand":[],"product_cat":[54,57],"product_tag":[],"class_list":{"0":"post-7949","1":"product","2":"type-product","3":"status-publish","4":"has-post-thumbnail","6":"product_cat-wholesale-marble-sinks","7":"product_cat-wholesale-wall-mounted-sinks","9":"first","10":"instock","11":"shipping-taxable","12":"product-type-simple"},"acf":[],"_links":{"self":[{"href":"https:\/\/www.ceramicbasin.com\/es\/wp-json\/wp\/v2\/product\/7949","targetHints":{"allow":["GET"]}}],"collection":[{"href":"https:\/\/www.ceramicbasin.com\/es\/wp-json\/wp\/v2\/product"}],"about":[{"href":"https:\/\/www.ceramicbasin.com\/es\/wp-json\/wp\/v2\/types\/product"}],"replies":[{"embeddable":true,"href":"https:\/\/www.ceramicbasin.com\/es\/wp-json\/wp\/v2\/comments?post=7949"}],"wp:featuredmedia":[{"embeddable":true,"href":"https:\/\/www.ceramicbasin.com\/es\/wp-json\/wp\/v2\/media\/7953"}],"wp:attachment":[{"href":"https:\/\/www.ceramicbasin.com\/es\/wp-json\/wp\/v2\/media?parent=7949"}],"wp:term":[{"taxonomy":"product_brand","embeddable":true,"href":"https:\/\/www.ceramicbasin.com\/es\/wp-json\/wp\/v2\/product_brand?post=7949"},{"taxonomy":"product_cat","embeddable":true,"href":"https:\/\/www.ceramicbasin.com\/es\/wp-json\/wp\/v2\/product_cat?post=7949"},{"taxonomy":"product_tag","embeddable":true,"href":"https:\/\/www.ceramicbasin.com\/es\/wp-json\/wp\/v2\/product_tag?post=7949"}],"curies":[{"name":"wp","href":"https:\/\/api.w.org\/{rel}","templated":true}]}}