{"id":7956,"date":"2025-10-03T06:34:32","date_gmt":"2025-10-03T06:34:32","guid":{"rendered":"https:\/\/www.ceramicbasin.com\/?post_type=product&#038;p=7956"},"modified":"2025-10-09T07:57:19","modified_gmt":"2025-10-09T07:57:19","slug":"vanity-sinks-wholesale","status":"publish","type":"product","link":"https:\/\/www.ceramicbasin.com\/es\/producto\/vanity-sinks-wholesale\/","title":{"rendered":"Lavabos de m\u00e1rmol al por mayor, lavabos de lujo de arte"},"content":{"rendered":"<div class=\"wp-block-columns is-layout-flex wp-container-core-columns-is-layout-9d6595d7 wp-block-columns-is-layout-flex\">\n<div class=\"wp-block-column is-layout-flow wp-block-column-is-layout-flow\">\n<h2 class=\"wp-block-heading\">Premium Vanity Fregaderos al por mayor Caracter\u00edsticas:<\/h2>\n\n\n\n<ul class=\"wp-block-list\">\n<li><strong>Aspecto elegante: <\/strong>Estos lavabos de porcelana al por mayor de dise\u00f1o ovalado moderno y sencillo, adecuado para varios estilos de ba\u00f1o, especialmente emparejado con tonos cl\u00e1sicos de textura de m\u00e1rmol, a\u00f1adiendo elegancia.<\/li>\n\n\n\n<li><strong>Gran capacidad de producci\u00f3n: <\/strong>Nuestro gran almac\u00e9n contiene varios tipos de lavabos de cer\u00e1mica al por mayor. Elija los art\u00edculos que est\u00e1n en producci\u00f3n. Tenemos suficientes lavabos blancos para hacer lavabos de color m\u00e1rmol, el tiempo de env\u00edo ser\u00eda m\u00e1s corto mucho.<\/li>\n\n\n\n<li><strong>Tecnolog\u00eda de impresi\u00f3n por transferencia de agua: <\/strong>Estos lavabos de tocador hechos a medida utilizan al por mayor tecnolog\u00eda avanzada de impresi\u00f3n por transferencia de agua para garantizar que el patr\u00f3n de la superficie de cada lavabo sea fino y uniforme, mostrando un delicado efecto de textura, a\u00f1adiendo un sentido art\u00edstico moderno al cuarto de ba\u00f1o.<\/li>\n\n\n\n<li><strong>Colorido:<\/strong>\u00a0El color m\u00e1rmol de estos lavabos de cer\u00e1mica al por mayor se realiza mediante impresi\u00f3n por transferencia de agua sobre la base de un lavabo blanco brillante ordinario, que es hermoso y duradero. Ofrecemos m\u00e1s de 100 colores y patrones para elegir, y todos los modelos de lavabos al por mayor se pueden personalizar en color y textura.<\/li>\n<\/ul>\n<\/div>\n\n\n\n<div class=\"wp-block-column is-layout-flow wp-block-column-is-layout-flow\">\n<figure class=\"wp-block-image size-full\"><img fetchpriority=\"high\" decoding=\"async\" width=\"800\" height=\"800\" src=\"https:\/\/www.ceramicbasin.com\/wp-content\/uploads\/2025\/10\/marble-bathroom-sinksmanufacturing-sinkscustom-sink-countertop4.webp\" alt=\"Lavabos de m\u00e1rmol al por mayor, lavabos de lujo de arte\" class=\"wp-image-7961\" srcset=\"https:\/\/www.ceramicbasin.com\/wp-content\/uploads\/2025\/10\/marble-bathroom-sinksmanufacturing-sinkscustom-sink-countertop4.webp 800w, https:\/\/www.ceramicbasin.com\/wp-content\/uploads\/2025\/10\/marble-bathroom-sinksmanufacturing-sinkscustom-sink-countertop4-300x300.webp 300w, https:\/\/www.ceramicbasin.com\/wp-content\/uploads\/2025\/10\/marble-bathroom-sinksmanufacturing-sinkscustom-sink-countertop4-150x150.webp 150w, https:\/\/www.ceramicbasin.com\/wp-content\/uploads\/2025\/10\/marble-bathroom-sinksmanufacturing-sinkscustom-sink-countertop4-768x768.webp 768w, https:\/\/www.ceramicbasin.com\/wp-content\/uploads\/2025\/10\/marble-bathroom-sinksmanufacturing-sinkscustom-sink-countertop4-12x12.webp 12w, https:\/\/www.ceramicbasin.com\/wp-content\/uploads\/2025\/10\/marble-bathroom-sinksmanufacturing-sinkscustom-sink-countertop4-285x285.webp 285w, https:\/\/www.ceramicbasin.com\/wp-content\/uploads\/2025\/10\/marble-bathroom-sinksmanufacturing-sinkscustom-sink-countertop4-270x270.webp 270w, https:\/\/www.ceramicbasin.com\/wp-content\/uploads\/2025\/10\/marble-bathroom-sinksmanufacturing-sinkscustom-sink-countertop4-540x540.webp 540w, https:\/\/www.ceramicbasin.com\/wp-content\/uploads\/2025\/10\/marble-bathroom-sinksmanufacturing-sinkscustom-sink-countertop4-660x660.webp 660w\" sizes=\"(max-width: 800px) 100vw, 800px\" \/><\/figure>\n<\/div>\n<\/div>\n\n\n\n<p><\/p>","protected":false},"excerpt":{"rendered":"<p>Bienvenido a la compra al por mayor de lavabos de cer\u00e1mica. Nuestros lavabos al por mayor adoptan una avanzada tecnolog\u00eda de impresi\u00f3n por transferencia de agua para garantizar que el patr\u00f3n de la superficie de cada lavabo sea fino y uniforme, mostrando un delicado efecto de textura, a\u00f1adiendo un sentido art\u00edstico moderno al cuarto de ba\u00f1o.<\/p>\n<table style=\"border-collapse: collapse; width: 358.52pt;\" border=\"0\" width=\"478\" cellspacing=\"0\" cellpadding=\"0\">\n<tbody>\n<tr style=\"height: 17.25pt;\">\n<td class=\"et3\" style=\"height: 17.25pt; width: 125.00pt;\" width=\"166\" height=\"23\">Fabricante<\/td>\n<td class=\"et3\" style=\"width: 234.15pt;\" width=\"312\">HanYu<\/td>\n<\/tr>\n<tr style=\"height: 17.25pt;\">\n<td class=\"et3\" style=\"height: 17.25pt;\" height=\"23\">N\u00ba de modelo<\/td>\n<td class=\"et4\">HY-5038D118<\/td>\n<\/tr>\n<tr style=\"height: 17.25pt;\">\n<td class=\"et3\" style=\"height: 17.25pt;\" height=\"23\">Tipo<\/td>\n<td class=\"et5\" style=\"width: 234.15pt;\" width=\"312\">Fregaderos de m\u00e1rmol<\/td>\n<\/tr>\n<tr style=\"height: 18.00pt;\">\n<td class=\"et3\" style=\"height: 18.00pt;\" height=\"24\">Forma<\/td>\n<td class=\"et3\">Forma ovalada<\/td>\n<\/tr>\n<tr style=\"height: 34.50pt;\">\n<td class=\"et4\" style=\"height: 34.50pt;\" height=\"46\">Color<\/td>\n<td class=\"et5\" style=\"width: 234.15pt;\" width=\"312\">negro\/blanco\/azul\/gris\/rosa\/verde\/marr\u00f3n\/caqui<\/td>\n<\/tr>\n<tr style=\"height: 18.00pt;\">\n<td class=\"et3\" style=\"height: 18.00pt;\" height=\"24\">Dimensi\u00f3n<\/td>\n<td class=\"et5\" style=\"width: 234.15pt;\" width=\"312\">60*41.5*16<\/td>\n<\/tr>\n<tr style=\"height: 17.25pt;\">\n<td class=\"et3\" style=\"height: 17.25pt;\" height=\"23\">N.W \/SET<\/td>\n<td class=\"et3\">13KGS\/PCS<\/td>\n<\/tr>\n<tr style=\"height: 17.25pt;\">\n<td class=\"et3\" style=\"height: 17.25pt;\" height=\"23\">MOQ<\/td>\n<td class=\"et3\">20 piezas<\/td>\n<\/tr>\n<tr style=\"height: 17.25pt;\">\n<td class=\"et3\" style=\"height: 17.25pt;\" height=\"23\">Opci\u00f3n personalizada<\/td>\n<td class=\"et3\">Color\/Patr\u00f3n\/Tama\u00f1o\/Logotipo\/Embalaje<\/td>\n<\/tr>\n<\/tbody>\n<\/table>","protected":false},"featured_media":7960,"comment_status":"closed","ping_status":"closed","template":"","meta":{"_acf_changed":false},"product_brand":[],"product_cat":[54,50],"product_tag":[],"class_list":{"0":"post-7956","1":"product","2":"type-product","3":"status-publish","4":"has-post-thumbnail","6":"product_cat-wholesale-marble-sinks","7":"product_cat-wholesale-countertop-sinks","9":"first","10":"instock","11":"shipping-taxable","12":"product-type-simple"},"acf":[],"_links":{"self":[{"href":"https:\/\/www.ceramicbasin.com\/es\/wp-json\/wp\/v2\/product\/7956","targetHints":{"allow":["GET"]}}],"collection":[{"href":"https:\/\/www.ceramicbasin.com\/es\/wp-json\/wp\/v2\/product"}],"about":[{"href":"https:\/\/www.ceramicbasin.com\/es\/wp-json\/wp\/v2\/types\/product"}],"replies":[{"embeddable":true,"href":"https:\/\/www.ceramicbasin.com\/es\/wp-json\/wp\/v2\/comments?post=7956"}],"wp:featuredmedia":[{"embeddable":true,"href":"https:\/\/www.ceramicbasin.com\/es\/wp-json\/wp\/v2\/media\/7960"}],"wp:attachment":[{"href":"https:\/\/www.ceramicbasin.com\/es\/wp-json\/wp\/v2\/media?parent=7956"}],"wp:term":[{"taxonomy":"product_brand","embeddable":true,"href":"https:\/\/www.ceramicbasin.com\/es\/wp-json\/wp\/v2\/product_brand?post=7956"},{"taxonomy":"product_cat","embeddable":true,"href":"https:\/\/www.ceramicbasin.com\/es\/wp-json\/wp\/v2\/product_cat?post=7956"},{"taxonomy":"product_tag","embeddable":true,"href":"https:\/\/www.ceramicbasin.com\/es\/wp-json\/wp\/v2\/product_tag?post=7956"}],"curies":[{"name":"wp","href":"https:\/\/api.w.org\/{rel}","templated":true}]}}