{"id":7963,"date":"2025-10-03T06:57:44","date_gmt":"2025-10-03T06:57:44","guid":{"rendered":"https:\/\/www.ceramicbasin.com\/?post_type=product&#038;p=7963"},"modified":"2025-10-09T08:05:25","modified_gmt":"2025-10-09T08:05:25","slug":"modern-vanity-sinks-wholesale","status":"publish","type":"product","link":"https:\/\/www.ceramicbasin.com\/es\/producto\/modern-vanity-sinks-wholesale\/","title":{"rendered":"Fregaderos de tocador modernos al por mayor, lavabo de m\u00e1rmol de forma ovalada"},"content":{"rendered":"<div class=\"wp-block-columns is-layout-flex wp-container-core-columns-is-layout-9d6595d7 wp-block-columns-is-layout-flex\">\n<div class=\"wp-block-column is-layout-flow wp-block-column-is-layout-flow\">\n<h2 class=\"wp-block-heading\">Premium Modern Vanity Fregaderos al por mayor Caracter\u00edsticas:<\/h2>\n\n\n\n<ul class=\"wp-block-list\">\n<li><strong>Dise\u00f1o \u00fanico en forma de hoja:<\/strong> El dise\u00f1o \u00fanico en forma de hoja confiere a estos lavabos modernos al por mayor una forma m\u00e1s creativa, que combina el arte con la funci\u00f3n para conseguir un efecto visual impresionante y un elemento destacado en un cuarto de ba\u00f1o.<\/li>\n\n\n\n<li><strong>Dise\u00f1o elegante: <\/strong>Nuestros lavabos sobre encimera al por mayor a\u00f1aden un toque de elegancia y modernidad a cualquier cuarto de ba\u00f1o, convirti\u00e9ndolos en un elegante punto focal.<\/li>\n\n\n\n<li><strong>Servicio a medida: <\/strong>Ofrecemos un servicio completo para la personalizaci\u00f3n de lavabos modernos al por mayor, tama\u00f1os, colores y texturas son personalizables en base a las peticiones de los clientes para coincidir perfectamente con otros estilos de espacio.<\/li>\n\n\n\n<li><strong>Dise\u00f1o montado en la parte superior: <\/strong>Estos lavabos de ba\u00f1o al por mayor son estables y fiables, lo que no s\u00f3lo ahorra espacio, sino que tambi\u00e9n a\u00f1ade un toque moderno al cuarto de ba\u00f1o y se adapta a varios estilos de decoraci\u00f3n.<\/li>\n<\/ul>\n<\/div>\n\n\n\n<div class=\"wp-block-column is-layout-flow wp-block-column-is-layout-flow\">\n<figure class=\"wp-block-image size-full\"><img fetchpriority=\"high\" decoding=\"async\" width=\"800\" height=\"800\" src=\"https:\/\/www.ceramicbasin.com\/wp-content\/uploads\/2025\/10\/marble-stone-wash-basinsvessel-ceramic-sinksinks-for-bathroom.webp\" alt=\"\" class=\"wp-image-7964\" srcset=\"https:\/\/www.ceramicbasin.com\/wp-content\/uploads\/2025\/10\/marble-stone-wash-basinsvessel-ceramic-sinksinks-for-bathroom.webp 800w, https:\/\/www.ceramicbasin.com\/wp-content\/uploads\/2025\/10\/marble-stone-wash-basinsvessel-ceramic-sinksinks-for-bathroom-300x300.webp 300w, https:\/\/www.ceramicbasin.com\/wp-content\/uploads\/2025\/10\/marble-stone-wash-basinsvessel-ceramic-sinksinks-for-bathroom-150x150.webp 150w, https:\/\/www.ceramicbasin.com\/wp-content\/uploads\/2025\/10\/marble-stone-wash-basinsvessel-ceramic-sinksinks-for-bathroom-768x768.webp 768w, https:\/\/www.ceramicbasin.com\/wp-content\/uploads\/2025\/10\/marble-stone-wash-basinsvessel-ceramic-sinksinks-for-bathroom-12x12.webp 12w, https:\/\/www.ceramicbasin.com\/wp-content\/uploads\/2025\/10\/marble-stone-wash-basinsvessel-ceramic-sinksinks-for-bathroom-285x285.webp 285w, https:\/\/www.ceramicbasin.com\/wp-content\/uploads\/2025\/10\/marble-stone-wash-basinsvessel-ceramic-sinksinks-for-bathroom-270x270.webp 270w, https:\/\/www.ceramicbasin.com\/wp-content\/uploads\/2025\/10\/marble-stone-wash-basinsvessel-ceramic-sinksinks-for-bathroom-540x540.webp 540w, https:\/\/www.ceramicbasin.com\/wp-content\/uploads\/2025\/10\/marble-stone-wash-basinsvessel-ceramic-sinksinks-for-bathroom-660x660.webp 660w\" sizes=\"(max-width: 800px) 100vw, 800px\" \/><figcaption class=\"wp-element-caption\">Mayorista de Lujo Lavabos de Ba\u00f1o, Lavamanos de Cer\u00e1mica<\/figcaption><\/figure>\n<\/div>\n<\/div>\n\n\n\n<p><\/p>","protected":false},"excerpt":{"rendered":"<p>Bienvenido a comprar lavabos modernos al por mayor. Ofrecemos una amplia gama de opciones de personalizaci\u00f3n para los tazones de fuente del fregadero de encargo, cuyo tama\u00f1o, color y textura son personalizados de acuerdo a las necesidades de los clientes y puede coincidir perfectamente con diferentes estilos de espacio.<\/p>\n<table width=\"311\">\n<tbody>\n<tr>\n<td width=\"108\">Fabricante<\/td>\n<td width=\"202\">HanYu<\/td>\n<\/tr>\n<tr>\n<td>N\u00ba de modelo<\/td>\n<td>HY-5102D12<\/td>\n<\/tr>\n<tr>\n<td>Tipo<\/td>\n<td width=\"202\">Lavabo Color M\u00e1rmol, Lavabo Encimera<\/td>\n<\/tr>\n<tr>\n<td>Forma<\/td>\n<td>Forma ovalada<\/td>\n<\/tr>\n<tr>\n<td>Color<\/td>\n<td width=\"202\">Blanco<\/td>\n<\/tr>\n<tr>\n<td>Dimensi\u00f3n<\/td>\n<td width=\"202\">73*37*13<\/td>\n<\/tr>\n<tr>\n<td>N.W \/SET<\/td>\n<td>12KGS\/PCS<\/td>\n<\/tr>\n<tr>\n<td>MOQ<\/td>\n<td>20 piezas<\/td>\n<\/tr>\n<tr>\n<td>Opci\u00f3n personalizada<\/td>\n<td>Color\/Patr\u00f3n\/Tama\u00f1o\/Logotipo\/Embalaje<\/td>\n<\/tr>\n<\/tbody>\n<\/table>","protected":false},"featured_media":7968,"comment_status":"closed","ping_status":"closed","template":"","meta":{"_acf_changed":false},"product_brand":[],"product_cat":[54,50],"product_tag":[],"class_list":{"0":"post-7963","1":"product","2":"type-product","3":"status-publish","4":"has-post-thumbnail","6":"product_cat-wholesale-marble-sinks","7":"product_cat-wholesale-countertop-sinks","9":"first","10":"instock","11":"shipping-taxable","12":"product-type-simple"},"acf":[],"_links":{"self":[{"href":"https:\/\/www.ceramicbasin.com\/es\/wp-json\/wp\/v2\/product\/7963","targetHints":{"allow":["GET"]}}],"collection":[{"href":"https:\/\/www.ceramicbasin.com\/es\/wp-json\/wp\/v2\/product"}],"about":[{"href":"https:\/\/www.ceramicbasin.com\/es\/wp-json\/wp\/v2\/types\/product"}],"replies":[{"embeddable":true,"href":"https:\/\/www.ceramicbasin.com\/es\/wp-json\/wp\/v2\/comments?post=7963"}],"wp:featuredmedia":[{"embeddable":true,"href":"https:\/\/www.ceramicbasin.com\/es\/wp-json\/wp\/v2\/media\/7968"}],"wp:attachment":[{"href":"https:\/\/www.ceramicbasin.com\/es\/wp-json\/wp\/v2\/media?parent=7963"}],"wp:term":[{"taxonomy":"product_brand","embeddable":true,"href":"https:\/\/www.ceramicbasin.com\/es\/wp-json\/wp\/v2\/product_brand?post=7963"},{"taxonomy":"product_cat","embeddable":true,"href":"https:\/\/www.ceramicbasin.com\/es\/wp-json\/wp\/v2\/product_cat?post=7963"},{"taxonomy":"product_tag","embeddable":true,"href":"https:\/\/www.ceramicbasin.com\/es\/wp-json\/wp\/v2\/product_tag?post=7963"}],"curies":[{"name":"wp","href":"https:\/\/api.w.org\/{rel}","templated":true}]}}