{"id":7970,"date":"2025-10-03T07:29:45","date_gmt":"2025-10-03T07:29:45","guid":{"rendered":"https:\/\/www.ceramicbasin.com\/?post_type=product&#038;p=7970"},"modified":"2025-10-09T08:13:07","modified_gmt":"2025-10-09T08:13:07","slug":"wholesale-bathroom-wash-basin","status":"publish","type":"product","link":"https:\/\/www.ceramicbasin.com\/es\/producto\/wholesale-bathroom-wash-basin\/","title":{"rendered":"Mayorista Moderno Lavabo Encimera Lavamanos Fregadero"},"content":{"rendered":"<div class=\"wp-block-columns is-layout-flex wp-container-core-columns-is-layout-9d6595d7 wp-block-columns-is-layout-flex\">\n<div class=\"wp-block-column is-layout-flow wp-block-column-is-layout-flow\">\n<h2 class=\"wp-block-heading\">Premium al por mayor lavabo de ba\u00f1o Caracter\u00edsticas:<\/h2>\n\n\n\n<ul class=\"wp-block-list\">\n<li><strong>Precio ventajoso: <\/strong>Ofrecemos servicios de pedidos al por mayor, que no s\u00f3lo son asequibles, sino que tambi\u00e9n se entregan r\u00e1pidamente. Nuestros lavabos de ba\u00f1o al por mayor son adecuados para proyectos comerciales y decoraci\u00f3n residencial a gran escala, satisfaciendo las necesidades de alta eficiencia y bajo coste.<\/li>\n\n\n\n<li><strong>Dise\u00f1o elegante: <\/strong>Nuestros lavabos sobre encimera al por mayor a\u00f1aden un toque de elegancia y modernidad a cualquier cuarto de ba\u00f1o, convirti\u00e9ndolos en un elegante punto focal.<\/li>\n\n\n\n<li><strong>Tecnolog\u00eda de impresi\u00f3n por transferencia de agua: <\/strong>Estos lavabos de ba\u00f1o al por mayor adoptan una avanzada tecnolog\u00eda de impresi\u00f3n por transferencia de agua para garantizar que el dibujo de la superficie de cada lavabo sea fino y uniforme, mostrando un delicado efecto de textura, a\u00f1adiendo un moderno sentido art\u00edstico al cuarto de ba\u00f1o.<\/li>\n\n\n\n<li><strong>Dise\u00f1o montado en la parte superior: <\/strong>Los exclusivos lavabos sobre encimera son estables y fiables, lo que no s\u00f3lo ahorra espacio, sino que a\u00f1ade un aire moderno al cuarto de ba\u00f1o y se adapta a diversos estilos de decoraci\u00f3n.<\/li>\n<\/ul>\n<\/div>\n\n\n\n<div class=\"wp-block-column is-layout-flow wp-block-column-is-layout-flow\">\n<figure class=\"wp-block-image size-full\"><img fetchpriority=\"high\" decoding=\"async\" width=\"800\" height=\"800\" src=\"https:\/\/www.ceramicbasin.com\/wp-content\/uploads\/2025\/10\/vessel-sinks-bathroomporcelain-lavatory-sinkswall-mounted-marble-sink5.webp\" alt=\"\" class=\"wp-image-7976\" srcset=\"https:\/\/www.ceramicbasin.com\/wp-content\/uploads\/2025\/10\/vessel-sinks-bathroomporcelain-lavatory-sinkswall-mounted-marble-sink5.webp 800w, https:\/\/www.ceramicbasin.com\/wp-content\/uploads\/2025\/10\/vessel-sinks-bathroomporcelain-lavatory-sinkswall-mounted-marble-sink5-300x300.webp 300w, https:\/\/www.ceramicbasin.com\/wp-content\/uploads\/2025\/10\/vessel-sinks-bathroomporcelain-lavatory-sinkswall-mounted-marble-sink5-150x150.webp 150w, https:\/\/www.ceramicbasin.com\/wp-content\/uploads\/2025\/10\/vessel-sinks-bathroomporcelain-lavatory-sinkswall-mounted-marble-sink5-768x768.webp 768w, https:\/\/www.ceramicbasin.com\/wp-content\/uploads\/2025\/10\/vessel-sinks-bathroomporcelain-lavatory-sinkswall-mounted-marble-sink5-12x12.webp 12w, https:\/\/www.ceramicbasin.com\/wp-content\/uploads\/2025\/10\/vessel-sinks-bathroomporcelain-lavatory-sinkswall-mounted-marble-sink5-285x285.webp 285w, https:\/\/www.ceramicbasin.com\/wp-content\/uploads\/2025\/10\/vessel-sinks-bathroomporcelain-lavatory-sinkswall-mounted-marble-sink5-270x270.webp 270w, https:\/\/www.ceramicbasin.com\/wp-content\/uploads\/2025\/10\/vessel-sinks-bathroomporcelain-lavatory-sinkswall-mounted-marble-sink5-540x540.webp 540w, https:\/\/www.ceramicbasin.com\/wp-content\/uploads\/2025\/10\/vessel-sinks-bathroomporcelain-lavatory-sinkswall-mounted-marble-sink5-660x660.webp 660w\" sizes=\"(max-width: 800px) 100vw, 800px\" \/><\/figure>\n<\/div>\n<\/div>\n\n\n\n<p><\/p>","protected":false},"excerpt":{"rendered":"<p>Bienvenido a comprar lavabos de ba\u00f1o al por mayor. Los \u00fanicos lavabos de m\u00e1rmol negro de aspecto superior a\u00f1aden un toque moderno al cuarto de ba\u00f1o y se adaptan a varios estilos de decoraci\u00f3n.<\/p>\n<table width=\"311\">\n<tbody>\n<tr>\n<td width=\"108\">Fabricante<\/td>\n<td width=\"202\">HanYu<\/td>\n<\/tr>\n<tr>\n<td>N\u00ba de modelo<\/td>\n<td>HY-5102D30<\/td>\n<\/tr>\n<tr>\n<td>Tipo<\/td>\n<td width=\"202\">Lavabo Color M\u00e1rmol, Lavabo Encimera<\/td>\n<\/tr>\n<tr>\n<td>Forma<\/td>\n<td>Forma ovalada<\/td>\n<\/tr>\n<tr>\n<td>Color<\/td>\n<td width=\"202\">Blanco<\/td>\n<\/tr>\n<tr>\n<td>Dimensi\u00f3n<\/td>\n<td width=\"202\">73*37*13<\/td>\n<\/tr>\n<tr>\n<td>N.W \/SET<\/td>\n<td>12KGS\/PCS<\/td>\n<\/tr>\n<tr>\n<td>MOQ<\/td>\n<td>20 piezas<\/td>\n<\/tr>\n<tr>\n<td>Opci\u00f3n personalizada<\/td>\n<td>Color\/Patr\u00f3n\/Tama\u00f1o\/Logotipo\/Embalaje<\/td>\n<\/tr>\n<\/tbody>\n<\/table>","protected":false},"featured_media":7974,"comment_status":"closed","ping_status":"closed","template":"","meta":{"_acf_changed":false},"product_brand":[],"product_cat":[54,50],"product_tag":[],"class_list":{"0":"post-7970","1":"product","2":"type-product","3":"status-publish","4":"has-post-thumbnail","6":"product_cat-wholesale-marble-sinks","7":"product_cat-wholesale-countertop-sinks","9":"first","10":"instock","11":"shipping-taxable","12":"product-type-simple"},"acf":[],"_links":{"self":[{"href":"https:\/\/www.ceramicbasin.com\/es\/wp-json\/wp\/v2\/product\/7970","targetHints":{"allow":["GET"]}}],"collection":[{"href":"https:\/\/www.ceramicbasin.com\/es\/wp-json\/wp\/v2\/product"}],"about":[{"href":"https:\/\/www.ceramicbasin.com\/es\/wp-json\/wp\/v2\/types\/product"}],"replies":[{"embeddable":true,"href":"https:\/\/www.ceramicbasin.com\/es\/wp-json\/wp\/v2\/comments?post=7970"}],"wp:featuredmedia":[{"embeddable":true,"href":"https:\/\/www.ceramicbasin.com\/es\/wp-json\/wp\/v2\/media\/7974"}],"wp:attachment":[{"href":"https:\/\/www.ceramicbasin.com\/es\/wp-json\/wp\/v2\/media?parent=7970"}],"wp:term":[{"taxonomy":"product_brand","embeddable":true,"href":"https:\/\/www.ceramicbasin.com\/es\/wp-json\/wp\/v2\/product_brand?post=7970"},{"taxonomy":"product_cat","embeddable":true,"href":"https:\/\/www.ceramicbasin.com\/es\/wp-json\/wp\/v2\/product_cat?post=7970"},{"taxonomy":"product_tag","embeddable":true,"href":"https:\/\/www.ceramicbasin.com\/es\/wp-json\/wp\/v2\/product_tag?post=7970"}],"curies":[{"name":"wp","href":"https:\/\/api.w.org\/{rel}","templated":true}]}}