{"id":7985,"date":"2025-10-17T10:24:22","date_gmt":"2025-10-17T10:24:22","guid":{"rendered":"https:\/\/www.ceramicbasin.com\/?post_type=product&#038;p=7985"},"modified":"2025-10-17T10:24:25","modified_gmt":"2025-10-17T10:24:25","slug":"custom-small-bathroom-sinks","status":"publish","type":"product","link":"https:\/\/www.ceramicbasin.com\/es\/producto\/custom-small-bathroom-sinks\/","title":{"rendered":"Lavabos de ba\u00f1o peque\u00f1os a medida, lavabo cuadrado de cer\u00e1mica al por mayor"},"content":{"rendered":"<div class=\"wp-block-columns is-layout-flex wp-container-core-columns-is-layout-9d6595d7 wp-block-columns-is-layout-flex\">\n<div class=\"wp-block-column is-layout-flow wp-block-column-is-layout-flow\">\n<h2 class=\"wp-block-heading\">Premium Custom Lavabos Peque\u00f1os Caracter\u00edsticas:<\/h2>\n\n\n\n<ul class=\"wp-block-list\">\n<li><strong>Dise\u00f1o vers\u00e1til: <\/strong>Este lavabo cuadrado de cer\u00e1mica al por mayor no s\u00f3lo es ideal para cuartos de ba\u00f1o dom\u00e9sticos, sino tambi\u00e9n como fregadero de lavander\u00eda o lavadero comercial, ya que ofrece funcionalidad y aspecto.<\/li>\n\n\n\n<li><strong>Tama\u00f1o compacto: <\/strong>Estos lavabos peque\u00f1os a medida est\u00e1n dise\u00f1ados para su uso en cuartos de ba\u00f1o compactos, ahorrando espacio y son perfectos para una gran variedad de espacios, como apartamentos, hoteles, aseos comerciales y lavander\u00edas.<\/li>\n\n\n\n<li><strong>Venta directa de f\u00e1brica:<\/strong>\u00a0Los lavabos de ba\u00f1o peque\u00f1os personalizados de HanYu son vendidos directamente por la f\u00e1brica, lo que elimina la diferencia de precio de los intermediarios, y la compra de lavabos de ba\u00f1o al por mayor le garantiza la compra de lavabos de ba\u00f1o de alta calidad al por mayor al menor coste.<\/li>\n\n\n\n<li><strong>Material cer\u00e1mico de alta calidad:\u00a0<\/strong>Los fregaderos de cer\u00e1mica al por mayor de HanYu est\u00e1n fabricados con materias primas cer\u00e1micas de alta calidad, cocidas a altas temperaturas, con una textura s\u00f3lida y una superficie lisa, que evitan eficazmente que se adhiera la suciedad.<\/li>\n\n\n\n<li><strong>Descuento por compra al por mayor:\u00a0<\/strong>Ofrecemos descuentos al por mayor para lavabos peque\u00f1os a medida para satisfacer las necesidades de proyectos comerciales o de decoraci\u00f3n residencial a gran escala.<\/li>\n<\/ul>\n<\/div>\n\n\n\n<div class=\"wp-block-column is-layout-flow wp-block-column-is-layout-flow\">\n<figure class=\"wp-block-image size-full\"><img fetchpriority=\"high\" decoding=\"async\" width=\"1000\" height=\"1000\" src=\"https:\/\/www.ceramicbasin.com\/wp-content\/uploads\/2025\/10\/custom-small-bathroom-sinks-square-ceramic-wash-basin-bulk-8.webp\" alt=\"lavabo-ceramico-cuadrado-peque\u00f1o-a-medida-bulk-8\" class=\"wp-image-8134\" srcset=\"https:\/\/www.ceramicbasin.com\/wp-content\/uploads\/2025\/10\/custom-small-bathroom-sinks-square-ceramic-wash-basin-bulk-8.webp 1000w, https:\/\/www.ceramicbasin.com\/wp-content\/uploads\/2025\/10\/custom-small-bathroom-sinks-square-ceramic-wash-basin-bulk-8-300x300.webp 300w, https:\/\/www.ceramicbasin.com\/wp-content\/uploads\/2025\/10\/custom-small-bathroom-sinks-square-ceramic-wash-basin-bulk-8-150x150.webp 150w, https:\/\/www.ceramicbasin.com\/wp-content\/uploads\/2025\/10\/custom-small-bathroom-sinks-square-ceramic-wash-basin-bulk-8-768x768.webp 768w, https:\/\/www.ceramicbasin.com\/wp-content\/uploads\/2025\/10\/custom-small-bathroom-sinks-square-ceramic-wash-basin-bulk-8-12x12.webp 12w, https:\/\/www.ceramicbasin.com\/wp-content\/uploads\/2025\/10\/custom-small-bathroom-sinks-square-ceramic-wash-basin-bulk-8-285x285.webp 285w, https:\/\/www.ceramicbasin.com\/wp-content\/uploads\/2025\/10\/custom-small-bathroom-sinks-square-ceramic-wash-basin-bulk-8-270x270.webp 270w, https:\/\/www.ceramicbasin.com\/wp-content\/uploads\/2025\/10\/custom-small-bathroom-sinks-square-ceramic-wash-basin-bulk-8-540x540.webp 540w, https:\/\/www.ceramicbasin.com\/wp-content\/uploads\/2025\/10\/custom-small-bathroom-sinks-square-ceramic-wash-basin-bulk-8-660x660.webp 660w\" sizes=\"(max-width: 1000px) 100vw, 1000px\" \/><\/figure>\n<\/div>\n<\/div>","protected":false},"excerpt":{"rendered":"<p>Bienvenido a comprar nuestros modernos lavabos personalizados de dise\u00f1o cuadrado en cer\u00e1mica, fabricados con materiales duraderos y una superficie f\u00e1cil de limpiar para el ba\u00f1o o la lavander\u00eda. Como uno de los principales fabricantes chinos de sanitarios, ofrecemos una personalizaci\u00f3n flexible y un suministro fiable a granel, as\u00ed como servicios de entrega r\u00e1pida para satisfacer a los distribuidores y proyectos globales.<\/p>\n<table style=\"border-collapse: collapse; width: 311.02pt;\" border=\"0\" width=\"311\" cellspacing=\"0\" cellpadding=\"0\">\n<tbody>\n<tr style=\"height: 17.60pt;\">\n<td class=\"et3\" style=\"height: 17.60pt; width: 108.35pt;\" width=\"108\" height=\"17\">Fabricante<\/td>\n<td class=\"et3\" style=\"width: 202.95pt;\" width=\"202\">HanYu<\/td>\n<\/tr>\n<tr style=\"height: 17.60pt;\">\n<td class=\"et3\" style=\"height: 17.60pt;\" height=\"17\">N\u00ba de modelo<\/td>\n<td class=\"et4\">HY-401D<\/td>\n<\/tr>\n<tr style=\"height: 17.60pt;\">\n<td class=\"et3\" style=\"height: 17.60pt;\" height=\"17\">Tipo<\/td>\n<td class=\"et3\">Lavabo de Encimera<\/td>\n<\/tr>\n<tr style=\"height: 17.60pt;\">\n<td class=\"et3\" style=\"height: 17.60pt;\" height=\"17\">Forma<\/td>\n<td class=\"et3\">Forma rectangular<\/td>\n<\/tr>\n<tr style=\"height: 17.60pt;\">\n<td class=\"et4\" style=\"height: 17.60pt;\" height=\"17\">Color<\/td>\n<td class=\"et3\">Blanco<\/td>\n<\/tr>\n<tr style=\"height: 18.00pt;\">\n<td class=\"et3\" style=\"height: 18.00pt;\" height=\"18\">Dimensi\u00f3n<\/td>\n<td class=\"et5\" style=\"width: 202.95pt;\" width=\"202\">40*30*13<\/td>\n<\/tr>\n<tr style=\"height: 17.60pt;\">\n<td class=\"et3\" style=\"height: 17.60pt;\" height=\"17\">N.W \/SET<\/td>\n<td class=\"et3\">10 KGS\/PCS<\/td>\n<\/tr>\n<tr style=\"height: 17.60pt;\">\n<td class=\"et3\" style=\"height: 17.60pt;\" height=\"17\">MOQ<\/td>\n<td class=\"et3\">20 piezas<\/td>\n<\/tr>\n<tr style=\"height: 17.60pt;\">\n<td class=\"et3\" style=\"height: 17.60pt;\" height=\"17\">Opci\u00f3n personalizada<\/td>\n<td class=\"et3\">Color\/Patr\u00f3n\/Tama\u00f1o\/Logotipo\/Embalaje<\/td>\n<\/tr>\n<\/tbody>\n<\/table>","protected":false},"featured_media":8130,"comment_status":"closed","ping_status":"closed","template":"","meta":{"_acf_changed":false},"product_brand":[],"product_cat":[50,56],"product_tag":[],"class_list":{"0":"post-7985","1":"product","2":"type-product","3":"status-publish","4":"has-post-thumbnail","6":"product_cat-wholesale-countertop-sinks","7":"product_cat-wholesale-small-bathroom-sinks","9":"first","10":"instock","11":"shipping-taxable","12":"product-type-simple"},"acf":[],"_links":{"self":[{"href":"https:\/\/www.ceramicbasin.com\/es\/wp-json\/wp\/v2\/product\/7985","targetHints":{"allow":["GET"]}}],"collection":[{"href":"https:\/\/www.ceramicbasin.com\/es\/wp-json\/wp\/v2\/product"}],"about":[{"href":"https:\/\/www.ceramicbasin.com\/es\/wp-json\/wp\/v2\/types\/product"}],"replies":[{"embeddable":true,"href":"https:\/\/www.ceramicbasin.com\/es\/wp-json\/wp\/v2\/comments?post=7985"}],"wp:featuredmedia":[{"embeddable":true,"href":"https:\/\/www.ceramicbasin.com\/es\/wp-json\/wp\/v2\/media\/8130"}],"wp:attachment":[{"href":"https:\/\/www.ceramicbasin.com\/es\/wp-json\/wp\/v2\/media?parent=7985"}],"wp:term":[{"taxonomy":"product_brand","embeddable":true,"href":"https:\/\/www.ceramicbasin.com\/es\/wp-json\/wp\/v2\/product_brand?post=7985"},{"taxonomy":"product_cat","embeddable":true,"href":"https:\/\/www.ceramicbasin.com\/es\/wp-json\/wp\/v2\/product_cat?post=7985"},{"taxonomy":"product_tag","embeddable":true,"href":"https:\/\/www.ceramicbasin.com\/es\/wp-json\/wp\/v2\/product_tag?post=7985"}],"curies":[{"name":"wp","href":"https:\/\/api.w.org\/{rel}","templated":true}]}}