{"id":7994,"date":"2025-10-17T10:04:14","date_gmt":"2025-10-17T10:04:14","guid":{"rendered":"https:\/\/www.ceramicbasin.com\/?post_type=product&#038;p=7994"},"modified":"2025-10-17T10:04:51","modified_gmt":"2025-10-17T10:04:51","slug":"wholesale-deep-bathroom-sink-bowls","status":"publish","type":"product","link":"https:\/\/www.ceramicbasin.com\/es\/producto\/wholesale-deep-bathroom-sink-bowls\/","title":{"rendered":"Mayorista Lavabos Profundos de Ba\u00f1o, Lavabo de Cer\u00e1mica Arte Italiano a Granel"},"content":{"rendered":"<div class=\"wp-block-columns is-layout-flex wp-container-core-columns-is-layout-9d6595d7 wp-block-columns-is-layout-flex\">\n<div class=\"wp-block-column is-layout-flow wp-block-column-is-layout-flow\">\n<h2 class=\"wp-block-heading\">Premium al por mayor de ba\u00f1o profundo fregadero cuencos Caracter\u00edsticas:<\/h2>\n\n\n\n<ul class=\"wp-block-list\">\n<li><strong>Estilo moderno:<\/strong> La sencilla cubeta de forma rectangular de estos lavabos profundos al por mayor es ideal para cuartos de ba\u00f1o modernos, hoteles y casas de lujo. Muestra un suave brillo y textura, que imparte nobleza y elegancia al cuarto de ba\u00f1o.<\/li>\n\n\n\n<li><strong>Cer\u00e1mica duradera:<\/strong> Construido con cer\u00e1mica duradera, que permite una cocci\u00f3n alta, esto deja la cer\u00e1mica de calidad con una superficie densa y suave resistente a las manchas que no es propenso a rayar y es f\u00e1cil de limpiar.<\/li>\n\n\n\n<li><strong>Dise\u00f1o de cuenco profundo:<\/strong> El lavabo cer\u00e1mico profundo al por mayor ofrece una mayor superficie de lavabo sin salpicaduras, por lo que resulta ideal para proyectos de ba\u00f1os hoteleros, comerciales y residenciales de gama alta.<\/li>\n\n\n\n<li><strong>Arte a la italiana:<\/strong> Los lavabos profundos para ba\u00f1o al por mayor presentan l\u00edneas de estilo italiano y acabados esmaltados a mano, lo que los convierte en un bello dise\u00f1o que contribuye a la decoraci\u00f3n general de cualquier cuarto de ba\u00f1o.<\/li>\n\n\n\n<li><strong>Producci\u00f3n estable:<\/strong> Como proveedor profesional de lavabos de ba\u00f1o de China, Hanyu cuenta con un s\u00f3lido suministro a granel y soporte de asociaci\u00f3n OEM\/ODM. Las compras a granel pueden disfrutar de descuentos de valor estupendo, asegur\u00e1ndose de que usted puede disfrutar de productos de alta calidad sin salirse de su presupuesto.<\/li>\n<\/ul>\n<\/div>\n\n\n\n<div class=\"wp-block-column is-layout-flow wp-block-column-is-layout-flow\">\n<figure class=\"wp-block-image size-full\"><img fetchpriority=\"high\" decoding=\"async\" width=\"1000\" height=\"1000\" src=\"https:\/\/www.ceramicbasin.com\/wp-content\/uploads\/2025\/10\/wholesale-deep-bathroom-sink-bowls-art-italian-ceramic-basin-bulk-2.webp\" alt=\"venta al por mayor de lavabos de cer\u00e1mica italiana al por mayor de lavabos de cer\u00e1mica italiana al por mayor de lavabos de cer\u00e1mica italiana al por mayor de lavabos de cer\u00e1mica italiana al por mayor-2\" class=\"wp-image-8119\" srcset=\"https:\/\/www.ceramicbasin.com\/wp-content\/uploads\/2025\/10\/wholesale-deep-bathroom-sink-bowls-art-italian-ceramic-basin-bulk-2.webp 1000w, https:\/\/www.ceramicbasin.com\/wp-content\/uploads\/2025\/10\/wholesale-deep-bathroom-sink-bowls-art-italian-ceramic-basin-bulk-2-300x300.webp 300w, https:\/\/www.ceramicbasin.com\/wp-content\/uploads\/2025\/10\/wholesale-deep-bathroom-sink-bowls-art-italian-ceramic-basin-bulk-2-150x150.webp 150w, https:\/\/www.ceramicbasin.com\/wp-content\/uploads\/2025\/10\/wholesale-deep-bathroom-sink-bowls-art-italian-ceramic-basin-bulk-2-768x768.webp 768w, https:\/\/www.ceramicbasin.com\/wp-content\/uploads\/2025\/10\/wholesale-deep-bathroom-sink-bowls-art-italian-ceramic-basin-bulk-2-12x12.webp 12w, https:\/\/www.ceramicbasin.com\/wp-content\/uploads\/2025\/10\/wholesale-deep-bathroom-sink-bowls-art-italian-ceramic-basin-bulk-2-285x285.webp 285w, https:\/\/www.ceramicbasin.com\/wp-content\/uploads\/2025\/10\/wholesale-deep-bathroom-sink-bowls-art-italian-ceramic-basin-bulk-2-270x270.webp 270w, https:\/\/www.ceramicbasin.com\/wp-content\/uploads\/2025\/10\/wholesale-deep-bathroom-sink-bowls-art-italian-ceramic-basin-bulk-2-540x540.webp 540w, https:\/\/www.ceramicbasin.com\/wp-content\/uploads\/2025\/10\/wholesale-deep-bathroom-sink-bowls-art-italian-ceramic-basin-bulk-2-660x660.webp 660w\" sizes=\"(max-width: 1000px) 100vw, 1000px\" \/><\/figure>\n<\/div>\n<\/div>\n\n\n\n<p><\/p>","protected":false},"excerpt":{"rendered":"<p>Bienvenido a comprar al por mayor nuestros lavabos profundos de dise\u00f1o art\u00edstico italiano, fabricados en cer\u00e1mica de alta cocci\u00f3n con un lavabo profundo y una superficie brillante. Perfecto para proyectos de hoteles y villas, el apoyo a la personalizaci\u00f3n a granel OEM \/ ODM.como un fabricante l\u00edder de art\u00edculos sanitarios de China, ofrecemos la personalizaci\u00f3n flexible y fiable suministro a granel, y los servicios de entrega r\u00e1pida para satisfacer los distribuidores y proyectos globales.<\/p>\n<table style=\"border-collapse: collapse; width: 311.02pt;\" border=\"0\" width=\"311\" cellspacing=\"0\" cellpadding=\"0\">\n<tbody>\n<tr style=\"height: 17.60pt;\">\n<td class=\"et3\" style=\"height: 17.60pt; width: 108.35pt;\" width=\"108\" height=\"17\">Fabricante<\/td>\n<td class=\"et3\" style=\"width: 202.95pt;\" width=\"202\">HanYu<\/td>\n<\/tr>\n<tr style=\"height: 17.60pt;\">\n<td class=\"et3\" style=\"height: 17.60pt;\" height=\"17\">N\u00ba de modelo<\/td>\n<td class=\"et4\">HY-401E<\/td>\n<\/tr>\n<tr style=\"height: 17.60pt;\">\n<td class=\"et3\" style=\"height: 17.60pt;\" height=\"17\">Tipo<\/td>\n<td class=\"et3\">Lavabo de Encimera<\/td>\n<\/tr>\n<tr style=\"height: 17.60pt;\">\n<td class=\"et3\" style=\"height: 17.60pt;\" height=\"17\">Forma<\/td>\n<td class=\"et3\">Forma rectangular<\/td>\n<\/tr>\n<tr style=\"height: 17.60pt;\">\n<td class=\"et4\" style=\"height: 17.60pt;\" height=\"17\">Color<\/td>\n<td class=\"et3\">Blanco<\/td>\n<\/tr>\n<tr style=\"height: 18.00pt;\">\n<td class=\"et3\" style=\"height: 18.00pt;\" height=\"18\">Dimensi\u00f3n<\/td>\n<td class=\"et5\" style=\"width: 202.95pt;\" width=\"202\">40*30*13<\/td>\n<\/tr>\n<tr style=\"height: 17.60pt;\">\n<td class=\"et3\" style=\"height: 17.60pt;\" height=\"17\">N.W \/SET<\/td>\n<td class=\"et3\">7 KGS\/PCS<\/td>\n<\/tr>\n<tr style=\"height: 17.60pt;\">\n<td class=\"et3\" style=\"height: 17.60pt;\" height=\"17\">MOQ<\/td>\n<td class=\"et3\">20 piezas<\/td>\n<\/tr>\n<tr style=\"height: 17.60pt;\">\n<td class=\"et3\" style=\"height: 17.60pt;\" height=\"17\">Opci\u00f3n personalizada<\/td>\n<td class=\"et3\">Color\/Patr\u00f3n\/Tama\u00f1o\/Logotipo\/Embalaje<\/td>\n<\/tr>\n<\/tbody>\n<\/table>","protected":false},"featured_media":8124,"comment_status":"closed","ping_status":"closed","template":"","meta":{"_acf_changed":false},"product_brand":[],"product_cat":[50],"product_tag":[],"class_list":{"0":"post-7994","1":"product","2":"type-product","3":"status-publish","4":"has-post-thumbnail","6":"product_cat-wholesale-countertop-sinks","8":"first","9":"instock","10":"shipping-taxable","11":"product-type-simple"},"acf":[],"_links":{"self":[{"href":"https:\/\/www.ceramicbasin.com\/es\/wp-json\/wp\/v2\/product\/7994","targetHints":{"allow":["GET"]}}],"collection":[{"href":"https:\/\/www.ceramicbasin.com\/es\/wp-json\/wp\/v2\/product"}],"about":[{"href":"https:\/\/www.ceramicbasin.com\/es\/wp-json\/wp\/v2\/types\/product"}],"replies":[{"embeddable":true,"href":"https:\/\/www.ceramicbasin.com\/es\/wp-json\/wp\/v2\/comments?post=7994"}],"wp:featuredmedia":[{"embeddable":true,"href":"https:\/\/www.ceramicbasin.com\/es\/wp-json\/wp\/v2\/media\/8124"}],"wp:attachment":[{"href":"https:\/\/www.ceramicbasin.com\/es\/wp-json\/wp\/v2\/media?parent=7994"}],"wp:term":[{"taxonomy":"product_brand","embeddable":true,"href":"https:\/\/www.ceramicbasin.com\/es\/wp-json\/wp\/v2\/product_brand?post=7994"},{"taxonomy":"product_cat","embeddable":true,"href":"https:\/\/www.ceramicbasin.com\/es\/wp-json\/wp\/v2\/product_cat?post=7994"},{"taxonomy":"product_tag","embeddable":true,"href":"https:\/\/www.ceramicbasin.com\/es\/wp-json\/wp\/v2\/product_tag?post=7994"}],"curies":[{"name":"wp","href":"https:\/\/api.w.org\/{rel}","templated":true}]}}