{"id":8002,"date":"2025-10-17T09:21:37","date_gmt":"2025-10-17T09:21:37","guid":{"rendered":"https:\/\/www.ceramicbasin.com\/?post_type=product&#038;p=8002"},"modified":"2025-11-13T07:35:42","modified_gmt":"2025-11-13T07:35:42","slug":"custom-ceramic-basins","status":"publish","type":"product","link":"https:\/\/www.ceramicbasin.com\/es\/producto\/custom-ceramic-basins\/","title":{"rendered":"Lavabos de cer\u00e1mica a medida populares, fregadero de encimera cuadrada a granel"},"content":{"rendered":"<div class=\"wp-block-columns is-layout-flex wp-container-core-columns-is-layout-9d6595d7 wp-block-columns-is-layout-flex\">\n<div class=\"wp-block-column is-layout-flow wp-block-column-is-layout-flow\">\n<h2 class=\"wp-block-heading\">Premium Popular Custom Lavabos de Cer\u00e1mica Caracter\u00edsticas:<\/h2>\n\n\n\n<ul class=\"wp-block-list\">\n<li><strong>Dise\u00f1o cuadrado moderno:<\/strong> Estos lavabos de cer\u00e1mica a medida tienen un dise\u00f1o cuadrado liso con l\u00edneas minimalistas, que se integran sin esfuerzo en los cuartos de ba\u00f1o modernos y producen un estilo unificado.<\/li>\n\n\n\n<li><strong>Cer\u00e1mica cocida a alta temperatura:<\/strong> Estos lavabos de cer\u00e1mica personalizados est\u00e1n fabricados con cer\u00e1mica de alta calidad, cocida a altas temperaturas, que produce un tacto s\u00f3lido y sedoso a prueba de ara\u00f1azos, agua y decoloraci\u00f3n, creando un acabado duradero e higi\u00e9nico.<\/li>\n\n\n\n<li><strong>Instalaci\u00f3n de encimeras:<\/strong> Nuestros lavabos de ba\u00f1o al por mayor est\u00e1n dise\u00f1ados para su instalaci\u00f3n sobre encimera, por lo que se instalan y reparan f\u00e1cilmente sin comprometer su dise\u00f1o y estratificaci\u00f3n, y por lo tanto son \u00f3ptimos para ba\u00f1os de lujo y uso comercial.<\/li>\n\n\n\n<li><strong>Opciones personalizables:<\/strong> Nuestros fregaderos de cer\u00e1mica al por mayor para encimeras pueden personalizarse con el tama\u00f1o, el color, el logotipo, el esmalte y el embalaje seg\u00fan las especificaciones del proyecto OEM\/ODM.<\/li>\n\n\n\n<li><strong>Gran capacidad de producci\u00f3n:<\/strong> Nuestro gran almac\u00e9n contiene varios tipos de lavabos de porcelana para encimeras de ba\u00f1o. Elija los art\u00edculos que est\u00e1n en producci\u00f3n, tenemos suficientes lavabos blancos para hacer lavabos de color m\u00e1rmol, por lo que el tiempo de env\u00edo ser\u00eda m\u00e1s corto mucho...<\/li>\n<\/ul>\n<\/div>\n\n\n\n<div class=\"wp-block-column is-layout-flow wp-block-column-is-layout-flow\">\n<figure class=\"wp-block-image size-full\"><img fetchpriority=\"high\" decoding=\"async\" width=\"1000\" height=\"1000\" src=\"https:\/\/www.ceramicbasin.com\/wp-content\/uploads\/2025\/10\/popular-custom-ceramic-basins-square-countertop-sink-bulk-5.webp\" alt=\"lavabos de cer\u00e1mica personalizados populares - fregadero de encimera cuadrado - bulto 5\" class=\"wp-image-8116\" srcset=\"https:\/\/www.ceramicbasin.com\/wp-content\/uploads\/2025\/10\/popular-custom-ceramic-basins-square-countertop-sink-bulk-5.webp 1000w, https:\/\/www.ceramicbasin.com\/wp-content\/uploads\/2025\/10\/popular-custom-ceramic-basins-square-countertop-sink-bulk-5-300x300.webp 300w, https:\/\/www.ceramicbasin.com\/wp-content\/uploads\/2025\/10\/popular-custom-ceramic-basins-square-countertop-sink-bulk-5-150x150.webp 150w, https:\/\/www.ceramicbasin.com\/wp-content\/uploads\/2025\/10\/popular-custom-ceramic-basins-square-countertop-sink-bulk-5-768x768.webp 768w, https:\/\/www.ceramicbasin.com\/wp-content\/uploads\/2025\/10\/popular-custom-ceramic-basins-square-countertop-sink-bulk-5-12x12.webp 12w, https:\/\/www.ceramicbasin.com\/wp-content\/uploads\/2025\/10\/popular-custom-ceramic-basins-square-countertop-sink-bulk-5-285x285.webp 285w, https:\/\/www.ceramicbasin.com\/wp-content\/uploads\/2025\/10\/popular-custom-ceramic-basins-square-countertop-sink-bulk-5-270x270.webp 270w, https:\/\/www.ceramicbasin.com\/wp-content\/uploads\/2025\/10\/popular-custom-ceramic-basins-square-countertop-sink-bulk-5-540x540.webp 540w, https:\/\/www.ceramicbasin.com\/wp-content\/uploads\/2025\/10\/popular-custom-ceramic-basins-square-countertop-sink-bulk-5-660x660.webp 660w\" sizes=\"(max-width: 1000px) 100vw, 1000px\" \/><\/figure>\n<\/div>\n<\/div>","protected":false},"excerpt":{"rendered":"<p>Bienvenido a comprar nuestros lavabos de cer\u00e1mica a medida al por mayor destacan por su exquisito dise\u00f1o y sus materiales cer\u00e1micos de alta calidad, lo que los convierte en una opci\u00f3n ideal para la decoraci\u00f3n de cuartos de ba\u00f1o. El aspecto aerodin\u00e1mico, el dise\u00f1o y el tratamiento redondeado de los bordes muestran una extraordinaria belleza art\u00edstica. Las compras al por mayor permiten disfrutar de una mayor rentabilidad. Perfectos para hoteles, proyectos y distribuidores.<\/p>\n<table style=\"border-collapse: collapse; width: 311.02pt;\" border=\"0\" width=\"311\" cellspacing=\"0\" cellpadding=\"0\">\n<tbody>\n<tr style=\"height: 17.60pt;\">\n<td class=\"et3\" style=\"height: 17.60pt; width: 108.35pt;\" width=\"108\" height=\"17\">Fabricante<\/td>\n<td class=\"et3\" style=\"width: 202.95pt;\" width=\"202\">HanYu<\/td>\n<\/tr>\n<tr style=\"height: 17.60pt;\">\n<td class=\"et3\" style=\"height: 17.60pt;\" height=\"17\">N\u00ba de modelo<\/td>\n<td class=\"et4\">HY-425<\/td>\n<\/tr>\n<tr style=\"height: 17.60pt;\">\n<td class=\"et3\" style=\"height: 17.60pt;\" height=\"17\">Tipo<\/td>\n<td class=\"et3\">Lavabo de Encimera<\/td>\n<\/tr>\n<tr style=\"height: 17.60pt;\">\n<td class=\"et3\" style=\"height: 17.60pt;\" height=\"17\">Forma<\/td>\n<td class=\"et3\">Forma rectangular<\/td>\n<\/tr>\n<tr style=\"height: 17.60pt;\">\n<td class=\"et4\" style=\"height: 17.60pt;\" height=\"17\">Color<\/td>\n<td class=\"et3\">Blanco<\/td>\n<\/tr>\n<tr style=\"height: 18.00pt;\">\n<td class=\"et3\" style=\"height: 18.00pt;\" height=\"18\">Dimensi\u00f3n<\/td>\n<td class=\"et5\" style=\"width: 202.95pt;\" width=\"202\">45*30.5*10.5<\/td>\n<\/tr>\n<tr style=\"height: 17.60pt;\">\n<td class=\"et3\" style=\"height: 17.60pt;\" height=\"17\">N.W \/SET<\/td>\n<td class=\"et3\">7,5 KGS\/PCS<\/td>\n<\/tr>\n<tr style=\"height: 17.60pt;\">\n<td class=\"et3\" style=\"height: 17.60pt;\" height=\"17\">MOQ<\/td>\n<td class=\"et3\">20 piezas<\/td>\n<\/tr>\n<tr style=\"height: 17.60pt;\">\n<td class=\"et3\" style=\"height: 17.60pt;\" height=\"17\">Opci\u00f3n personalizada<\/td>\n<td class=\"et3\">Color\/Patr\u00f3n\/Tama\u00f1o\/Logotipo\/Embalaje<\/td>\n<\/tr>\n<\/tbody>\n<\/table>","protected":false},"featured_media":8112,"comment_status":"closed","ping_status":"closed","template":"","meta":{"_acf_changed":false},"product_brand":[],"product_cat":[50],"product_tag":[],"class_list":{"0":"post-8002","1":"product","2":"type-product","3":"status-publish","4":"has-post-thumbnail","6":"product_cat-wholesale-countertop-sinks","8":"first","9":"instock","10":"shipping-taxable","11":"product-type-simple"},"acf":[],"_links":{"self":[{"href":"https:\/\/www.ceramicbasin.com\/es\/wp-json\/wp\/v2\/product\/8002","targetHints":{"allow":["GET"]}}],"collection":[{"href":"https:\/\/www.ceramicbasin.com\/es\/wp-json\/wp\/v2\/product"}],"about":[{"href":"https:\/\/www.ceramicbasin.com\/es\/wp-json\/wp\/v2\/types\/product"}],"replies":[{"embeddable":true,"href":"https:\/\/www.ceramicbasin.com\/es\/wp-json\/wp\/v2\/comments?post=8002"}],"wp:featuredmedia":[{"embeddable":true,"href":"https:\/\/www.ceramicbasin.com\/es\/wp-json\/wp\/v2\/media\/8112"}],"wp:attachment":[{"href":"https:\/\/www.ceramicbasin.com\/es\/wp-json\/wp\/v2\/media?parent=8002"}],"wp:term":[{"taxonomy":"product_brand","embeddable":true,"href":"https:\/\/www.ceramicbasin.com\/es\/wp-json\/wp\/v2\/product_brand?post=8002"},{"taxonomy":"product_cat","embeddable":true,"href":"https:\/\/www.ceramicbasin.com\/es\/wp-json\/wp\/v2\/product_cat?post=8002"},{"taxonomy":"product_tag","embeddable":true,"href":"https:\/\/www.ceramicbasin.com\/es\/wp-json\/wp\/v2\/product_tag?post=8002"}],"curies":[{"name":"wp","href":"https:\/\/api.w.org\/{rel}","templated":true}]}}